{"id":2212,"date":"2025-08-21T15:30:38","date_gmt":"2025-08-21T18:30:38","guid":{"rendered":"https:\/\/www.ufmg.br\/cac\/?page_id=2212"},"modified":"2025-10-06T13:33:26","modified_gmt":"2025-10-06T16:33:26","slug":"secao-de-pessoal","status":"publish","type":"page","link":"https:\/\/www.ufmg.br\/cac\/secao-de-pessoal\/","title":{"rendered":"ABONO DE PONTO"},"content":{"rendered":"\n<p>Manual para Solicita\u00e7\u00e3o de Abono de Ponto no SEI<br><a rel=\"noreferrer noopener\" href=\"https:\/\/www.ufmg.br\/cac\/wp-content\/uploads\/2025\/08\/MANUAL-PARA-SOLICITACAO-DE-ABONO-DE-PONTO-NO-SEI.pdf\" target=\"_blank\">Baixa<\/a><a href=\"https:\/\/www.ufmg.br\/cac\/wp-content\/uploads\/2025\/08\/MANUAL-PARA-SOLICITACAO-DE-ABONO-DE-PONTO-NO-SEI.pdf\" target=\"_blank\" rel=\"noreferrer noopener\">r<\/a> <\/p>\n\n\n\n<p>Abono de Ponto no SEI &#8211; Bloco de Assinaturas &#8211; Chefia Imediata<br><a rel=\"noreferrer noopener\" href=\"https:\/\/www.ufmg.br\/cac\/wp-content\/uploads\/2025\/08\/MANUAL-BLOCO-DE-ASSINATURAS-CHEFIA-IMEDIATA.pdf\" target=\"_blank\">Baixar<\/a><\/p>\n\n\n\n<p><\/p>\n\n\n\n<p><\/p>\n\n\n\n<p><br><br><strong>Orienta\u00e7\u00f5es para solicita\u00e7\u00e3o de abono de ponto no SEI<\/strong>:<\/p>\n\n\n\n<p><\/p>\n\n\n\n<figure class=\"wp-block-embed is-type-rich is-provider-incorporar-manipulador wp-block-embed-incorporar-manipulador wp-embed-aspect-16-9 wp-has-aspect-ratio\"><div class=\"wp-block-embed__wrapper\">\n<iframe loading=\"lazy\" title=\"Solicita\u00e7\u00e3o de abono de ponto no SEI - Coordenadoria de Assuntos Comunit\u00e1rios - UFMG\" width=\"500\" height=\"281\" src=\"https:\/\/www.youtube.com\/embed\/Izzyp2QaWdI?feature=oembed\" frameborder=\"0\" allow=\"accelerometer; autoplay; clipboard-write; encrypted-media; gyroscope; picture-in-picture; web-share\" referrerpolicy=\"strict-origin-when-cross-origin\" allowfullscreen><\/iframe>\n<\/div><\/figure>\n","protected":false},"excerpt":{"rendered":"<p>Manual para Solicita\u00e7\u00e3o de Abono de Ponto no SEIBaixar Abono [&hellip;]<\/p>\n","protected":false},"author":2,"featured_media":0,"parent":0,"menu_order":0,"comment_status":"closed","ping_status":"closed","template":"","meta":[],"_links":{"self":[{"href":"https:\/\/www.ufmg.br\/cac\/wp-json\/wp\/v2\/pages\/2212"}],"collection":[{"href":"https:\/\/www.ufmg.br\/cac\/wp-json\/wp\/v2\/pages"}],"about":[{"href":"https:\/\/www.ufmg.br\/cac\/wp-json\/wp\/v2\/types\/page"}],"author":[{"embeddable":true,"href":"https:\/\/www.ufmg.br\/cac\/wp-json\/wp\/v2\/users\/2"}],"replies":[{"embeddable":true,"href":"https:\/\/www.ufmg.br\/cac\/wp-json\/wp\/v2\/comments?post=2212"}],"version-history":[{"count":12,"href":"https:\/\/www.ufmg.br\/cac\/wp-json\/wp\/v2\/pages\/2212\/revisions"}],"predecessor-version":[{"id":2298,"href":"https:\/\/www.ufmg.br\/cac\/wp-json\/wp\/v2\/pages\/2212\/revisions\/2298"}],"wp:attachment":[{"href":"https:\/\/www.ufmg.br\/cac\/wp-json\/wp\/v2\/media?parent=2212"}],"curies":[{"name":"wp","href":"https:\/\/api.w.org\/{rel}","templated":true}]}}