{"id":2239,"date":"2025-09-02T12:07:52","date_gmt":"2025-09-02T15:07:52","guid":{"rendered":"https:\/\/www.ufmg.br\/cac\/?page_id=2239"},"modified":"2025-09-26T16:07:31","modified_gmt":"2025-09-26T19:07:31","slug":"edital-n-2255-2025-cac-ufmg","status":"publish","type":"page","link":"https:\/\/www.ufmg.br\/cac\/processos-seletivos\/edital-n-2255-2025-cac-ufmg\/","title":{"rendered":"EDITAL N\u00b0 2255\/2025\/CAC-UFMG"},"content":{"rendered":"\n<p class=\"has-text-align-left\">Convoca\u00e7\u00e3o para elei\u00e7\u00e3o entre os servidores T\u00e9cnicos Administrativos em Educa\u00e7\u00e3o da Coordenadoria de Assuntos Comunit\u00e1rios &#8211; CAC, para representantes dos servidores t\u00e9cnico-administrativos em educa\u00e7\u00e3o junto \u00e0 Comiss\u00e3o para elaborar e para implementar o Plano Anual de Desenvolvimento.<\/p>\n\n\n\n<p><a href=\"https:\/\/www.ufmg.br\/cac\/wp-content\/uploads\/2025\/09\/cac_ufmg-2025_2255-edital-02092025.pdf\" target=\"_blank\" rel=\"noreferrer noopener\">Download do Edital<\/a><\/p>\n\n\n\n<p><a rel=\"noreferrer noopener\" href=\"https:\/\/www.ufmg.br\/cac\/wp-content\/uploads\/2025\/09\/formulario_inscricao_2255_02092025.docx\" target=\"_blank\">Download do Formul\u00e1rio de Inscri\u00e7\u00e3o<\/a><\/p>\n\n\n\n<p><a rel=\"noreferrer noopener\" href=\"https:\/\/www.ufmg.br\/cac\/wp-content\/uploads\/2025\/09\/cac_ufmg-2025_2255-relatorio_apuracao_18092025.pdf\" target=\"_blank\">Resultado da elei\u00e7\u00e3o edital n\u00b0 2255\/2025\/CAC-UFMG<\/a><\/p>\n\n\n\n<p><a href=\"https:\/\/www.ufmg.br\/cac\/wp-content\/uploads\/2025\/09\/cac_ufmg-2025_2255-homologacao_26092025.pdf\" target=\"_blank\" rel=\"noreferrer noopener\">Ata de homologa\u00e7\u00e3o do resultado<\/a><\/p>\n","protected":false},"excerpt":{"rendered":"<p>Convoca\u00e7\u00e3o para elei\u00e7\u00e3o entre os servidores T\u00e9cnicos Administrativos em Educa\u00e7\u00e3o [&hellip;]<\/p>\n","protected":false},"author":2,"featured_media":0,"parent":197,"menu_order":0,"comment_status":"closed","ping_status":"closed","template":"","meta":[],"_links":{"self":[{"href":"https:\/\/www.ufmg.br\/cac\/wp-json\/wp\/v2\/pages\/2239"}],"collection":[{"href":"https:\/\/www.ufmg.br\/cac\/wp-json\/wp\/v2\/pages"}],"about":[{"href":"https:\/\/www.ufmg.br\/cac\/wp-json\/wp\/v2\/types\/page"}],"author":[{"embeddable":true,"href":"https:\/\/www.ufmg.br\/cac\/wp-json\/wp\/v2\/users\/2"}],"replies":[{"embeddable":true,"href":"https:\/\/www.ufmg.br\/cac\/wp-json\/wp\/v2\/comments?post=2239"}],"version-history":[{"count":4,"href":"https:\/\/www.ufmg.br\/cac\/wp-json\/wp\/v2\/pages\/2239\/revisions"}],"predecessor-version":[{"id":2262,"href":"https:\/\/www.ufmg.br\/cac\/wp-json\/wp\/v2\/pages\/2239\/revisions\/2262"}],"up":[{"embeddable":true,"href":"https:\/\/www.ufmg.br\/cac\/wp-json\/wp\/v2\/pages\/197"}],"wp:attachment":[{"href":"https:\/\/www.ufmg.br\/cac\/wp-json\/wp\/v2\/media?parent=2239"}],"curies":[{"name":"wp","href":"https:\/\/api.w.org\/{rel}","templated":true}]}}