{"id":2264,"date":"2025-09-29T12:23:38","date_gmt":"2025-09-29T15:23:38","guid":{"rendered":"https:\/\/www.ufmg.br\/cac\/?page_id=2264"},"modified":"2025-10-22T06:49:18","modified_gmt":"2025-10-22T09:49:18","slug":"cp001-2025-chamada-publica","status":"publish","type":"page","link":"https:\/\/www.ufmg.br\/cac\/emei\/cp001-2025-chamada-publica\/","title":{"rendered":"CHAMADA P\u00daBLICA N\u00ba 001\/2025"},"content":{"rendered":"\n<p><strong>Abaixo voc\u00ea encontrar\u00e1 todas as informa\u00e7\u00f5es referentes \u00e0 CHAMADA P\u00daBLICA N\u00ba 001\/2025 para a EMEI Ala\u00edde Lisboa<\/strong><\/p>\n\n\n\n<div class=\"wp-block-buttons\">\n<div class=\"wp-block-button is-style-outline\"><a class=\"wp-block-button__link has-vivid-cyan-blue-color has-text-color no-border-radius\" href=\"https:\/\/www.ufmg.br\/cac\/emei\/cp001-2025-chamada-publica\/cp001-2025-edital\/\"><strong>Edital<\/strong><\/a><\/div>\n\n\n\n<div class=\"wp-block-button is-style-outline\"><a class=\"wp-block-button__link has-vivid-cyan-blue-color has-text-color no-border-radius\" href=\"https:\/\/www.ufmg.br\/cac\/emei\/cp001-2025-chamada-publica\/cp001-2025-inscricoes-deferidas\/\"><strong>Inscri\u00e7\u00f5es deferidas<\/strong><\/a><\/div>\n\n\n\n<div class=\"wp-block-button is-style-outline\"><a class=\"wp-block-button__link has-vivid-cyan-blue-color has-text-color no-border-radius\" href=\"https:\/\/www.ufmg.br\/cac\/emei\/cp001-2025-chamada-publica\/cp001-2025-sorteio\/\"><strong>Sorteio<\/strong><\/a><\/div>\n\n\n\n<div class=\"wp-block-button is-style-outline\"><a class=\"wp-block-button__link has-vivid-cyan-blue-color has-text-color no-border-radius\" href=\"https:\/\/www.ufmg.br\/cac\/emei\/cp001-2025-chamada-publica\/cp001-2025-convocacoes\/\"><strong>Convoca\u00e7\u00f5es<\/strong><\/a><\/div>\n<\/div>\n\n\n\n<p><\/p>\n\n\n\n<div>\n<p><strong>\u00c0 Comunidade Universit\u00e1ria,<\/strong><\/p>\n<\/div>\n<div><span style=\"font-family: Verdana, Arial, Helvetica, sans-serif;\"> Informamos que o cadastro escolar para a Educa\u00e7\u00e3o Infantil para o ano de 2026, das crian\u00e7as nascidas entre 01\/04\/2020 e 31\/03\/2023, ser\u00e1 realizado exclusivamente por meio do site da Prefeitura de Belo Horizonte (PBH) <a href=\"https:\/\/prefeitura.pbh.gov.br\/\" target=\"_blank\" rel=\"noopener\">prefeitura.pbh.gov.br<\/a> no per\u00edodo de 28 de outubro de 2025 a 14 de novembro de 2025.<\/span><\/div>\n<div>&nbsp;<\/div>\n<div><span style=\"font-family: Verdana, Arial, Helvetica, sans-serif;\"> Ressaltamos que a Coordenadoria de Assuntos Comunit\u00e1rios da Universidade Federal de Minas Gerais (CAC\/UFMG) n\u00e3o realizar\u00e1 cadastro independente de alunos dos recortes de 3 a 5 anos para a EMEI Ala\u00edde Lisboa. Dessa forma, os pais dever\u00e3o cadastrar seus filhos no site da PBH no per\u00edodo informado, utilizando, obrigatoriamente, o endere\u00e7o da UFMG como refer\u00eancia: Avenida Presidente Ant\u00f4nio Carlos, n\u00ba 6627 \u2013 CEP 31.270-901. Esclarecemos que, se o respons\u00e1vel pelo cadastro informar outro endere\u00e7o, n\u00e3o ser\u00e1 poss\u00edvel alocar a crian\u00e7a na EMEI Ala\u00edde Lisboa.<\/span><\/div>\n<div>&nbsp;<\/div>\n<div><span style=\"font-family: Verdana, Arial, Helvetica, sans-serif;\"> Reiteramos que todas as crian\u00e7as cadastradas de 3 a 5 anos ter\u00e3o a vaga garantida em 2026. Para as demais faixas et\u00e1rias, a inscri\u00e7\u00e3o dever\u00e1 ser realizada de acordo com a Chamada P\u00fablica que ser\u00e1 divulgada oportunamente<\/span><\/div>\n","protected":false},"excerpt":{"rendered":"<p>Abaixo voc\u00ea encontrar\u00e1 todas as informa\u00e7\u00f5es referentes \u00e0 CHAMADA P\u00daBLICA [&hellip;]<\/p>\n","protected":false},"author":3,"featured_media":0,"parent":195,"menu_order":0,"comment_status":"closed","ping_status":"closed","template":"","meta":[],"_links":{"self":[{"href":"https:\/\/www.ufmg.br\/cac\/wp-json\/wp\/v2\/pages\/2264"}],"collection":[{"href":"https:\/\/www.ufmg.br\/cac\/wp-json\/wp\/v2\/pages"}],"about":[{"href":"https:\/\/www.ufmg.br\/cac\/wp-json\/wp\/v2\/types\/page"}],"author":[{"embeddable":true,"href":"https:\/\/www.ufmg.br\/cac\/wp-json\/wp\/v2\/users\/3"}],"replies":[{"embeddable":true,"href":"https:\/\/www.ufmg.br\/cac\/wp-json\/wp\/v2\/comments?post=2264"}],"version-history":[{"count":7,"href":"https:\/\/www.ufmg.br\/cac\/wp-json\/wp\/v2\/pages\/2264\/revisions"}],"predecessor-version":[{"id":2312,"href":"https:\/\/www.ufmg.br\/cac\/wp-json\/wp\/v2\/pages\/2264\/revisions\/2312"}],"up":[{"embeddable":true,"href":"https:\/\/www.ufmg.br\/cac\/wp-json\/wp\/v2\/pages\/195"}],"wp:attachment":[{"href":"https:\/\/www.ufmg.br\/cac\/wp-json\/wp\/v2\/media?parent=2264"}],"curies":[{"name":"wp","href":"https:\/\/api.w.org\/{rel}","templated":true}]}}