{"id":2267,"date":"2025-09-29T12:32:35","date_gmt":"2025-09-29T15:32:35","guid":{"rendered":"https:\/\/www.ufmg.br\/cac\/?page_id=2267"},"modified":"2025-11-03T07:06:10","modified_gmt":"2025-11-03T10:06:10","slug":"cp001-2025-edital","status":"publish","type":"page","link":"https:\/\/www.ufmg.br\/cac\/emei\/cp001-2025-chamada-publica\/cp001-2025-edital\/","title":{"rendered":"Edital &#8211; CHAMADA P\u00daBLICA N\u00ba 001\/2025"},"content":{"rendered":"\n<h2>CHAMADA P\u00daBLICA N\u00ba 001\/2025 &#8211; PROCESSO SELETIVO 2026 EMEI ALA\u00cdDE LISBOA \u2013 COMUNIDADE UNIVERSIT\u00c1RIA<\/h2>\n\n\n\n<h3><strong>Edital n\u00ba 2764\/2025<\/strong><\/h3>\n\n\n\n<p>A Universidade Federal de Minas Gerais (UFMG), por interm\u00e9dio da Coordenadoria de Assuntos Comunit\u00e1rios da UFMG (CAC\/UFMG), torna p\u00fablica a presente Chamada P\u00fablica, em cumprimento ao estabelecido pelo Conselho Universit\u00e1rio, em reuni\u00e3o realizada no dia 1\u00ba de mar\u00e7o de 2007, e com base no art. 13 da Portaria SMED n\u00ba 318\/2025, publicada em 25 de setembro de 2025. Os interessados dever\u00e3o se inscrever no per\u00edodo de 3 a 14 de novembro de 2025, por meio de preenchimento do Requerimento de Inscri\u00e7\u00e3o dispon\u00edvel no link <a rel=\"noreferrer noopener\" href=\"https:\/\/forms.gle\/HeZnWgppnvVFEQ4z7\" target=\"_blank\">https:\/\/forms.gle\/HeZnWgppnvVFEQ4z7<\/a>. <\/p>\n\n\n\n<p><a rel=\"noreferrer noopener\" href=\"https:\/\/www.ufmg.br\/cac\/wp-content\/uploads\/2025\/10\/cp-001_2025-edital-09102025.pdf\" target=\"_blank\">Clique aqui para acessar o Edital \u2013 CHAMADA P\u00daBLICA N\u00ba 001\/2025<\/a><br>Vers\u00e3o em PDF dispon\u00edvel <a href=\"https:\/\/www.ufmg.br\/cac\/wp-content\/uploads\/2025\/10\/cp-001_2025-edital-09102025.pdf\" target=\"_blank\" rel=\"noreferrer noopener\">aqui<\/a><\/p>\n","protected":false},"excerpt":{"rendered":"<p>CHAMADA P\u00daBLICA N\u00ba 001\/2025 &#8211; PROCESSO SELETIVO 2026 EMEI ALA\u00cdDE [&hellip;]<\/p>\n","protected":false},"author":3,"featured_media":0,"parent":2264,"menu_order":0,"comment_status":"closed","ping_status":"closed","template":"","meta":[],"_links":{"self":[{"href":"https:\/\/www.ufmg.br\/cac\/wp-json\/wp\/v2\/pages\/2267"}],"collection":[{"href":"https:\/\/www.ufmg.br\/cac\/wp-json\/wp\/v2\/pages"}],"about":[{"href":"https:\/\/www.ufmg.br\/cac\/wp-json\/wp\/v2\/types\/page"}],"author":[{"embeddable":true,"href":"https:\/\/www.ufmg.br\/cac\/wp-json\/wp\/v2\/users\/3"}],"replies":[{"embeddable":true,"href":"https:\/\/www.ufmg.br\/cac\/wp-json\/wp\/v2\/comments?post=2267"}],"version-history":[{"count":4,"href":"https:\/\/www.ufmg.br\/cac\/wp-json\/wp\/v2\/pages\/2267\/revisions"}],"predecessor-version":[{"id":2323,"href":"https:\/\/www.ufmg.br\/cac\/wp-json\/wp\/v2\/pages\/2267\/revisions\/2323"}],"up":[{"embeddable":true,"href":"https:\/\/www.ufmg.br\/cac\/wp-json\/wp\/v2\/pages\/2264"}],"wp:attachment":[{"href":"https:\/\/www.ufmg.br\/cac\/wp-json\/wp\/v2\/media?parent=2267"}],"curies":[{"name":"wp","href":"https:\/\/api.w.org\/{rel}","templated":true}]}}