{"id":2290,"date":"2025-10-06T11:54:00","date_gmt":"2025-10-06T14:54:00","guid":{"rendered":"https:\/\/www.ufmg.br\/cac\/?page_id=2290"},"modified":"2025-12-05T07:08:33","modified_gmt":"2025-12-05T10:08:33","slug":"edital-n-2633-2025-cac-ufmg","status":"publish","type":"page","link":"https:\/\/www.ufmg.br\/cac\/processos-seletivos\/edital-n-2633-2025-cac-ufmg\/","title":{"rendered":"EDITAL N\u00b0 2633\/2025\/CAC-UFMG"},"content":{"rendered":"\n<p>Processo seletivo para concess\u00e3o de afastamento de servidores t\u00e9cnicos administrativos em educa\u00e7\u00e3o (TAE) para participa\u00e7\u00e3o em programa de p\u00f3s gradua\u00e7\u00e3o stricto sensu e para realiza\u00e7\u00e3o de a\u00e7\u00e3o de desenvolvimento em servi\u00e7o.<\/p>\n\n\n\n<p><a href=\"https:\/\/www.ufmg.br\/cac\/wp-content\/uploads\/2025\/10\/cac_ufmg-2025_2633-edital-06102025.pdf\" target=\"_blank\" rel=\"noreferrer noopener\">Download do Edital<\/a><\/p>\n\n\n\n<p><a rel=\"noreferrer noopener\" href=\"https:\/\/www.ufmg.br\/cac\/wp-content\/uploads\/2025\/10\/formulario_inscricao_2633_06102025.pdf\" target=\"_blank\">Download do Formul\u00e1rio de Inscri\u00e7\u00e3o<\/a><\/p>\n\n\n\n<p><a rel=\"noreferrer noopener\" href=\"https:\/\/www.ufmg.br\/cac\/wp-content\/uploads\/2025\/10\/resultado_inscricoes_2633_21102025.pdf\" data-type=\"URL\" data-id=\"https:\/\/www.ufmg.br\/cac\/wp-content\/uploads\/2025\/10\/resultado_inscricoes_2633_21102025.pdf\" target=\"_blank\">Resultado preliminar inscri\u00e7\u00f5es deferidas \/ indeferidas<\/a><\/p>\n\n\n\n<p><a href=\"https:\/\/www.ufmg.br\/cac\/wp-content\/uploads\/2025\/10\/resultado_inscricoes_assinado_2633_31102025.pdf\" target=\"_blank\" rel=\"noreferrer noopener\">Resultado final inscri\u00e7\u00f5es deferidas \/ indeferidas<\/a><\/p>\n\n\n\n<p><a rel=\"noreferrer noopener\" href=\"https:\/\/www.ufmg.br\/cac\/wp-content\/uploads\/2025\/11\/resultado_preliminar_classificacao-2633_2025-04112025.pdf\" target=\"_blank\">Resultado preliminar da classifica\u00e7\u00e3o<\/a><\/p>\n\n\n\n<p><a href=\"https:\/\/www.ufmg.br\/cac\/wp-content\/uploads\/2025\/11\/resultado_final_classificacao-2633_2025-12112025.pdf\" target=\"_blank\" rel=\"noreferrer noopener\">Resultado final da classifica\u00e7\u00e3o<\/a><\/p>\n\n\n\n<p><a href=\"https:\/\/www.ufmg.br\/cac\/wp-content\/uploads\/2025\/12\/atualizacao_resultado_final_classificacao-2633_2025-05122025.pdf\" target=\"_blank\" rel=\"noreferrer noopener\">Atualiza\u00e7\u00e3o Resultado final da classifica\u00e7\u00e3o<\/a><\/p>\n","protected":false},"excerpt":{"rendered":"<p>Processo seletivo para concess\u00e3o de afastamento de servidores t\u00e9cnicos administrativos [&hellip;]<\/p>\n","protected":false},"author":3,"featured_media":0,"parent":197,"menu_order":0,"comment_status":"closed","ping_status":"closed","template":"","meta":[],"_links":{"self":[{"href":"https:\/\/www.ufmg.br\/cac\/wp-json\/wp\/v2\/pages\/2290"}],"collection":[{"href":"https:\/\/www.ufmg.br\/cac\/wp-json\/wp\/v2\/pages"}],"about":[{"href":"https:\/\/www.ufmg.br\/cac\/wp-json\/wp\/v2\/types\/page"}],"author":[{"embeddable":true,"href":"https:\/\/www.ufmg.br\/cac\/wp-json\/wp\/v2\/users\/3"}],"replies":[{"embeddable":true,"href":"https:\/\/www.ufmg.br\/cac\/wp-json\/wp\/v2\/comments?post=2290"}],"version-history":[{"count":8,"href":"https:\/\/www.ufmg.br\/cac\/wp-json\/wp\/v2\/pages\/2290\/revisions"}],"predecessor-version":[{"id":2349,"href":"https:\/\/www.ufmg.br\/cac\/wp-json\/wp\/v2\/pages\/2290\/revisions\/2349"}],"up":[{"embeddable":true,"href":"https:\/\/www.ufmg.br\/cac\/wp-json\/wp\/v2\/pages\/197"}],"wp:attachment":[{"href":"https:\/\/www.ufmg.br\/cac\/wp-json\/wp\/v2\/media?parent=2290"}],"curies":[{"name":"wp","href":"https:\/\/api.w.org\/{rel}","templated":true}]}}