{"id":2407,"date":"2026-03-13T15:16:17","date_gmt":"2026-03-13T18:16:17","guid":{"rendered":"https:\/\/www.ufmg.br\/cac\/?page_id=2407"},"modified":"2026-03-13T17:21:08","modified_gmt":"2026-03-13T20:21:08","slug":"chamada-publica-no-001-2025-19-03-2026-7a-chamada","status":"publish","type":"page","link":"https:\/\/www.ufmg.br\/cac\/emei\/cp001-2025-chamada-publica\/cp001-2025-convocacoes\/chamada-publica-no-001-2025-19-03-2026-7a-chamada\/","title":{"rendered":"Chamada P\u00fablica N\u00ba 001\/2025 \u2013 13\/03\/2026 \u2013 7a Chamada"},"content":{"rendered":"\n<p><strong>CONVOCAMOS<\/strong> as fam\u00edlias das crian\u00e7as da faixa et\u00e1ria 2 (1-2 anos), abaixo relacionadas, em lista de espera no processo seletivo EMEI Ala\u00edde Lisboa 2025, para efetiva\u00e7\u00e3o de matr\u00edcula, conforme turno especificado na planilha, para o ano de 2026. A matr\u00edcula dever\u00e1 ser realizada na Secretaria da EMEI, no per\u00edodo de <strong>16 a 20\/03\/2026<\/strong> no hor\u00e1rio de 08:00hs \u00e0s 16:00hs.<\/p>\n\n\n\n<p>Convoca\u00e7\u00e3o: <a href=\"https:\/\/www.ufmg.br\/cac\/wp-content\/uploads\/2026\/03\/cp-001_2025-convocacao-13032026.pdf\" target=\"_blank\" rel=\"noreferrer noopener\">Download<\/a><\/p>\n","protected":false},"excerpt":{"rendered":"<p>CONVOCAMOS as fam\u00edlias das crian\u00e7as da faixa et\u00e1ria 2 (1-2 [&hellip;]<\/p>\n","protected":false},"author":2,"featured_media":0,"parent":2277,"menu_order":0,"comment_status":"closed","ping_status":"closed","template":"","meta":[],"_links":{"self":[{"href":"https:\/\/www.ufmg.br\/cac\/wp-json\/wp\/v2\/pages\/2407"}],"collection":[{"href":"https:\/\/www.ufmg.br\/cac\/wp-json\/wp\/v2\/pages"}],"about":[{"href":"https:\/\/www.ufmg.br\/cac\/wp-json\/wp\/v2\/types\/page"}],"author":[{"embeddable":true,"href":"https:\/\/www.ufmg.br\/cac\/wp-json\/wp\/v2\/users\/2"}],"replies":[{"embeddable":true,"href":"https:\/\/www.ufmg.br\/cac\/wp-json\/wp\/v2\/comments?post=2407"}],"version-history":[{"count":2,"href":"https:\/\/www.ufmg.br\/cac\/wp-json\/wp\/v2\/pages\/2407\/revisions"}],"predecessor-version":[{"id":2413,"href":"https:\/\/www.ufmg.br\/cac\/wp-json\/wp\/v2\/pages\/2407\/revisions\/2413"}],"up":[{"embeddable":true,"href":"https:\/\/www.ufmg.br\/cac\/wp-json\/wp\/v2\/pages\/2277"}],"wp:attachment":[{"href":"https:\/\/www.ufmg.br\/cac\/wp-json\/wp\/v2\/media?parent=2407"}],"curies":[{"name":"wp","href":"https:\/\/api.w.org\/{rel}","templated":true}]}}