{"id":2426,"date":"2026-03-30T07:04:04","date_gmt":"2026-03-30T10:04:04","guid":{"rendered":"https:\/\/www.ufmg.br\/cac\/?page_id=2426"},"modified":"2026-03-31T06:56:53","modified_gmt":"2026-03-31T09:56:53","slug":"cec-comissao","status":"publish","type":"page","link":"https:\/\/www.ufmg.br\/cac\/comicao-eleitoral-central\/cec-comissao\/","title":{"rendered":"Comiss\u00e3o"},"content":{"rendered":"<h4>Composi\u00e7\u00e3o<\/h4>\n<p>A Comiss\u00e3o Eleitoral Central (CEC\/UFMG) \u00e9 constitu\u00edda pela Portaria Administrativa n.\u00ba 2334, de 17 de mar\u00e7o de 2026, e composta pelos seguintes membros:<\/p>\n<ul>\n<li>Gleicy Guelly B\u00e1rbara Lopes de Oliveira (Presidente);<\/li>\n<li>Juliene Alana de Souza;<\/li>\n<li>Monique Ellen Rabelo;<\/li>\n<li>Sheila Ferreira Coelho;<\/li>\n<li>Sylvia Koury Martins.<\/li>\n<\/ul>\n<p>\u00a0<\/p>\n<h4>Portaria de designa\u00e7\u00e3o dos membros<\/h4>\n<p><a href=\"https:\/\/www.ufmg.br\/cac\/wp-content\/uploads\/2026\/03\/CEC-portaria2334-17032026.pdf\" target=\"_blank\" rel=\"noreferrer noopener\" data-type=\"URL\" data-id=\"https:\/\/www.ufmg.br\/cac\/wp-content\/uploads\/2026\/03\/CEC-portaria2334-17032026.pdf\" data-rich-text-format-boundary=\"true\">Portaria Administrativa n.\u00ba 2334, de 17 de mar\u00e7o de 2026<\/a>.<\/p>\n<h4>Regulamento da Comiss\u00e3o Eleitoral Central da UFMG<\/h4>\n<p><a href=\"https:\/\/www.ufmg.br\/cac\/wp-content\/uploads\/2026\/03\/CEC-portaria1489-13022026.pdf\" target=\"_blank\" rel=\"noreferrer noopener\" data-type=\"URL\" data-id=\"https:\/\/www.ufmg.br\/cac\/wp-content\/uploads\/2026\/03\/CEC-portaria1489-13022026.pdf\" data-rich-text-format-boundary=\"true\">Portaria Normativa 1489, de 13 de fevereiro de 2026<\/a>.<\/p>\n\n\n<p><\/p>\n","protected":false},"excerpt":{"rendered":"<p>Composi\u00e7\u00e3o A Comiss\u00e3o Eleitoral Central (CEC\/UFMG) \u00e9 constitu\u00edda pela Portaria [&hellip;]<\/p>\n","protected":false},"author":3,"featured_media":0,"parent":305,"menu_order":0,"comment_status":"closed","ping_status":"closed","template":"","meta":[],"_links":{"self":[{"href":"https:\/\/www.ufmg.br\/cac\/wp-json\/wp\/v2\/pages\/2426"}],"collection":[{"href":"https:\/\/www.ufmg.br\/cac\/wp-json\/wp\/v2\/pages"}],"about":[{"href":"https:\/\/www.ufmg.br\/cac\/wp-json\/wp\/v2\/types\/page"}],"author":[{"embeddable":true,"href":"https:\/\/www.ufmg.br\/cac\/wp-json\/wp\/v2\/users\/3"}],"replies":[{"embeddable":true,"href":"https:\/\/www.ufmg.br\/cac\/wp-json\/wp\/v2\/comments?post=2426"}],"version-history":[{"count":12,"href":"https:\/\/www.ufmg.br\/cac\/wp-json\/wp\/v2\/pages\/2426\/revisions"}],"predecessor-version":[{"id":2465,"href":"https:\/\/www.ufmg.br\/cac\/wp-json\/wp\/v2\/pages\/2426\/revisions\/2465"}],"up":[{"embeddable":true,"href":"https:\/\/www.ufmg.br\/cac\/wp-json\/wp\/v2\/pages\/305"}],"wp:attachment":[{"href":"https:\/\/www.ufmg.br\/cac\/wp-json\/wp\/v2\/media?parent=2426"}],"curies":[{"name":"wp","href":"https:\/\/api.w.org\/{rel}","templated":true}]}}