{"id":2432,"date":"2026-03-30T07:08:21","date_gmt":"2026-03-30T10:08:21","guid":{"rendered":"https:\/\/www.ufmg.br\/cac\/?page_id=2432"},"modified":"2026-03-31T06:58:53","modified_gmt":"2026-03-31T09:58:53","slug":"cec-regulamentos-e-normas-gerais","status":"publish","type":"page","link":"https:\/\/www.ufmg.br\/cac\/comicao-eleitoral-central\/cec-regulamentos-e-normas-gerais\/","title":{"rendered":"Regulamentos e Normas Gerais"},"content":{"rendered":"\n<h4>Resolu\u00e7\u00e3o n.\u00ba 04\/99, de 04 de mar\u00e7o de 1999<\/h4>\n\n\n\n<p>Aprova o novo Estatuto da Universidade Federal de Minas Gerais.<br><a href=\"https:\/\/www.ufmg.br\/cac\/wp-content\/uploads\/2026\/03\/CEC-resolucao04_99-04031999.pdf\" data-type=\"URL\" data-id=\"https:\/\/www.ufmg.br\/cac\/wp-content\/uploads\/2026\/03\/CEC-resolucao04_99-04031999.pdf\" target=\"_blank\" rel=\"noreferrer noopener\">Baixar resolu\u00e7\u00e3o n.\u00ba 04\/99<\/a><\/p>\n\n\n\n<h4>Resolu\u00e7\u00e3o complementar n.\u00ba 03\/2022, de 10 de novembro de 2022<\/h4>\n\n\n\n<p>Aprova o Regimento Geral da Universidade Federal de Minas Gerais e revoga a Resolu\u00e7\u00e3o Complementar n.\u00ba 03\/2018, de 17 de abril de 2018.<br><a href=\"https:\/\/www.ufmg.br\/cac\/wp-content\/uploads\/2026\/03\/CEC-resolucao03_2022-10112022.pdf\" data-type=\"URL\" data-id=\"https:\/\/www.ufmg.br\/cac\/wp-content\/uploads\/2026\/03\/CEC-resolucao03_2022-10112022.pdf\" target=\"_blank\" rel=\"noreferrer noopener\">Baixar resolu\u00e7\u00e3o n.\u00ba 03\/2022<\/a><\/p>\n\n\n\n<h4>Portaria n.\u00ba 4088, de 09 de junho de 2021<\/h4>\n\n\n\n<p>Aprova as diretrizes para as elei\u00e7\u00f5es regimentais e para os processos de consulta \u00e0 comunidade realizados por vota\u00e7\u00e3o secreta e eletr\u00f4nica no \u00e2mbito da UFMG.<br><a href=\"https:\/\/www.ufmg.br\/cac\/wp-content\/uploads\/2026\/03\/CEC-portaria4088_2021-09062021.pdf\" data-type=\"URL\" data-id=\"https:\/\/www.ufmg.br\/cac\/wp-content\/uploads\/2026\/03\/CEC-portaria4088_2021-09062021.pdf\" target=\"_blank\" rel=\"noreferrer noopener\">Baixar portaria n.\u00ba 4088\/2021<\/a><\/p>\n\n\n\n<h4>Decreto n.\u00ba 1916, de 23 de maio de 1996<\/h4>\n\n\n\n<p>Regulamenta o processo de escolha dos dirigentes de institui\u00e7\u00f5es federais de ensino superior, nos termos da Lei n.\u00ba 9.192, de 21 de dezembro de 1995;<br><a href=\"https:\/\/www.ufmg.br\/cac\/wp-content\/uploads\/2026\/03\/CEC-decreto1916_96-23051996.pdf\" data-type=\"URL\" data-id=\"https:\/\/www.ufmg.br\/cac\/wp-content\/uploads\/2026\/03\/CEC-decreto1916_96-23051996.pdf\" target=\"_blank\" rel=\"noreferrer noopener\">Baixar decreto n.\u00ba 1916\/96<\/a><\/p>\n","protected":false},"excerpt":{"rendered":"<p>Resolu\u00e7\u00e3o n.\u00ba 04\/99, de 04 de mar\u00e7o de 1999 Aprova [&hellip;]<\/p>\n","protected":false},"author":3,"featured_media":0,"parent":305,"menu_order":0,"comment_status":"closed","ping_status":"closed","template":"","meta":[],"_links":{"self":[{"href":"https:\/\/www.ufmg.br\/cac\/wp-json\/wp\/v2\/pages\/2432"}],"collection":[{"href":"https:\/\/www.ufmg.br\/cac\/wp-json\/wp\/v2\/pages"}],"about":[{"href":"https:\/\/www.ufmg.br\/cac\/wp-json\/wp\/v2\/types\/page"}],"author":[{"embeddable":true,"href":"https:\/\/www.ufmg.br\/cac\/wp-json\/wp\/v2\/users\/3"}],"replies":[{"embeddable":true,"href":"https:\/\/www.ufmg.br\/cac\/wp-json\/wp\/v2\/comments?post=2432"}],"version-history":[{"count":3,"href":"https:\/\/www.ufmg.br\/cac\/wp-json\/wp\/v2\/pages\/2432\/revisions"}],"predecessor-version":[{"id":2467,"href":"https:\/\/www.ufmg.br\/cac\/wp-json\/wp\/v2\/pages\/2432\/revisions\/2467"}],"up":[{"embeddable":true,"href":"https:\/\/www.ufmg.br\/cac\/wp-json\/wp\/v2\/pages\/305"}],"wp:attachment":[{"href":"https:\/\/www.ufmg.br\/cac\/wp-json\/wp\/v2\/media?parent=2432"}],"curies":[{"name":"wp","href":"https:\/\/api.w.org\/{rel}","templated":true}]}}