{"id":2442,"date":"2026-03-30T07:30:42","date_gmt":"2026-03-30T10:30:42","guid":{"rendered":"https:\/\/www.ufmg.br\/cac\/?page_id=2442"},"modified":"2026-03-30T07:37:35","modified_gmt":"2026-03-30T10:37:35","slug":"cec-consultas-eleitorais-centralizadas","status":"publish","type":"page","link":"https:\/\/www.ufmg.br\/cac\/comicao-eleitoral-central\/cec-consultas-eleitorais-centralizadas\/","title":{"rendered":"Consultas Eleitorais Centralizadas"},"content":{"rendered":"\n<p>Consultas eleitorais centralizadas, por ano:<\/p>\n\n\n\n<ul><li><a href=\"https:\/\/www.ufmg.br\/cac\/comicao-eleitoral-central\/cec-consultas-eleitorais-centralizadas\/eleicoes-2025\/\" data-type=\"URL\" data-id=\"https:\/\/www.ufmg.br\/cac\/comicao-eleitoral-central\/cec-consultas-eleitorais-centralizadas\/eleicoes-2025\/\">Elei\u00e7\u00f5es 2025<\/a><\/li><li><a href=\"https:\/\/www.ufmg.br\/cac\/comicao-eleitoral-central\/cec-consultas-eleitorais-centralizadas\/eleicoes-2024\/\" data-type=\"URL\" data-id=\"https:\/\/www.ufmg.br\/cac\/comicao-eleitoral-central\/cec-consultas-eleitorais-centralizadas\/eleicoes-2024\/\">Elei\u00e7\u00f5es 2024<\/a><\/li><li><a href=\"https:\/\/www.ufmg.br\/cac\/comicao-eleitoral-central\/cec-consultas-eleitorais-centralizadas\/eleicoes-2023\/\" data-type=\"URL\" data-id=\"https:\/\/www.ufmg.br\/cac\/comicao-eleitoral-central\/cec-consultas-eleitorais-centralizadas\/eleicoes-2023\/\">Elei\u00e7\u00f5es 2023<\/a><\/li><li><a href=\"https:\/\/www.ufmg.br\/cac\/comicao-eleitoral-central\/cec-consultas-eleitorais-centralizadas\/eleicoes-2022\/\" data-type=\"URL\" data-id=\"https:\/\/www.ufmg.br\/cac\/comicao-eleitoral-central\/cec-consultas-eleitorais-centralizadas\/eleicoes-2022\/\">Elei\u00e7\u00f5es 2022<\/a><\/li><li><a href=\"https:\/\/www.ufmg.br\/cac\/comicao-eleitoral-central\/cec-consultas-eleitorais-centralizadas\/eleicoes-2021\/\" data-type=\"URL\" data-id=\"https:\/\/www.ufmg.br\/cac\/comicao-eleitoral-central\/cec-consultas-eleitorais-centralizadas\/eleicoes-2021\/\">Elei\u00e7\u00f5es 2021<\/a><\/li><li><a href=\"https:\/\/www.ufmg.br\/cac\/comicao-eleitoral-central\/cec-consultas-eleitorais-centralizadas\/eleicoes-2019\/\" data-type=\"URL\" data-id=\"https:\/\/www.ufmg.br\/cac\/comicao-eleitoral-central\/cec-consultas-eleitorais-centralizadas\/eleicoes-2019\/\">Elei\u00e7\u00f5es 2019<\/a><\/li><li><a href=\"https:\/\/www.ufmg.br\/cac\/comicao-eleitoral-central\/cec-consultas-eleitorais-centralizadas\/eleicoes-2018\/\" data-type=\"URL\" data-id=\"https:\/\/www.ufmg.br\/cac\/comicao-eleitoral-central\/cec-consultas-eleitorais-centralizadas\/eleicoes-2018\/\">Elei\u00e7\u00f5es 2018<\/a><\/li><\/ul>\n","protected":false},"excerpt":{"rendered":"<p>Consultas eleitorais centralizadas, por ano: Elei\u00e7\u00f5es 2025 Elei\u00e7\u00f5es 2024 Elei\u00e7\u00f5es [&hellip;]<\/p>\n","protected":false},"author":3,"featured_media":0,"parent":305,"menu_order":0,"comment_status":"closed","ping_status":"closed","template":"","meta":[],"_links":{"self":[{"href":"https:\/\/www.ufmg.br\/cac\/wp-json\/wp\/v2\/pages\/2442"}],"collection":[{"href":"https:\/\/www.ufmg.br\/cac\/wp-json\/wp\/v2\/pages"}],"about":[{"href":"https:\/\/www.ufmg.br\/cac\/wp-json\/wp\/v2\/types\/page"}],"author":[{"embeddable":true,"href":"https:\/\/www.ufmg.br\/cac\/wp-json\/wp\/v2\/users\/3"}],"replies":[{"embeddable":true,"href":"https:\/\/www.ufmg.br\/cac\/wp-json\/wp\/v2\/comments?post=2442"}],"version-history":[{"count":2,"href":"https:\/\/www.ufmg.br\/cac\/wp-json\/wp\/v2\/pages\/2442\/revisions"}],"predecessor-version":[{"id":2447,"href":"https:\/\/www.ufmg.br\/cac\/wp-json\/wp\/v2\/pages\/2442\/revisions\/2447"}],"up":[{"embeddable":true,"href":"https:\/\/www.ufmg.br\/cac\/wp-json\/wp\/v2\/pages\/305"}],"wp:attachment":[{"href":"https:\/\/www.ufmg.br\/cac\/wp-json\/wp\/v2\/media?parent=2442"}],"curies":[{"name":"wp","href":"https:\/\/api.w.org\/{rel}","templated":true}]}}