{"id":246,"date":"2022-09-20T15:29:46","date_gmt":"2022-09-20T18:29:46","guid":{"rendered":"https:\/\/www.ufmg.br\/cac\/?page_id=246"},"modified":"2026-03-30T07:33:46","modified_gmt":"2026-03-30T10:33:46","slug":"eleicoes-2022","status":"publish","type":"page","link":"https:\/\/www.ufmg.br\/cac\/comicao-eleitoral-central\/cec-consultas-eleitorais-centralizadas\/eleicoes-2022\/","title":{"rendered":"Elei\u00e7\u00f5es &#8211; 2022"},"content":{"rendered":"\n<p><strong>Abaixo voc\u00ea encontrar\u00e1 todas as informa\u00e7\u00f5es referentes aos processos eleitorais da UFMG 2022<\/strong><\/p>\n\n\n\n<div class=\"wp-block-buttons\">\n<div class=\"wp-block-button is-style-outline\"><a class=\"wp-block-button__link has-vivid-cyan-blue-color has-text-color no-border-radius\" href=\"https:\/\/www.ufmg.br\/cac\/eleicoes-ufmg\/eleicoes-2022\/eleicoes-2022-cec01-07\/\"><strong>Editais CEC 01-2022 a CEC 07-2022<\/strong><\/a><\/div>\n\n\n\n<div class=\"wp-block-button is-style-outline\"><a class=\"wp-block-button__link has-vivid-cyan-blue-color has-text-color no-border-radius\" href=\"https:\/\/www.ufmg.br\/cac\/eleicoes-ufmg\/eleicoes-2022\/eleicoes-2022-cec08-11\/\"><strong><strong>Editais CEC 08-2022 a CEC 11-2022<\/strong><\/strong><\/a><\/div>\n\n\n\n<p><\/p>\n<\/div>\n","protected":false},"excerpt":{"rendered":"<p>Abaixo voc\u00ea encontrar\u00e1 todas as informa\u00e7\u00f5es referentes aos processos eleitorais [&hellip;]<\/p>\n","protected":false},"author":2,"featured_media":0,"parent":2442,"menu_order":0,"comment_status":"closed","ping_status":"closed","template":"","meta":[],"_links":{"self":[{"href":"https:\/\/www.ufmg.br\/cac\/wp-json\/wp\/v2\/pages\/246"}],"collection":[{"href":"https:\/\/www.ufmg.br\/cac\/wp-json\/wp\/v2\/pages"}],"about":[{"href":"https:\/\/www.ufmg.br\/cac\/wp-json\/wp\/v2\/types\/page"}],"author":[{"embeddable":true,"href":"https:\/\/www.ufmg.br\/cac\/wp-json\/wp\/v2\/users\/2"}],"replies":[{"embeddable":true,"href":"https:\/\/www.ufmg.br\/cac\/wp-json\/wp\/v2\/comments?post=246"}],"version-history":[{"count":4,"href":"https:\/\/www.ufmg.br\/cac\/wp-json\/wp\/v2\/pages\/246\/revisions"}],"predecessor-version":[{"id":788,"href":"https:\/\/www.ufmg.br\/cac\/wp-json\/wp\/v2\/pages\/246\/revisions\/788"}],"up":[{"embeddable":true,"href":"https:\/\/www.ufmg.br\/cac\/wp-json\/wp\/v2\/pages\/2442"}],"wp:attachment":[{"href":"https:\/\/www.ufmg.br\/cac\/wp-json\/wp\/v2\/media?parent=246"}],"curies":[{"name":"wp","href":"https:\/\/api.w.org\/{rel}","templated":true}]}}