{"id":247,"date":"2022-09-20T15:29:46","date_gmt":"2022-09-20T18:29:46","guid":{"rendered":"https:\/\/www.ufmg.br\/cac\/?page_id=247"},"modified":"2026-03-30T07:33:38","modified_gmt":"2026-03-30T10:33:38","slug":"eleicoes-2021","status":"publish","type":"page","link":"https:\/\/www.ufmg.br\/cac\/comicao-eleitoral-central\/cec-consultas-eleitorais-centralizadas\/eleicoes-2021\/","title":{"rendered":"Elei\u00e7\u00f5es &#8211; 2021"},"content":{"rendered":"\n<p>Senhores(as),<\/p>\n<p>Informamos que foram publicados os editais CEC n\u00ba 01\/2021, CEC n\u00ba 02\/2021 e CEC n\u00ba 04\/2021, relativos \u00e0s elei\u00e7\u00f5es para recomposi\u00e7\u00e3o do Conselho Universit\u00e1rio, do Conselho de Curadores, do Conselho de Diretores, do Conselho de Ensino Pesquisa e Extens\u00e3o (CEPE), da Comiss\u00e3o de \u00c9tica no Uso de Animais (CEUA), da Comiss\u00e3o Permanente de Pessoal Docente (CPPD), do Conselho Diretor da Biblioteca Universit\u00e1ria, da Comiss\u00e3o Interna de Supervis\u00e3o do Plano de Carreira dos Cargos T\u00e9cnico-Administrativos em Educa\u00e7\u00e3o (CIS) e do Conselho de Diretores da Moradia Universit\u00e1ria.<\/p>\n<p>As elei\u00e7\u00f5es ocorrer\u00e3o exclusivamente via Sistema de Consultas on-line, nas seguintes datas:<\/p>\n<p>&#8211; Servidores(as) docentes: dia 9 de julho de 2021<br \/>&#8211; Servidores(as) t\u00e9cnico-administrativos em educa\u00e7\u00e3o: dia 20 de julho de 2021<br \/>&#8211; Moradores das moradias universit\u00e1rias: dia 23 de julho de 2021<\/p>\n<p>Todas as informa\u00e7\u00f5es acerca do Sistema de Consultas on-line est\u00e3o dispon\u00edveis no s\u00edtio https:\/\/consultas.ufmg.br. Para se informar sobre os procedimentos, acesse o \u00edcone \u201cComo Votar\u201d.<\/p>\n<p>Baixar Formul\u00e1rio de inscri\u00e7\u00e3o:<br \/><a href=\"https:\/\/www.ufmg.br\/cac\/wp-content\/uploads\/2022\/09\/cec-01-02-04_2021-formulario-de-inscricao-21052021.pdf\" target=\"_blank\" rel=\"noopener\">Clique aqui<\/a><\/p>\n<p><br \/><strong><span style=\"text-decoration: underline;\">EDITAL CEC 01-2021<\/span><\/strong><\/p>\n<p>Baixar Cronograma Edital 01:<br \/><a href=\"https:\/\/www.ufmg.br\/cac\/wp-content\/uploads\/2022\/09\/cec-01_2021-cronograma-21052021.pdf\" target=\"_blank\" rel=\"noopener\">Clique aqui<\/a><\/p>\n<p><br \/>Baixar Edital CEC 01-2021:<br \/><a href=\"https:\/\/www.ufmg.br\/cac\/wp-content\/uploads\/2022\/09\/cec-01_2021-edital-21052021.pdf\" target=\"_blank\" rel=\"noopener\">Clique aqui<\/a><\/p>\n<p><br \/>Baixar Edital Complementar CEC 05-2021:<br \/><a href=\"https:\/\/www.ufmg.br\/cac\/wp-content\/uploads\/2022\/09\/cec-05_2021-edital-complementar-11062021.pdf\" target=\"_blank\" rel=\"noopener\">Clique aqui<\/a><\/p>\n<p><br \/>Baixar Edital Complementar CEC 06-2021:<br \/><a href=\"https:\/\/www.ufmg.br\/cac\/wp-content\/uploads\/2022\/09\/cec-06_2021-edital-complementar-15062021.pdf\" target=\"_blank\" rel=\"noopener\">Clique aqui<\/a><\/p>\n<p><br \/>Baixar Lista de Inscri\u00e7\u00f5es Edital 01-2021:<br \/><a href=\"https:\/\/www.ufmg.br\/cac\/wp-content\/uploads\/2022\/09\/cec-01_2021-inscricoes-21052021.pdf\" target=\"_blank\" rel=\"noopener\">Clique aqui<\/a><\/p>\n<p><br \/>Baixar Lista de Inscri\u00e7\u00f5es Homologadas Edital 01-2021:<br \/><a href=\"https:\/\/www.ufmg.br\/cac\/wp-content\/uploads\/2022\/09\/cec-01_2021-inscricoes-homologadas-07072021.pdf\" target=\"_blank\" rel=\"noopener\">Clique aqui<\/a><\/p>\n<p><span style=\"text-decoration: underline;\">Resultados das Consultas Eleitorais Centralizadas &#8211; Edital 01\/2021 (retificado pelos Editais 05\/2021 e 06\/2021):<\/span><\/p>\n<p>CEPE &#8211; Representantes dos coordenadores de colegiados de cursos de gradua\u00e7\u00e3o:<br \/><a href=\"https:\/\/www.ufmg.br\/cac\/wp-content\/uploads\/2022\/09\/cec-01_2021-resultado-cepe-graduacao-09072021.pdf\" target=\"_blank\" rel=\"noopener\">Clique aqui<\/a><\/p>\n<p>CEPE &#8211; Representantes dos coordenadores de colegiados de cursos de p\u00f3s-gradua\u00e7\u00e3o:<br \/><a href=\"https:\/\/www.ufmg.br\/cac\/wp-content\/uploads\/2022\/09\/cec-01_2021-resultado-cepe-posgraduacao-09072021.pdf\" target=\"_blank\" rel=\"noopener\">Clique aqui<\/a><\/p>\n<p>CEPE &#8211; Representantes dos coordenadores de grupos de pesquisa &#8211; \u00e1rea ci\u00eancias da natureza:<br \/><a href=\"https:\/\/www.ufmg.br\/cac\/wp-content\/uploads\/2022\/09\/cec-01_2021-resultado-cepe-natureza-09072021.pdf\" target=\"_blank\" rel=\"noopener\">Clique aqui<\/a><\/p>\n<p>CEPE &#8211; Representantes dos coordenadores de grupos de pesquisa &#8211; \u00e1rea ci\u00eancias da vida:<br \/><a href=\"https:\/\/www.ufmg.br\/cac\/wp-content\/uploads\/2022\/09\/cec-01_2021-resultado-cepe-vida-09072021.pdf\" target=\"_blank\" rel=\"noopener\">Clique aqui<\/a><\/p>\n<p>CEPE &#8211; Representantes dos coordenadores de grupos de pesquisa &#8211; \u00e1rea humanidades:<br \/><a href=\"https:\/\/www.ufmg.br\/cac\/wp-content\/uploads\/2022\/09\/cec-01_2021-resultado-cepe-humanidades-09072021.pdf\" target=\"_blank\" rel=\"noopener\">Clique aqui<\/a><\/p>\n<p>Conselho de Curadores &#8211; Representantes do corpo docente:<br \/><a href=\"https:\/\/www.ufmg.br\/cac\/wp-content\/uploads\/2022\/09\/cec-01_2021-resultado-cc-docente-09072021.pdf\" target=\"_blank\" rel=\"noopener\">Clique aqui<\/a><\/p>\n<p>Conselho Universit\u00e1rio &#8211; Representante do corpo docente na \u00e1rea ci\u00eancias da natureza:<br \/><a href=\"https:\/\/www.ufmg.br\/cac\/wp-content\/uploads\/2022\/09\/cec-01_2021-resultado-cu-natureza-09072021.pdf\" target=\"_blank\" rel=\"noopener\">Clique aqui<\/a><\/p>\n<p>CPPD &#8211; Representantes do corpo docente na \u00e1rea humanidades:<br \/><a href=\"https:\/\/www.ufmg.br\/cac\/wp-content\/uploads\/2022\/09\/cec-01_2021-resultado-cppd-humanidades-09072021.pdf\" target=\"_blank\" rel=\"noopener\">Clique aqui<\/a><\/p>\n<p>CPPD e Conselho Universit\u00e1rio &#8211; Representantes docentes na \u00e1rea ci\u00eancias da vida:<br \/><a href=\"https:\/\/www.ufmg.br\/cac\/wp-content\/uploads\/2022\/09\/cec-01_2021-resultado-cppd-cu-vida-09072021.pdf\" target=\"_blank\" rel=\"noopener\">Clique aqui<\/a><\/p>\n<p>Baixar Homologa\u00e7\u00e3o dos resultados das consultas referentes ao Edital CEC 01\/2021:<br \/><a href=\"https:\/\/www.ufmg.br\/cac\/wp-content\/uploads\/2022\/09\/cec-01_2021-resultado-homologacao-21072021.pdf\" target=\"_blank\" rel=\"noopener\">Clique aqui<\/a><\/p>\n<p><br \/><span style=\"text-decoration: underline;\"><strong>EDITAL CEC 02-2021<\/strong><\/span><\/p>\n<p>Baixar Cronograma Edital 02:<br \/><a href=\"https:\/\/www.ufmg.br\/cac\/wp-content\/uploads\/2022\/09\/cec-02_2021-cronograma-.pdf\" target=\"_blank\" rel=\"noopener\">Clique aqui<\/a><\/p>\n<p>Baixar Edital CEC 02-2021:<br \/><a href=\"https:\/\/www.ufmg.br\/cac\/wp-content\/uploads\/2022\/09\/cec-02_2021-edital-21052021.pdf\" target=\"_blank\" rel=\"noopener\">Clique aqui<\/a><\/p>\n<p>Baixar Edital Complementar CEC 07-2021:<br \/><a href=\"https:\/\/www.ufmg.br\/cac\/wp-content\/uploads\/2022\/09\/cec-07_2021-edital-complementar-15062021.pdf\" target=\"_blank\" rel=\"noopener\">Clique aqui<\/a><\/p>\n<p>Baixar Lista de Inscri\u00e7\u00f5es TAES Edital 02-2021:<br \/><a href=\"https:\/\/www.ufmg.br\/cac\/wp-content\/uploads\/2022\/09\/cec-02_2021-inscricoes-tae-29082021.pdf\" target=\"_blank\" rel=\"noopener\">Clique aqui<\/a><\/p>\n<p>Baixar Lista de Inscri\u00e7\u00f5es Homologadas &#8211; Edital 02-2021:<br \/><a href=\"https:\/\/www.ufmg.br\/cac\/wp-content\/uploads\/2022\/09\/cec-02_2021-inscricoes-homologadas-tae-06072021.pdf\" target=\"_blank\" rel=\"noopener\">Clique aqui<\/a><\/p>\n<p><br \/><span style=\"text-decoration: underline;\">Resultados das Consultas Eleitorais Centralizadas &#8211; Edital 02\/2021 (retificado pelo Edital 07\/2021):<\/span><\/p>\n<p>Consulta Eleitoral para Representantes TAEs na CIS:<br \/><a href=\"https:\/\/www.ufmg.br\/cac\/wp-content\/uploads\/2022\/09\/cec-02_2021-resultado-cis-20072021.pdf\" target=\"_blank\" rel=\"noopener\">Clique aqui<\/a><\/p>\n<p>Consulta Eleitoral Centralizada &#8211; Representantes TAEs em \u00d3rg\u00e3os Colegiados (Mandatos de 2 anos):<br \/><a href=\"https:\/\/www.ufmg.br\/cac\/wp-content\/uploads\/2022\/09\/cec-02_2021-resultado-2-anos-20072021.pdf\" target=\"_blank\" rel=\"noopener\">Clique aqui<\/a><\/p>\n<p>Consulta Eleitoral Centralizada &#8211; Representantes TAEs em \u00d3rg\u00e3os Colegiados (Mandatos de 3 anos):<br \/><a href=\"https:\/\/www.ufmg.br\/cac\/wp-content\/uploads\/2022\/09\/cec-02_2021-resultado-3-anos-20072021.pdf\" target=\"_blank\" rel=\"noopener\">Clique aqui<\/a><\/p>\n<p>Baixar Homologa\u00e7\u00e3o dos resultados das consultas referentes ao Edital CEC 02\/2021:<br \/><a href=\"https:\/\/www.ufmg.br\/cac\/wp-content\/uploads\/2022\/09\/cec-02_2021-resultado-homologacao-28072021.pdf\" target=\"_blank\" rel=\"noopener\">Clique aqui<\/a><\/p>\n<p><br \/><span style=\"text-decoration: underline;\"><strong>EDITAL CEC 04-2021<\/strong><\/span><\/p>\n<p>Baixar Cronograma Edital 04:<br \/><a href=\"https:\/\/www.ufmg.br\/cac\/wp-content\/uploads\/2022\/09\/cec-04_2021-cronograma-02062021.pdf\" target=\"_blank\" rel=\"noopener\">Clique aqui<\/a><\/p>\n<p>Baixar Edital CEC 04-2021:<br \/><a href=\"https:\/\/www.ufmg.br\/cac\/wp-content\/uploads\/2022\/09\/cec-04_2021-edital-02062021.pdf\" target=\"_blank\" rel=\"noopener\">Clique aqui<\/a><\/p>\n<p><br \/>Baixar Lista de Inscri\u00e7\u00f5es Moradores Edital 04-2021:<br \/><a href=\"https:\/\/www.ufmg.br\/cac\/wp-content\/uploads\/2022\/09\/cec-04_2021-inscricoes-30062021.pdf\" target=\"_blank\" rel=\"noopener\">Clique aqui<\/a><\/p>\n<p>Baixar Lista de Inscri\u00e7\u00f5es Homologadas &#8211; Edital 04-2021:<br \/><a href=\"https:\/\/www.ufmg.br\/cac\/wp-content\/uploads\/2022\/09\/cec-04_2021-inscricoes-homologadas-14072021.pdf\" target=\"_blank\" rel=\"noopener\">Clique aqui<\/a><\/p>\n<p><br \/><strong>Resultado da Consulta Eleitoral Centralizada &#8211; Edital 04\/2021:<\/strong><\/p>\n<p>Conselho Diretor da Moradia Universit\u00e1ria &#8211; Representante dos moradores das moradias universit\u00e1rias:<br \/><a href=\"https:\/\/www.ufmg.br\/cac\/wp-content\/uploads\/2022\/09\/cec-04_2021-resultado-23072021.pdf\" target=\"_blank\" rel=\"noopener\">Clique aqui<\/a><\/p>\n<p>Baixar Homologa\u00e7\u00e3o dos resultados das consultas referentes ao Edital CEC 04\/2021:<br \/><a href=\"https:\/\/www.ufmg.br\/cac\/wp-content\/uploads\/2022\/09\/cec-04_2021-resultado-homologado-04082021.pdf\" target=\"_blank\" rel=\"noopener\">Clique aqui<\/a><\/p>\n","protected":false},"excerpt":{"rendered":"<p>Senhores(as), Informamos que foram publicados os editais CEC n\u00ba 01\/2021, [&hellip;]<\/p>\n","protected":false},"author":2,"featured_media":0,"parent":2442,"menu_order":0,"comment_status":"closed","ping_status":"closed","template":"","meta":[],"_links":{"self":[{"href":"https:\/\/www.ufmg.br\/cac\/wp-json\/wp\/v2\/pages\/247"}],"collection":[{"href":"https:\/\/www.ufmg.br\/cac\/wp-json\/wp\/v2\/pages"}],"about":[{"href":"https:\/\/www.ufmg.br\/cac\/wp-json\/wp\/v2\/types\/page"}],"author":[{"embeddable":true,"href":"https:\/\/www.ufmg.br\/cac\/wp-json\/wp\/v2\/users\/2"}],"replies":[{"embeddable":true,"href":"https:\/\/www.ufmg.br\/cac\/wp-json\/wp\/v2\/comments?post=247"}],"version-history":[{"count":5,"href":"https:\/\/www.ufmg.br\/cac\/wp-json\/wp\/v2\/pages\/247\/revisions"}],"predecessor-version":[{"id":883,"href":"https:\/\/www.ufmg.br\/cac\/wp-json\/wp\/v2\/pages\/247\/revisions\/883"}],"up":[{"embeddable":true,"href":"https:\/\/www.ufmg.br\/cac\/wp-json\/wp\/v2\/pages\/2442"}],"wp:attachment":[{"href":"https:\/\/www.ufmg.br\/cac\/wp-json\/wp\/v2\/media?parent=247"}],"curies":[{"name":"wp","href":"https:\/\/api.w.org\/{rel}","templated":true}]}}