{"id":249,"date":"2022-09-20T15:29:46","date_gmt":"2022-09-20T18:29:46","guid":{"rendered":"https:\/\/www.ufmg.br\/cac\/?page_id=249"},"modified":"2026-03-30T07:33:20","modified_gmt":"2026-03-30T10:33:20","slug":"eleicoes-2018","status":"publish","type":"page","link":"https:\/\/www.ufmg.br\/cac\/comicao-eleitoral-central\/cec-consultas-eleitorais-centralizadas\/eleicoes-2018\/","title":{"rendered":"Elei\u00e7\u00f5es &#8211; 2018"},"content":{"rendered":"\n<p><b>EDITAL CEC 08\/2018<\/b><br \/><br \/>Elei\u00e7\u00f5es Gerais<br \/><br \/>Conselho de Curadores<br \/>Comiss\u00e3o Permanente de Pessoal Docente (CPPD)<br \/>Comit\u00ea de \u00c9tica em Pesquisa (CEP)<br \/>Comit\u00ea de \u00c9tica no Uso de Animais (CEUA)<br \/>Comiss\u00e3o Interna de Supervis\u00e3o (CIS)<br \/><br \/><strong>Elei\u00e7\u00f5es: 28 de novembro de 2018, quarta-feira, e, excepcionalmente, tamb\u00e9m no dia 27 de novembro de 2018, ter\u00e7a-feira, no Hospital das Cl\u00ednicas.<\/strong><br \/><br \/>Rela\u00e7\u00e3o dos Postos de vota\u00e7\u00e3o: <a href=\"https:\/\/www.ufmg.br\/cac\/wp-content\/uploads\/2022\/09\/cec-08_2018-postos-de-votacao-0910218.pdf\" target=\"_blank\" rel=\"noopener\">Download<\/a><br \/><br \/>Edital: <a href=\"https:\/\/www.ufmg.br\/cac\/wp-content\/uploads\/2022\/09\/cec-08_2018-edital-0910218.pdf\" target=\"_blank\" rel=\"noopener\">Download<\/a><br \/><br \/>Inscri\u00e7\u00f5es homologadas: <a href=\"https:\/\/www.ufmg.br\/cac\/wp-content\/uploads\/2022\/09\/cec-08_2018-inscricoes-homologadas-0910218.pdf\" target=\"_blank\" rel=\"noopener\">Download<\/a><br \/><br \/>Instru\u00e7\u00f5es para as elei\u00e7\u00f5es para os \u00f3rg\u00e3os colegiados e comiss\u00f5es permanentes da UFMG: <a href=\"https:\/\/www.ufmg.br\/cac\/wp-content\/uploads\/2022\/09\/cec-08_2018-instrucoes-0910218.pdf\" target=\"_blank\" rel=\"noopener\">Download<\/a><br \/><br \/>Homologa\u00e7\u00e3o do Resultado: <a href=\"https:\/\/www.ufmg.br\/cac\/wp-content\/uploads\/2022\/09\/cec-08_2018-homologacao-resultado-0910218.pdf\" target=\"_blank\" rel=\"noopener\">Download<\/a><br \/><br \/><br \/><b>EDITAL CEC 09\/2018<\/b><br \/><br \/>Conselho de Ensino, Pesquisa e Extens\u00e3o, na C\u00e2mara de Extens\u00e3o<br \/>C\u00e2mara de Extens\u00e3o<br \/>Elei\u00e7\u00f5es: 27 de novembro de 2018.<\/p>\n<p>Local: Pr\u00f3-Reitoria de Extens\u00e3o, pr\u00e9dio da Reitoria, 6\u00ba andar, sala 6018<br \/><br \/>Edital: <a href=\"https:\/\/www.ufmg.br\/cac\/wp-content\/uploads\/2022\/09\/cec-09_2018-edital-0910218.pdf\" target=\"_blank\" rel=\"noopener\">Download<\/a><br \/><br \/>Inscri\u00e7\u00f5es homologadas: <a href=\"https:\/\/www.ufmg.br\/cac\/wp-content\/uploads\/2022\/09\/cec-09_2018-inscricoes-homologadas-0910218.pdf\" target=\"_blank\" rel=\"noopener\">Download<\/a><br \/><br \/>Homologa\u00e7\u00e3o do Resultado: <a href=\"https:\/\/www.ufmg.br\/cac\/wp-content\/uploads\/2022\/09\/cec-08_2018-homologacao-resultado-0910218.pdf\" target=\"_blank\" rel=\"noopener\">Download<\/a><\/p>\n","protected":false},"excerpt":{"rendered":"<p>EDITAL CEC 08\/2018 Elei\u00e7\u00f5es Gerais Conselho de CuradoresComiss\u00e3o Permanente de [&hellip;]<\/p>\n","protected":false},"author":2,"featured_media":0,"parent":2442,"menu_order":0,"comment_status":"closed","ping_status":"closed","template":"","meta":[],"_links":{"self":[{"href":"https:\/\/www.ufmg.br\/cac\/wp-json\/wp\/v2\/pages\/249"}],"collection":[{"href":"https:\/\/www.ufmg.br\/cac\/wp-json\/wp\/v2\/pages"}],"about":[{"href":"https:\/\/www.ufmg.br\/cac\/wp-json\/wp\/v2\/types\/page"}],"author":[{"embeddable":true,"href":"https:\/\/www.ufmg.br\/cac\/wp-json\/wp\/v2\/users\/2"}],"replies":[{"embeddable":true,"href":"https:\/\/www.ufmg.br\/cac\/wp-json\/wp\/v2\/comments?post=249"}],"version-history":[{"count":12,"href":"https:\/\/www.ufmg.br\/cac\/wp-json\/wp\/v2\/pages\/249\/revisions"}],"predecessor-version":[{"id":859,"href":"https:\/\/www.ufmg.br\/cac\/wp-json\/wp\/v2\/pages\/249\/revisions\/859"}],"up":[{"embeddable":true,"href":"https:\/\/www.ufmg.br\/cac\/wp-json\/wp\/v2\/pages\/2442"}],"wp:attachment":[{"href":"https:\/\/www.ufmg.br\/cac\/wp-json\/wp\/v2\/media?parent=249"}],"curies":[{"name":"wp","href":"https:\/\/api.w.org\/{rel}","templated":true}]}}