{"id":318,"date":"2022-09-21T11:13:59","date_gmt":"2022-09-21T14:13:59","guid":{"rendered":"https:\/\/www.ufmg.br\/cac\/?page_id=318"},"modified":"2022-10-03T12:52:38","modified_gmt":"2022-10-03T15:52:38","slug":"cp001-2021-edital","status":"publish","type":"page","link":"https:\/\/www.ufmg.br\/cac\/emei\/cp001-2021-chamada-publica\/cp001-2021-edital\/","title":{"rendered":"Edital &#8211; CHAMADA P\u00daBLICA N\u00ba 001\/2021"},"content":{"rendered":"\n<h3>Chamada P\u00fablica n\u00ba 001\/2021 &#8211; PROCESSO SELETIVO 2023 EMEI ALA\u00cdDE LISBOA \u2013 COMUNIDADE UNIVERSIT\u00c1RIA<\/h3>\n\n\n\n<hr class=\"wp-block-separator is-style-default\"\/>\n\n\n\n<p>A Universidade Federal de Minas Gerais (UFMG), por interm\u00e9dio da Coordenadoria de Assuntos Comunit\u00e1rios da UFMG (CAC\/UFMG), divulga a Chamada P\u00fablica n\u00ba 001\/2021, referente ao processo seletivo para o preenchimento de vagas destinadas \u00e0 comunidade universit\u00e1ria na EMEI Ala\u00edde Lisboa.<\/p>\n\n\n\n<p>Os interessados dever\u00e3o realizar inscri\u00e7\u00e3o no per\u00edodo de 13 a 24 de setembro de 2021, por meio de preenchimento do Requerimento de Inscri\u00e7\u00e3o dispon\u00edvel no link <a rel=\"noreferrer noopener\" href=\"https:\/\/forms.gle\/NRB4MZdaLK9nG6RH9\" target=\"_blank\">https:\/\/forms.gle\/NRB4MZdaLK9nG6RH9<\/a>.<\/p>\n\n\n\n<p>O cadastro escolar para a Educa\u00e7\u00e3o Infantil, na EMEI Ala\u00edde Lisboa, para os alunos de 3 a 5 anos, nascidos entre 1\u00ba de abril de 2016 a 31 de mar\u00e7o de 2019, ser\u00e1 realizado exclusivamente por meio do site da Prefeitura de Belo Horizonte (PBH) <a rel=\"noreferrer noopener\" href=\"http:\/\/www.pbh.gov.br\" target=\"_blank\">www.pbh.gov.br<\/a>, no per\u00edodo de 30 de agosto a 17 de setembro de 2021.<\/p>\n\n\n\n<p>O texto integral da Chamada P\u00fablica n\u00ba 001\/2021 pode ser acessado no site <a rel=\"noreferrer noopener\" href=\"https:\/\/www.ufmg.br\/cac\/\" target=\"_blank\">www.ufmg.br\/cac<\/a><\/p>\n\n\n\n<p>Estamos \u00e0 disposi\u00e7\u00e3o para quaisquer esclarecimentos por meio do e-mail info@cac.ufmg.br<\/p>\n\n\n\n<div class=\"wp-block-file\"><a href=\"https:\/\/www.ufmg.br\/cac\/wp-content\/uploads\/2022\/09\/cp-001_2021-edital-13092021.pdf\" target=\"_blank\" rel=\"noreferrer noopener\">Chamada P\u00fablica n\u00ba 001\/2020<\/a><a href=\"https:\/\/www.ufmg.br\/cac\/wp-content\/uploads\/2022\/09\/cp-001_2021-edital-13092021.pdf\" class=\"wp-block-file__button\" download><strong><span style=\"color:#ffffff\" class=\"tadv-color\">Baixar<\/span><\/strong><\/a><\/div>\n","protected":false},"excerpt":{"rendered":"<p>Chamada P\u00fablica n\u00ba 001\/2021 &#8211; PROCESSO SELETIVO 2023 EMEI ALA\u00cdDE [&hellip;]<\/p>\n","protected":false},"author":2,"featured_media":0,"parent":215,"menu_order":0,"comment_status":"closed","ping_status":"closed","template":"","meta":[],"_links":{"self":[{"href":"https:\/\/www.ufmg.br\/cac\/wp-json\/wp\/v2\/pages\/318"}],"collection":[{"href":"https:\/\/www.ufmg.br\/cac\/wp-json\/wp\/v2\/pages"}],"about":[{"href":"https:\/\/www.ufmg.br\/cac\/wp-json\/wp\/v2\/types\/page"}],"author":[{"embeddable":true,"href":"https:\/\/www.ufmg.br\/cac\/wp-json\/wp\/v2\/users\/2"}],"replies":[{"embeddable":true,"href":"https:\/\/www.ufmg.br\/cac\/wp-json\/wp\/v2\/comments?post=318"}],"version-history":[{"count":20,"href":"https:\/\/www.ufmg.br\/cac\/wp-json\/wp\/v2\/pages\/318\/revisions"}],"predecessor-version":[{"id":1067,"href":"https:\/\/www.ufmg.br\/cac\/wp-json\/wp\/v2\/pages\/318\/revisions\/1067"}],"up":[{"embeddable":true,"href":"https:\/\/www.ufmg.br\/cac\/wp-json\/wp\/v2\/pages\/215"}],"wp:attachment":[{"href":"https:\/\/www.ufmg.br\/cac\/wp-json\/wp\/v2\/media?parent=318"}],"curies":[{"name":"wp","href":"https:\/\/api.w.org\/{rel}","templated":true}]}}