{"id":329,"date":"2022-09-21T11:28:21","date_gmt":"2022-09-21T14:28:21","guid":{"rendered":"https:\/\/www.ufmg.br\/cac\/?page_id=329"},"modified":"2022-10-03T14:26:32","modified_gmt":"2022-10-03T17:26:32","slug":"cp001-2021-convocacoes","status":"publish","type":"page","link":"https:\/\/www.ufmg.br\/cac\/emei\/cp001-2021-chamada-publica\/cp001-2021-convocacoes\/","title":{"rendered":"Convoca\u00e7\u00f5es &#8211; CHAMADA P\u00daBLICA N\u00ba 001\/2021"},"content":{"rendered":"\n<figure class=\"wp-block-table\"><table><tbody><tr><td class=\"has-text-align-center\" data-align=\"center\"><a href=\"https:\/\/www.ufmg.br\/cac\/emei\/cp001-2021-chamada-publica\/cp001-2021-convocacoes\/chamada-publica-no-001-2021-13-09-2022\/\">13\/09\/2022<\/a><\/td><\/tr><tr><td class=\"has-text-align-center\" data-align=\"center\"><a href=\"https:\/\/www.ufmg.br\/cac\/emei\/cp001-2021-chamada-publica\/cp001-2021-convocacoes\/chamada-publica-no-001-2021-02-08-2022\/\">02\/08\/2022<\/a><\/td><\/tr><tr><td class=\"has-text-align-center\" data-align=\"center\"><a href=\"https:\/\/www.ufmg.br\/cac\/emei\/cp001-2021-chamada-publica\/cp001-2021-convocacoes\/chamada-publica-no-001-2021-06-07-2022\/\">06\/07\/2022<\/a><\/td><\/tr><tr><td class=\"has-text-align-center\" data-align=\"center\"><a href=\"https:\/\/www.ufmg.br\/cac\/emei\/cp001-2021-chamada-publica\/cp001-2021-convocacoes\/chamada-publica-no-001-2021-20-06-2022\/\">20\/06\/2022<\/a><\/td><\/tr><tr><td class=\"has-text-align-center\" data-align=\"center\"><a href=\"https:\/\/www.ufmg.br\/cac\/emei\/cp001-2021-chamada-publica\/cp001-2021-convocacoes\/chamada-publica-no-001-2021-06-06-2022\/\">06\/06\/2022<\/a><\/td><\/tr><tr><td class=\"has-text-align-center\" data-align=\"center\"><a href=\"https:\/\/www.ufmg.br\/cac\/emei\/cp001-2021-chamada-publica\/cp001-2021-convocacoes\/chamada-publica-no-001-2021-02-05-2022\/\">02\/05\/2022<\/a><\/td><\/tr><tr><td class=\"has-text-align-center\" data-align=\"center\"><a href=\"https:\/\/www.ufmg.br\/cac\/emei\/cp001-2021-chamada-publica\/cp001-2021-convocacoes\/chamada-publica-no-001-2021-14-04-2022\/\">14\/04\/2022<\/a><\/td><\/tr><tr><td class=\"has-text-align-center\" data-align=\"center\"><a href=\"https:\/\/www.ufmg.br\/cac\/emei\/cp001-2021-chamada-publica\/cp001-2021-convocacoes\/chamada-publica-no-001-2021-01-04-2022\/\" data-type=\"page\" data-id=\"1115\">01\/04\/2022<\/a><\/td><\/tr><tr><td class=\"has-text-align-center\" data-align=\"center\"><a href=\"https:\/\/www.ufmg.br\/cac\/emei\/cp001-2021-chamada-publica\/cp001-2021-convocacoes\/chamada-publica-no-001-2021-23-03-2022\/\">23\/03\/2022<\/a><\/td><\/tr><tr><td class=\"has-text-align-center\" data-align=\"center\"><a href=\"https:\/\/www.ufmg.br\/cac\/emei\/cp001-2021-chamada-publica\/cp001-2021-convocacoes\/chamada-publica-no-001-2021-14-03-2022\/\">14\/03\/2022<\/a><\/td><\/tr><tr><td class=\"has-text-align-center\" data-align=\"center\"><a href=\"https:\/\/www.ufmg.br\/cac\/emei\/cp001-2021-chamada-publica\/cp001-2021-convocacoes\/chamada-publica-no-001-2021-11-03-2022\/\">11\/03\/2022<\/a><\/td><\/tr><tr><td class=\"has-text-align-center\" data-align=\"center\"><a href=\"https:\/\/www.ufmg.br\/cac\/emei\/cp001-2021-chamada-publica\/cp001-2021-convocacoes\/chamada-publica-no-001-2021-03-03-2022\/\">03\/03\/2022<\/a><\/td><\/tr><tr><td class=\"has-text-align-center\" data-align=\"center\"><a href=\"https:\/\/www.ufmg.br\/cac\/emei\/cp001-2021-chamada-publica\/cp001-2021-convocacoes\/chamada-publica-no-001-2021-21-02-2022\/\">21\/02\/2022<\/a><\/td><\/tr><tr><td class=\"has-text-align-center\" data-align=\"center\"><a href=\"https:\/\/www.ufmg.br\/cac\/emei\/cp001-2021-chamada-publica\/cp001-2021-convocacoes\/chamada-publica-no-001-2021-11-02-2022\/\">11\/02\/2022<\/a><\/td><\/tr><tr><td class=\"has-text-align-center\" data-align=\"center\"><a href=\"https:\/\/www.ufmg.br\/cac\/emei\/cp001-2021-chamada-publica\/cp001-2021-convocacoes\/chamada-publica-no-001-2021-09-12-2021\/\">09\/12\/2021<\/a><\/td><\/tr><\/tbody><\/table><\/figure>\n","protected":false},"excerpt":{"rendered":"<p>13\/09\/2022 02\/08\/2022 06\/07\/2022 20\/06\/2022 06\/06\/2022 02\/05\/2022 14\/04\/2022 01\/04\/2022 23\/03\/2022 14\/03\/2022 [&hellip;]<\/p>\n","protected":false},"author":2,"featured_media":0,"parent":215,"menu_order":0,"comment_status":"closed","ping_status":"closed","template":"","meta":[],"_links":{"self":[{"href":"https:\/\/www.ufmg.br\/cac\/wp-json\/wp\/v2\/pages\/329"}],"collection":[{"href":"https:\/\/www.ufmg.br\/cac\/wp-json\/wp\/v2\/pages"}],"about":[{"href":"https:\/\/www.ufmg.br\/cac\/wp-json\/wp\/v2\/types\/page"}],"author":[{"embeddable":true,"href":"https:\/\/www.ufmg.br\/cac\/wp-json\/wp\/v2\/users\/2"}],"replies":[{"embeddable":true,"href":"https:\/\/www.ufmg.br\/cac\/wp-json\/wp\/v2\/comments?post=329"}],"version-history":[{"count":9,"href":"https:\/\/www.ufmg.br\/cac\/wp-json\/wp\/v2\/pages\/329\/revisions"}],"predecessor-version":[{"id":1160,"href":"https:\/\/www.ufmg.br\/cac\/wp-json\/wp\/v2\/pages\/329\/revisions\/1160"}],"up":[{"embeddable":true,"href":"https:\/\/www.ufmg.br\/cac\/wp-json\/wp\/v2\/pages\/215"}],"wp:attachment":[{"href":"https:\/\/www.ufmg.br\/cac\/wp-json\/wp\/v2\/media?parent=329"}],"curies":[{"name":"wp","href":"https:\/\/api.w.org\/{rel}","templated":true}]}}