{"id":486,"date":"2022-09-22T17:03:24","date_gmt":"2022-09-22T20:03:24","guid":{"rendered":"https:\/\/www.ufmg.br\/cac\/?page_id=486"},"modified":"2022-11-29T07:50:23","modified_gmt":"2022-11-29T10:50:23","slug":"cp001-2019-chamada-publica","status":"publish","type":"page","link":"https:\/\/www.ufmg.br\/cac\/emei\/cp001-2019-chamada-publica\/","title":{"rendered":"CHAMADA P\u00daBLICA N\u00ba 001\/2019"},"content":{"rendered":"\n<p><strong>Abaixo voc\u00ea encontrar\u00e1 todas as informa\u00e7\u00f5es referentes \u00e0 CHAMADA P\u00daBLICA N\u00ba 001\/2019 EMEI Ala\u00edde Lisboa<\/strong><\/p>\n\n\n\n<div class=\"wp-block-buttons\">\n<div class=\"wp-block-button is-style-outline\"><a class=\"wp-block-button__link has-vivid-cyan-blue-color has-text-color no-border-radius\" href=\"https:\/\/www.ufmg.br\/cac\/emei\/cp001-2019-chamada-publica\/cp001-2019-edital\/\"><strong>Edital<\/strong><\/a><\/div>\n\n\n\n<div class=\"wp-block-button is-style-outline\"><a class=\"wp-block-button__link has-vivid-cyan-blue-color has-text-color no-border-radius\" href=\"https:\/\/www.ufmg.br\/cac\/emei\/cp001-2019-chamada-publica\/cp001-2019-inscricoes-deferidas\/\"><strong>Inscri\u00e7\u00f5es deferidas<\/strong><\/a><\/div>\n\n\n\n<div class=\"wp-block-button is-style-outline\"><a class=\"wp-block-button__link has-vivid-cyan-blue-color has-text-color no-border-radius\" href=\"https:\/\/www.ufmg.br\/cac\/emei\/cp001-2019-chamada-publica\/cp001-2019-sorteio\/\"><strong>Sorteio<\/strong><\/a><\/div>\n\n\n\n<div class=\"wp-block-button is-style-outline\"><a class=\"wp-block-button__link has-vivid-cyan-blue-color has-text-color no-border-radius\" href=\"https:\/\/www.ufmg.br\/cac\/emei\/cp001-2019-chamada-publica\/cp001-2019-convocacoes\/\"><strong>Convoca\u00e7\u00f5es<\/strong><\/a><\/div>\n<\/div>\n\n\n\n<p><\/p>\n\n\n\n<h2>Avisos<\/h2>\n\n\n\n<p><\/p>\n\n\n\n<p><strong>05\/09\/2019<\/strong><\/p>\n\n\n\n<p style=\"text-align: justify;\">Informamos a toda a Comunidade Universit\u00e1ria que, conforme previsto na Chamada P\u00fablica n\u00ba 001\/2019, o SORTEIO para preenchimento das vagas EMEI ALA\u00cdDE LISBOA para o ano de 2020 ser\u00e1 realizado no CAD2 &#8211; Centro de Atividades Did\u00e1ticas 2, sala B504, no dia 6 de setembro de 2019, a partir das 15 horas. A presen\u00e7a n\u00e3o \u00e9 obrigat\u00f3ria. O sorteio ser\u00e1 transmitido via web, no canal da CAC no YouTube: <a href=\"http:\/\/www.youtube.com\/cacufmg\" target=\"_blank\" rel=\"noopener\">www.youtube.com\/cacufmg<\/a>.<\/p>\n\n\n\n<hr class=\"wp-block-separator is-style-default\"\/>\n\n\n\n<p><strong>13\/11\/2019<\/strong><\/p>\n\n\n\n<p style=\"text-align: justify;\"><span dir=\"ltr\" role=\"presentation\">Prezados(as)<\/span> <span dir=\"ltr\" role=\"presentation\">membros da Comunidade Universit\u00e1ria, respons\u00e1veis por crian\u00e7as da <\/span><span dir=\"ltr\" role=\"presentation\">faixa et\u00e1ria 3-4 anos (nascidos entre 1\u00ba\/04\/2016 e 31\/03\/2017), j\u00e1 matriculadas em <\/span><span dir=\"ltr\" role=\"presentation\">per\u00edodo parcial na EMEI Ala\u00edde Lisboa. <\/span><span dir=\"ltr\" role=\"presentation\">Aqueles que tiverem interesse em vaga em per\u00edodo integral, para o ano de 2020, <\/span><span dir=\"ltr\" role=\"presentation\">dever\u00e3o se inscrever para participar do sorteio de<\/span> <span dir=\"ltr\" role=\"presentation\">06 vagas remanescentes<\/span><span dir=\"ltr\" role=\"presentation\">, conforme <\/span><span dir=\"ltr\" role=\"presentation\">informa\u00e7\u00f5es a seguir:<\/span><\/p>\n<p><a href=\"https:\/\/www.ufmg.br\/cac\/wp-content\/uploads\/2022\/09\/cp-001_2019-sorteio-vagas-remanescentes-13112019.pdf\" target=\"_blank\" rel=\"noopener\">Baixar informa\u00e7\u00f5es<\/a><\/p>\n","protected":false},"excerpt":{"rendered":"<p>Abaixo voc\u00ea encontrar\u00e1 todas as informa\u00e7\u00f5es referentes \u00e0 CHAMADA P\u00daBLICA [&hellip;]<\/p>\n","protected":false},"author":2,"featured_media":0,"parent":195,"menu_order":0,"comment_status":"closed","ping_status":"closed","template":"","meta":[],"_links":{"self":[{"href":"https:\/\/www.ufmg.br\/cac\/wp-json\/wp\/v2\/pages\/486"}],"collection":[{"href":"https:\/\/www.ufmg.br\/cac\/wp-json\/wp\/v2\/pages"}],"about":[{"href":"https:\/\/www.ufmg.br\/cac\/wp-json\/wp\/v2\/types\/page"}],"author":[{"embeddable":true,"href":"https:\/\/www.ufmg.br\/cac\/wp-json\/wp\/v2\/users\/2"}],"replies":[{"embeddable":true,"href":"https:\/\/www.ufmg.br\/cac\/wp-json\/wp\/v2\/comments?post=486"}],"version-history":[{"count":12,"href":"https:\/\/www.ufmg.br\/cac\/wp-json\/wp\/v2\/pages\/486\/revisions"}],"predecessor-version":[{"id":1249,"href":"https:\/\/www.ufmg.br\/cac\/wp-json\/wp\/v2\/pages\/486\/revisions\/1249"}],"up":[{"embeddable":true,"href":"https:\/\/www.ufmg.br\/cac\/wp-json\/wp\/v2\/pages\/195"}],"wp:attachment":[{"href":"https:\/\/www.ufmg.br\/cac\/wp-json\/wp\/v2\/media?parent=486"}],"curies":[{"name":"wp","href":"https:\/\/api.w.org\/{rel}","templated":true}]}}