{"id":507,"date":"2022-09-23T14:09:34","date_gmt":"2022-09-23T17:09:34","guid":{"rendered":"https:\/\/www.ufmg.br\/cac\/?page_id=507"},"modified":"2022-09-29T12:13:23","modified_gmt":"2022-09-29T15:13:23","slug":"cp001-2019-edital","status":"publish","type":"page","link":"https:\/\/www.ufmg.br\/cac\/emei\/cp001-2019-chamada-publica\/cp001-2019-edital\/","title":{"rendered":"Edital \u2013 CHAMADA P\u00daBLICA N\u00ba 001\/2019"},"content":{"rendered":"\n<h3><strong>CHAMADA P\u00daBLICA N\u00ba 001\/2019 \u2013 PROCESSO SELETIVO EMEI ALA\u00cdDE LISBOA 2020 PARA PREENCHIMENTO DE VAGAS DESTINADAS \u00c0 COMUNIDADE UNIVERSIT\u00c1RIA DA UFMG<\/strong><\/h3>\n\n\n\n<hr class=\"wp-block-separator is-style-default\"\/>\n\n\n\n<p>Os interessados dever\u00e3o entregar a documenta\u00e7\u00e3o necess\u00e1ria, no per\u00edodo de <strong>12 a 16 de agosto de 2019, no hor\u00e1rio de 9 \u00e0s 11 horas e de 13:30 \u00e0s 16 horas<\/strong>, na secretaria da CAC\/UFMG, situada no pr\u00e9dio da Biblioteca Central, entrada lateral.<\/p>\n\n\n\n<p>A inscri\u00e7\u00e3o para o atendimento de que trata esta Chamada P\u00fablica ter\u00e1 como refer\u00eancia as seguintes faixas et\u00e1rias v\u00e1lidas para o ano de 2020:<\/p>\n\n\n\n<p>a) nascidos de 1\u00ba de abril de 2016 a 31 de mar\u00e7o de 2017: turmas de 3 a 4 anos;<br>b) nascidos de 1\u00ba de abril de 2017 a 31 de mar\u00e7o de 2018: turmas de 2 a 3 anos;<br>c) nascidos de 1\u00ba de abril de 2018 a 31 de mar\u00e7o de 2019: turmas de 1 a 2 anos;<br>d) nascidos de 1\u00ba de abril de 2019 em diante: turmas de 0 a 1 ano.<br>Para as crian\u00e7as nascidas entre 1\u00ba de abril de 2014 e 31 de mar\u00e7o de 2016, fase pr\u00e9-escolar, as inscri\u00e7\u00f5es ser\u00e3o feitas exclusivamente na p\u00e1gina da Prefeitura de Belo Horizonte <a rel=\"noreferrer noopener\" href=\"https:\/\/prefeitura.pbh.gov.br\/\" target=\"_blank\">https:\/\/prefeitura.pbh.gov.br\/<\/a>. No preenchimento do cadastro, o pai, a m\u00e3e ou o respons\u00e1vel legal dever\u00e1 informar o endere\u00e7o da UFMG.<\/p>\n\n\n\n<p>Mais informa\u00e7\u00f5es podem ser obtidas por meio da Chamada P\u00fablica N\u00ba 001\/2019.<\/p>\n\n\n\n<div class=\"wp-block-file\"><a href=\"https:\/\/www.ufmg.br\/cac\/wp-content\/uploads\/2022\/09\/cp-001_2019-edital-28062019.pdf\" target=\"_blank\" rel=\"noreferrer noopener\">Chamada P\u00fablica n\u00ba 001\/2019<\/a><a href=\"https:\/\/www.ufmg.br\/cac\/wp-content\/uploads\/2022\/09\/cp-001_2019-edital-28062019.pdf\" class=\"wp-block-file__button\" download><span style=\"color:#ffffff\" class=\"tadv-color\">Baixar<\/span><\/a><\/div>\n\n\n\n<hr class=\"wp-block-separator is-style-default\"\/>\n\n\n\n<h3>Aditamento \u00e0 Chamada P\u00fablica n\u00ba 001\/2019<\/h3>\n\n\n\n<div class=\"wp-block-file\"><a href=\"https:\/\/www.ufmg.br\/cac\/wp-content\/uploads\/2022\/09\/cp-001_2019-aditamento-09072019.pdf\" target=\"_blank\" rel=\"noreferrer noopener\">Aditamento<\/a><a href=\"https:\/\/www.ufmg.br\/cac\/wp-content\/uploads\/2022\/09\/cp-001_2019-aditamento-09072019.pdf\" class=\"wp-block-file__button\" download><span style=\"color:#ffffff\" class=\"tadv-color\">Baixar<\/span><\/a><\/div>\n\n\n\n<hr class=\"wp-block-separator is-style-default\"\/>\n\n\n\n<h3><strong>Formul\u00e1rio para Inscri\u00e7\u00e3o para Educa\u00e7\u00e3o Infantil EMEI ALA\u00cdDE LISBOA \u2013 2020<\/strong><\/h3>\n\n\n\n<div class=\"wp-block-file\"><a href=\"https:\/\/www.ufmg.br\/cac\/wp-content\/uploads\/2022\/09\/cp-001_2019-formulario-inscricao-06082019.pdf\" target=\"_blank\" rel=\"noreferrer noopener\">Formul\u00e1rio Inscri\u00e7\u00e3o CP n\u00ba 001\/2019<\/a><a href=\"https:\/\/www.ufmg.br\/cac\/wp-content\/uploads\/2022\/09\/cp-001_2019-formulario-inscricao-06082019.pdf\" class=\"wp-block-file__button\" download><span style=\"color:#ffffff\" class=\"tadv-color\">Baixar<\/span><\/a><\/div>\n","protected":false},"excerpt":{"rendered":"<p>CHAMADA P\u00daBLICA N\u00ba 001\/2019 \u2013 PROCESSO SELETIVO EMEI ALA\u00cdDE LISBOA [&hellip;]<\/p>\n","protected":false},"author":2,"featured_media":0,"parent":486,"menu_order":0,"comment_status":"closed","ping_status":"closed","template":"","meta":[],"_links":{"self":[{"href":"https:\/\/www.ufmg.br\/cac\/wp-json\/wp\/v2\/pages\/507"}],"collection":[{"href":"https:\/\/www.ufmg.br\/cac\/wp-json\/wp\/v2\/pages"}],"about":[{"href":"https:\/\/www.ufmg.br\/cac\/wp-json\/wp\/v2\/types\/page"}],"author":[{"embeddable":true,"href":"https:\/\/www.ufmg.br\/cac\/wp-json\/wp\/v2\/users\/2"}],"replies":[{"embeddable":true,"href":"https:\/\/www.ufmg.br\/cac\/wp-json\/wp\/v2\/comments?post=507"}],"version-history":[{"count":8,"href":"https:\/\/www.ufmg.br\/cac\/wp-json\/wp\/v2\/pages\/507\/revisions"}],"predecessor-version":[{"id":835,"href":"https:\/\/www.ufmg.br\/cac\/wp-json\/wp\/v2\/pages\/507\/revisions\/835"}],"up":[{"embeddable":true,"href":"https:\/\/www.ufmg.br\/cac\/wp-json\/wp\/v2\/pages\/486"}],"wp:attachment":[{"href":"https:\/\/www.ufmg.br\/cac\/wp-json\/wp\/v2\/media?parent=507"}],"curies":[{"name":"wp","href":"https:\/\/api.w.org\/{rel}","templated":true}]}}