{"id":509,"date":"2022-09-23T14:10:49","date_gmt":"2022-09-23T17:10:49","guid":{"rendered":"https:\/\/www.ufmg.br\/cac\/?page_id=509"},"modified":"2022-09-29T11:46:15","modified_gmt":"2022-09-29T14:46:15","slug":"cp001-2019-inscricoes-deferidas","status":"publish","type":"page","link":"https:\/\/www.ufmg.br\/cac\/emei\/cp001-2019-chamada-publica\/cp001-2019-inscricoes-deferidas\/","title":{"rendered":"Inscri\u00e7\u00f5es Deferidas \u2013 CHAMADA P\u00daBLICA N\u00ba 001\/2019"},"content":{"rendered":"\n<p>Inscri\u00e7\u00f5es Deferidas por faixa et\u00e1ria:<\/p>\n\n\n\n<div class=\"wp-block-file\"><a href=\"https:\/\/www.ufmg.br\/cac\/wp-content\/uploads\/2022\/09\/cp-001_2019-inscricoes-deferidas-0_1-anos-30082019.pdf\" target=\"_blank\" rel=\"noreferrer noopener\">0 a 1 ano<\/a><\/div>\n\n\n\n<div class=\"wp-block-file\"><a href=\"https:\/\/www.ufmg.br\/cac\/wp-content\/uploads\/2022\/09\/cp-001_2019-inscricoes-deferidas-1_2-anos-30082019.pdf\" target=\"_blank\" rel=\"noreferrer noopener\">1 a 2 anos<\/a><\/div>\n\n\n\n<div class=\"wp-block-file\"><a href=\"https:\/\/www.ufmg.br\/cac\/wp-content\/uploads\/2022\/09\/cp-001_2019-inscricoes-deferidas-2_3-anos-30082019.pdf\" target=\"_blank\" rel=\"noreferrer noopener\">2 a 3 anos<\/a><\/div>\n\n\n\n<div class=\"wp-block-file\"><a href=\"https:\/\/www.ufmg.br\/cac\/wp-content\/uploads\/2022\/09\/cp-001_2019-convocacao-3_4-anos-03092019.pdf\" target=\"_blank\" rel=\"noreferrer noopener\">3 a 4 anos<\/a><\/div>\n","protected":false},"excerpt":{"rendered":"<p>Inscri\u00e7\u00f5es Deferidas por faixa et\u00e1ria:<\/p>\n","protected":false},"author":2,"featured_media":0,"parent":486,"menu_order":0,"comment_status":"closed","ping_status":"closed","template":"","meta":[],"_links":{"self":[{"href":"https:\/\/www.ufmg.br\/cac\/wp-json\/wp\/v2\/pages\/509"}],"collection":[{"href":"https:\/\/www.ufmg.br\/cac\/wp-json\/wp\/v2\/pages"}],"about":[{"href":"https:\/\/www.ufmg.br\/cac\/wp-json\/wp\/v2\/types\/page"}],"author":[{"embeddable":true,"href":"https:\/\/www.ufmg.br\/cac\/wp-json\/wp\/v2\/users\/2"}],"replies":[{"embeddable":true,"href":"https:\/\/www.ufmg.br\/cac\/wp-json\/wp\/v2\/comments?post=509"}],"version-history":[{"count":2,"href":"https:\/\/www.ufmg.br\/cac\/wp-json\/wp\/v2\/pages\/509\/revisions"}],"predecessor-version":[{"id":822,"href":"https:\/\/www.ufmg.br\/cac\/wp-json\/wp\/v2\/pages\/509\/revisions\/822"}],"up":[{"embeddable":true,"href":"https:\/\/www.ufmg.br\/cac\/wp-json\/wp\/v2\/pages\/486"}],"wp:attachment":[{"href":"https:\/\/www.ufmg.br\/cac\/wp-json\/wp\/v2\/media?parent=509"}],"curies":[{"name":"wp","href":"https:\/\/api.w.org\/{rel}","templated":true}]}}