{"id":511,"date":"2022-09-23T14:12:31","date_gmt":"2022-09-23T17:12:31","guid":{"rendered":"https:\/\/www.ufmg.br\/cac\/?page_id=511"},"modified":"2022-10-03T10:38:51","modified_gmt":"2022-10-03T13:38:51","slug":"cp001-2019-sorteio","status":"publish","type":"page","link":"https:\/\/www.ufmg.br\/cac\/emei\/cp001-2019-chamada-publica\/cp001-2019-sorteio\/","title":{"rendered":"Sorteio \u2013 CHAMADA P\u00daBLICA N\u00ba 001\/2019"},"content":{"rendered":"\n<figure class=\"wp-block-embed is-type-video is-provider-youtube wp-block-embed-youtube wp-embed-aspect-16-9 wp-has-aspect-ratio\"><div class=\"wp-block-embed__wrapper\">\n<iframe loading=\"lazy\" title=\"Sorteio das Vagas da EMEI Ala\u00edde Lisboa - UFMG 2020\" width=\"500\" height=\"281\" src=\"https:\/\/www.youtube.com\/embed\/bMZDa8vZI9E?feature=oembed\" frameborder=\"0\" allow=\"accelerometer; autoplay; clipboard-write; encrypted-media; gyroscope; picture-in-picture\" allowfullscreen><\/iframe>\n<\/div><\/figure>\n\n\n\n<h4>Resultado por faixa et\u00e1ria:<\/h4>\n\n\n\n<p><\/p>\n\n\n\n<div class=\"wp-block-file\"><a href=\"https:\/\/www.ufmg.br\/cac\/wp-content\/uploads\/2022\/09\/cp-001_2019-resultato-0_1-anos-06092019.pdf\" target=\"_blank\" rel=\"noreferrer noopener\">0 a 1 ano<\/a><\/div>\n\n\n\n<div class=\"wp-block-file\"><a href=\"https:\/\/www.ufmg.br\/cac\/wp-content\/uploads\/2022\/09\/cp-001_2019-resultato-1_2-anos-06092019.pdf\" target=\"_blank\" rel=\"noreferrer noopener\">1 a 2 anos<\/a><\/div>\n\n\n\n<p>ALTERA\u00c7\u00c3O do per\u00edodo de matr\u00edcula das crian\u00e7as de 0-2 na EMEI Ala\u00edde Lisboa, previsto inicialmente para o per\u00edodo de 23 a 27\/09\/19. A matr\u00edcula das crian\u00e7as contempladas ocorrer\u00e3o ap\u00f3s o dia 30\/09\/2019, em data, ainda a ser divulgada. A mudan\u00e7a desta data se deve a altera\u00e7\u00e3o do per\u00edodo de matr\u00edcula da PBH e est\u00e1 justificada na Portaria 297\/2019 dispon\u00edvel no link: <a href=\"http:\/\/portal6.pbh.gov.br\/dom\/iniciaEdicao.do?method=DetalheArtigo&amp;pk=1216522\">http:\/\/portal6.pbh.gov.br\/dom\/iniciaEdicao.do?method=DetalheArtigo&amp;pk=1216522<\/a>.<\/p>\n\n\n\n<hr class=\"wp-block-separator is-style-default\"\/>\n\n\n\n<h4>Resultado do sorteio de vagas remanescentes<\/h4>\n\n\n\n<p><strong>03\/12\/2019<\/strong><\/p>\n<p>Lista de inscritos: <a href=\"https:\/\/www.ufmg.br\/cac\/wp-content\/uploads\/2022\/09\/cp-001_2019-inscritos-vagas-remanescentes-03122019.pdf\" target=\"_blank\" rel=\"noopener\">baixar<\/a><\/p>\n<p>Resultado: <a href=\"https:\/\/www.ufmg.br\/cac\/wp-content\/uploads\/2022\/09\/cp-001_2019-resultado-vagas-remanescentes-03122019.pdf\" target=\"_blank\" rel=\"noopener\">baixar<\/a><\/p>\n","protected":false},"excerpt":{"rendered":"<p>Resultado por faixa et\u00e1ria: ALTERA\u00c7\u00c3O do per\u00edodo de matr\u00edcula das [&hellip;]<\/p>\n","protected":false},"author":2,"featured_media":0,"parent":486,"menu_order":0,"comment_status":"closed","ping_status":"closed","template":"","meta":[],"_links":{"self":[{"href":"https:\/\/www.ufmg.br\/cac\/wp-json\/wp\/v2\/pages\/511"}],"collection":[{"href":"https:\/\/www.ufmg.br\/cac\/wp-json\/wp\/v2\/pages"}],"about":[{"href":"https:\/\/www.ufmg.br\/cac\/wp-json\/wp\/v2\/types\/page"}],"author":[{"embeddable":true,"href":"https:\/\/www.ufmg.br\/cac\/wp-json\/wp\/v2\/users\/2"}],"replies":[{"embeddable":true,"href":"https:\/\/www.ufmg.br\/cac\/wp-json\/wp\/v2\/comments?post=511"}],"version-history":[{"count":7,"href":"https:\/\/www.ufmg.br\/cac\/wp-json\/wp\/v2\/pages\/511\/revisions"}],"predecessor-version":[{"id":1010,"href":"https:\/\/www.ufmg.br\/cac\/wp-json\/wp\/v2\/pages\/511\/revisions\/1010"}],"up":[{"embeddable":true,"href":"https:\/\/www.ufmg.br\/cac\/wp-json\/wp\/v2\/pages\/486"}],"wp:attachment":[{"href":"https:\/\/www.ufmg.br\/cac\/wp-json\/wp\/v2\/media?parent=511"}],"curies":[{"name":"wp","href":"https:\/\/api.w.org\/{rel}","templated":true}]}}