{"id":520,"date":"2022-09-23T14:18:50","date_gmt":"2022-09-23T17:18:50","guid":{"rendered":"https:\/\/www.ufmg.br\/cac\/?page_id=520"},"modified":"2022-11-29T07:42:41","modified_gmt":"2022-11-29T10:42:41","slug":"cp001-2020-chamada-publica-2","status":"publish","type":"page","link":"https:\/\/www.ufmg.br\/cac\/emei\/cp001-2020-chamada-publica-2\/","title":{"rendered":"CHAMADA P\u00daBLICA N\u00ba 001\/2020"},"content":{"rendered":"\n<p><strong>Abaixo voc\u00ea encontrar\u00e1 todas as informa\u00e7\u00f5es referentes \u00e0 CHAMADA P\u00daBLICA N\u00ba 001\/2020 EMEI Ala\u00edde Lisboa<\/strong><\/p>\n\n\n\n<div class=\"wp-block-buttons\">\n<div class=\"wp-block-button is-style-outline\"><a class=\"wp-block-button__link has-vivid-cyan-blue-color has-text-color no-border-radius\" href=\"https:\/\/www.ufmg.br\/cac\/emei\/cp001-2020-chamada-publica-2\/cp001-2020-edital\/\"><strong>Edital<\/strong><\/a><\/div>\n\n\n\n<div class=\"wp-block-button is-style-outline\"><a class=\"wp-block-button__link has-vivid-cyan-blue-color has-text-color no-border-radius\" href=\"https:\/\/www.ufmg.br\/cac\/emei\/cp001-2020-chamada-publica-2\/cp001-2020-inscricoes-deferidas\/\"><strong>Inscri\u00e7\u00f5es deferidas<\/strong><\/a><\/div>\n\n\n\n<div class=\"wp-block-button is-style-outline\"><a class=\"wp-block-button__link has-vivid-cyan-blue-color has-text-color no-border-radius\" href=\"https:\/\/www.ufmg.br\/cac\/emei\/cp001-2020-chamada-publica-2\/cp001-2020-sorteio\/\"><strong>Sorteio<\/strong><\/a><\/div>\n\n\n\n<div class=\"wp-block-button is-style-outline\"><a class=\"wp-block-button__link has-vivid-cyan-blue-color has-text-color no-border-radius\" href=\"https:\/\/www.ufmg.br\/cac\/emei\/cp001-2020-chamada-publica-2\/cp001-2020-convocacoes\/\"><strong>Convoca\u00e7\u00f5es<\/strong><\/a><\/div>\n<\/div>\n\n\n\n<p><\/p>\n\n\n\n<h2>Avisos<\/h2>\n\n\n\n<p><\/p>\n\n\n\n<p><strong>20\/10\/2020<\/strong><\/p>\n\n\n\n<p style=\"text-align: justify;\"><strong>\u00c0 Comunidade Universit\u00e1ria,<\/strong><br>Informamos que o cadastro escolar para a Educa\u00e7\u00e3o Infantil no ano de 2021 ser\u00e1 realizado por meio do site da Prefeitura de Belo Horizonte (PBH) <a href=\"https:\/\/www.pbh.gov.br\" target=\"_blank\" rel=\"noopener\">www.pbh.gov.br<\/a> em duas etapas:<\/p>\n<p style=\"text-align: justify;\">1\u00aa) no per\u00edodo de 20 a 30 de outubro de 2020, o cadastro para crian\u00e7as dos recortes et\u00e1rios de 4 e 5 anos, nascidos entre 1\u00ba\/4\/2015 a 31\/3\/2017;<\/p>\n<p style=\"text-align: justify;\">2\u00aa) no per\u00edodo de 20 de novembro a 4 de dezembro de 2020, o cadastro para as crian\u00e7as dos recortes et\u00e1rios de 0 a 3 anos, nascidos a partir de 1\u00ba\/4\/2017.<\/p>\n<p style=\"text-align: justify;\">Ressaltamos que a Coordenadoria de Assuntos Comunit\u00e1rios da Universidade Federal de Minas Gerais (CAC\/UFMG) n\u00e3o realizar\u00e1 cadastro independente de alunos dos recortes de 4 e 5 anos para a EMEI Ala\u00edde Lisboa. Dessa forma, os pais dever\u00e3o cadastrar seus filhos no site da PBH no per\u00edodo informado, utilizando, obrigatoriamente, o endere\u00e7o da UFMG como refer\u00eancia: Avenida Presidente Ant\u00f4nio Carlos, n\u00ba 6627 &#8211; CEP 31.270-901. Esclarecemos que, se o respons\u00e1vel pelo cadastro informar outro endere\u00e7o, n\u00e3o ser\u00e1 poss\u00edvel alocar a crian\u00e7a na EMEI Ala\u00edde Lisboa.<\/p>\n<p style=\"text-align: justify;\">Reiteramos que todas as crian\u00e7as cadastradas de 4 e 5 anos ter\u00e3o a vaga garantida em 2021.<\/p>\n\n\n\n<p><strong>30\/12\/2020<\/strong><\/p>\n\n\n\n<p style=\"text-align: justify;\">Senhores pais e respons\u00e1veis,<\/p>\n<p style=\"text-align: justify;\">Devido \u00e0 dificuldade de efetivar a matr\u00edcula virtual das crian\u00e7as vinculadas \u00e0 Comunidade da UFMG no site da Prefeitura de Belo Horizonte (PBH), informamos que a PBH vai aprovar todas as crian\u00e7as da cota da UFMG para consulta e matr\u00edcula virtual na segunda chamada, que ir\u00e1 ocorrer em <strong>18 de janeiro de 2021<\/strong>.<\/p>\n<p style=\"text-align: justify;\">Esclarecemos que as vagas da UFMG est\u00e3o garantidas. A PBH solicita que os pais e respons\u00e1veis aguardem a nova data (18\/1\/2021), quando a matr\u00edcula virtual estar\u00e1 dispon\u00edvel para a Comunidade da UFMG.<\/p>\n","protected":false},"excerpt":{"rendered":"<p>Abaixo voc\u00ea encontrar\u00e1 todas as informa\u00e7\u00f5es referentes \u00e0 CHAMADA P\u00daBLICA [&hellip;]<\/p>\n","protected":false},"author":2,"featured_media":0,"parent":195,"menu_order":0,"comment_status":"closed","ping_status":"closed","template":"","meta":[],"_links":{"self":[{"href":"https:\/\/www.ufmg.br\/cac\/wp-json\/wp\/v2\/pages\/520"}],"collection":[{"href":"https:\/\/www.ufmg.br\/cac\/wp-json\/wp\/v2\/pages"}],"about":[{"href":"https:\/\/www.ufmg.br\/cac\/wp-json\/wp\/v2\/types\/page"}],"author":[{"embeddable":true,"href":"https:\/\/www.ufmg.br\/cac\/wp-json\/wp\/v2\/users\/2"}],"replies":[{"embeddable":true,"href":"https:\/\/www.ufmg.br\/cac\/wp-json\/wp\/v2\/comments?post=520"}],"version-history":[{"count":6,"href":"https:\/\/www.ufmg.br\/cac\/wp-json\/wp\/v2\/pages\/520\/revisions"}],"predecessor-version":[{"id":1242,"href":"https:\/\/www.ufmg.br\/cac\/wp-json\/wp\/v2\/pages\/520\/revisions\/1242"}],"up":[{"embeddable":true,"href":"https:\/\/www.ufmg.br\/cac\/wp-json\/wp\/v2\/pages\/195"}],"wp:attachment":[{"href":"https:\/\/www.ufmg.br\/cac\/wp-json\/wp\/v2\/media?parent=520"}],"curies":[{"name":"wp","href":"https:\/\/api.w.org\/{rel}","templated":true}]}}