{"id":525,"date":"2022-09-23T14:22:03","date_gmt":"2022-09-23T17:22:03","guid":{"rendered":"https:\/\/www.ufmg.br\/cac\/?page_id=525"},"modified":"2022-10-03T11:05:19","modified_gmt":"2022-10-03T14:05:19","slug":"cp001-2020-edital","status":"publish","type":"page","link":"https:\/\/www.ufmg.br\/cac\/emei\/cp001-2020-chamada-publica-2\/cp001-2020-edital\/","title":{"rendered":"Edital \u2013 CHAMADA P\u00daBLICA N\u00ba 001\/2020"},"content":{"rendered":"\n<h3>CHAMADA P\u00daBLICA N\u00ba 001\/2020 &#8211; PROCESSO SELETIVO 2021 EMEI ALA\u00cdDE LISBOA \u2013 COMUNIDADE UNIVERSIT\u00c1RIA<\/h3>\n\n\n\n<h4>Processo n\u00ba 23072.242506\/2020-06<\/h4>\n\n\n\n<hr class=\"wp-block-separator is-style-default\"\/>\n\n\n\n<p style=\"text-align: justify;\">A Universidade Federal de Minas Gerais (UFMG), por interm\u00e9dio da Coordenadoria de Assuntos Comunit\u00e1rios da UFMG (CAC\/UFMG), torna p\u00fablica a presente Chamada P\u00fablica, em cumprimento ao estabelecido pelo Conselho Universit\u00e1rio, em reuni\u00e3o realizada no dia 1\u00ba de mar\u00e7o de 2007, e com base no art. 13 da Portaria SMED n\u00ba 204\/2020, publicada em 19 de novembro de 2020. Os interessados dever\u00e3o realizar inscri\u00e7\u00e3o para habilita\u00e7\u00e3o \u00e0 concorr\u00eancia de vagas no per\u00edodo de 26 de novembro a 4 de dezembro de 2020, por meio de preenchimento do Requerimento de Inscri\u00e7\u00e3o dispon\u00edvel no link &lt;<a href=\"https:\/\/forms.gle\/mJGbWGiRfQU9MC2P7\" target=\"_blank\" rel=\"noopener\">https:\/\/forms.gle\/mJGbWGiRfQU9MC2P7<\/a>&gt;.<\/p>\n\n\n\n<div class=\"wp-block-file\"><a href=\"https:\/\/www.ufmg.br\/cac\/wp-content\/uploads\/2022\/09\/cp-001_2020-edital-26112020.pdf\" target=\"_blank\" rel=\"noreferrer noopener\">Chamada P\u00fablica n\u00ba 001\/2020<\/a><a href=\"https:\/\/www.ufmg.br\/cac\/wp-content\/uploads\/2022\/09\/cp-001_2020-edital-26112020.pdf\" class=\"wp-block-file__button\" download><span style=\"color:#ffffff\" class=\"tadv-color\">Baixar<\/span><\/a><\/div>\n","protected":false},"excerpt":{"rendered":"<p>CHAMADA P\u00daBLICA N\u00ba 001\/2020 &#8211; PROCESSO SELETIVO 2021 EMEI ALA\u00cdDE [&hellip;]<\/p>\n","protected":false},"author":2,"featured_media":0,"parent":520,"menu_order":0,"comment_status":"closed","ping_status":"closed","template":"","meta":[],"_links":{"self":[{"href":"https:\/\/www.ufmg.br\/cac\/wp-json\/wp\/v2\/pages\/525"}],"collection":[{"href":"https:\/\/www.ufmg.br\/cac\/wp-json\/wp\/v2\/pages"}],"about":[{"href":"https:\/\/www.ufmg.br\/cac\/wp-json\/wp\/v2\/types\/page"}],"author":[{"embeddable":true,"href":"https:\/\/www.ufmg.br\/cac\/wp-json\/wp\/v2\/users\/2"}],"replies":[{"embeddable":true,"href":"https:\/\/www.ufmg.br\/cac\/wp-json\/wp\/v2\/comments?post=525"}],"version-history":[{"count":2,"href":"https:\/\/www.ufmg.br\/cac\/wp-json\/wp\/v2\/pages\/525\/revisions"}],"predecessor-version":[{"id":1024,"href":"https:\/\/www.ufmg.br\/cac\/wp-json\/wp\/v2\/pages\/525\/revisions\/1024"}],"up":[{"embeddable":true,"href":"https:\/\/www.ufmg.br\/cac\/wp-json\/wp\/v2\/pages\/520"}],"wp:attachment":[{"href":"https:\/\/www.ufmg.br\/cac\/wp-json\/wp\/v2\/media?parent=525"}],"curies":[{"name":"wp","href":"https:\/\/api.w.org\/{rel}","templated":true}]}}