{"id":843,"date":"2022-09-29T12:37:53","date_gmt":"2022-09-29T15:37:53","guid":{"rendered":"https:\/\/www.ufmg.br\/cac\/?page_id=843"},"modified":"2022-09-29T12:43:36","modified_gmt":"2022-09-29T15:43:36","slug":"sobre","status":"publish","type":"page","link":"https:\/\/www.ufmg.br\/cac\/sobre\/","title":{"rendered":"SOBRE"},"content":{"rendered":"\n<h2>Coordenadoria de Assuntos Comunit\u00e1rios (CAC)<\/h2>\n\n\n\n<p><\/p>\n\n\n\n<p>A Coordenadoria de Assuntos Comunit\u00e1rios (CAC) foi institu\u00edda pela Portaria n\u00ba 1192, de 19 de junho de 1990. Sendo vinculada ao Gabinete, tem por finalidade mobilizar recursos humanos, cient\u00edficos, materiais e culturais da Universidade Federal de Minas Gerais em benef\u00edcio da pr\u00f3pria comunidade universit\u00e1ria &#8211; professores, servidores t\u00e9cnicos e administrativos e estudantes.<\/p>\n\n\n\n<p>A CAC \u00e9 respons\u00e1vel pela gest\u00e3o dos Centros de Atividades Did\u00e1ticas, presta apoio e assessoria a eventos, principalmente da Administra\u00e7\u00e3o Central, centraliza as atividades da Comiss\u00e3o Eleitoral Central, comp\u00f5e o Conselho Diretor da Moradia Estudantil e \u00e9 \u00f3rg\u00e3o executor do conv\u00eanio PBH-UFMG para educa\u00e7\u00e3o infantil.<br><br>Localiza\u00e7\u00e3o e contato: Pr\u00e9dio da Biblioteca Central, entrada lateral &#8211; 3409-4587 &#8211; 3409-4191 \/ <a href=\"mailto:info@cac.ufmg.br\" target=\"_blank\" rel=\"noreferrer noopener\">info@cac.ufmg.br<\/a><\/p>\n","protected":false},"excerpt":{"rendered":"<p>Coordenadoria de Assuntos Comunit\u00e1rios (CAC) A Coordenadoria de Assuntos Comunit\u00e1rios [&hellip;]<\/p>\n","protected":false},"author":2,"featured_media":0,"parent":0,"menu_order":0,"comment_status":"closed","ping_status":"closed","template":"","meta":[],"_links":{"self":[{"href":"https:\/\/www.ufmg.br\/cac\/wp-json\/wp\/v2\/pages\/843"}],"collection":[{"href":"https:\/\/www.ufmg.br\/cac\/wp-json\/wp\/v2\/pages"}],"about":[{"href":"https:\/\/www.ufmg.br\/cac\/wp-json\/wp\/v2\/types\/page"}],"author":[{"embeddable":true,"href":"https:\/\/www.ufmg.br\/cac\/wp-json\/wp\/v2\/users\/2"}],"replies":[{"embeddable":true,"href":"https:\/\/www.ufmg.br\/cac\/wp-json\/wp\/v2\/comments?post=843"}],"version-history":[{"count":3,"href":"https:\/\/www.ufmg.br\/cac\/wp-json\/wp\/v2\/pages\/843\/revisions"}],"predecessor-version":[{"id":849,"href":"https:\/\/www.ufmg.br\/cac\/wp-json\/wp\/v2\/pages\/843\/revisions\/849"}],"wp:attachment":[{"href":"https:\/\/www.ufmg.br\/cac\/wp-json\/wp\/v2\/media?parent=843"}],"curies":[{"name":"wp","href":"https:\/\/api.w.org\/{rel}","templated":true}]}}