{"id":995,"date":"2022-09-30T14:00:51","date_gmt":"2022-09-30T17:00:51","guid":{"rendered":"https:\/\/www.ufmg.br\/cac\/?page_id=995"},"modified":"2022-09-30T14:01:17","modified_gmt":"2022-09-30T17:01:17","slug":"processo-seletivo-edital-n-723-2022-cac-nad-ufmg","status":"publish","type":"page","link":"https:\/\/www.ufmg.br\/cac\/processos-seletivos\/processo-seletivo-edital-n-723-2022-cac-nad-ufmg\/","title":{"rendered":"Processo Seletivo EDITAL N\u00ba 723\/2022\/CAC-NAD-UFMG"},"content":{"rendered":"\n\n\n<p>EDITAL N\u00ba 723\/2022\/CAC-NAD-UFMG &#8211; PROCESSO SELETIVO CLASSIFICAT\u00d3RIO PARA CONCESS\u00c3O DE AFASTAMENTO DE SERVIDORES T\u00c9CNICOS ADMINISTRATIVOS EM EDUCA\u00c7\u00c3O (TAES) PARA PARTICIPA\u00c7\u00c3O EM PROGRAMA DE P\u00d3S-GRADUA\u00c7\u00c3O STRICTO SENSU.<\/p>\n<p>Baixar Edital<br \/><a href=\"https:\/\/www.ufmg.br\/cac\/wp-content\/uploads\/2022\/09\/cac_nad_ufmg-723_2022-edital-24042022.pdf\" target=\"_blank\" rel=\"noopener\">Download<\/a><\/p>\n<p>Resultado preliminar<br \/><a href=\"https:\/\/www.ufmg.br\/cac\/wp-content\/uploads\/2022\/09\/cac_nad_ufmg-723_2022-resultado-preliminar-18052022.pdf\" target=\"_blank\" rel=\"noopener\">Download<\/a><\/p>\n<p>Resultado final<br \/><a href=\"https:\/\/www.ufmg.br\/cac\/wp-content\/uploads\/2022\/09\/cac_nad_ufmg-723_2022-resultado-final-25052022.pdf\" target=\"_blank\" rel=\"noopener\">Download<\/a><\/p>\n","protected":false},"excerpt":{"rendered":"<p>EDITAL N\u00ba 723\/2022\/CAC-NAD-UFMG &#8211; PROCESSO SELETIVO CLASSIFICAT\u00d3RIO PARA CONCESS\u00c3O DE [&hellip;]<\/p>\n","protected":false},"author":2,"featured_media":0,"parent":197,"menu_order":0,"comment_status":"closed","ping_status":"closed","template":"","meta":[],"_links":{"self":[{"href":"https:\/\/www.ufmg.br\/cac\/wp-json\/wp\/v2\/pages\/995"}],"collection":[{"href":"https:\/\/www.ufmg.br\/cac\/wp-json\/wp\/v2\/pages"}],"about":[{"href":"https:\/\/www.ufmg.br\/cac\/wp-json\/wp\/v2\/types\/page"}],"author":[{"embeddable":true,"href":"https:\/\/www.ufmg.br\/cac\/wp-json\/wp\/v2\/users\/2"}],"replies":[{"embeddable":true,"href":"https:\/\/www.ufmg.br\/cac\/wp-json\/wp\/v2\/comments?post=995"}],"version-history":[{"count":1,"href":"https:\/\/www.ufmg.br\/cac\/wp-json\/wp\/v2\/pages\/995\/revisions"}],"predecessor-version":[{"id":996,"href":"https:\/\/www.ufmg.br\/cac\/wp-json\/wp\/v2\/pages\/995\/revisions\/996"}],"up":[{"embeddable":true,"href":"https:\/\/www.ufmg.br\/cac\/wp-json\/wp\/v2\/pages\/197"}],"wp:attachment":[{"href":"https:\/\/www.ufmg.br\/cac\/wp-json\/wp\/v2\/media?parent=995"}],"curies":[{"name":"wp","href":"https:\/\/api.w.org\/{rel}","templated":true}]}}