{"id":100,"date":"2022-01-13T15:15:44","date_gmt":"2022-01-13T18:15:44","guid":{"rendered":"https:\/\/www.ufmg.br\/campanhas\/minasviva\/?page_id=100"},"modified":"2022-01-13T15:23:07","modified_gmt":"2022-01-13T18:23:07","slug":"ufmg-minas-viva","status":"publish","type":"page","link":"https:\/\/www.ufmg.br\/campanhas\/minasviva\/ufmg-minas-viva\/","title":{"rendered":"UFMG Minas Viva"},"content":{"rendered":"<p>As fortes chuvas que caem sobre Minas Gerais afetam principalmente as popula\u00e7\u00f5es mais vulner\u00e1veis, repetindo um padr\u00e3o evidenciado em outras grandes trag\u00e9dias e crises \u2013 a pr\u00f3pria pandemia de covid-19 \u00e9 um exemplo disso.<\/p>\n<p>A UFMG lamenta o sofrimento das v\u00edtimas das chuvas em nosso estado e est\u00e1 se engajando em um grande mutir\u00e3o para minor\u00e1-lo. \u00c9 com esse prop\u00f3sito que a Universidade lan\u00e7a a campanha UFMG Minas Viva.<\/p>\n<p>Como institui\u00e7\u00e3o p\u00fablica, a UFMG n\u00e3o s\u00f3 oferece sua compet\u00eancia t\u00e9cnica e cient\u00edfica de sua comunidade para ajudar a solucionar os problemas do estado como tamb\u00e9m empresta sua solidariedade \u00e0s pessoas que perderam tudo com as chuvas. Postos de coleta de donativos est\u00e3o instalados nos campi Pampulha e Sa\u00fade e no Espa\u00e7o do Conhecimento UFMG, e a doa\u00e7\u00f5es em dinheiro tamb\u00e9m s\u00e3o bem-vindas.<\/p>\n<p>\u00c9 hora de partilhar recursos e esfor\u00e7os com aqueles que mais precisam.<\/p>\n","protected":false},"excerpt":{"rendered":"<p>As fortes chuvas que caem sobre Minas Gerais afetam principalmente [&hellip;]<\/p>\n","protected":false},"author":1,"featured_media":0,"parent":0,"menu_order":0,"comment_status":"closed","ping_status":"closed","template":"","meta":{"footnotes":""},"class_list":["post-100","page","type-page","status-publish","hentry"],"acf":[],"_links":{"self":[{"href":"https:\/\/www.ufmg.br\/campanhas\/minasviva\/wp-json\/wp\/v2\/pages\/100","targetHints":{"allow":["GET"]}}],"collection":[{"href":"https:\/\/www.ufmg.br\/campanhas\/minasviva\/wp-json\/wp\/v2\/pages"}],"about":[{"href":"https:\/\/www.ufmg.br\/campanhas\/minasviva\/wp-json\/wp\/v2\/types\/page"}],"author":[{"embeddable":true,"href":"https:\/\/www.ufmg.br\/campanhas\/minasviva\/wp-json\/wp\/v2\/users\/1"}],"replies":[{"embeddable":true,"href":"https:\/\/www.ufmg.br\/campanhas\/minasviva\/wp-json\/wp\/v2\/comments?post=100"}],"version-history":[{"count":6,"href":"https:\/\/www.ufmg.br\/campanhas\/minasviva\/wp-json\/wp\/v2\/pages\/100\/revisions"}],"predecessor-version":[{"id":106,"href":"https:\/\/www.ufmg.br\/campanhas\/minasviva\/wp-json\/wp\/v2\/pages\/100\/revisions\/106"}],"wp:attachment":[{"href":"https:\/\/www.ufmg.br\/campanhas\/minasviva\/wp-json\/wp\/v2\/media?parent=100"}],"curies":[{"name":"wp","href":"https:\/\/api.w.org\/{rel}","templated":true}]}}