{"id":109,"date":"2022-01-13T16:04:50","date_gmt":"2022-01-13T19:04:50","guid":{"rendered":"https:\/\/www.ufmg.br\/campanhas\/minasviva\/?page_id=109"},"modified":"2022-01-13T16:10:14","modified_gmt":"2022-01-13T19:10:14","slug":"outras-iniciativas","status":"publish","type":"page","link":"https:\/\/www.ufmg.br\/campanhas\/minasviva\/outras-iniciativas\/","title":{"rendered":"Outras iniciativas"},"content":{"rendered":"<p>Outras campanhas e iniciativas realizadas em Belo Horizonte:<\/p>\n<p>&nbsp;<\/p>\n<p style=\"text-align: center;\"><b>Regional Centro-Sul<\/b><\/p>\n<p>&nbsp;<\/p>\n<p><strong>Nome<\/strong>: <a href=\"https:\/\/servas.org.br\/\">SOS Chuvas &#8211; MG<\/a><\/p>\n<p><strong>O que doar?<\/strong><\/p>\n<p>Alimentos n\u00e3o perec\u00edveis, materiais de limpeza, produtos de higiene pessoal, incluindo absorventes e m\u00e1scaras de prote\u00e7\u00e3o individual, e roupas de cama e banho.<\/p>\n<p><b>Onde contribuir?\u00a0<\/b><\/p>\n<ul>\n<li><span style=\"font-weight: 400;\">Posto de arrecada\u00e7\u00e3o na Avenida Crist\u00f3v\u00e3o Colombo, 683, bairro Funcion\u00e1rios, BH<\/span><\/li>\n<li><span style=\"font-weight: 400;\">Postos de doa\u00e7\u00f5es em todos os batalh\u00f5es, quart\u00e9is e bases comunit\u00e1rias da <\/span><a href=\"https:\/\/www.policiamilitar.mg.gov.br\/portal-pm\/externo\/principal.action\"><span style=\"font-weight: 400;\">Pol\u00edcia Militar<\/span><\/a><span style=\"font-weight: 400;\">, <\/span><a href=\"https:\/\/www.bombeiros.mg.gov.br\/\"><span style=\"font-weight: 400;\">Corpo de Bombeiros<\/span><\/a><span style=\"font-weight: 400;\"> e delegacias da <\/span><a href=\"https:\/\/www.policiacivil.mg.gov.br\/\"><span style=\"font-weight: 400;\">Pol\u00edcia Civil<\/span><\/a><span style=\"font-weight: 400;\">, al\u00e9m de pontos de coleta nos supermercados Verdemar e shoppings P\u00e1tio Savassi, BH Shopping e Diamond.<\/span><\/li>\n<\/ul>\n<p>&nbsp;<\/p>\n<p><strong>Nome<\/strong>: <a href=\"https:\/\/www.instagram.com\/p\/CYj-s3JMFuC\/?utm_source=ig_embed&amp;ig_rid=39ad610a-600b-4882-9b93-024a8f17f76d\">Cruz Vermelha &#8211; SOS Chuvas &#8211; MG <\/a><\/p>\n<p><strong>O que doar?<\/strong><\/p>\n<p>Vassouras, rodos, baldes, panos de ch\u00e3o, desinfetantes, \u00e1gua sanit\u00e1ria, colch\u00f5es de casal e solteiro.<\/p>\n<p><b>Onde contribuir?\u00a0<\/b><\/p>\n<ul>\n<li>Posto de arrecada\u00e7\u00e3o na Alameda Ezequiel Dias, n\u00ba 427, no Centro de Belo Horizonte<\/li>\n<\/ul>\n<p>&nbsp;<\/p>\n<p><strong>Nome: <\/strong><a href=\"https:\/\/arquidiocesebh.org.br\/\">Solidariedade em Rede<\/a><\/p>\n<p><strong>O que doar?<\/strong><\/p>\n<p>Alimentos, artigos de higiene pessoal, cobertores, \u00e1gua mineral, m\u00e1scara e \u00e1lcool em gel<\/p>\n<p><strong>Onde contribuir?<\/strong><\/p>\n<ul>\n<li>Posto de arrecada\u00e7\u00e3o no Santu\u00e1rio Arquidiocesano\u00a0 S\u00e3o Jos\u00e9 \u2013 Rua Tupis, 164 \u2013 Centro, BH.<\/li>\n<li>Posto de arrecada\u00e7\u00e3o no Santu\u00e1rio Arquidiocesano da Sant\u00edssima Eucaristia &#8211; Igreja Nossa Senhora da Boa Viagem &#8211; Rua Sergipe, 175, Funcion\u00e1rios, BH<\/li>\n<li>Posto de Arrecada\u00e7\u00e3o na Par\u00f3quia Nossa Senhora da Consola\u00e7\u00e3o e Correia \u2013 Rua Bernardo Guimar\u00e3es, 2700 \u2013 Bairro Santo Agostinho, BH<\/li>\n<li>Posto de Arrecada\u00e7\u00e3o na Par\u00f3quia Nossa Senhora de F\u00e1tima \u2013 Pra\u00e7a Carlos Chagas, 33 \u2013 Bairro Santo Agostinho, BH.<\/li>\n<li>Posto de Arrecada\u00e7\u00e3o na Par\u00f3quia de Santo Ant\u00f4nio \u2013 Avenida do Contorno, 6738 \u2013 Bairro Santo Ant\u00f4nio, BH<\/li>\n<li>Posto de Arrecada\u00e7\u00e3o na Par\u00f3quia Santo In\u00e1cio de Loyola \u2013 Rua Bernardo Mascarenhas, 187 \u2013 Bairro Cidade Jardim, BH.<\/li>\n<\/ul>\n<p>&nbsp;<\/p>\n<p><strong>Nome<\/strong>: <a href=\"http:\/\/www.circuitoliberdade.mg.gov.br\/pt-br\/noticias\/439-campanha-circuito-solidario-recebe-doacoes-as-vitimas-das-chuvas-em-minas-gerais\">Circuito Solid\u00e1rio<\/a><\/p>\n<p><strong>O que doar?<\/strong><\/p>\n<p>Alimentos n\u00e3o-perec\u00edveis, \u00e1gua pot\u00e1vel, colch\u00f5es, roupas de cama e banho, materiais de limpeza e produtos de higiene pessoal, incluindo absorventes, e prote\u00e7\u00e3o individual.<\/p>\n<p><strong>Onde contribuir?<\/strong><\/p>\n<ul>\n<li>Ponto de arrecada\u00e7\u00e3o CCBB &#8211; Pra\u00e7a da Liberdade, 450 &#8211; Funcion\u00e1rios, BH.<\/li>\n<li>Ponto de Arrecada\u00e7\u00e3o Espa\u00e7o do Conhecimento UFMG &#8211; Pra\u00e7a da Liberdade, 450 &#8211; Funcion\u00e1rios, BH<\/li>\n<li>Postos de arrecada\u00e7\u00e3o no Teatro Feluma, Biblioteca P\u00fablica Estadual de Minas Gerais, Escola de Design UEMG, Museu de Artes e Of\u00edcios, Centro Cultural SESI MINAS, MM Gerdau, Pal\u00e1cio das Artes, Museu dos Brinquedos, Memorial Minas Gerais Vale, Centro Cultural Unimed-BH, Iepha, Cine Theatro Brasil Vallourec e Sesc Palladium.<\/li>\n<\/ul>\n<p>&nbsp;<\/p>\n<p style=\"text-align: center;\"><b>Regional Leste<\/b><\/p>\n<p>&nbsp;<\/p>\n<p><strong>Nome<\/strong>: <a href=\"https:\/\/arquidiocesebh.org.br\/\">Solidariedade em Rede<\/a><\/p>\n<p><strong>O que doar?<\/strong><\/p>\n<p>Alimentos, artigos de higiene pessoal, cobertores, \u00e1gua mineral, m\u00e1scara e \u00e1lcool em gel<\/p>\n<p><strong>Onde contribuir?<\/strong><\/p>\n<ul>\n<li>Posto de arrecada\u00e7\u00e3o na Par\u00f3quia Santa Efig\u00eania dos Militares \u2013 Rua \u00c1lvares Maciel, 223 \u2013 Bairro Santa Efig\u00eania, BH.<\/li>\n<\/ul>\n<p>&nbsp;<\/p>\n<p style=\"text-align: center;\"><b>Regional Nordeste<\/b><\/p>\n<p><strong>Nome<\/strong>: <a href=\"https:\/\/arquidiocesebh.org.br\/\">Solidariedade em Rede<\/a><\/p>\n<p><strong>O que doar?<\/strong><\/p>\n<p>Alimentos, artigos de higiene pessoal, cobertores, \u00e1gua mineral, m\u00e1scara e \u00e1lcool em gel<\/p>\n<p><strong>Onde contribuir?<\/strong><\/p>\n<ul>\n<li>Posto de arrecada\u00e7\u00e3o no Vicariato Episcopal para A\u00e7\u00e3o Social Pol\u00edtica e Ambiental \u2013 Rua Al\u00e9m Para\u00edba, 208, bairro Lagoinha, BH.<\/li>\n<li>Posto de arrecada\u00e7\u00e3o no Centro de Espiritualidade Jesus P\u00e3o da Vida da PUC Minas- Avenida Dom Jos\u00e9 Gaspar, 500 \u2013 Bairro Cora\u00e7\u00e3o Eucar\u00edstico, B<\/li>\n<\/ul>\n<p>&nbsp;<\/p>\n<p style=\"text-align: center;\"><b>Regional Norte<\/b><\/p>\n<p>&nbsp;<\/p>\n<p><strong>Nome<\/strong>: <a href=\"https:\/\/arquidiocesebh.org.br\/\">Solidariedade em Rede<\/a><\/p>\n<p><strong>O que doar?<\/strong><\/p>\n<p>Alimentos, artigos de higiene pessoal, cobertores, \u00e1gua mineral, m\u00e1scara e \u00e1lcool em gel.<\/p>\n<p><strong>Onde contribuir?<\/strong><\/p>\n<ul>\n<li>Posto de arrecada\u00e7\u00e3o na Catedral Cristo Rei \u2013 Rua Campo Verde, 165 \u2013 Bairro Juliana, BH.<\/li>\n<\/ul>\n<p>&nbsp;<\/p>\n<p><strong>Nome:<\/strong> <a href=\"https:\/\/www.lbv.org\/\">SOS Calamidades<\/a><\/p>\n<p><strong>O que doar?<\/strong><\/p>\n<p>\u00c1gua, arroz, feij\u00e3o, \u00f3leo, caf\u00e9, a\u00e7\u00facar, leite em p\u00f3, farinha de milho, farinha de mandioca, extrato de tomate, macarr\u00e3o, fub\u00e1 e sal, al\u00e9m de escova de dente, creme dental, papel higi\u00eanico, \u00e1gua sanit\u00e1ria, sab\u00e3o em barra, sabonete, detergente e desinfetante.<\/p>\n<p><strong>Onde contribuir?<\/strong><\/p>\n<ul>\n<li>Posto de arrecada\u00e7\u00e3o na Avenida Cristiano Machado, 10.691, no bairro Planalto, BH<\/li>\n<\/ul>\n<p>&nbsp;<\/p>\n<p><strong>Nome<\/strong>: <a href=\"http:\/\/contee.org.br\/minas-pede-socorro-entidades-lancam-campanha-para-socorrer-atingidos-pelas-chuvas\/\"><b>Minas Pede Socorro<\/b><\/a><\/p>\n<p><strong>O que doar?<\/strong><\/p>\n<p>Produtos de higiene pessoal, produtos de limpeza, roupas de cama e \u00e1gua engarrafada<\/p>\n<p><strong>Onde contribuir?<\/strong><\/p>\n<ul>\n<li aria-level=\"1\">Posto de arrecada\u00e7\u00e3o <i>Sinpro Minas &#8211; <\/i>Rua Jaime Gomes, 198, bairro Floresta, BH.<\/li>\n<\/ul>\n<p>&nbsp;<\/p>\n<p>&nbsp;<\/p>\n<p style=\"text-align: center;\"><b>Regional Pampulha<\/b><\/p>\n<p>&nbsp;<\/p>\n<p><strong>Nome<\/strong>: <a href=\"https:\/\/arquidiocesebh.org.br\/\">Solidariedade em Rede<\/a><\/p>\n<p><strong>O que doar?<\/strong><\/p>\n<p>Alimentos, artigos de higiene pessoal, cobertores, \u00e1gua mineral, m\u00e1scara e \u00e1lcool em gel<\/p>\n<p><b>Onde contribuir?<\/b><\/p>\n<ul>\n<li>Santu\u00e1rio Arquidiocesano S\u00e3o Francisco de Assis \u2013 Avenida Otac\u00edlio Negr\u00e3o de Lima, 3000 \u2013 Pampulha, BH.<\/li>\n<\/ul>\n<p>&nbsp;<\/p>\n","protected":false},"excerpt":{"rendered":"<p>Outras campanhas e iniciativas realizadas em Belo Horizonte: &nbsp; Regional [&hellip;]<\/p>\n","protected":false},"author":1,"featured_media":0,"parent":0,"menu_order":0,"comment_status":"closed","ping_status":"closed","template":"","meta":{"footnotes":""},"class_list":["post-109","page","type-page","status-publish","hentry"],"acf":[],"_links":{"self":[{"href":"https:\/\/www.ufmg.br\/campanhas\/minasviva\/wp-json\/wp\/v2\/pages\/109","targetHints":{"allow":["GET"]}}],"collection":[{"href":"https:\/\/www.ufmg.br\/campanhas\/minasviva\/wp-json\/wp\/v2\/pages"}],"about":[{"href":"https:\/\/www.ufmg.br\/campanhas\/minasviva\/wp-json\/wp\/v2\/types\/page"}],"author":[{"embeddable":true,"href":"https:\/\/www.ufmg.br\/campanhas\/minasviva\/wp-json\/wp\/v2\/users\/1"}],"replies":[{"embeddable":true,"href":"https:\/\/www.ufmg.br\/campanhas\/minasviva\/wp-json\/wp\/v2\/comments?post=109"}],"version-history":[{"count":3,"href":"https:\/\/www.ufmg.br\/campanhas\/minasviva\/wp-json\/wp\/v2\/pages\/109\/revisions"}],"predecessor-version":[{"id":125,"href":"https:\/\/www.ufmg.br\/campanhas\/minasviva\/wp-json\/wp\/v2\/pages\/109\/revisions\/125"}],"wp:attachment":[{"href":"https:\/\/www.ufmg.br\/campanhas\/minasviva\/wp-json\/wp\/v2\/media?parent=109"}],"curies":[{"name":"wp","href":"https:\/\/api.w.org\/{rel}","templated":true}]}}