{"id":62,"date":"2022-01-13T14:32:12","date_gmt":"2022-01-13T17:32:12","guid":{"rendered":"https:\/\/www.ufmg.br\/campanhas\/minasviva\/?page_id=62"},"modified":"2022-01-13T16:15:55","modified_gmt":"2022-01-13T19:15:55","slug":"locais-de-recebimento-dos-donativos-e-horarios","status":"publish","type":"page","link":"https:\/\/www.ufmg.br\/campanhas\/minasviva\/locais-de-recebimento-dos-donativos-e-horarios\/","title":{"rendered":"Locais de recebimento dos donativos e hor\u00e1rios"},"content":{"rendered":"<p><strong>Campus Pampulha \u2013 <\/strong>Drive Thru de vacina\u00e7\u00e3o contra a covid-19<br \/>\nUnidade Administrativa II &#8211; Avenida Ant\u00f4nio Abra\u00e3o Caram, 763, de segunda a sexta, das 8h \u00e0s 16h30.<\/p>\n<p><strong>Campus Sa\u00fade \u2013 <\/strong>Hall do pr\u00e9dio da Faculdade de Medicina<br \/>\nAvenida Alfredo Balena, 190, de segunda a sexta, das 8h \u00e0s 17h.<\/p>\n<p><strong>Espa\u00e7o do Conhecimento UFMG<br \/>\n<\/strong>Pra\u00e7a da Liberdade, 700, Funcion\u00e1rios, de ter\u00e7a a domingo, das 12h \u00e0s 17h, e s\u00e1bado, das 12h \u00e0s 19h.<\/p>\n","protected":false},"excerpt":{"rendered":"<p>Campus Pampulha \u2013 Drive Thru de vacina\u00e7\u00e3o contra a covid-19 [&hellip;]<\/p>\n","protected":false},"author":1,"featured_media":0,"parent":0,"menu_order":0,"comment_status":"closed","ping_status":"closed","template":"","meta":{"footnotes":""},"class_list":["post-62","page","type-page","status-publish","hentry"],"acf":[],"_links":{"self":[{"href":"https:\/\/www.ufmg.br\/campanhas\/minasviva\/wp-json\/wp\/v2\/pages\/62","targetHints":{"allow":["GET"]}}],"collection":[{"href":"https:\/\/www.ufmg.br\/campanhas\/minasviva\/wp-json\/wp\/v2\/pages"}],"about":[{"href":"https:\/\/www.ufmg.br\/campanhas\/minasviva\/wp-json\/wp\/v2\/types\/page"}],"author":[{"embeddable":true,"href":"https:\/\/www.ufmg.br\/campanhas\/minasviva\/wp-json\/wp\/v2\/users\/1"}],"replies":[{"embeddable":true,"href":"https:\/\/www.ufmg.br\/campanhas\/minasviva\/wp-json\/wp\/v2\/comments?post=62"}],"version-history":[{"count":4,"href":"https:\/\/www.ufmg.br\/campanhas\/minasviva\/wp-json\/wp\/v2\/pages\/62\/revisions"}],"predecessor-version":[{"id":68,"href":"https:\/\/www.ufmg.br\/campanhas\/minasviva\/wp-json\/wp\/v2\/pages\/62\/revisions\/68"}],"wp:attachment":[{"href":"https:\/\/www.ufmg.br\/campanhas\/minasviva\/wp-json\/wp\/v2\/media?parent=62"}],"curies":[{"name":"wp","href":"https:\/\/api.w.org\/{rel}","templated":true}]}}