{"id":13590,"date":"2017-11-22T15:19:35","date_gmt":"2017-11-22T15:19:35","guid":{"rendered":"http:\/\/galleria-metropolia.cmsmasters.net\/?page_id=13590"},"modified":"2026-03-17T11:24:45","modified_gmt":"2026-03-17T14:24:45","slug":"espacos","status":"publish","type":"page","link":"https:\/\/www.ufmg.br\/centrocultural\/espacos\/","title":{"rendered":"Espa\u00e7os"},"content":{"rendered":"<div id=\"cmsmasters_row_bzjbu0atjl\" class=\"cmsmasters_row cmsmasters_color_scheme_default cmsmasters_row_top_default cmsmasters_row_bot_default cmsmasters_row_boxed\">\n<div class=\"cmsmasters_row_outer_parent\">\n<div class=\"cmsmasters_row_outer\">\n<div class=\"cmsmasters_row_inner\">\n<div class=\"cmsmasters_row_margin\">\n<div id=\"cmsmasters_column_n5tdbhjru\" class=\"cmsmasters_column one_first\">\n<div class=\"cmsmasters_column_inner\"><div id=\"cmsmasters_heading_xahp49ac71\" class=\"cmsmasters_heading_wrap cmsmasters_heading_align_center\">\n\t<h2 class=\"cmsmasters_heading\">Espa\u00e7os<\/h2>\n<\/div>\n<\/div><\/div>\n<\/div>\n<\/div>\n<\/div>\n<\/div>\n<\/div>\n<div id=\"cmsmasters_row_kwrf4fyli\" class=\"cmsmasters_row cmsmasters_color_scheme_default cmsmasters_row_top_default cmsmasters_row_bot_default cmsmasters_row_boxed\">\n<div class=\"cmsmasters_row_outer_parent\">\n<div class=\"cmsmasters_row_outer\">\n<div class=\"cmsmasters_row_inner\">\n<div class=\"cmsmasters_row_margin\">\n<div id=\"cmsmasters_column_87lly6l8p2\" class=\"cmsmasters_column one_first\">\n<div class=\"cmsmasters_column_inner\"><div id=\"cmsmasters_heading_7csz3oferd\" class=\"cmsmasters_heading_wrap cmsmasters_heading_align_left\">\n\t<h2 class=\"cmsmasters_heading\">P\u00e1tio<\/h2>\n<\/div><div id=\"cmsmasters_heading_zgeqmonjj\" class=\"cmsmasters_heading_wrap cmsmasters_heading_align_left\">\n\t<h4 class=\"cmsmasters_heading\">O p\u00e1tio possui 150m\u00b2 com formato de teatro de arena e pode receber aproximadamente 300 pessoas para m\u00e9dios eventos. Excelente espa\u00e7o para espet\u00e1culos culturais e recep\u00e7\u00f5es ao ar livre.<\/h4>\n<\/div>\n<\/div><\/div>\n<\/div>\n<\/div>\n<\/div>\n<\/div>\n<\/div>\n<div id=\"cmsmasters_row_59nx0y8kwq\" class=\"cmsmasters_row cmsmasters_color_scheme_default cmsmasters_row_top_default cmsmasters_row_bot_default cmsmasters_row_boxed\">\n<div class=\"cmsmasters_row_outer_parent\">\n<div class=\"cmsmasters_row_outer\">\n<div class=\"cmsmasters_row_inner\">\n<div class=\"cmsmasters_row_margin\">\n<div id=\"cmsmasters_column_mon9kgbh7\" class=\"cmsmasters_column one_first\">\n<div class=\"cmsmasters_column_inner\"><div id=\"cmsmasters_heading_obaznu6j1p\" class=\"cmsmasters_heading_wrap cmsmasters_heading_align_left\">\n\t<h2 class=\"cmsmasters_heading\">Hall Superior<\/h2>\n<\/div><div id=\"cmsmasters_heading_3guamza7kw\" class=\"cmsmasters_heading_wrap cmsmasters_heading_align_left\">\n\t<h4 class=\"cmsmasters_heading\">A bela arquitetura do hall superior do Centro Cultural UFMG \u00e9 ideal para pequenos eventos como lan\u00e7amentos de livros e CDs, conta\u00e7\u00e3o de hist\u00f3rias e sarau. Possui 82m\u00b2 e capacidade para 70 pessoas.<\/h4>\n<\/div>\n<\/div><\/div>\n<\/div>\n<\/div>\n<\/div>\n<\/div>\n<\/div>\n<div id=\"cmsmasters_row_br2mk8xrlp\" class=\"cmsmasters_row cmsmasters_color_scheme_default cmsmasters_row_top_default cmsmasters_row_bot_default cmsmasters_row_boxed\">\n<div class=\"cmsmasters_row_outer_parent\">\n<div class=\"cmsmasters_row_outer\">\n<div class=\"cmsmasters_row_inner\">\n<div class=\"cmsmasters_row_margin\">\n<div id=\"cmsmasters_column_db33sx6nhd\" class=\"cmsmasters_column one_first\">\n<div class=\"cmsmasters_column_inner\"><div id=\"cmsmasters_heading_in8dvj58m6\" class=\"cmsmasters_heading_wrap cmsmasters_heading_align_left\">\n\t<h2 class=\"cmsmasters_heading\">Sala 01<\/h2>\n<\/div><div id=\"cmsmasters_heading_wkih1sc97s\" class=\"cmsmasters_heading_wrap cmsmasters_heading_align_left\">\n\t<h4 class=\"cmsmasters_heading\">Com 82m\u00b2, piso revestido em lin\u00f3leo, adequada para a pr\u00e1tica de artes c\u00eanicas. <\/h4>\n<\/div>\n<\/div><\/div>\n<\/div>\n<\/div>\n<\/div>\n<\/div>\n<\/div>\n<div id=\"cmsmasters_row_4131bssgig\" class=\"cmsmasters_row cmsmasters_color_scheme_default cmsmasters_row_top_default cmsmasters_row_bot_default cmsmasters_row_boxed\">\n<div class=\"cmsmasters_row_outer_parent\">\n<div class=\"cmsmasters_row_outer\">\n<div class=\"cmsmasters_row_inner\">\n<div class=\"cmsmasters_row_margin\">\n<div id=\"cmsmasters_column_tceq1yrgc\" class=\"cmsmasters_column one_first\">\n<div class=\"cmsmasters_column_inner\"><div id=\"cmsmasters_heading_6r1uikav1\" class=\"cmsmasters_heading_wrap cmsmasters_heading_align_left\">\n\t<h2 class=\"cmsmasters_heading\">Atelier<\/h2>\n<\/div><div id=\"cmsmasters_heading_tc8s12qv2\" class=\"cmsmasters_heading_wrap cmsmasters_heading_align_left\">\n\t<h4 class=\"cmsmasters_heading\">Espa\u00e7o utilizado para o projeto &#8220;Atelier Aberto&#8221;<\/h4>\n<\/div>\n<\/div><\/div>\n<\/div>\n<\/div>\n<\/div>\n<\/div>\n<\/div>\n<div id=\"cmsmasters_row_xu69acsitr\" class=\"cmsmasters_row cmsmasters_color_scheme_default cmsmasters_row_top_default cmsmasters_row_bot_default cmsmasters_row_boxed\">\n<div class=\"cmsmasters_row_outer_parent\">\n<div class=\"cmsmasters_row_outer\">\n<div class=\"cmsmasters_row_inner\">\n<div class=\"cmsmasters_row_margin\">\n<div id=\"cmsmasters_column_f8dshtdz3\" class=\"cmsmasters_column one_first\">\n<div class=\"cmsmasters_column_inner\"><div class=\"cmsmasters_text\">\n<p><\/p>\n<\/div>\n<\/div><\/div>\n<\/div>\n<\/div>\n<\/div>\n<\/div>\n<\/div>\n<div id=\"cmsmasters_row_qoisqglxjn\" class=\"cmsmasters_row cmsmasters_color_scheme_default cmsmasters_row_top_default cmsmasters_row_bot_default cmsmasters_row_boxed\">\n<div class=\"cmsmasters_row_outer_parent\">\n<div class=\"cmsmasters_row_outer\">\n<div class=\"cmsmasters_row_inner\">\n<div class=\"cmsmasters_row_margin\">\n<div id=\"cmsmasters_column_4zr253ky8\" class=\"cmsmasters_column one_first\">\n<div class=\"cmsmasters_column_inner\"><div id=\"cmsmasters_heading_onh9j80go7\" class=\"cmsmasters_heading_wrap cmsmasters_heading_align_left\">\n\t<h2 class=\"cmsmasters_heading\">Espa\u00e7os expositivos<\/h2>\n<\/div>\n<\/div><\/div>\n<\/div>\n<\/div>\n<\/div>\n<\/div>\n<\/div>\n<div id=\"cmsmasters_row_5czfertq3t\" class=\"cmsmasters_row cmsmasters_color_scheme_default cmsmasters_row_top_default cmsmasters_row_bot_default cmsmasters_row_boxed\">\n<div class=\"cmsmasters_row_outer_parent\">\n<div class=\"cmsmasters_row_outer\">\n<div class=\"cmsmasters_row_inner\">\n<div class=\"cmsmasters_row_margin\">\n<div id=\"cmsmasters_column_ysneu1cjcs\" class=\"cmsmasters_column one_first\">\n<div class=\"cmsmasters_column_inner\"><div class=\"cmsmasters_text\">\n<p>O Centro Cultural disp\u00f5e de quatro espa\u00e7os expositivos destinados a mostras individuais e coletivas de artistas iniciantes e consagrados. Fique a par sobre como expor conosco e das informa\u00e7\u00f5es t\u00e9cnicas das galerias:<\/p>\n<\/div>\n<\/div><\/div>\n<\/div>\n<\/div>\n<\/div>\n<\/div>\n<\/div>\n<div id=\"cmsmasters_row_4lezyyol3a\" class=\"cmsmasters_row cmsmasters_color_scheme_default cmsmasters_row_top_default cmsmasters_row_bot_default cmsmasters_row_boxed\">\n<div class=\"cmsmasters_row_outer_parent\">\n<div class=\"cmsmasters_row_outer\">\n<div class=\"cmsmasters_row_inner\">\n<div class=\"cmsmasters_row_margin\">\n<div id=\"cmsmasters_column_09ebvk697b\" class=\"cmsmasters_column one_first\">\n<div class=\"cmsmasters_column_inner\"><div id=\"cmsmasters_heading_6coemqeku\" class=\"cmsmasters_heading_wrap cmsmasters_heading_align_left\">\n\t<h3 class=\"cmsmasters_heading\">D\u00favidas<\/h3>\n<\/div>\n<\/div><\/div>\n<\/div>\n<\/div>\n<\/div>\n<\/div>\n<\/div>\n<div id=\"cmsmasters_row_taljqnh4cb\" class=\"cmsmasters_row cmsmasters_color_scheme_default cmsmasters_row_top_default cmsmasters_row_bot_default cmsmasters_row_boxed\">\n<div class=\"cmsmasters_row_outer_parent\">\n<div class=\"cmsmasters_row_outer\">\n<div class=\"cmsmasters_row_inner\">\n<div class=\"cmsmasters_row_margin\">\n<div id=\"cmsmasters_column_5huikiqu2k\" class=\"cmsmasters_column one_half\">\n<div class=\"cmsmasters_column_inner\"><div class=\"cmsmasters_toggles toggles_mode_toggle\">\n<div class=\"cmsmasters_toggles_inner\"><div class=\"cmsmasters_toggle_wrap\" data-tags=\"all \">\n<div class=\"cmsmasters_toggle_title\">\n<span class=\"cmsmasters_toggle_plus\">\n<span class=\"cmsmasters_toggle_plus_hor\"><\/span>\n<span class=\"cmsmasters_toggle_plus_vert\"><\/span>\n<\/span>\n<a href=\"#\">Como expor no Centro Cultural &gt;<\/a>\n<\/div>\n<div class=\"cmsmasters_toggle\">\n<div class=\"cmsmasters_toggle_inner\">\n<p>Para realizar uma exposi\u00e7\u00e3o no Centro Cultural UFMG \u00e9 necess\u00e1rio se inscrever em <span style=\"color: #333399;\"><a style=\"color: #333399;\" href=\"https:\/\/www.ufmg.br\/centrocultural\/editais\/\">chamada p\u00fablica<\/a><\/span> e enviar proposta de artes visuais para o uso dos espa\u00e7os expositivos do \u00f3rg\u00e3o. A chamada p\u00fablica \u00e9 aberta anualmente, no segundo semestre. Nela constam os principais crit\u00e9rios para aprova\u00e7\u00e3o das propostas que ir\u00e3o compor a programa\u00e7\u00e3o dos espa\u00e7os expositivos do ano seguinte \u00e0 sele\u00e7\u00e3o. A divulga\u00e7\u00e3o acontece no site e nas m\u00eddias sociais do Centro Cultural UFMG. Saiba mais junto ao setor de <span style=\"color: #333399;\"><a style=\"color: #333399;\" href=\"https:\/\/www.ufmg.br\/centrocultural\/contato\/\">Expografia<\/a><\/span>.<\/p>\n<\/div>\n<\/div>\n<\/div><div class=\"cmsmasters_toggle_wrap\" data-tags=\"all \">\n<div class=\"cmsmasters_toggle_title\">\n<span class=\"cmsmasters_toggle_plus\">\n<span class=\"cmsmasters_toggle_plus_hor\"><\/span>\n<span class=\"cmsmasters_toggle_plus_vert\"><\/span>\n<\/span>\n<a href=\"#\">Uso \u00e9 pago? &gt;<\/a>\n<\/div>\n<div class=\"cmsmasters_toggle\">\n<div class=\"cmsmasters_toggle_inner\">\n<p>N\u00e3o, o uso do espa\u00e7o do Centro Cultural UFMG ocupado por meio de chamada p\u00fablica para realizar as exposi\u00e7\u00f5es \u00e9 gratuito<\/p>\n<\/div>\n<\/div>\n<\/div><div class=\"cmsmasters_toggle_wrap\" data-tags=\"all \">\n<div class=\"cmsmasters_toggle_title\">\n<span class=\"cmsmasters_toggle_plus\">\n<span class=\"cmsmasters_toggle_plus_hor\"><\/span>\n<span class=\"cmsmasters_toggle_plus_vert\"><\/span>\n<\/span>\n<a href=\"#\">Espa\u00e7os dispon\u00edveis &gt;<\/a>\n<\/div>\n<div class=\"cmsmasters_toggle\">\n<div class=\"cmsmasters_toggle_inner\">\n<p>S\u00e3o quatro os espa\u00e7os expositivos do Centro Cultural UFMG: a Grande Galeria (280,69m\u00b2), no primeiro piso. No segundo piso, h\u00e1 a Sala Celso Renato de Lima (105,90m\u00b2), a Sala Ana Horta (83,73m\u00b2) e o Espa\u00e7o Experimenta\u00e7\u00e3o da Imagem (61,09m\u00b2). Demais informa\u00e7\u00f5es podem ser consultadas na se\u00e7\u00e3o a seguir desta p\u00e1gina<\/p>\n<\/div>\n<\/div>\n<\/div><\/div><\/div>\n<\/div><\/div>\n<div id=\"cmsmasters_column_wwm4owalv4\" class=\"cmsmasters_column one_half\">\n<div class=\"cmsmasters_column_inner\"><div class=\"cmsmasters_toggles toggles_mode_toggle\">\n<div class=\"cmsmasters_toggles_inner\"><div class=\"cmsmasters_toggle_wrap\" data-tags=\"all \">\n<div class=\"cmsmasters_toggle_title\">\n<span class=\"cmsmasters_toggle_plus\">\n<span class=\"cmsmasters_toggle_plus_hor\"><\/span>\n<span class=\"cmsmasters_toggle_plus_vert\"><\/span>\n<\/span>\n<a href=\"#\">Montagem e desmontagem &gt;<\/a>\n<\/div>\n<div class=\"cmsmasters_toggle\">\n<div class=\"cmsmasters_toggle_inner\">\n<p>O Centro Cultural UFMG n\u00e3o disp\u00f5e de equipe de montagem e desmontagem de exposi\u00e7\u00f5es, mas presta suporte nesses processos fornecendo alguns equipamentos necess\u00e1rios. Para tanto, o expositor deve entrar em contato com a equipe do \u00f3rg\u00e3o para conhecer o espa\u00e7o e a infraestrutura dispon\u00edvel<\/p>\n<\/div>\n<\/div>\n<\/div><div class=\"cmsmasters_toggle_wrap\" data-tags=\"all \">\n<div class=\"cmsmasters_toggle_title\">\n<span class=\"cmsmasters_toggle_plus\">\n<span class=\"cmsmasters_toggle_plus_hor\"><\/span>\n<span class=\"cmsmasters_toggle_plus_vert\"><\/span>\n<\/span>\n<a href=\"#\">Documentos &gt;<\/a>\n<\/div>\n<div class=\"cmsmasters_toggle\">\n<div class=\"cmsmasters_toggle_inner\">\n<p>O documento que disp\u00f5e sobre a rela\u00e7\u00e3o entre o expositor e o Centro Cultural UFMG \u00e9 o Termo de Autoriza\u00e7\u00e3o de Uso do Espa\u00e7o. Nele constam as responsabilidades do expositor, seus dados e informa\u00e7\u00f5es sobre sua exposi\u00e7\u00e3o. Para mais informa\u00e7\u00f5es sobre outras modalidades de documentos, aguarde orienta\u00e7\u00f5es da <span style=\"color: #333399;\"><a style=\"color: #333399;\" href=\"https:\/\/www.ufmg.br\/centrocultural\/editais\/\">chamada p\u00fablica<\/a><\/span> ou entre em contato com a equipe de <span style=\"color: #333399;\"><a style=\"color: #333399;\" href=\"https:\/\/www.ufmg.br\/centrocultural\/contato\/\">Expografia<\/a><\/span>.<\/p>\n<\/div>\n<\/div>\n<\/div><div class=\"cmsmasters_toggle_wrap\" data-tags=\"all \">\n<div class=\"cmsmasters_toggle_title\">\n<span class=\"cmsmasters_toggle_plus\">\n<span class=\"cmsmasters_toggle_plus_hor\"><\/span>\n<span class=\"cmsmasters_toggle_plus_vert\"><\/span>\n<\/span>\n<a href=\"#\">Comercializa\u00e7\u00e3o de obras &gt;<\/a>\n<\/div>\n<div class=\"cmsmasters_toggle\">\n<div class=\"cmsmasters_toggle_inner\">\n<p>O Centro Cultural UFMG n\u00e3o realiza a comercializa\u00e7\u00e3o de obras. Ao produzir mostras de artistas e novos talentos, o principal objetivo do \u00d3rg\u00e3o \u00e9 promover e difundir a todos o conhecimento e a cultura por meio da arte<\/p>\n<\/div>\n<\/div>\n<\/div><\/div><\/div>\n<\/div><\/div>\n<\/div>\n<\/div>\n<\/div>\n<\/div>\n<\/div>\n<div id=\"cmsmasters_row_w16hx7vnxg\" class=\"cmsmasters_row cmsmasters_color_scheme_default cmsmasters_row_top_default cmsmasters_row_bot_default cmsmasters_row_boxed\">\n<div class=\"cmsmasters_row_outer_parent\">\n<div class=\"cmsmasters_row_outer\">\n<div class=\"cmsmasters_row_inner\">\n<div class=\"cmsmasters_row_margin\">\n<div id=\"cmsmasters_column_liy6opwjfd\" class=\"cmsmasters_column one_first\">\n<div class=\"cmsmasters_column_inner\"><div id=\"cmsmasters_heading_ybl2xzjman\" class=\"cmsmasters_heading_wrap cmsmasters_heading_align_left\">\n\t<h3 class=\"cmsmasters_heading\">Grande Galeria<\/h3>\n<\/div>\n<\/div><\/div>\n<\/div>\n<\/div>\n<\/div>\n<\/div>\n<\/div>\n<div id=\"cmsmasters_row_j1aiqpvmqh\" class=\"cmsmasters_row cmsmasters_color_scheme_default cmsmasters_row_top_default cmsmasters_row_bot_default cmsmasters_row_boxed\">\n<div class=\"cmsmasters_row_outer_parent\">\n<div class=\"cmsmasters_row_outer\">\n<div class=\"cmsmasters_row_inner\">\n<div class=\"cmsmasters_row_margin\">\n<div id=\"cmsmasters_column_adx0lvu3dc\" class=\"cmsmasters_column one_first\">\n<div class=\"cmsmasters_column_inner\"><div class=\"cmsmasters_tabs tabs_mode_tour tabs_pos_left\">\n<ul class=\"cmsmasters_tabs_list\">\n<li id=\"cmsmasters_tabs_list_item_enmcpmua1\" class=\"cmsmasters_tabs_list_item current_tab\">\n<a href=\"#\">\n<span>Planta<\/span>\n<\/a>\n<\/li><li id=\"cmsmasters_tabs_list_item_823fl3bzv\" class=\"cmsmasters_tabs_list_item\">\n<a href=\"#\">\n<span>V\u00eddeo<\/span>\n<\/a>\n<\/li><li id=\"cmsmasters_tabs_list_item_8zpjrh69ue\" class=\"cmsmasters_tabs_list_item\">\n<a href=\"#\">\n<span>Download<\/span>\n<\/a>\n<\/li><\/ul>\n<div class=\"cmsmasters_tabs_wrap\">\n<div id=\"cmsmasters_tab_enmcpmua1\" class=\"cmsmasters_tab active_tab\">\n<div class=\"cmsmasters_tab_inner\">\n<div class=\"cmsmasters_img  cmsmasters_image_l\"><a href=\"https:\/\/www.ufmg.br\/centrocultural\/wp-content\/uploads\/2022\/09\/planta-grande-galeria.png\" rel=\"ilightbox[img_69dbae0060b4b]\" target=\"_blank\"><img decoding=\"async\" src=\"https:\/\/www.ufmg.br\/centrocultural\/wp-content\/uploads\/2022\/09\/planta-grande-galeria-600x279.png\" \/><\/a><\/div>\n<\/div>\n<\/div><div id=\"cmsmasters_tab_823fl3bzv\" class=\"cmsmasters_tab\">\n<div class=\"cmsmasters_tab_inner\">\n<iframe loading=\"lazy\" title=\"YouTube video player\" src=\"https:\/\/www.youtube.com\/embed\/y5l62kA7giY\" width=\"560\" height=\"315\" frameborder=\"0\" allowfullscreen=\"allowfullscreen\"><\/iframe>\n<\/div>\n<\/div><div id=\"cmsmasters_tab_8zpjrh69ue\" class=\"cmsmasters_tab\">\n<div class=\"cmsmasters_tab_inner\">\n<p>Fa\u00e7a o download da planta, clicando no link:<\/p>\n<p><span style=\"color: #333399;\"><a style=\"color: #333399;\" href=\"https:\/\/www.ufmg.br\/centrocultural\/wp-content\/uploads\/2022\/09\/02-planta-grande-galeria-1.pdf\">Planta da Grande Galeria<\/a><\/span><\/p>\n<p>&nbsp;<\/p>\n<\/div>\n<\/div><\/div>\n<\/div>\n<\/div><\/div>\n<\/div>\n<\/div>\n<\/div>\n<\/div>\n<\/div>\n<div id=\"cmsmasters_row_xy097wjwsi\" class=\"cmsmasters_row cmsmasters_color_scheme_default cmsmasters_row_top_default cmsmasters_row_bot_default cmsmasters_row_boxed\">\n<div class=\"cmsmasters_row_outer_parent\">\n<div class=\"cmsmasters_row_outer\">\n<div class=\"cmsmasters_row_inner\">\n<div class=\"cmsmasters_row_margin\">\n<div id=\"cmsmasters_column_ajjnpnbilo\" class=\"cmsmasters_column one_first\">\n<div class=\"cmsmasters_column_inner\"><div id=\"cmsmasters_heading_97c9x3ps07\" class=\"cmsmasters_heading_wrap cmsmasters_heading_align_left\">\n\t<h3 class=\"cmsmasters_heading\">Sala Ana Horta<\/h3>\n<\/div>\n<\/div><\/div>\n<\/div>\n<\/div>\n<\/div>\n<\/div>\n<\/div>\n<div id=\"cmsmasters_row_3pitfyfuqn\" class=\"cmsmasters_row cmsmasters_color_scheme_default cmsmasters_row_top_default cmsmasters_row_bot_default cmsmasters_row_boxed\">\n<div class=\"cmsmasters_row_outer_parent\">\n<div class=\"cmsmasters_row_outer\">\n<div class=\"cmsmasters_row_inner\">\n<div class=\"cmsmasters_row_margin\">\n<div id=\"cmsmasters_column_ob14pxtasi\" class=\"cmsmasters_column one_first\">\n<div class=\"cmsmasters_column_inner\"><div class=\"cmsmasters_tabs tabs_mode_tour tabs_pos_left\">\n<ul class=\"cmsmasters_tabs_list\">\n<li id=\"cmsmasters_tabs_list_item_w7ue1ek27g\" class=\"cmsmasters_tabs_list_item current_tab\">\n<a href=\"#\">\n<span>Planta<\/span>\n<\/a>\n<\/li><li id=\"cmsmasters_tabs_list_item_egy4p71zmn\" class=\"cmsmasters_tabs_list_item\">\n<a href=\"#\">\n<span>V\u00eddeo<\/span>\n<\/a>\n<\/li><li id=\"cmsmasters_tabs_list_item_4hxuerdfzn\" class=\"cmsmasters_tabs_list_item\">\n<a href=\"#\">\n<span>Download<\/span>\n<\/a>\n<\/li><\/ul>\n<div class=\"cmsmasters_tabs_wrap\">\n<div id=\"cmsmasters_tab_w7ue1ek27g\" class=\"cmsmasters_tab active_tab\">\n<div class=\"cmsmasters_tab_inner\">\n<div class=\"cmsmasters_img  cmsmasters_image_l\"><a href=\"https:\/\/www.ufmg.br\/centrocultural\/wp-content\/uploads\/2022\/09\/planta-sala-ana-horta.png\" rel=\"ilightbox[img_69dbae006121a]\" target=\"_blank\"><img decoding=\"async\" src=\"https:\/\/www.ufmg.br\/centrocultural\/wp-content\/uploads\/2022\/09\/planta-sala-ana-horta-600x279.png\" \/><\/a><\/div>\n<\/div>\n<\/div><div id=\"cmsmasters_tab_egy4p71zmn\" class=\"cmsmasters_tab\">\n<div class=\"cmsmasters_tab_inner\">\n<iframe loading=\"lazy\" title=\"YouTube video player\" src=\"https:\/\/www.youtube.com\/embed\/S0A2SxVvnBU\" width=\"560\" height=\"315\" frameborder=\"0\" allowfullscreen=\"allowfullscreen\"><\/iframe>\n<\/div>\n<\/div><div id=\"cmsmasters_tab_4hxuerdfzn\" class=\"cmsmasters_tab\">\n<div class=\"cmsmasters_tab_inner\">\n<p>Fa\u00e7a o download da planta, clicando no link<\/p>\n<p><span style=\"color: #333399;\"><a style=\"color: #333399;\" href=\"https:\/\/www.ufmg.br\/centrocultural\/wp-content\/uploads\/2022\/09\/03-planta-sala-ana-horta.pdf\">Planta da Sala Ana Horta<\/a><\/span><\/p>\n<p>&nbsp;<\/p>\n<\/div>\n<\/div><\/div>\n<\/div>\n<\/div><\/div>\n<\/div>\n<\/div>\n<\/div>\n<\/div>\n<\/div>\n<div id=\"cmsmasters_row_08r4sh724o\" class=\"cmsmasters_row cmsmasters_color_scheme_default cmsmasters_row_top_default cmsmasters_row_bot_default cmsmasters_row_boxed\">\n<div class=\"cmsmasters_row_outer_parent\">\n<div class=\"cmsmasters_row_outer\">\n<div class=\"cmsmasters_row_inner\">\n<div class=\"cmsmasters_row_margin\">\n<div id=\"cmsmasters_column_hvq3dkuo9c\" class=\"cmsmasters_column one_first\">\n<div class=\"cmsmasters_column_inner\"><div id=\"cmsmasters_heading_9scu71ss89\" class=\"cmsmasters_heading_wrap cmsmasters_heading_align_left\">\n\t<h3 class=\"cmsmasters_heading\">Sala Celso Renato <\/h3>\n<\/div>\n<\/div><\/div>\n<\/div>\n<\/div>\n<\/div>\n<\/div>\n<\/div>\n<div id=\"cmsmasters_row_smupqohuye\" class=\"cmsmasters_row cmsmasters_color_scheme_default cmsmasters_row_top_default cmsmasters_row_bot_default cmsmasters_row_boxed\">\n<div class=\"cmsmasters_row_outer_parent\">\n<div class=\"cmsmasters_row_outer\">\n<div class=\"cmsmasters_row_inner\">\n<div class=\"cmsmasters_row_margin\">\n<div id=\"cmsmasters_column_0efxb2e9uo\" class=\"cmsmasters_column one_first\">\n<div class=\"cmsmasters_column_inner\"><div class=\"cmsmasters_tabs tabs_mode_tour tabs_pos_left\">\n<ul class=\"cmsmasters_tabs_list\">\n<li id=\"cmsmasters_tabs_list_item_6dmtzej72\" class=\"cmsmasters_tabs_list_item current_tab\">\n<a href=\"#\">\n<span>Planta<\/span>\n<\/a>\n<\/li><li id=\"cmsmasters_tabs_list_item_g5w37xhtpr\" class=\"cmsmasters_tabs_list_item\">\n<a href=\"#\">\n<span>V\u00eddeo<\/span>\n<\/a>\n<\/li><li id=\"cmsmasters_tabs_list_item_5seinpvv2e\" class=\"cmsmasters_tabs_list_item\">\n<a href=\"#\">\n<span>Download<\/span>\n<\/a>\n<\/li><\/ul>\n<div class=\"cmsmasters_tabs_wrap\">\n<div id=\"cmsmasters_tab_6dmtzej72\" class=\"cmsmasters_tab active_tab\">\n<div class=\"cmsmasters_tab_inner\">\n<div class=\"cmsmasters_img  cmsmasters_image_l\"><a href=\"https:\/\/www.ufmg.br\/centrocultural\/wp-content\/uploads\/2022\/09\/planta-sala-celso-renato.png\" rel=\"ilightbox[img_69dbae006195e]\" target=\"_blank\"><img decoding=\"async\" src=\"https:\/\/www.ufmg.br\/centrocultural\/wp-content\/uploads\/2022\/09\/planta-sala-celso-renato-600x279.png\" \/><\/a><\/div>\n<\/div>\n<\/div><div id=\"cmsmasters_tab_g5w37xhtpr\" class=\"cmsmasters_tab\">\n<div class=\"cmsmasters_tab_inner\">\n<iframe loading=\"lazy\" title=\"YouTube video player\" src=\"https:\/\/www.youtube.com\/embed\/EwJpPXqKQyI\" width=\"560\" height=\"315\" frameborder=\"0\" allowfullscreen=\"allowfullscreen\"><\/iframe>\n<\/div>\n<\/div><div id=\"cmsmasters_tab_5seinpvv2e\" class=\"cmsmasters_tab\">\n<div class=\"cmsmasters_tab_inner\">\n<p>Fa\u00e7a o download da planta, clicando no link:<\/p>\n<p><span style=\"color: #333399;\"><a style=\"color: #333399;\" href=\"https:\/\/www.ufmg.br\/centrocultural\/wp-content\/uploads\/2022\/09\/04-planta-sala-celso-renato.pdf\">Planta da Sala Celso Renato<\/a><\/span><\/p>\n<\/div>\n<\/div><\/div>\n<\/div>\n<\/div><\/div>\n<\/div>\n<\/div>\n<\/div>\n<\/div>\n<\/div>\n<div id=\"cmsmasters_row_n29ewq7xe\" class=\"cmsmasters_row cmsmasters_color_scheme_default cmsmasters_row_top_default cmsmasters_row_bot_default cmsmasters_row_boxed\">\n<div class=\"cmsmasters_row_outer_parent\">\n<div class=\"cmsmasters_row_outer\">\n<div class=\"cmsmasters_row_inner\">\n<div class=\"cmsmasters_row_margin\">\n<div id=\"cmsmasters_column_ttarzwshce\" class=\"cmsmasters_column one_first\">\n<div class=\"cmsmasters_column_inner\"><div id=\"cmsmasters_heading_ysdoad1kmh\" class=\"cmsmasters_heading_wrap cmsmasters_heading_align_left\">\n\t<h3 class=\"cmsmasters_heading\">Espa\u00e7o Experimenta\u00e7\u00e3o da Imagem<\/h3>\n<\/div>\n<\/div><\/div>\n<\/div>\n<\/div>\n<\/div>\n<\/div>\n<\/div>\n<div id=\"cmsmasters_row_6hqoti5cxm\" class=\"cmsmasters_row cmsmasters_color_scheme_default cmsmasters_row_top_default cmsmasters_row_bot_default cmsmasters_row_boxed\">\n<div class=\"cmsmasters_row_outer_parent\">\n<div class=\"cmsmasters_row_outer\">\n<div class=\"cmsmasters_row_inner\">\n<div class=\"cmsmasters_row_margin\">\n<div id=\"cmsmasters_column_y9uydfnne\" class=\"cmsmasters_column one_first\">\n<div class=\"cmsmasters_column_inner\"><div class=\"cmsmasters_tabs tabs_mode_tour tabs_pos_left\">\n<ul class=\"cmsmasters_tabs_list\">\n<li id=\"cmsmasters_tabs_list_item_3uiywappes\" class=\"cmsmasters_tabs_list_item current_tab\">\n<a href=\"#\">\n<span>Planta<\/span>\n<\/a>\n<\/li><li id=\"cmsmasters_tabs_list_item_kgofu3v8kw\" class=\"cmsmasters_tabs_list_item\">\n<a href=\"#\">\n<span>V\u00eddeo<\/span>\n<\/a>\n<\/li><li id=\"cmsmasters_tabs_list_item_zddpuz0re\" class=\"cmsmasters_tabs_list_item\">\n<a href=\"#\">\n<span>Download<\/span>\n<\/a>\n<\/li><\/ul>\n<div class=\"cmsmasters_tabs_wrap\">\n<div id=\"cmsmasters_tab_3uiywappes\" class=\"cmsmasters_tab active_tab\">\n<div class=\"cmsmasters_tab_inner\">\n<div class=\"cmsmasters_img  cmsmasters_image_l\"><a href=\"https:\/\/www.ufmg.br\/centrocultural\/wp-content\/uploads\/2022\/09\/planta-espaco-experimentacao.png\" rel=\"ilightbox[img_69dbae006273a]\" target=\"_blank\"><img decoding=\"async\" src=\"https:\/\/www.ufmg.br\/centrocultural\/wp-content\/uploads\/2022\/09\/planta-espaco-experimentacao-600x279.png\" \/><\/a><\/div>\n<\/div>\n<\/div><div id=\"cmsmasters_tab_kgofu3v8kw\" class=\"cmsmasters_tab\">\n<div class=\"cmsmasters_tab_inner\">\n<iframe loading=\"lazy\" title=\"YouTube video player\" src=\"https:\/\/www.youtube.com\/embed\/TuZ4ddpp-mM\" width=\"560\" height=\"315\" frameborder=\"0\" allowfullscreen=\"allowfullscreen\"><\/iframe>\n<\/div>\n<\/div><div id=\"cmsmasters_tab_zddpuz0re\" class=\"cmsmasters_tab\">\n<div class=\"cmsmasters_tab_inner\">\n<p>Fa\u00e7a o download da planta clicando no link:<\/p>\n<p><span style=\"color: #333399;\"><a style=\"color: #333399;\" href=\"https:\/\/www.ufmg.br\/centrocultural\/wp-content\/uploads\/2022\/09\/01-planta-espaco-experimentacao.pdf\">Planta do Espa\u00e7o Experimenta\u00e7\u00e3o da Imagem<\/a><\/span><\/p>\n<\/div>\n<\/div><\/div>\n<\/div>\n<\/div><\/div>\n<\/div>\n<\/div>\n<\/div>\n<\/div>\n<\/div>\n\n","protected":false},"excerpt":{"rendered":"","protected":false},"author":1,"featured_media":0,"parent":0,"menu_order":0,"comment_status":"closed","ping_status":"closed","template":"","meta":{"footnotes":""},"class_list":["post-13590","page","type-page","status-publish","hentry"],"_links":{"self":[{"href":"https:\/\/www.ufmg.br\/centrocultural\/wp-json\/wp\/v2\/pages\/13590","targetHints":{"allow":["GET"]}}],"collection":[{"href":"https:\/\/www.ufmg.br\/centrocultural\/wp-json\/wp\/v2\/pages"}],"about":[{"href":"https:\/\/www.ufmg.br\/centrocultural\/wp-json\/wp\/v2\/types\/page"}],"author":[{"embeddable":true,"href":"https:\/\/www.ufmg.br\/centrocultural\/wp-json\/wp\/v2\/users\/1"}],"replies":[{"embeddable":true,"href":"https:\/\/www.ufmg.br\/centrocultural\/wp-json\/wp\/v2\/comments?post=13590"}],"version-history":[{"count":34,"href":"https:\/\/www.ufmg.br\/centrocultural\/wp-json\/wp\/v2\/pages\/13590\/revisions"}],"predecessor-version":[{"id":25417,"href":"https:\/\/www.ufmg.br\/centrocultural\/wp-json\/wp\/v2\/pages\/13590\/revisions\/25417"}],"wp:attachment":[{"href":"https:\/\/www.ufmg.br\/centrocultural\/wp-json\/wp\/v2\/media?parent=13590"}],"curies":[{"name":"wp","href":"https:\/\/api.w.org\/{rel}","templated":true}]}}