{"id":15057,"date":"2018-11-29T15:40:26","date_gmt":"2018-11-29T17:40:26","guid":{"rendered":"https:\/\/www.ufmg.br\/centrocultural\/\/?page_id=15057"},"modified":"2026-03-17T11:23:29","modified_gmt":"2026-03-17T14:23:29","slug":"editais","status":"publish","type":"page","link":"https:\/\/www.ufmg.br\/centrocultural\/editais\/","title":{"rendered":"Chamadas p\u00fablicas"},"content":{"rendered":"<div id=\"cmsmasters_row_wyei44w7j6\" class=\"cmsmasters_row cmsmasters_color_scheme_default cmsmasters_row_top_default cmsmasters_row_bot_default cmsmasters_row_boxed\">\n<div class=\"cmsmasters_row_outer_parent\">\n<div class=\"cmsmasters_row_outer\">\n<div class=\"cmsmasters_row_inner\">\n<div class=\"cmsmasters_row_margin\">\n<div id=\"cmsmasters_column_dgy678zn78\" class=\"cmsmasters_column one_first\">\n<div class=\"cmsmasters_column_inner\"><div id=\"cmsmasters_heading_adn69w7or8\" class=\"cmsmasters_heading_wrap cmsmasters_heading_align_left\">\n\t<h5 class=\"cmsmasters_heading\">Voc\u00ea no CCult<\/h5>\n<\/div>\n<\/div><\/div>\n<\/div>\n<\/div>\n<\/div>\n<\/div>\n<\/div>\n<div id=\"cmsmasters_row_p5imvzg7gr\" class=\"cmsmasters_row cmsmasters_color_scheme_default cmsmasters_row_top_default cmsmasters_row_bot_default cmsmasters_row_boxed\">\n<div class=\"cmsmasters_row_outer_parent\">\n<div class=\"cmsmasters_row_outer\">\n<div class=\"cmsmasters_row_inner\">\n<div class=\"cmsmasters_row_margin\">\n<div id=\"cmsmasters_column_hi5wcqg0h6\" class=\"cmsmasters_column one_first\">\n<div class=\"cmsmasters_column_inner\"><div id=\"cmsmasters_heading_qw2z5r521\" class=\"cmsmasters_heading_wrap cmsmasters_heading_align_left\">\n\t<h2 class=\"cmsmasters_heading\">Chamadas p\u00fablicas<\/h2>\n<\/div>\n<\/div><\/div>\n<\/div>\n<\/div>\n<\/div>\n<\/div>\n<\/div>\n<div id=\"cmsmasters_row_\" class=\"cmsmasters_row cmsmasters_color_scheme_default cmsmasters_row_top_default cmsmasters_row_bot_default cmsmasters_row_boxed\">\n<div class=\"cmsmasters_row_outer_parent\">\n<div class=\"cmsmasters_row_outer\">\n<div class=\"cmsmasters_row_inner\">\n<div class=\"cmsmasters_row_margin\">\n<div id=\"cmsmasters_column_\" class=\"cmsmasters_column one_first\">\n<div class=\"cmsmasters_column_inner\"><div class=\"cmsmasters_text\">\n<p>O Centro Cultural UFMG abre chamadas p\u00fablicas anualmente para diversos projetos e atividades. As informa\u00e7\u00f5es podem ser acessadas aqui e por meio de not\u00edcias divulgadas <span style=\"color: #333399;\"><a style=\"color: #333399;\" href=\"https:\/\/www.ufmg.br\/centrocultural\/?cat=46\">no site<\/a> <\/span>e nas m\u00eddias sociais do Centro Cultural UFMG. A <strong>lista de chamadas e a divulga\u00e7\u00e3o dos resultados<\/strong> est\u00e3o dispon\u00edveis no final desta p\u00e1gina. Acompanhe!<\/p>\n<\/div>\n<div class=\"cmsmasters_text\">\n<p>&nbsp;<\/p>\n<\/div>\n<\/div><\/div>\n<\/div>\n<\/div>\n<\/div>\n<\/div>\n<\/div>\n<div id=\"cmsmasters_row_fjguczcii\" class=\"cmsmasters_row cmsmasters_color_scheme_default cmsmasters_row_top_default cmsmasters_row_bot_default cmsmasters_row_boxed\">\n<div class=\"cmsmasters_row_outer_parent\">\n<div class=\"cmsmasters_row_outer\">\n<div class=\"cmsmasters_row_inner\">\n<div class=\"cmsmasters_row_margin\">\n<div id=\"cmsmasters_column_fo7xg63c68\" class=\"cmsmasters_column one_first\">\n<div class=\"cmsmasters_column_inner\"><ul id=\"cmsmasters_icon_list_items_kv0vfqb7u\" class=\"cmsmasters_icon_list_items cmsmasters_icon_list_type_block cmsmasters_icon_list_pos_left cmsmasters_color_type_border\"><li id=\"cmsmasters_icon_list_item_lp6gqs5y1\" class=\"cmsmasters_icon_list_item cmsmasters_icon_type_image\">\n<div class=\"cmsmasters_icon_list_item_inner\">\n<div class=\"cmsmasters_icon_list_icon_wrap\">\n<span class=\"cmsmasters_icon_list_icon \"><\/span>\n<\/div>\n<div class=\"cmsmasters_icon_list_item_content\">\n<h4 class=\"cmsmasters_icon_list_item_title\">1\u00ba semestre<\/h4>\n<div class=\"cmsmasters_icon_list_item_text\">\n<p>Abertura de chamadas p\u00fablicas para estudantes de diversos cursos da UFMG concorrerem a bolsas de atividades extens\u00e3o desenvolvidas pelo Centro Cultural UFMG. A previs\u00e3o de abertura \u00e9 a partir de fevereiro, anualmente. Ocasionalmente, pode haver reabertura da chamada em outro per\u00edodo do ano, em decorr\u00eancia de exist\u00eancia de vagas.<\/p>\n<\/div>\n<\/div>\n<\/div>\n<\/li><\/ul>\n<\/div><\/div>\n<\/div>\n<\/div>\n<\/div>\n<\/div>\n<\/div>\n<div id=\"cmsmasters_row_gmy1u7s64\" class=\"cmsmasters_row cmsmasters_color_scheme_default cmsmasters_row_top_default cmsmasters_row_bot_default cmsmasters_row_boxed\">\n<div class=\"cmsmasters_row_outer_parent\">\n<div class=\"cmsmasters_row_outer\">\n<div class=\"cmsmasters_row_inner\">\n<div class=\"cmsmasters_row_margin\">\n<div id=\"cmsmasters_column_mnw97kdu1j\" class=\"cmsmasters_column one_first\">\n<div class=\"cmsmasters_column_inner\"><ul id=\"cmsmasters_icon_list_items_og970901qx\" class=\"cmsmasters_icon_list_items cmsmasters_icon_list_type_block cmsmasters_icon_list_pos_left cmsmasters_color_type_border\"><li id=\"cmsmasters_icon_list_item_xh3uhzo7qu\" class=\"cmsmasters_icon_list_item cmsmasters_icon_type_image\">\n<div class=\"cmsmasters_icon_list_item_inner\">\n<div class=\"cmsmasters_icon_list_icon_wrap\">\n<span class=\"cmsmasters_icon_list_icon \"><\/span>\n<\/div>\n<div class=\"cmsmasters_icon_list_item_content\">\n<h4 class=\"cmsmasters_icon_list_item_title\">2\u00ba semestre<\/h4>\n<div class=\"cmsmasters_icon_list_item_text\">\n<p>Abertura de chamadas p\u00fablicas para exposi\u00e7\u00f5es (projeto Galerias), programa de resid\u00eancia art\u00edstica e eventos culturais &#8211; shows, espet\u00e1culos teatrais, performances, conta\u00e7\u00e3o de hist\u00f3rias e outras modalidades.<\/p>\n<\/div>\n<\/div>\n<\/div>\n<\/li><\/ul>\n<\/div><\/div>\n<\/div>\n<\/div>\n<\/div>\n<\/div>\n<\/div>\n<div id=\"cmsmasters_row_46pzukhjfa\" class=\"cmsmasters_row cmsmasters_color_scheme_default cmsmasters_row_top_default cmsmasters_row_bot_default cmsmasters_row_boxed\">\n<div class=\"cmsmasters_row_outer_parent\">\n<div class=\"cmsmasters_row_outer\">\n<div class=\"cmsmasters_row_inner\">\n<div class=\"cmsmasters_row_margin\">\n<div id=\"cmsmasters_column_r4gbun96mt\" class=\"cmsmasters_column one_first\">\n<div class=\"cmsmasters_column_inner\">\n<div id=\"cmsmasters_heading_aqpz1oxwsg\" class=\"cmsmasters_heading_wrap cmsmasters_heading_align_left\">\n\t<h2 class=\"cmsmasters_heading\">Lista de chamadas e editais<\/h2>\n<\/div>\n<\/div><\/div>\n<\/div>\n<\/div>\n<\/div>\n<\/div>\n<\/div>\n<div id=\"cmsmasters_row_984xwitpzn\" class=\"cmsmasters_row cmsmasters_color_scheme_default cmsmasters_row_top_default cmsmasters_row_bot_default cmsmasters_row_boxed\">\n<div class=\"cmsmasters_row_outer_parent\">\n<div class=\"cmsmasters_row_outer\">\n<div class=\"cmsmasters_row_inner\">\n<div class=\"cmsmasters_row_margin\">\n<div id=\"cmsmasters_column_50momuf3bq\" class=\"cmsmasters_column one_first\">\n<div class=\"cmsmasters_column_inner\"><div class=\"cmsmasters_toggles toggles_mode_toggle\">\n<div class=\"cmsmasters_toggles_inner\">\n<div class=\"cmsmasters_toggle_wrap\" data-tags=\"all \">\n<div class=\"cmsmasters_toggle_title\">\n<span class=\"cmsmasters_toggle_plus\">\n<span class=\"cmsmasters_toggle_plus_hor\"><\/span>\n<span class=\"cmsmasters_toggle_plus_vert\"><\/span>\n<\/span>\n<a href=\"#\">Edital 243\/2026 - Bolsas de extens\u00e3o &gt;<\/a>\n<\/div>\n<div class=\"cmsmasters_toggle\">\n<div class=\"cmsmasters_toggle_inner\">\n<p><strong>Objeto<\/strong><br \/>\nSele\u00e7\u00e3o de bolsistas de extens\u00e3o para cria\u00e7\u00e3o gr\u00e1fica, media\u00e7\u00e3o educativa e organiza\u00e7\u00e3o do acervo da tipografia da institui\u00e7\u00e3o<\/p>\n<p><strong>Prazo de inscri\u00e7\u00e3o<\/strong><br \/>\n13 de fevereiro a 8 de mar\u00e7o de 2026<\/p>\n<p><strong>Arquivo da Chamada<\/strong><\/p>\n<p><span style=\"text-decoration: underline;\"><span style=\"color: #000080;\"><strong><a style=\"color: #000080; text-decoration: underline;\" href=\"https:\/\/www.ufmg.br\/centrocultural\/wp-content\/uploads\/2026\/02\/sei-edital-243-2026.pdf\" target=\"_blank\" rel=\"noopener\">https:\/\/www.ufmg.br\/centrocultural\/wp-content\/uploads\/2026\/02\/sei-edital-243-2026.pdf<\/a><\/strong><\/span><\/span><\/p>\n<p><strong>Resultado da Chamada<\/strong><\/p>\n<p><a href=\"https:\/\/www.ufmg.br\/centrocultural\/wp-content\/uploads\/2026\/03\/resultado-chamada-publica-2026.pdf\" target=\"_blank\" rel=\"noopener\"><span style=\"text-decoration: underline;\"><span style=\"color: #000080;\"><strong>https:\/\/www.ufmg.br\/centrocultural\/wp-content\/uploads\/2026\/03\/resultado-chamada-publica-2026.pdf<\/strong><\/span><\/span><\/a><\/p>\n<p>&nbsp;<\/p>\n<\/div>\n<\/div>\n<\/div><div class=\"cmsmasters_toggle_wrap\" data-tags=\"all \">\n<div class=\"cmsmasters_toggle_title\">\n<span class=\"cmsmasters_toggle_plus\">\n<span class=\"cmsmasters_toggle_plus_hor\"><\/span>\n<span class=\"cmsmasters_toggle_plus_vert\"><\/span>\n<\/span>\n<a href=\"#\">Chamada 2025 \/ 2026 - Resid\u00eancia art\u00edstica &gt;<\/a>\n<\/div>\n<div class=\"cmsmasters_toggle\">\n<div class=\"cmsmasters_toggle_inner\">\n<p><strong>Objeto<\/strong><br \/>\nSele\u00e7\u00e3o de propostas de pesquisa e experimenta\u00e7\u00e3o para serem desenvolvidas em regime de resid\u00eancia, nas \u00e1reas de artes c\u00eanicas, artes visuais, m\u00fasica livre, m\u00faltiplas linguagens e artes gr\u00e1ficas para o ano de 2026.<\/p>\n<p><strong>Prazo de inscri\u00e7\u00e3o<\/strong><br \/>\n22 de setembro a 09 de novembro de 2025<\/p>\n<p><strong>Arquivo da Chamada<\/strong><br \/>\n<span style=\"color: #333399;\"><span style=\"text-decoration: underline;\"><span style=\"color: #000080; text-decoration: underline;\"><strong><a style=\"color: #000080; text-decoration: underline;\" href=\"https:\/\/www.ufmg.br\/centrocultural\/wp-content\/uploads\/2025\/09\/chamada-001-2025-2026-residencia.pdf\" target=\"_blank\" rel=\"noopener\">https:\/\/www.ufmg.br\/centrocultural\/wp-content\/uploads\/2025\/09\/chamada-001-2025-2026-residencia.pdf\u00a0<\/a><\/strong><\/span><\/span> \u00a0 \u00a0\u00a0<\/span><\/p>\n<p><strong>Resultado da Chamada<\/strong><br \/>\n<span style=\"color: #333399;\"><span style=\"text-decoration: underline;\"><span style=\"color: #000080; text-decoration: underline;\"><strong><a style=\"color: #000080; text-decoration: underline;\" href=\"https:\/\/www.ufmg.br\/centrocultural\/wp-content\/uploads\/2025\/12\/resultado-chamadas-publicas-2025-2026.pdf\" target=\"_blank\" rel=\"noopener\">https:\/\/www.ufmg.br\/centrocultural\/wp-content\/uploads\/2025\/12\/resultado-chamadas-publicas-2025-2026.pdf\u00a0<\/a><\/strong><\/span><\/span> \u00a0 \u00a0\u00a0<\/span><\/p>\n<\/div>\n<\/div>\n<\/div><div class=\"cmsmasters_toggle_wrap\" data-tags=\"all \">\n<div class=\"cmsmasters_toggle_title\">\n<span class=\"cmsmasters_toggle_plus\">\n<span class=\"cmsmasters_toggle_plus_hor\"><\/span>\n<span class=\"cmsmasters_toggle_plus_vert\"><\/span>\n<\/span>\n<a href=\"#\">Chamada 2025 \/ 2026 - Eventos &gt;<\/a>\n<\/div>\n<div class=\"cmsmasters_toggle\">\n<div class=\"cmsmasters_toggle_inner\">\n<p><strong>Objeto<\/strong><br \/>\nSele\u00e7\u00e3o de propostas de eventos culturais nas \u00e1reas de artes c\u00eanicas, m\u00fasica, poesia e literatura para o ano de 2026.<\/p>\n<p><strong>Prazo de inscri\u00e7\u00e3o<\/strong><br \/>\n22 de setembro a 09 de novembro de 2025<\/p>\n<p><strong>Arquivo da Chamada<\/strong><br \/>\n<span style=\"text-decoration: underline;\"><span style=\"color: #000080;\"><strong><a style=\"color: #000080; text-decoration: underline;\" href=\"https:\/\/www.ufmg.br\/centrocultural\/wp-content\/uploads\/2025\/09\/chamada-002-2025-2026-eventos.pdf\" target=\"_blank\" rel=\"noopener\">https:\/\/www.ufmg.br\/centrocultural\/wp-content\/uploads\/2025\/09\/Chamada-002-2025-2026-eventos.pdf<\/a>\u00a0<\/strong><\/span><\/span><\/p>\n<p><strong>Resultado da Chamada<\/strong><br \/>\n<span style=\"color: #333399;\"><span style=\"text-decoration: underline;\"><span style=\"color: #000080; text-decoration: underline;\"><strong><a style=\"color: #000080; text-decoration: underline;\" href=\"https:\/\/www.ufmg.br\/centrocultural\/wp-content\/uploads\/2025\/12\/resultado-chamadas-publicas-2025-2026.pdf\" target=\"_blank\" rel=\"noopener\">https:\/\/www.ufmg.br\/centrocultural\/wp-content\/uploads\/2025\/12\/resultado-chamadas-publicas-2025-2026.pdf\u00a0<\/a><\/strong><\/span><\/span> \u00a0 \u00a0\u00a0<\/span><\/p>\n<\/div>\n<\/div>\n<\/div><div class=\"cmsmasters_toggle_wrap\" data-tags=\"all \">\n<div class=\"cmsmasters_toggle_title\">\n<span class=\"cmsmasters_toggle_plus\">\n<span class=\"cmsmasters_toggle_plus_hor\"><\/span>\n<span class=\"cmsmasters_toggle_plus_vert\"><\/span>\n<\/span>\n<a href=\"#\">Chamada 2025 \/ 2026 - Galerias &gt;<\/a>\n<\/div>\n<div class=\"cmsmasters_toggle\">\n<div class=\"cmsmasters_toggle_inner\">\n<p><strong>Objeto<\/strong><br \/>\nSele\u00e7\u00e3o de propostas na \u00e1rea de artes visuais que ir\u00e3o compor a programa\u00e7\u00e3o dos seus espa\u00e7os expositivos em 2026<\/p>\n<p><strong>Prazo de inscri\u00e7\u00e3o<\/strong><br \/>\n22 de setembro a 09 de novembro de 2025<\/p>\n<p><strong>Arquivo da Chamada<\/strong><br \/>\n<span style=\"text-decoration: underline;\"><span style=\"color: #000080;\"><strong><a style=\"color: #000080; text-decoration: underline;\" href=\"https:\/\/www.ufmg.br\/centrocultural\/wp-content\/uploads\/2025\/09\/chamada-003-2025-2026-galerias.pdf\" target=\"_blank\" rel=\"noopener\">https:\/\/www.ufmg.br\/centrocultural\/wp-content\/uploads\/2025\/09\/chamada-003-2025-2026-galerias.pdf<\/a><\/strong><\/span><\/span><\/p>\n<p><strong>Resultado da Chamada<\/strong><br \/>\n<span style=\"color: #333399;\"><span style=\"text-decoration: underline;\"><span style=\"color: #000080; text-decoration: underline;\"><strong><a style=\"color: #000080; text-decoration: underline;\" href=\"https:\/\/www.ufmg.br\/centrocultural\/wp-content\/uploads\/2025\/12\/resultado-chamadas-publicas-2025-2026.pdf\" target=\"_blank\" rel=\"noopener\">https:\/\/www.ufmg.br\/centrocultural\/wp-content\/uploads\/2025\/12\/resultado-chamadas-publicas-2025-2026.pdf\u00a0<\/a><\/strong><\/span><\/span> \u00a0 \u00a0\u00a0<\/span><\/p>\n<\/div>\n<\/div>\n<\/div><\/div><\/div>\n<\/div><\/div>\n<\/div>\n<\/div>\n<\/div>\n<\/div>\n<\/div>\n\n","protected":false},"excerpt":{"rendered":"","protected":false},"author":1,"featured_media":0,"parent":0,"menu_order":0,"comment_status":"closed","ping_status":"closed","template":"","meta":{"footnotes":""},"class_list":["post-15057","page","type-page","status-publish","hentry"],"_links":{"self":[{"href":"https:\/\/www.ufmg.br\/centrocultural\/wp-json\/wp\/v2\/pages\/15057","targetHints":{"allow":["GET"]}}],"collection":[{"href":"https:\/\/www.ufmg.br\/centrocultural\/wp-json\/wp\/v2\/pages"}],"about":[{"href":"https:\/\/www.ufmg.br\/centrocultural\/wp-json\/wp\/v2\/types\/page"}],"author":[{"embeddable":true,"href":"https:\/\/www.ufmg.br\/centrocultural\/wp-json\/wp\/v2\/users\/1"}],"replies":[{"embeddable":true,"href":"https:\/\/www.ufmg.br\/centrocultural\/wp-json\/wp\/v2\/comments?post=15057"}],"version-history":[{"count":85,"href":"https:\/\/www.ufmg.br\/centrocultural\/wp-json\/wp\/v2\/pages\/15057\/revisions"}],"predecessor-version":[{"id":26915,"href":"https:\/\/www.ufmg.br\/centrocultural\/wp-json\/wp\/v2\/pages\/15057\/revisions\/26915"}],"wp:attachment":[{"href":"https:\/\/www.ufmg.br\/centrocultural\/wp-json\/wp\/v2\/media?parent=15057"}],"curies":[{"name":"wp","href":"https:\/\/api.w.org\/{rel}","templated":true}]}}