{"id":15092,"date":"2018-11-30T17:38:59","date_gmt":"2018-11-30T19:38:59","guid":{"rendered":"https:\/\/www.ufmg.br\/centrocultural\/\/?page_id=15092"},"modified":"2026-03-20T14:18:21","modified_gmt":"2026-03-20T17:18:21","slug":"projetos","status":"publish","type":"page","link":"https:\/\/www.ufmg.br\/centrocultural\/o-centro\/projetos\/","title":{"rendered":"Projetos"},"content":{"rendered":"<div id=\"cmsmasters_row_1xhlg5mrwd\" class=\"cmsmasters_row cmsmasters_color_scheme_default cmsmasters_row_top_default cmsmasters_row_bot_default cmsmasters_row_boxed\">\n<div class=\"cmsmasters_row_outer_parent\">\n<div class=\"cmsmasters_row_outer\">\n<div class=\"cmsmasters_row_inner\">\n<div class=\"cmsmasters_row_margin\">\n<div id=\"cmsmasters_column_y7lm6b3nr5\" class=\"cmsmasters_column one_first\">\n<div class=\"cmsmasters_column_inner\">\n<div id=\"cmsmasters_divider_6qgko8abeq\" class=\"cl\"><\/div>\n<\/div><\/div>\n<\/div>\n<\/div>\n<\/div>\n<\/div>\n<\/div>\n<div id=\"cmsmasters_row_c9qn3r57f\" class=\"cmsmasters_row cmsmasters_color_scheme_default cmsmasters_row_top_default cmsmasters_row_bot_default cmsmasters_row_boxed\">\n<div class=\"cmsmasters_row_outer_parent\">\n<div class=\"cmsmasters_row_outer\">\n<div class=\"cmsmasters_row_inner\">\n<div class=\"cmsmasters_row_margin\">\n<div id=\"cmsmasters_column_fjje6ch8yt\" class=\"cmsmasters_column one_first\">\n<div class=\"cmsmasters_column_inner\"><div id=\"cmsmasters_heading_n1as141qth\" class=\"cmsmasters_heading_wrap cmsmasters_heading_align_left\">\n\t<h5 class=\"cmsmasters_heading\">DIVERSIDADE<\/h5>\n<\/div>\n<\/div><\/div>\n<\/div>\n<\/div>\n<\/div>\n<\/div>\n<\/div>\n<div id=\"cmsmasters_row_yx4s885zgu\" class=\"cmsmasters_row cmsmasters_color_scheme_default cmsmasters_row_top_default cmsmasters_row_bot_default cmsmasters_row_boxed\">\n<div class=\"cmsmasters_row_outer_parent\">\n<div class=\"cmsmasters_row_outer\">\n<div class=\"cmsmasters_row_inner\">\n<div class=\"cmsmasters_row_margin\">\n<div id=\"cmsmasters_column_s3ssuby53o\" class=\"cmsmasters_column one_first\">\n<div class=\"cmsmasters_column_inner\"><div id=\"cmsmasters_heading_3pjyku6ly4\" class=\"cmsmasters_heading_wrap cmsmasters_heading_align_left\">\n\t<h2 class=\"cmsmasters_heading\">Projetos do CCult<\/h2>\n<\/div>\n<\/div><\/div>\n<\/div>\n<\/div>\n<\/div>\n<\/div>\n<\/div>\n<div id=\"cmsmasters_row_rqdw376gsj\" class=\"cmsmasters_row cmsmasters_color_scheme_default cmsmasters_row_top_default cmsmasters_row_bot_default cmsmasters_row_boxed\">\n<div class=\"cmsmasters_row_outer_parent\">\n<div class=\"cmsmasters_row_outer\">\n<div class=\"cmsmasters_row_inner\">\n<div class=\"cmsmasters_row_margin\">\n<div id=\"cmsmasters_column_9zz8v5eyck\" class=\"cmsmasters_column one_first\">\n<div class=\"cmsmasters_column_inner\"><div class=\"cmsmasters_text\">\n<p>O Centro Cultural UFMG oferece ao p\u00fablico programa\u00e7\u00e3o diversificada com atra\u00e7\u00f5es art\u00edsticas presenciais e online, bem como a oportunidade de usar o seu espa\u00e7o para o desenvolvimento de propostas culturais. Resid\u00eancia art\u00edstica, mostras cinematogr\u00e1ficas, exposi\u00e7\u00f5es, debates, produ\u00e7\u00f5es de \u00e1udio e v\u00eddeo, espet\u00e1culos de dan\u00e7a, teatro e m\u00fasica fazem parte de seus projetos. Conhe\u00e7a os projetos e acompanhe tamb\u00e9m <span style=\"color: #333399;\"><a style=\"color: #333399;\" href=\"https:\/\/www.ufmg.br\/centrocultural\/noticias\/\">o que acontece<\/a><\/span> no Centro Cultural UFMG.<\/p>\n<\/div>\n<\/div><\/div>\n<\/div>\n<\/div>\n<\/div>\n<\/div>\n<\/div>\n<div id=\"cmsmasters_row_yi5uem5uc\" class=\"cmsmasters_row cmsmasters_color_scheme_default cmsmasters_row_top_default cmsmasters_row_bot_default cmsmasters_row_boxed\">\n<div class=\"cmsmasters_row_outer_parent\">\n<div class=\"cmsmasters_row_outer\">\n<div class=\"cmsmasters_row_inner\">\n<div class=\"cmsmasters_row_margin\">\n<div id=\"cmsmasters_column_0ta8kzibc\" class=\"cmsmasters_column one_first\">\n<div class=\"cmsmasters_column_inner\"><div class=\"cmsmasters_text\">\n<h2>Atra\u00e7\u00f5es online<\/h2>\n<\/div>\n<\/div><\/div>\n<\/div>\n<\/div>\n<\/div>\n<\/div>\n<\/div>\n<div id=\"cmsmasters_row_oa4u4n8im7\" class=\"cmsmasters_row cmsmasters_color_scheme_default cmsmasters_row_top_default cmsmasters_row_bot_default cmsmasters_row_boxed\">\n<div class=\"cmsmasters_row_outer_parent\">\n<div class=\"cmsmasters_row_outer\">\n<div class=\"cmsmasters_row_inner\">\n<div class=\"cmsmasters_row_margin\">\n<div id=\"cmsmasters_column_c2yinrd6ts\" class=\"cmsmasters_column one_fourth\">\n<div class=\"cmsmasters_column_inner\"><div id=\"cmsmasters_icon_box_timfz7udel\" class=\"cmsmasters_icon_box cmsmasters_icon_top box_icon_type_image \">\n<div class=\"icon_box_inner\">\n<h4 class=\"icon_box_heading\">Aulas abertas<\/h4>\n<div class=\"icon_box_text\">\n<h6 style=\"text-align: center;\"><a href=\"https:\/\/www.ufmg.br\/centrocultural\/?page_id=15650\">Leia mais<\/a><\/h6>\n<\/div>\n<\/div>\n<\/div>\n<\/div><\/div>\n<div id=\"cmsmasters_column_3ujlnc679g\" class=\"cmsmasters_column one_fourth\">\n<div class=\"cmsmasters_column_inner\"><div id=\"cmsmasters_icon_box_mo7l2zgk1\" class=\"cmsmasters_icon_box cmsmasters_icon_top box_icon_type_image \">\n<div class=\"icon_box_inner\">\n<h4 class=\"icon_box_heading\">Di\u00e1logos<\/h4>\n<div class=\"icon_box_text\">\n<h6 style=\"text-align: center;\"><a href=\"https:\/\/www.ufmg.br\/centrocultural\/?page_id=16214\">Leia mais<\/a><\/h6>\n<\/div>\n<\/div>\n<\/div>\n<\/div><\/div>\n<div id=\"cmsmasters_column_e0x0k8gdbd\" class=\"cmsmasters_column one_fourth\">\n<div class=\"cmsmasters_column_inner\"><div id=\"cmsmasters_icon_box_alzcc1i66\" class=\"cmsmasters_icon_box cmsmasters_icon_top box_icon_type_image \">\n<div class=\"icon_box_inner\">\n<h4 class=\"icon_box_heading\">Pingo de Tinta<\/h4>\n<div class=\"icon_box_text\">\n<h6><a href=\"https:\/\/www.ufmg.br\/centrocultural\/?page_id=15741\">Leia mais<\/a><\/h6>\n<\/div>\n<\/div>\n<\/div>\n<\/div><\/div>\n<div id=\"cmsmasters_column_iizvrbf2k\" class=\"cmsmasters_column one_fourth\">\n<div class=\"cmsmasters_column_inner\"><div id=\"cmsmasters_icon_box_ndt6nqr2xm\" class=\"cmsmasters_icon_box cmsmasters_icon_top box_icon_type_image \">\n<div class=\"icon_box_inner\">\n<h4 class=\"icon_box_heading\">Arte revista<\/h4>\n<div class=\"icon_box_text\">\n<h6><a href=\"https:\/\/www.ufmg.br\/centrocultural\/?page_id=15446\">Leia mais<\/a><\/h6>\n<\/div>\n<\/div>\n<\/div>\n<\/div><\/div>\n<\/div>\n<\/div>\n<\/div>\n<\/div>\n<\/div>\n<div id=\"cmsmasters_row_i8atthcg59\" class=\"cmsmasters_row cmsmasters_color_scheme_default cmsmasters_row_top_default cmsmasters_row_bot_default cmsmasters_row_boxed\">\n<div class=\"cmsmasters_row_outer_parent\">\n<div class=\"cmsmasters_row_outer\">\n<div class=\"cmsmasters_row_inner\">\n<div class=\"cmsmasters_row_margin\">\n<div id=\"cmsmasters_column_sxm1i0mri\" class=\"cmsmasters_column one_first\">\n<div class=\"cmsmasters_column_inner\"><div class=\"cmsmasters_text\">\n<h2>Atra\u00e7\u00f5es presenciais<\/h2>\n<\/div>\n<\/div><\/div>\n<\/div>\n<\/div>\n<\/div>\n<\/div>\n<\/div>\n<div id=\"cmsmasters_row_48jr6yiw9q\" class=\"cmsmasters_row cmsmasters_color_scheme_default cmsmasters_row_top_default cmsmasters_row_bot_default cmsmasters_row_fullwidth\">\n<div class=\"cmsmasters_row_outer_parent\">\n<div class=\"cmsmasters_row_outer\">\n<div class=\"cmsmasters_row_inner cmsmasters_row_fullwidth\">\n<div class=\"cmsmasters_row_margin\">\n<div id=\"cmsmasters_column_86s3ij14ga\" class=\"cmsmasters_column one_first\">\n<div class=\"cmsmasters_column_inner\"><div id=\"portfolio_qj0y62zcos\" class=\"cmsmasters_wrap_portfolio entry-summary\" data-layout=\"grid\" data-layout-mode=\"perfect\" data-url=\"https:\/\/www.ufmg.br\/centrocultural\/wp-content\/plugins\/cmsmasters-content-composer\/\" data-orderby=\"date\" data-order=\"DESC\" data-count=\"4\" data-categories=\"projetos\" data-metadata=\"title,excerpt,more\"><div class=\"portfolio grid large_gap perfect cmsmasters_4\"><!-- Start Project Grid Article -->\n<article id=\"post-15200\" class=\"cmsmasters_project_grid post-15200 project type-project status-publish format-standard has-post-thumbnail hentry pj-categs-projetos pj-tags-residenciaartistica\" data-category=\"projetos\">\n\t<div class=\"project_outer\">\n\t<figure class=\"cmsmasters_img_rollover_wrap preloader\"><img loading=\"lazy\" decoding=\"async\" width=\"580\" height=\"420\" src=\"https:\/\/www.ufmg.br\/centrocultural\/wp-content\/uploads\/2019\/07\/Cena-Aberta-Cine-concerto-Olhos-de-Inai\u00e1-Grupo-Soundpainting-BH-Fotografia-Guilherme-Machala-580x420.jpg\" class=\"full-width wp-post-image\" alt=\"Resid\u00eancia Art\u00edstica\" title=\"Resid\u00eancia Art\u00edstica\" \/><div class=\"cmsmasters_img_rollover\"><a href=\"https:\/\/www.ufmg.br\/centrocultural\/project\/residencia-artistica\/\" title=\"Resid\u00eancia Art\u00edstica\" class=\"cmsmasters_open_link\"><\/a><\/div><\/figure><div class=\"project_inner\"><header class=\"cmsmasters_project_header entry-header\"><h3 class=\"cmsmasters_project_title entry-title\"><a href=\"https:\/\/www.ufmg.br\/centrocultural\/project\/residencia-artistica\/\">Resid\u00eancia Art\u00edstica<\/a><\/h3><\/header><a class=\"cmsmasters_project_read_more\" href=\"https:\/\/www.ufmg.br\/centrocultural\/project\/residencia-artistica\/\">Read More<\/a><\/div><span class=\"dn meta-date\">20190703162051<\/span>\t<\/div>\n<\/article>\n<!-- Finish Project Grid Article -->\n\n<!-- Start Project Grid Article -->\n<article id=\"post-14965\" class=\"cmsmasters_project_grid post-14965 project type-project status-publish format-standard has-post-thumbnail hentry pj-categs-galeria pj-categs-projetos pj-tags-espacosexpositivos pj-tags-exposicoes pj-tags-galerias\" data-category=\"galeria projetos\">\n\t<div class=\"project_outer\">\n\t<figure class=\"cmsmasters_img_rollover_wrap preloader\"><img loading=\"lazy\" decoding=\"async\" width=\"580\" height=\"420\" src=\"https:\/\/www.ufmg.br\/centrocultural\/wp-content\/uploads\/2018\/11\/ilustracao-galerias-1-580x420.png\" class=\"full-width wp-post-image\" alt=\"Galerias\" title=\"Galerias\" \/><div class=\"cmsmasters_img_rollover\"><a href=\"https:\/\/www.ufmg.br\/centrocultural\/project\/galerias\/\" title=\"Galerias\" class=\"cmsmasters_open_link\"><\/a><\/div><\/figure><div class=\"project_inner\"><header class=\"cmsmasters_project_header entry-header\"><h3 class=\"cmsmasters_project_title entry-title\"><a href=\"https:\/\/www.ufmg.br\/centrocultural\/project\/galerias\/\">Galerias<\/a><\/h3><\/header><a class=\"cmsmasters_project_read_more\" href=\"https:\/\/www.ufmg.br\/centrocultural\/project\/galerias\/\">Read More<\/a><\/div><span class=\"dn meta-date\">20181128105152<\/span>\t<\/div>\n<\/article>\n<!-- Finish Project Grid Article -->\n\n<!-- Start Project Grid Article -->\n<article id=\"post-14963\" class=\"cmsmasters_project_grid post-14963 project type-project status-publish format-standard has-post-thumbnail hentry pj-categs-projetos\" data-category=\"projetos\">\n\t<div class=\"project_outer\">\n\t<figure class=\"cmsmasters_img_rollover_wrap preloader\"><img loading=\"lazy\" decoding=\"async\" width=\"580\" height=\"420\" src=\"https:\/\/www.ufmg.br\/centrocultural\/wp-content\/uploads\/2018\/11\/CineCentro-580x420.jpg\" class=\"full-width wp-post-image\" alt=\"CineCentro\" title=\"CineCentro\" \/><div class=\"cmsmasters_img_rollover\"><a href=\"https:\/\/www.ufmg.br\/centrocultural\/project\/cinecentro\/\" title=\"CineCentro\" class=\"cmsmasters_open_link\"><\/a><\/div><\/figure><div class=\"project_inner\"><header class=\"cmsmasters_project_header entry-header\"><h3 class=\"cmsmasters_project_title entry-title\"><a href=\"https:\/\/www.ufmg.br\/centrocultural\/project\/cinecentro\/\">CineCentro<\/a><\/h3><\/header><a class=\"cmsmasters_project_read_more\" href=\"https:\/\/www.ufmg.br\/centrocultural\/project\/cinecentro\/\">Read More<\/a><\/div><span class=\"dn meta-date\">20181128104902<\/span>\t<\/div>\n<\/article>\n<!-- Finish Project Grid Article -->\n\n<!-- Start Project Grid Article -->\n<article id=\"post-14960\" class=\"cmsmasters_project_grid post-14960 project type-project status-publish format-standard has-post-thumbnail hentry pj-categs-projetos\" data-category=\"projetos\">\n\t<div class=\"project_outer\">\n\t<figure class=\"cmsmasters_img_rollover_wrap preloader\"><img loading=\"lazy\" decoding=\"async\" width=\"580\" height=\"420\" src=\"https:\/\/www.ufmg.br\/centrocultural\/wp-content\/uploads\/2018\/11\/Baixo-Centro-Encena-Espet\u00e1culo-Amanda-Foto-Bianca-Aun-580x420.jpg\" class=\"full-width wp-post-image\" alt=\"Baixo Centro En [cena]\" title=\"Baixo Centro En [cena]\" \/><div class=\"cmsmasters_img_rollover\"><a href=\"https:\/\/www.ufmg.br\/centrocultural\/project\/baixo-centro-en-cena\/\" title=\"Baixo Centro En [cena]\" class=\"cmsmasters_open_link\"><\/a><\/div><\/figure><div class=\"project_inner\"><header class=\"cmsmasters_project_header entry-header\"><h3 class=\"cmsmasters_project_title entry-title\"><a href=\"https:\/\/www.ufmg.br\/centrocultural\/project\/baixo-centro-en-cena\/\">Baixo Centro En [cena]<\/a><\/h3><\/header><a class=\"cmsmasters_project_read_more\" href=\"https:\/\/www.ufmg.br\/centrocultural\/project\/baixo-centro-en-cena\/\">Read More<\/a><\/div><span class=\"dn meta-date\">20181128100939<\/span>\t<\/div>\n<\/article>\n<!-- Finish Project Grid Article -->\n\n<\/div><\/div>\n<\/div><\/div>\n<\/div>\n<\/div>\n<\/div>\n<\/div>\n<\/div>\n\n","protected":false},"excerpt":{"rendered":"","protected":false},"author":1,"featured_media":0,"parent":529,"menu_order":0,"comment_status":"closed","ping_status":"closed","template":"","meta":{"footnotes":""},"class_list":["post-15092","page","type-page","status-publish","hentry"],"_links":{"self":[{"href":"https:\/\/www.ufmg.br\/centrocultural\/wp-json\/wp\/v2\/pages\/15092","targetHints":{"allow":["GET"]}}],"collection":[{"href":"https:\/\/www.ufmg.br\/centrocultural\/wp-json\/wp\/v2\/pages"}],"about":[{"href":"https:\/\/www.ufmg.br\/centrocultural\/wp-json\/wp\/v2\/types\/page"}],"author":[{"embeddable":true,"href":"https:\/\/www.ufmg.br\/centrocultural\/wp-json\/wp\/v2\/users\/1"}],"replies":[{"embeddable":true,"href":"https:\/\/www.ufmg.br\/centrocultural\/wp-json\/wp\/v2\/comments?post=15092"}],"version-history":[{"count":25,"href":"https:\/\/www.ufmg.br\/centrocultural\/wp-json\/wp\/v2\/pages\/15092\/revisions"}],"predecessor-version":[{"id":26923,"href":"https:\/\/www.ufmg.br\/centrocultural\/wp-json\/wp\/v2\/pages\/15092\/revisions\/26923"}],"up":[{"embeddable":true,"href":"https:\/\/www.ufmg.br\/centrocultural\/wp-json\/wp\/v2\/pages\/529"}],"wp:attachment":[{"href":"https:\/\/www.ufmg.br\/centrocultural\/wp-json\/wp\/v2\/media?parent=15092"}],"curies":[{"name":"wp","href":"https:\/\/api.w.org\/{rel}","templated":true}]}}