{"id":15446,"date":"2020-04-27T10:51:26","date_gmt":"2020-04-27T13:51:26","guid":{"rendered":"https:\/\/www.ufmg.br\/centrocultural\/?page_id=15446"},"modified":"2020-05-19T15:21:17","modified_gmt":"2020-05-19T18:21:17","slug":"arte-revista","status":"publish","type":"page","link":"https:\/\/www.ufmg.br\/centrocultural\/arte-revista\/","title":{"rendered":"Arte Revista"},"content":{"rendered":"<div id=\"cmsmasters_row_mw6asuq4q\" class=\"cmsmasters_row cmsmasters_color_scheme_default cmsmasters_row_top_default cmsmasters_row_bot_default cmsmasters_row_boxed\">\n<div class=\"cmsmasters_row_outer_parent\">\n<div class=\"cmsmasters_row_outer\">\n<div class=\"cmsmasters_row_inner\">\n<div class=\"cmsmasters_row_margin\">\n<div id=\"cmsmasters_column_p95p2uhqkl\" class=\"cmsmasters_column one_first\">\n<div class=\"cmsmasters_column_inner\"><div class=\"cmsmasters_text\">\n<p>&nbsp;<\/p>\n<p>&nbsp;<\/p>\n<\/div>\n<\/div><\/div>\n<\/div>\n<\/div>\n<\/div>\n<\/div>\n<\/div>\n<div id=\"cmsmasters_row_zhv80we65\" class=\"cmsmasters_row cmsmasters_color_scheme_default cmsmasters_row_top_default cmsmasters_row_bot_default cmsmasters_row_boxed\">\n<div class=\"cmsmasters_row_outer_parent\">\n<div class=\"cmsmasters_row_outer\">\n<div class=\"cmsmasters_row_inner\">\n<div class=\"cmsmasters_row_margin\">\n<div id=\"cmsmasters_column_411z3tjus5\" class=\"cmsmasters_column one_first\">\n<div class=\"cmsmasters_column_inner\"><div class=\"aligncenter\"><div class=\"cmsmasters_img  cmsmasters_image_c\"><img decoding=\"async\" src=\"https:\/\/www.ufmg.br\/centrocultural\/wp-content\/uploads\/2020\/04\/Flayer-formato-web-600x338.jpg\" \/><\/div><\/div>\n<\/div><\/div>\n<\/div>\n<\/div>\n<\/div>\n<\/div>\n<\/div>\n<div id=\"cmsmasters_row_7pteunjr1y\" class=\"cmsmasters_row cmsmasters_color_scheme_default cmsmasters_row_top_default cmsmasters_row_bot_default cmsmasters_row_boxed\">\n<div class=\"cmsmasters_row_outer_parent\">\n<div class=\"cmsmasters_row_outer\">\n<div class=\"cmsmasters_row_inner\">\n<div class=\"cmsmasters_row_margin\">\n<div id=\"cmsmasters_column_gzxk5fsgth\" class=\"cmsmasters_column one_first\">\n<div class=\"cmsmasters_column_inner\"><div class=\"cmsmasters_text\">\n<p>A partir de segunda-feira, dia 27 de abril de 2020, o Centro Cultural UFMG, em virtude da interrup\u00e7\u00e3o das atividades culturais presenciais em seus espa\u00e7os f\u00edsicos devido \u00e0 pandemia provocada pelo coronav\u00edrus, inaugura o projeto via rede \u201cArte Revista\u201d. A ideia \u00e9 que as produ\u00e7\u00f5es art\u00edsticas e culturais realizadas no Centro Cultural UFMG nos anos de 2018 e 2019 sejam revisitadas em v\u00eddeos de um minuto. A cada semana, quatro novos conte\u00fados ser\u00e3o postados no Facebook, Instagram, YouTube e Site da Institui\u00e7\u00e3o.<\/p>\n<p>Confira abaixo nossos posts:<\/p>\n<\/div>\n<\/div><\/div>\n<\/div>\n<\/div>\n<\/div>\n<\/div>\n<\/div>\n<div id=\"cmsmasters_row_a0e7e99483\" class=\"cmsmasters_row cmsmasters_color_scheme_default cmsmasters_row_top_default cmsmasters_row_bot_default cmsmasters_row_boxed\">\n<div class=\"cmsmasters_row_outer_parent\">\n<div class=\"cmsmasters_row_outer\">\n<div class=\"cmsmasters_row_inner\">\n<div class=\"cmsmasters_row_margin\">\n<div id=\"cmsmasters_column_\" class=\"cmsmasters_column one_first\">\n<div class=\"cmsmasters_column_inner\"><div id=\"blog_49ae717791\" class=\"cmsmasters_wrap_blog entry-summary\" data-layout=\"columns\" data-layout-mode=\"grid\" data-url=\"https:\/\/www.ufmg.br\/centrocultural\/wp-content\/plugins\/cmsmasters-content-composer\/\" data-orderby=\"date\" data-order=\"DESC\" data-count=\"6\" data-categories=\"arte-revista\" data-metadata=\"date,categories,more\" data-pagination=\"more\"><div class=\"blog columns grid cmsmasters_2\"><!-- Start Post Masonry Article -->\n<article id=\"post-20804\" class=\"cmsmasters_post_masonry post-20804 post type-post status-publish format-standard has-post-thumbnail hentry category-arte-revista category-noticias\" data-category=\"arte-revista noticias\">\n\t<div class=\"cmsmasters_post_cont\">\n\t\t<div class=\"cmsmasters_post_cont_img_wrap\"><figure class=\"cmsmasters_img_wrap\"><a href=\"https:\/\/www.ufmg.br\/centrocultural\/bolsistas-de-extensao-do-centro-cultural-ufmg-mostram-suas-atividades-em-video\/\" title=\"Bolsistas de extens\u00e3o do Centro Cultural UFMG mostram suas atividades em v\u00eddeo\" class=\"cmsmasters_img_link preloader\"><img loading=\"lazy\" decoding=\"async\" width=\"580\" height=\"580\" src=\"https:\/\/www.ufmg.br\/centrocultural\/wp-content\/uploads\/2022\/10\/bolsistas-580x580.png\" class=\"full-width wp-post-image\" alt=\"Bolsistas de extens\u00e3o do Centro Cultural UFMG mostram suas atividades em v\u00eddeo\" title=\"Bolsistas de extens\u00e3o do Centro Cultural UFMG mostram suas atividades em v\u00eddeo\" srcset=\"https:\/\/www.ufmg.br\/centrocultural\/wp-content\/uploads\/2022\/10\/bolsistas-580x580.png 580w, https:\/\/www.ufmg.br\/centrocultural\/wp-content\/uploads\/2022\/10\/bolsistas-300x300.png 300w, https:\/\/www.ufmg.br\/centrocultural\/wp-content\/uploads\/2022\/10\/bolsistas-180x180.png 180w\" sizes=\"auto, (max-width: 580px) 100vw, 580px\" \/><\/a><\/figure><\/div><div class=\"cmsmasters_post_cont_info first entry-meta\"><span class=\"cmsmasters_post_category\"><a href=\"https:\/\/www.ufmg.br\/centrocultural\/category\/arte-revista\/\" class=\"cmsmasters_cat_color cmsmasters_cat_60\" rel=\"category tag\">Arte Revista<\/a>, <a href=\"https:\/\/www.ufmg.br\/centrocultural\/category\/noticias\/\" class=\"cmsmasters_cat_color cmsmasters_cat_91\" rel=\"category tag\">Not\u00edcias<\/a><\/span><\/div><header class=\"cmsmasters_post_header entry-header\"><h4 class=\"cmsmasters_post_title entry-title\"><a href=\"https:\/\/www.ufmg.br\/centrocultural\/bolsistas-de-extensao-do-centro-cultural-ufmg-mostram-suas-atividades-em-video\/\">Bolsistas de extens\u00e3o do Centro Cultural UFMG mostram suas atividades em v\u00eddeo<\/a><\/h4><\/header><div class=\"cmsmasters_post_cont_info second entry-meta\"><span class=\"cmsmasters_post_date\"><abbr class=\"published\" title=\"21 de outubro de 2022\">21 de outubro de 2022<\/abbr><abbr class=\"dn date updated\" title=\"21 de outubro de 2022\">21 de outubro de 2022<\/abbr><\/span><\/div><div class=\"cmsmasters_post_content entry-content\">\n<p>Reconhecido com relev\u00e2ncia acad\u00eamica junto a outros 72 trabalhos destacados na Semana do Conhecimento da UFMG de 2022, v\u00eddeo que...<\/p>\n<\/div>\n<footer class=\"cmsmasters_post_footer entry-meta\"><a class=\"cmsmasters_post_read_more\" href=\"https:\/\/www.ufmg.br\/centrocultural\/bolsistas-de-extensao-do-centro-cultural-ufmg-mostram-suas-atividades-em-video\/\">Leia Mais<\/a><\/footer>\t<\/div>\n<\/article>\n<!-- Finish Post Masonry Article -->\n\n<!-- Start Post Masonry Article -->\n<article id=\"post-25093\" class=\"cmsmasters_post_masonry post-25093 post type-post status-publish format-standard has-post-thumbnail hentry category-arte-revista category-noticias tag-contacaodehistoria tag-magnaoliveira\" data-category=\"arte-revista noticias\">\n\t<div class=\"cmsmasters_post_cont\">\n\t\t<div class=\"cmsmasters_post_cont_img_wrap\"><figure class=\"cmsmasters_img_wrap\"><a href=\"https:\/\/www.ufmg.br\/centrocultural\/magna-oliveira-faz-contacao-de-historias-sobre-aquilombar-com-as-narrativas-negras\/\" title=\"Magna Oliveira faz conta\u00e7\u00e3o de hist\u00f3rias sobre &#8216;Aquilombar com as narrativas negras&#8217;\" class=\"cmsmasters_img_link preloader\"><img loading=\"lazy\" decoding=\"async\" width=\"580\" height=\"580\" src=\"https:\/\/www.ufmg.br\/centrocultural\/wp-content\/uploads\/2021\/04\/Magna-Oliveira-Arquivo-pessoal-580x580.jpg\" class=\"full-width wp-post-image\" alt=\"Magna Oliveira faz conta\u00e7\u00e3o de hist\u00f3rias sobre &#8216;Aquilombar com as narrativas negras&#8217;\" title=\"Magna Oliveira faz conta\u00e7\u00e3o de hist\u00f3rias sobre &#8216;Aquilombar com as narrativas negras&#8217;\" srcset=\"https:\/\/www.ufmg.br\/centrocultural\/wp-content\/uploads\/2021\/04\/Magna-Oliveira-Arquivo-pessoal-580x580.jpg 580w, https:\/\/www.ufmg.br\/centrocultural\/wp-content\/uploads\/2021\/04\/Magna-Oliveira-Arquivo-pessoal-300x300.jpg 300w, https:\/\/www.ufmg.br\/centrocultural\/wp-content\/uploads\/2021\/04\/Magna-Oliveira-Arquivo-pessoal-180x180.jpg 180w\" sizes=\"auto, (max-width: 580px) 100vw, 580px\" \/><\/a><\/figure><\/div><div class=\"cmsmasters_post_cont_info first entry-meta\"><span class=\"cmsmasters_post_category\"><a href=\"https:\/\/www.ufmg.br\/centrocultural\/category\/arte-revista\/\" class=\"cmsmasters_cat_color cmsmasters_cat_60\" rel=\"category tag\">Arte Revista<\/a>, <a href=\"https:\/\/www.ufmg.br\/centrocultural\/category\/noticias\/\" class=\"cmsmasters_cat_color cmsmasters_cat_91\" rel=\"category tag\">Not\u00edcias<\/a><\/span><\/div><header class=\"cmsmasters_post_header entry-header\"><h4 class=\"cmsmasters_post_title entry-title\"><a href=\"https:\/\/www.ufmg.br\/centrocultural\/magna-oliveira-faz-contacao-de-historias-sobre-aquilombar-com-as-narrativas-negras\/\">Magna Oliveira faz conta\u00e7\u00e3o de hist\u00f3rias sobre &#8216;Aquilombar com as narrativas negras&#8217;<\/a><\/h4><\/header><div class=\"cmsmasters_post_cont_info second entry-meta\"><span class=\"cmsmasters_post_date\"><abbr class=\"published\" title=\"25 de junho de 2021\">25 de junho de 2021<\/abbr><abbr class=\"dn date updated\" title=\"14 de julho de 2023\">14 de julho de 2023<\/abbr><\/span><\/div><footer class=\"cmsmasters_post_footer entry-meta\"><a class=\"cmsmasters_post_read_more\" href=\"https:\/\/www.ufmg.br\/centrocultural\/magna-oliveira-faz-contacao-de-historias-sobre-aquilombar-com-as-narrativas-negras\/\">Leia Mais<\/a><\/footer>\t<\/div>\n<\/article>\n<!-- Finish Post Masonry Article -->\n\n<!-- Start Post Masonry Article -->\n<article id=\"post-25085\" class=\"cmsmasters_post_masonry post-25085 post type-post status-publish format-standard has-post-thumbnail hentry category-arte-revista category-noticias category-teatro tag-anaregis tag-angelamourao tag-kellycrifer\" data-category=\"arte-revista noticias teatro\">\n\t<div class=\"cmsmasters_post_cont\">\n\t\t<div class=\"cmsmasters_post_cont_img_wrap\"><figure class=\"cmsmasters_img_wrap\"><a href=\"https:\/\/www.ufmg.br\/centrocultural\/roda-de-conversa-elas-por-elas-em-cena-a-loucura-em-questao\/\" title=\"Roda de conversa Elas por elas em cena: a loucura em quest\u00e3o\" class=\"cmsmasters_img_link preloader\"><img loading=\"lazy\" decoding=\"async\" width=\"580\" height=\"580\" src=\"https:\/\/www.ufmg.br\/centrocultural\/wp-content\/uploads\/2021\/05\/elas-por-elas-580x580.png\" class=\"full-width wp-post-image\" alt=\"Roda de conversa Elas por elas em cena: a loucura em quest\u00e3o\" title=\"Roda de conversa Elas por elas em cena: a loucura em quest\u00e3o\" srcset=\"https:\/\/www.ufmg.br\/centrocultural\/wp-content\/uploads\/2021\/05\/elas-por-elas-580x580.png 580w, https:\/\/www.ufmg.br\/centrocultural\/wp-content\/uploads\/2021\/05\/elas-por-elas-300x300.png 300w, https:\/\/www.ufmg.br\/centrocultural\/wp-content\/uploads\/2021\/05\/elas-por-elas-180x180.png 180w\" sizes=\"auto, (max-width: 580px) 100vw, 580px\" \/><\/a><\/figure><\/div><div class=\"cmsmasters_post_cont_info first entry-meta\"><span class=\"cmsmasters_post_category\"><a href=\"https:\/\/www.ufmg.br\/centrocultural\/category\/arte-revista\/\" class=\"cmsmasters_cat_color cmsmasters_cat_60\" rel=\"category tag\">Arte Revista<\/a>, <a href=\"https:\/\/www.ufmg.br\/centrocultural\/category\/noticias\/\" class=\"cmsmasters_cat_color cmsmasters_cat_91\" rel=\"category tag\">Not\u00edcias<\/a>, <a href=\"https:\/\/www.ufmg.br\/centrocultural\/category\/teatro\/\" class=\"cmsmasters_cat_color cmsmasters_cat_166\" rel=\"category tag\">Teatro<\/a><\/span><\/div><header class=\"cmsmasters_post_header entry-header\"><h4 class=\"cmsmasters_post_title entry-title\"><a href=\"https:\/\/www.ufmg.br\/centrocultural\/roda-de-conversa-elas-por-elas-em-cena-a-loucura-em-questao\/\">Roda de conversa Elas por elas em cena: a loucura em quest\u00e3o<\/a><\/h4><\/header><div class=\"cmsmasters_post_cont_info second entry-meta\"><span class=\"cmsmasters_post_date\"><abbr class=\"published\" title=\"28 de maio de 2021\">28 de maio de 2021<\/abbr><abbr class=\"dn date updated\" title=\"13 de julho de 2023\">13 de julho de 2023<\/abbr><\/span><\/div><footer class=\"cmsmasters_post_footer entry-meta\"><a class=\"cmsmasters_post_read_more\" href=\"https:\/\/www.ufmg.br\/centrocultural\/roda-de-conversa-elas-por-elas-em-cena-a-loucura-em-questao\/\">Leia Mais<\/a><\/footer>\t<\/div>\n<\/article>\n<!-- Finish Post Masonry Article -->\n\n<!-- Start Post Masonry Article -->\n<article id=\"post-25040\" class=\"cmsmasters_post_masonry post-25040 post type-post status-publish format-standard has-post-thumbnail hentry category-arte-revista category-espetaculos category-noticias tag-claranunes tag-donajandira tag-homenagens tag-show\" data-category=\"arte-revista espetaculos noticias\">\n\t<div class=\"cmsmasters_post_cont\">\n\t\t<div class=\"cmsmasters_post_cont_img_wrap\"><figure class=\"cmsmasters_img_wrap\"><a href=\"https:\/\/www.ufmg.br\/centrocultural\/dona-jandira-homenageia-clara-nunes\/\" title=\"Dona Jandira homenageia Clara Nunes\" class=\"cmsmasters_img_link preloader\"><img loading=\"lazy\" decoding=\"async\" width=\"580\" height=\"580\" src=\"https:\/\/www.ufmg.br\/centrocultural\/wp-content\/uploads\/2023\/07\/dona-jandira-divulgacao-580x580.jpg\" class=\"full-width wp-post-image\" alt=\"Dona Jandira homenageia Clara Nunes\" title=\"Dona Jandira homenageia Clara Nunes\" srcset=\"https:\/\/www.ufmg.br\/centrocultural\/wp-content\/uploads\/2023\/07\/dona-jandira-divulgacao-580x580.jpg 580w, https:\/\/www.ufmg.br\/centrocultural\/wp-content\/uploads\/2023\/07\/dona-jandira-divulgacao-600x600.jpg 600w, https:\/\/www.ufmg.br\/centrocultural\/wp-content\/uploads\/2023\/07\/dona-jandira-divulgacao-1024x1024.jpg 1024w, https:\/\/www.ufmg.br\/centrocultural\/wp-content\/uploads\/2023\/07\/dona-jandira-divulgacao-300x300.jpg 300w, https:\/\/www.ufmg.br\/centrocultural\/wp-content\/uploads\/2023\/07\/dona-jandira-divulgacao-768x768.jpg 768w, https:\/\/www.ufmg.br\/centrocultural\/wp-content\/uploads\/2023\/07\/dona-jandira-divulgacao-180x180.jpg 180w, https:\/\/www.ufmg.br\/centrocultural\/wp-content\/uploads\/2023\/07\/dona-jandira-divulgacao-860x860.jpg 860w, https:\/\/www.ufmg.br\/centrocultural\/wp-content\/uploads\/2023\/07\/dona-jandira-divulgacao.jpg 1080w\" sizes=\"auto, (max-width: 580px) 100vw, 580px\" \/><\/a><\/figure><\/div><div class=\"cmsmasters_post_cont_info first entry-meta\"><span class=\"cmsmasters_post_category\"><a href=\"https:\/\/www.ufmg.br\/centrocultural\/category\/arte-revista\/\" class=\"cmsmasters_cat_color cmsmasters_cat_60\" rel=\"category tag\">Arte Revista<\/a>, <a href=\"https:\/\/www.ufmg.br\/centrocultural\/category\/espetaculos\/\" class=\"cmsmasters_cat_color cmsmasters_cat_165\" rel=\"category tag\">Espet\u00e1culos<\/a>, <a href=\"https:\/\/www.ufmg.br\/centrocultural\/category\/noticias\/\" class=\"cmsmasters_cat_color cmsmasters_cat_91\" rel=\"category tag\">Not\u00edcias<\/a><\/span><\/div><header class=\"cmsmasters_post_header entry-header\"><h4 class=\"cmsmasters_post_title entry-title\"><a href=\"https:\/\/www.ufmg.br\/centrocultural\/dona-jandira-homenageia-clara-nunes\/\">Dona Jandira homenageia Clara Nunes<\/a><\/h4><\/header><div class=\"cmsmasters_post_cont_info second entry-meta\"><span class=\"cmsmasters_post_date\"><abbr class=\"published\" title=\"22 de janeiro de 2021\">22 de janeiro de 2021<\/abbr><abbr class=\"dn date updated\" title=\"12 de julho de 2023\">12 de julho de 2023<\/abbr><\/span><\/div><footer class=\"cmsmasters_post_footer entry-meta\"><a class=\"cmsmasters_post_read_more\" href=\"https:\/\/www.ufmg.br\/centrocultural\/dona-jandira-homenageia-clara-nunes\/\">Leia Mais<\/a><\/footer>\t<\/div>\n<\/article>\n<!-- Finish Post Masonry Article -->\n\n<!-- Start Post Masonry Article -->\n<article id=\"post-25045\" class=\"cmsmasters_post_masonry post-25045 post type-post status-publish format-standard has-post-thumbnail hentry category-arte-revista category-espetaculos category-noticias tag-blocodafofoca tag-espetaculo tag-projetoarterevista\" data-category=\"arte-revista espetaculos noticias\">\n\t<div class=\"cmsmasters_post_cont\">\n\t\t<div class=\"cmsmasters_post_cont_img_wrap\"><figure class=\"cmsmasters_img_wrap\"><a href=\"https:\/\/www.ufmg.br\/centrocultural\/bloco-da-fofoca-apresenta-o-carimbo-no-centro-cultural-ufmg\/\" title=\"Bloco da Fofoca apresenta o carimb\u00f3 no Centro Cultural UFMG\" class=\"cmsmasters_img_link preloader\"><img loading=\"lazy\" decoding=\"async\" width=\"580\" height=\"580\" src=\"https:\/\/www.ufmg.br\/centrocultural\/wp-content\/uploads\/2023\/07\/bloco-da-fofoca-facebook-580x580.jpg\" class=\"full-width wp-post-image\" alt=\"Bloco da Fofoca apresenta o carimb\u00f3 no Centro Cultural UFMG\" title=\"Bloco da Fofoca apresenta o carimb\u00f3 no Centro Cultural UFMG\" srcset=\"https:\/\/www.ufmg.br\/centrocultural\/wp-content\/uploads\/2023\/07\/bloco-da-fofoca-facebook-580x580.jpg 580w, https:\/\/www.ufmg.br\/centrocultural\/wp-content\/uploads\/2023\/07\/bloco-da-fofoca-facebook-300x300.jpg 300w, https:\/\/www.ufmg.br\/centrocultural\/wp-content\/uploads\/2023\/07\/bloco-da-fofoca-facebook-180x180.jpg 180w\" sizes=\"auto, (max-width: 580px) 100vw, 580px\" \/><\/a><\/figure><\/div><div class=\"cmsmasters_post_cont_info first entry-meta\"><span class=\"cmsmasters_post_category\"><a href=\"https:\/\/www.ufmg.br\/centrocultural\/category\/arte-revista\/\" class=\"cmsmasters_cat_color cmsmasters_cat_60\" rel=\"category tag\">Arte Revista<\/a>, <a href=\"https:\/\/www.ufmg.br\/centrocultural\/category\/espetaculos\/\" class=\"cmsmasters_cat_color cmsmasters_cat_165\" rel=\"category tag\">Espet\u00e1culos<\/a>, <a href=\"https:\/\/www.ufmg.br\/centrocultural\/category\/noticias\/\" class=\"cmsmasters_cat_color cmsmasters_cat_91\" rel=\"category tag\">Not\u00edcias<\/a><\/span><\/div><header class=\"cmsmasters_post_header entry-header\"><h4 class=\"cmsmasters_post_title entry-title\"><a href=\"https:\/\/www.ufmg.br\/centrocultural\/bloco-da-fofoca-apresenta-o-carimbo-no-centro-cultural-ufmg\/\">Bloco da Fofoca apresenta o carimb\u00f3 no Centro Cultural UFMG<\/a><\/h4><\/header><div class=\"cmsmasters_post_cont_info second entry-meta\"><span class=\"cmsmasters_post_date\"><abbr class=\"published\" title=\"16 de dezembro de 2020\">16 de dezembro de 2020<\/abbr><abbr class=\"dn date updated\" title=\"12 de julho de 2023\">12 de julho de 2023<\/abbr><\/span><\/div><footer class=\"cmsmasters_post_footer entry-meta\"><a class=\"cmsmasters_post_read_more\" href=\"https:\/\/www.ufmg.br\/centrocultural\/bloco-da-fofoca-apresenta-o-carimbo-no-centro-cultural-ufmg\/\">Leia Mais<\/a><\/footer>\t<\/div>\n<\/article>\n<!-- Finish Post Masonry Article -->\n\n<!-- Start Post Masonry Article -->\n<article id=\"post-25050\" class=\"cmsmasters_post_masonry post-25050 post type-post status-publish format-standard has-post-thumbnail hentry category-arte-revista category-espetaculos category-noticias tag-espetaculo tag-projetoarterevista tag-velhaguardadosamba\" data-category=\"arte-revista espetaculos noticias\">\n\t<div class=\"cmsmasters_post_cont\">\n\t\t<div class=\"cmsmasters_post_cont_img_wrap\"><figure class=\"cmsmasters_img_wrap\"><a href=\"https:\/\/www.ufmg.br\/centrocultural\/show-da-velha-guarda-do-samba-de-belo-horiizonte\/\" title=\"Show da Velha Guarda do Samba de Belo Horiizonte\" class=\"cmsmasters_img_link preloader\"><img loading=\"lazy\" decoding=\"async\" width=\"580\" height=\"580\" src=\"https:\/\/www.ufmg.br\/centrocultural\/wp-content\/uploads\/2020\/12\/velha-guarda-do-samba-bh-foto-ana-ribas-580x580.jpg\" class=\"full-width wp-post-image\" alt=\"Show da Velha Guarda do Samba de Belo Horiizonte\" title=\"Show da Velha Guarda do Samba de Belo Horiizonte\" srcset=\"https:\/\/www.ufmg.br\/centrocultural\/wp-content\/uploads\/2020\/12\/velha-guarda-do-samba-bh-foto-ana-ribas-580x580.jpg 580w, https:\/\/www.ufmg.br\/centrocultural\/wp-content\/uploads\/2020\/12\/velha-guarda-do-samba-bh-foto-ana-ribas-300x300.jpg 300w, https:\/\/www.ufmg.br\/centrocultural\/wp-content\/uploads\/2020\/12\/velha-guarda-do-samba-bh-foto-ana-ribas-180x180.jpg 180w\" sizes=\"auto, (max-width: 580px) 100vw, 580px\" \/><\/a><\/figure><\/div><div class=\"cmsmasters_post_cont_info first entry-meta\"><span class=\"cmsmasters_post_category\"><a href=\"https:\/\/www.ufmg.br\/centrocultural\/category\/arte-revista\/\" class=\"cmsmasters_cat_color cmsmasters_cat_60\" rel=\"category tag\">Arte Revista<\/a>, <a href=\"https:\/\/www.ufmg.br\/centrocultural\/category\/espetaculos\/\" class=\"cmsmasters_cat_color cmsmasters_cat_165\" rel=\"category tag\">Espet\u00e1culos<\/a>, <a href=\"https:\/\/www.ufmg.br\/centrocultural\/category\/noticias\/\" class=\"cmsmasters_cat_color cmsmasters_cat_91\" rel=\"category tag\">Not\u00edcias<\/a><\/span><\/div><header class=\"cmsmasters_post_header entry-header\"><h4 class=\"cmsmasters_post_title entry-title\"><a href=\"https:\/\/www.ufmg.br\/centrocultural\/show-da-velha-guarda-do-samba-de-belo-horiizonte\/\">Show da Velha Guarda do Samba de Belo Horiizonte<\/a><\/h4><\/header><div class=\"cmsmasters_post_cont_info second entry-meta\"><span class=\"cmsmasters_post_date\"><abbr class=\"published\" title=\"1 de dezembro de 2020\">1 de dezembro de 2020<\/abbr><abbr class=\"dn date updated\" title=\"12 de julho de 2023\">12 de julho de 2023<\/abbr><\/span><\/div><footer class=\"cmsmasters_post_footer entry-meta\"><a class=\"cmsmasters_post_read_more\" href=\"https:\/\/www.ufmg.br\/centrocultural\/show-da-velha-guarda-do-samba-de-belo-horiizonte\/\">Leia Mais<\/a><\/footer>\t<\/div>\n<\/article>\n<!-- Finish Post Masonry Article -->\n\n<\/div><div class=\"cmsmasters_wrap_more_posts cmsmasters_wrap_more_items\"><div class=\"cmsmasters_wrap_post_loader cmsmasters_wrap_items_loader\">\r\n\t\t\t\t\t<a href=\"javascript:void(0)\" class=\"cmsmasters_button cmsmasters_post_loader cmsmasters_items_loader\">\r\n\t\t\t\t\t\t<span>Carregar mais posts<\/span>\r\n\t\t\t\t\t<\/a>\r\n\t\t\t\t<\/div><\/div><\/div>\n<\/div><\/div>\n<div id=\"cmsmasters_column_fxkv7dce5g\" class=\"cmsmasters_column one_first\">\n<div class=\"cmsmasters_column_inner\"><\/div><\/div>\n<\/div>\n<\/div>\n<\/div>\n<\/div>\n<\/div>\n\n","protected":false},"excerpt":{"rendered":"","protected":false},"author":7,"featured_media":15448,"parent":0,"menu_order":0,"comment_status":"closed","ping_status":"closed","template":"","meta":{"footnotes":""},"class_list":["post-15446","page","type-page","status-publish","has-post-thumbnail","hentry"],"_links":{"self":[{"href":"https:\/\/www.ufmg.br\/centrocultural\/wp-json\/wp\/v2\/pages\/15446","targetHints":{"allow":["GET"]}}],"collection":[{"href":"https:\/\/www.ufmg.br\/centrocultural\/wp-json\/wp\/v2\/pages"}],"about":[{"href":"https:\/\/www.ufmg.br\/centrocultural\/wp-json\/wp\/v2\/types\/page"}],"author":[{"embeddable":true,"href":"https:\/\/www.ufmg.br\/centrocultural\/wp-json\/wp\/v2\/users\/7"}],"replies":[{"embeddable":true,"href":"https:\/\/www.ufmg.br\/centrocultural\/wp-json\/wp\/v2\/comments?post=15446"}],"version-history":[{"count":24,"href":"https:\/\/www.ufmg.br\/centrocultural\/wp-json\/wp\/v2\/pages\/15446\/revisions"}],"predecessor-version":[{"id":15484,"href":"https:\/\/www.ufmg.br\/centrocultural\/wp-json\/wp\/v2\/pages\/15446\/revisions\/15484"}],"wp:featuredmedia":[{"embeddable":true,"href":"https:\/\/www.ufmg.br\/centrocultural\/wp-json\/wp\/v2\/media\/15448"}],"wp:attachment":[{"href":"https:\/\/www.ufmg.br\/centrocultural\/wp-json\/wp\/v2\/media?parent=15446"}],"curies":[{"name":"wp","href":"https:\/\/api.w.org\/{rel}","templated":true}]}}