{"id":15562,"date":"2020-05-19T15:16:48","date_gmt":"2020-05-19T18:16:48","guid":{"rendered":"https:\/\/www.ufmg.br\/centrocultural\/?page_id=15562"},"modified":"2022-03-18T10:54:48","modified_gmt":"2022-03-18T13:54:48","slug":"cineclassicos-quarentena","status":"publish","type":"page","link":"https:\/\/www.ufmg.br\/centrocultural\/cineclassicos-quarentena\/","title":{"rendered":"CineCl\u00e1ssicos Quarentena"},"content":{"rendered":"<div id=\"cmsmasters_row_5kkbgc3nbm\" class=\"cmsmasters_row cmsmasters_color_scheme_default cmsmasters_row_top_default cmsmasters_row_bot_default cmsmasters_row_boxed\">\n<div class=\"cmsmasters_row_outer_parent\">\n<div class=\"cmsmasters_row_outer\">\n<div class=\"cmsmasters_row_inner\">\n<div class=\"cmsmasters_row_margin\">\n<div id=\"cmsmasters_column_h9ocf8xp4d\" class=\"cmsmasters_column one_first\">\n<div class=\"cmsmasters_column_inner\"><\/div><\/div>\n<\/div>\n<\/div>\n<\/div>\n<\/div>\n<\/div>\n<div id=\"cmsmasters_row_nwf0jqqe6b\" class=\"cmsmasters_row cmsmasters_color_scheme_default cmsmasters_row_top_default cmsmasters_row_bot_default cmsmasters_row_boxed\">\n<div class=\"cmsmasters_row_outer_parent\">\n<div class=\"cmsmasters_row_outer\">\n<div class=\"cmsmasters_row_inner\">\n<div class=\"cmsmasters_row_margin\">\n<div id=\"cmsmasters_column_4xf64kmuv\" class=\"cmsmasters_column one_first\">\n<div class=\"cmsmasters_column_inner\"><div class=\"cmsmasters_text\">\n<p><img fetchpriority=\"high\" decoding=\"async\" class=\"alignleft wp-image-15581 size-medium\" src=\"https:\/\/www.ufmg.br\/centrocultural\/wp-content\/uploads\/2020\/05\/cinecentro-600x338.jpeg\" alt=\"\" width=\"600\" height=\"338\" srcset=\"https:\/\/www.ufmg.br\/centrocultural\/wp-content\/uploads\/2020\/05\/cinecentro-600x338.jpeg 600w, https:\/\/www.ufmg.br\/centrocultural\/wp-content\/uploads\/2020\/05\/cinecentro-768x432.jpeg 768w, https:\/\/www.ufmg.br\/centrocultural\/wp-content\/uploads\/2020\/05\/cinecentro-1024x576.jpeg 1024w, https:\/\/www.ufmg.br\/centrocultural\/wp-content\/uploads\/2020\/05\/cinecentro-580x326.jpeg 580w, https:\/\/www.ufmg.br\/centrocultural\/wp-content\/uploads\/2020\/05\/cinecentro-860x484.jpeg 860w, https:\/\/www.ufmg.br\/centrocultural\/wp-content\/uploads\/2020\/05\/cinecentro-1160x653.jpeg 1160w, https:\/\/www.ufmg.br\/centrocultural\/wp-content\/uploads\/2020\/05\/cinecentro.jpeg 1280w\" sizes=\"(max-width: 600px) 100vw, 600px\" \/>O CineCentro d\u00e1 continuidade a programa\u00e7\u00e3o do cinema propondo uma mostra de filmes cl\u00e1ssicos que podem ser assistidos em casa neste per\u00edodo de isolamento social. Na sele\u00e7\u00e3o do CineCl\u00e1ssico Quarentena ser\u00e3o indicadas pel\u00edculas consagradas pelo p\u00fablico e cr\u00edtica, que s\u00e3o encontradas na \u00edntegra pelo YouTube, conforme links fornecidos abaixo.<\/p>\n<p>Para a realiza\u00e7\u00e3o do Projeto CineCentro Quarentena s\u00e3o elegidos filmes relativos ao tema, que est\u00e3o disponibilizados ao p\u00fablico em diversas plataformas. O projeto apenas indica os links desses filmes, cabendo ao interessado a pesquisa e a visualiza\u00e7\u00e3o dos mesmos.<\/p>\n<p>Confira a seguir a cole\u00e7\u00e3o de indica\u00e7\u00f5es:<\/p>\n<\/div>\n<\/div><\/div>\n<\/div>\n<\/div>\n<\/div>\n<\/div>\n<\/div>\n<div id=\"cmsmasters_row_77kn6f4nvk\" class=\"cmsmasters_row cmsmasters_color_scheme_default cmsmasters_row_top_default cmsmasters_row_bot_default cmsmasters_row_boxed\">\n<div class=\"cmsmasters_row_outer_parent\">\n<div class=\"cmsmasters_row_outer\">\n<div class=\"cmsmasters_row_inner\">\n<div class=\"cmsmasters_row_margin\">\n<div id=\"cmsmasters_column_37ii1qb9r9\" class=\"cmsmasters_column one_first\">\n<div class=\"cmsmasters_column_inner\">\n<div id=\"blog_6oz2auyad6\" class=\"cmsmasters_wrap_blog entry-summary\" data-layout=\"columns\" data-layout-mode=\"grid\" data-url=\"https:\/\/www.ufmg.br\/centrocultural\/wp-content\/plugins\/cmsmasters-content-composer\/\" data-orderby=\"date\" data-order=\"DESC\" data-count=\"6\" data-categories=\"cinecentro\" data-metadata=\"date,more\" data-pagination=\"more\"><div class=\"blog columns grid cmsmasters_2\"><!-- Start Post Masonry Article -->\n<article id=\"post-25979\" class=\"cmsmasters_post_masonry post-25979 post type-post status-publish format-standard has-post-thumbnail hentry category-cinecentro category-festivais category-noticias tag-arte tag-cinema tag-festivaldeinverno tag-mostras\" data-category=\"cinecentro festivais noticias\">\n\t<div class=\"cmsmasters_post_cont\">\n\t\t<div class=\"cmsmasters_post_cont_img_wrap\"><figure class=\"cmsmasters_img_wrap\"><a href=\"https:\/\/www.ufmg.br\/centrocultural\/documentario-sobre-a-trajetoria-poetica-de-affonso-avila-sera-exibido-no-festival-de-inverno-ufmg\/\" title=\"Document\u00e1rio sobre a trajet\u00f3ria po\u00e9tica de Affonso \u00c1vila ser\u00e1 exibido no Festival de Inverno UFMG\" class=\"cmsmasters_img_link preloader\"><img decoding=\"async\" width=\"580\" height=\"580\" src=\"https:\/\/www.ufmg.br\/centrocultural\/wp-content\/uploads\/2024\/07\/documentario-cristina-1300-2-1-580x580.png\" class=\"full-width wp-post-image\" alt=\"Document\u00e1rio sobre a trajet\u00f3ria po\u00e9tica de Affonso \u00c1vila ser\u00e1 exibido no Festival de Inverno UFMG\" title=\"Document\u00e1rio sobre a trajet\u00f3ria po\u00e9tica de Affonso \u00c1vila ser\u00e1 exibido no Festival de Inverno UFMG\" srcset=\"https:\/\/www.ufmg.br\/centrocultural\/wp-content\/uploads\/2024\/07\/documentario-cristina-1300-2-1-580x580.png 580w, https:\/\/www.ufmg.br\/centrocultural\/wp-content\/uploads\/2024\/07\/documentario-cristina-1300-2-1-150x150.png 150w, https:\/\/www.ufmg.br\/centrocultural\/wp-content\/uploads\/2024\/07\/documentario-cristina-1300-2-1-180x180.png 180w\" sizes=\"(max-width: 580px) 100vw, 580px\" \/><\/a><\/figure><\/div><header class=\"cmsmasters_post_header entry-header\"><h4 class=\"cmsmasters_post_title entry-title\"><a href=\"https:\/\/www.ufmg.br\/centrocultural\/documentario-sobre-a-trajetoria-poetica-de-affonso-avila-sera-exibido-no-festival-de-inverno-ufmg\/\">Document\u00e1rio sobre a trajet\u00f3ria po\u00e9tica de Affonso \u00c1vila ser\u00e1 exibido no Festival de Inverno UFMG<\/a><\/h4><\/header><div class=\"cmsmasters_post_cont_info second entry-meta\"><span class=\"cmsmasters_post_date\"><abbr class=\"published\" title=\"18 de julho de 2024\">18 de julho de 2024<\/abbr><abbr class=\"dn date updated\" title=\"18 de julho de 2024\">18 de julho de 2024<\/abbr><\/span><\/div><footer class=\"cmsmasters_post_footer entry-meta\"><a class=\"cmsmasters_post_read_more\" href=\"https:\/\/www.ufmg.br\/centrocultural\/documentario-sobre-a-trajetoria-poetica-de-affonso-avila-sera-exibido-no-festival-de-inverno-ufmg\/\">Read More<\/a><\/footer>\t<\/div>\n<\/article>\n<!-- Finish Post Masonry Article -->\n\n<!-- Start Post Masonry Article -->\n<article id=\"post-25903\" class=\"cmsmasters_post_masonry post-25903 post type-post status-publish format-standard has-post-thumbnail hentry category-cinecentro category-noticias tag-arte tag-cinecentro tag-cineclassicos tag-cinema tag-festivaldeverao\" data-category=\"cinecentro noticias\">\n\t<div class=\"cmsmasters_post_cont\">\n\t\t<div class=\"cmsmasters_post_cont_img_wrap\"><figure class=\"cmsmasters_img_wrap\"><a href=\"https:\/\/www.ufmg.br\/centrocultural\/cinecentro-indica-filmes-sobre-editoras-e-editores\/\" title=\"CineCentro indica filmes sobre editoras e editores\" class=\"cmsmasters_img_link preloader\"><img decoding=\"async\" width=\"580\" height=\"580\" src=\"https:\/\/www.ufmg.br\/centrocultural\/wp-content\/uploads\/2024\/03\/13.03\u2013o-misterio-dehenri-pick-580x580.jpg\" class=\"full-width wp-post-image\" alt=\"CineCentro indica filmes sobre editoras e editores\" title=\"CineCentro indica filmes sobre editoras e editores\" srcset=\"https:\/\/www.ufmg.br\/centrocultural\/wp-content\/uploads\/2024\/03\/13.03\u2013o-misterio-dehenri-pick-580x580.jpg 580w, https:\/\/www.ufmg.br\/centrocultural\/wp-content\/uploads\/2024\/03\/13.03\u2013o-misterio-dehenri-pick-150x150.jpg 150w, https:\/\/www.ufmg.br\/centrocultural\/wp-content\/uploads\/2024\/03\/13.03\u2013o-misterio-dehenri-pick-180x180.jpg 180w\" sizes=\"(max-width: 580px) 100vw, 580px\" \/><\/a><\/figure><\/div><header class=\"cmsmasters_post_header entry-header\"><h4 class=\"cmsmasters_post_title entry-title\"><a href=\"https:\/\/www.ufmg.br\/centrocultural\/cinecentro-indica-filmes-sobre-editoras-e-editores\/\">CineCentro indica filmes sobre editoras e editores<\/a><\/h4><\/header><div class=\"cmsmasters_post_cont_info second entry-meta\"><span class=\"cmsmasters_post_date\"><abbr class=\"published\" title=\"12 de mar\u00e7o de 2024\">12 de mar\u00e7o de 2024<\/abbr><abbr class=\"dn date updated\" title=\"12 de mar\u00e7o de 2024\">12 de mar\u00e7o de 2024<\/abbr><\/span><\/div><footer class=\"cmsmasters_post_footer entry-meta\"><a class=\"cmsmasters_post_read_more\" href=\"https:\/\/www.ufmg.br\/centrocultural\/cinecentro-indica-filmes-sobre-editoras-e-editores\/\">Read More<\/a><\/footer>\t<\/div>\n<\/article>\n<!-- Finish Post Masonry Article -->\n\n<!-- Start Post Masonry Article -->\n<article id=\"post-25727\" class=\"cmsmasters_post_masonry post-25727 post type-post status-publish format-standard has-post-thumbnail hentry category-cinecentro category-noticias\" data-category=\"cinecentro noticias\">\n\t<div class=\"cmsmasters_post_cont\">\n\t\t<div class=\"cmsmasters_post_cont_img_wrap\"><figure class=\"cmsmasters_img_wrap\"><a href=\"https:\/\/www.ufmg.br\/centrocultural\/novembro-negro-filme-marte-um-sera-exibido-gratuitamente-na-proxima-quarta-feira\/\" title=\"Novembro negro: filme \u2018Marte Um\u2019 ser\u00e1 exibido gratuitamente na pr\u00f3xima quarta-feira\" class=\"cmsmasters_img_link preloader\"><img loading=\"lazy\" decoding=\"async\" width=\"580\" height=\"580\" src=\"https:\/\/www.ufmg.br\/centrocultural\/wp-content\/uploads\/2023\/11\/foto-site-marte-um-580x580.jpg\" class=\"full-width wp-post-image\" alt=\"Novembro negro: filme \u2018Marte Um\u2019 ser\u00e1 exibido gratuitamente na pr\u00f3xima quarta-feira\" title=\"Novembro negro: filme \u2018Marte Um\u2019 ser\u00e1 exibido gratuitamente na pr\u00f3xima quarta-feira\" srcset=\"https:\/\/www.ufmg.br\/centrocultural\/wp-content\/uploads\/2023\/11\/foto-site-marte-um-580x580.jpg 580w, https:\/\/www.ufmg.br\/centrocultural\/wp-content\/uploads\/2023\/11\/foto-site-marte-um-300x300.jpg 300w, https:\/\/www.ufmg.br\/centrocultural\/wp-content\/uploads\/2023\/11\/foto-site-marte-um-180x180.jpg 180w\" sizes=\"(max-width: 580px) 100vw, 580px\" \/><\/a><\/figure><\/div><header class=\"cmsmasters_post_header entry-header\"><h4 class=\"cmsmasters_post_title entry-title\"><a href=\"https:\/\/www.ufmg.br\/centrocultural\/novembro-negro-filme-marte-um-sera-exibido-gratuitamente-na-proxima-quarta-feira\/\">Novembro negro: filme \u2018Marte Um\u2019 ser\u00e1 exibido gratuitamente na pr\u00f3xima quarta-feira<\/a><\/h4><\/header><div class=\"cmsmasters_post_cont_info second entry-meta\"><span class=\"cmsmasters_post_date\"><abbr class=\"published\" title=\"23 de novembro de 2023\">23 de novembro de 2023<\/abbr><abbr class=\"dn date updated\" title=\"23 de novembro de 2023\">23 de novembro de 2023<\/abbr><\/span><\/div><footer class=\"cmsmasters_post_footer entry-meta\"><a class=\"cmsmasters_post_read_more\" href=\"https:\/\/www.ufmg.br\/centrocultural\/novembro-negro-filme-marte-um-sera-exibido-gratuitamente-na-proxima-quarta-feira\/\">Read More<\/a><\/footer>\t<\/div>\n<\/article>\n<!-- Finish Post Masonry Article -->\n\n<!-- Start Post Masonry Article -->\n<article id=\"post-25482\" class=\"cmsmasters_post_masonry post-25482 post type-post status-publish format-standard has-post-thumbnail hentry category-cinecentro category-noticias\" data-category=\"cinecentro noticias\">\n\t<div class=\"cmsmasters_post_cont\">\n\t\t<div class=\"cmsmasters_post_cont_img_wrap\"><figure class=\"cmsmasters_img_wrap\"><a href=\"https:\/\/www.ufmg.br\/centrocultural\/projeto-cinecentro-recebe-propostas-para-exibicoes-cinematograficas-2\/\" title=\"Projeto CineCentro recebe propostas para exibi\u00e7\u00f5es cinematogr\u00e1ficas\" class=\"cmsmasters_img_link preloader\"><img loading=\"lazy\" decoding=\"async\" width=\"580\" height=\"580\" src=\"https:\/\/www.ufmg.br\/centrocultural\/wp-content\/uploads\/2023\/10\/foto-cinema-raphaella-dias-580x580.jpg\" class=\"full-width wp-post-image\" alt=\"Projeto CineCentro recebe propostas para exibi\u00e7\u00f5es cinematogr\u00e1ficas\" title=\"Projeto CineCentro recebe propostas para exibi\u00e7\u00f5es cinematogr\u00e1ficas\" srcset=\"https:\/\/www.ufmg.br\/centrocultural\/wp-content\/uploads\/2023\/10\/foto-cinema-raphaella-dias-580x580.jpg 580w, https:\/\/www.ufmg.br\/centrocultural\/wp-content\/uploads\/2023\/10\/foto-cinema-raphaella-dias-300x300.jpg 300w, https:\/\/www.ufmg.br\/centrocultural\/wp-content\/uploads\/2023\/10\/foto-cinema-raphaella-dias-180x180.jpg 180w\" sizes=\"(max-width: 580px) 100vw, 580px\" \/><\/a><\/figure><\/div><header class=\"cmsmasters_post_header entry-header\"><h4 class=\"cmsmasters_post_title entry-title\"><a href=\"https:\/\/www.ufmg.br\/centrocultural\/projeto-cinecentro-recebe-propostas-para-exibicoes-cinematograficas-2\/\">Projeto CineCentro recebe propostas para exibi\u00e7\u00f5es cinematogr\u00e1ficas<\/a><\/h4><\/header><div class=\"cmsmasters_post_cont_info second entry-meta\"><span class=\"cmsmasters_post_date\"><abbr class=\"published\" title=\"16 de outubro de 2023\">16 de outubro de 2023<\/abbr><abbr class=\"dn date updated\" title=\"16 de outubro de 2023\">16 de outubro de 2023<\/abbr><\/span><\/div><footer class=\"cmsmasters_post_footer entry-meta\"><a class=\"cmsmasters_post_read_more\" href=\"https:\/\/www.ufmg.br\/centrocultural\/projeto-cinecentro-recebe-propostas-para-exibicoes-cinematograficas-2\/\">Read More<\/a><\/footer>\t<\/div>\n<\/article>\n<!-- Finish Post Masonry Article -->\n\n<!-- Start Post Masonry Article -->\n<article id=\"post-25429\" class=\"cmsmasters_post_masonry post-25429 post type-post status-publish format-standard has-post-thumbnail hentry category-cinecentro category-editais category-espetaculos category-exposicoes category-noticias category-residencia-artistica category-teatro\" data-category=\"cinecentro editais espetaculos exposicoes noticias residencia-artistica teatro\">\n\t<div class=\"cmsmasters_post_cont\">\n\t\t<div class=\"cmsmasters_post_cont_img_wrap\"><figure class=\"cmsmasters_img_wrap\"><a href=\"https:\/\/www.ufmg.br\/centrocultural\/comecam-hoje-as-inscricoes-de-propostas-para-o-proximo-ano\/\" title=\"Come\u00e7am hoje as inscri\u00e7\u00f5es de propostas para o pr\u00f3ximo ano\" class=\"cmsmasters_img_link preloader\"><img loading=\"lazy\" decoding=\"async\" width=\"580\" height=\"580\" src=\"https:\/\/www.ufmg.br\/centrocultural\/wp-content\/uploads\/2023\/09\/Chamada-Publica-2024-580x580.jpg\" class=\"full-width wp-post-image\" alt=\"Come\u00e7am hoje as inscri\u00e7\u00f5es de propostas para o pr\u00f3ximo ano\" title=\"Come\u00e7am hoje as inscri\u00e7\u00f5es de propostas para o pr\u00f3ximo ano\" srcset=\"https:\/\/www.ufmg.br\/centrocultural\/wp-content\/uploads\/2023\/09\/Chamada-Publica-2024-580x580.jpg 580w, https:\/\/www.ufmg.br\/centrocultural\/wp-content\/uploads\/2023\/09\/Chamada-Publica-2024-600x600.jpg 600w, https:\/\/www.ufmg.br\/centrocultural\/wp-content\/uploads\/2023\/09\/Chamada-Publica-2024-1024x1024.jpg 1024w, https:\/\/www.ufmg.br\/centrocultural\/wp-content\/uploads\/2023\/09\/Chamada-Publica-2024-300x300.jpg 300w, https:\/\/www.ufmg.br\/centrocultural\/wp-content\/uploads\/2023\/09\/Chamada-Publica-2024-768x768.jpg 768w, https:\/\/www.ufmg.br\/centrocultural\/wp-content\/uploads\/2023\/09\/Chamada-Publica-2024-1536x1536.jpg 1536w, https:\/\/www.ufmg.br\/centrocultural\/wp-content\/uploads\/2023\/09\/Chamada-Publica-2024-2048x2048.jpg 2048w, https:\/\/www.ufmg.br\/centrocultural\/wp-content\/uploads\/2023\/09\/Chamada-Publica-2024-180x180.jpg 180w, https:\/\/www.ufmg.br\/centrocultural\/wp-content\/uploads\/2023\/09\/Chamada-Publica-2024-860x860.jpg 860w, https:\/\/www.ufmg.br\/centrocultural\/wp-content\/uploads\/2023\/09\/Chamada-Publica-2024-1160x1160.jpg 1160w\" sizes=\"(max-width: 580px) 100vw, 580px\" \/><\/a><\/figure><\/div><header class=\"cmsmasters_post_header entry-header\"><h4 class=\"cmsmasters_post_title entry-title\"><a href=\"https:\/\/www.ufmg.br\/centrocultural\/comecam-hoje-as-inscricoes-de-propostas-para-o-proximo-ano\/\">Come\u00e7am hoje as inscri\u00e7\u00f5es de propostas para o pr\u00f3ximo ano<\/a><\/h4><\/header><div class=\"cmsmasters_post_cont_info second entry-meta\"><span class=\"cmsmasters_post_date\"><abbr class=\"published\" title=\"18 de setembro de 2023\">18 de setembro de 2023<\/abbr><abbr class=\"dn date updated\" title=\"2 de outubro de 2023\">2 de outubro de 2023<\/abbr><\/span><\/div><div class=\"cmsmasters_post_content entry-content\">\n<p>Est\u00e3o abertas as inscri\u00e7\u00f5es para a Chamada P\u00fablica 2024: Eventos art\u00edsticos e culturais; exposi\u00e7\u00f5es de artes pl\u00e1sticas, visuais e fotogr\u00e1ficas;...<\/p>\n<\/div>\n<footer class=\"cmsmasters_post_footer entry-meta\"><a class=\"cmsmasters_post_read_more\" href=\"https:\/\/www.ufmg.br\/centrocultural\/comecam-hoje-as-inscricoes-de-propostas-para-o-proximo-ano\/\">Read More<\/a><\/footer>\t<\/div>\n<\/article>\n<!-- Finish Post Masonry Article -->\n\n<!-- Start Post Masonry Article -->\n<article id=\"post-25393\" class=\"cmsmasters_post_masonry post-25393 post type-post status-publish format-standard has-post-thumbnail hentry category-cinecentro category-noticias\" data-category=\"cinecentro noticias\">\n\t<div class=\"cmsmasters_post_cont\">\n\t\t<div class=\"cmsmasters_post_cont_img_wrap\"><figure class=\"cmsmasters_img_wrap\"><a href=\"https:\/\/www.ufmg.br\/centrocultural\/mostra-sobre-a-perspectiva-lesbica-no-audiovisual-independente-tem-sessao-unica-nesta-sexta-feira\/\" title=\"Mostra sobre a perspectiva l\u00e9sbica no audiovisual independente tem sess\u00e3o \u00fanica nesta sexta-feira\" class=\"cmsmasters_img_link preloader\"><img loading=\"lazy\" decoding=\"async\" width=\"580\" height=\"580\" src=\"https:\/\/www.ufmg.br\/centrocultural\/wp-content\/uploads\/2023\/09\/desalinho2-creditos-arthur-arvelos-580x580.jpg\" class=\"full-width wp-post-image\" alt=\"Mostra sobre a perspectiva l\u00e9sbica no audiovisual independente tem sess\u00e3o \u00fanica nesta sexta-feira\" title=\"Mostra sobre a perspectiva l\u00e9sbica no audiovisual independente tem sess\u00e3o \u00fanica nesta sexta-feira\" srcset=\"https:\/\/www.ufmg.br\/centrocultural\/wp-content\/uploads\/2023\/09\/desalinho2-creditos-arthur-arvelos-580x580.jpg 580w, https:\/\/www.ufmg.br\/centrocultural\/wp-content\/uploads\/2023\/09\/desalinho2-creditos-arthur-arvelos-300x300.jpg 300w, https:\/\/www.ufmg.br\/centrocultural\/wp-content\/uploads\/2023\/09\/desalinho2-creditos-arthur-arvelos-180x180.jpg 180w\" sizes=\"(max-width: 580px) 100vw, 580px\" \/><\/a><\/figure><\/div><header class=\"cmsmasters_post_header entry-header\"><h4 class=\"cmsmasters_post_title entry-title\"><a href=\"https:\/\/www.ufmg.br\/centrocultural\/mostra-sobre-a-perspectiva-lesbica-no-audiovisual-independente-tem-sessao-unica-nesta-sexta-feira\/\">Mostra sobre a perspectiva l\u00e9sbica no audiovisual independente tem sess\u00e3o \u00fanica nesta sexta-feira<\/a><\/h4><\/header><div class=\"cmsmasters_post_cont_info second entry-meta\"><span class=\"cmsmasters_post_date\"><abbr class=\"published\" title=\"12 de setembro de 2023\">12 de setembro de 2023<\/abbr><abbr class=\"dn date updated\" title=\"12 de setembro de 2023\">12 de setembro de 2023<\/abbr><\/span><\/div><footer class=\"cmsmasters_post_footer entry-meta\"><a class=\"cmsmasters_post_read_more\" href=\"https:\/\/www.ufmg.br\/centrocultural\/mostra-sobre-a-perspectiva-lesbica-no-audiovisual-independente-tem-sessao-unica-nesta-sexta-feira\/\">Leia Mais<\/a><\/footer>\t<\/div>\n<\/article>\n<!-- Finish Post Masonry Article -->\n\n<\/div><div class=\"cmsmasters_wrap_more_posts cmsmasters_wrap_more_items\"><div class=\"cmsmasters_wrap_post_loader cmsmasters_wrap_items_loader\">\r\n\t\t\t\t\t<a href=\"javascript:void(0)\" class=\"cmsmasters_button cmsmasters_post_loader cmsmasters_items_loader\">\r\n\t\t\t\t\t\t<span>Carregar mais posts<\/span>\r\n\t\t\t\t\t<\/a>\r\n\t\t\t\t<\/div><\/div><\/div>\n<\/div><\/div>\n<\/div>\n<\/div>\n<\/div>\n<\/div>\n<\/div>\n\n","protected":false},"excerpt":{"rendered":"","protected":false},"author":7,"featured_media":0,"parent":0,"menu_order":0,"comment_status":"closed","ping_status":"closed","template":"","meta":{"footnotes":""},"class_list":["post-15562","page","type-page","status-publish","hentry"],"_links":{"self":[{"href":"https:\/\/www.ufmg.br\/centrocultural\/wp-json\/wp\/v2\/pages\/15562","targetHints":{"allow":["GET"]}}],"collection":[{"href":"https:\/\/www.ufmg.br\/centrocultural\/wp-json\/wp\/v2\/pages"}],"about":[{"href":"https:\/\/www.ufmg.br\/centrocultural\/wp-json\/wp\/v2\/types\/page"}],"author":[{"embeddable":true,"href":"https:\/\/www.ufmg.br\/centrocultural\/wp-json\/wp\/v2\/users\/7"}],"replies":[{"embeddable":true,"href":"https:\/\/www.ufmg.br\/centrocultural\/wp-json\/wp\/v2\/comments?post=15562"}],"version-history":[{"count":19,"href":"https:\/\/www.ufmg.br\/centrocultural\/wp-json\/wp\/v2\/pages\/15562\/revisions"}],"predecessor-version":[{"id":16770,"href":"https:\/\/www.ufmg.br\/centrocultural\/wp-json\/wp\/v2\/pages\/15562\/revisions\/16770"}],"wp:attachment":[{"href":"https:\/\/www.ufmg.br\/centrocultural\/wp-json\/wp\/v2\/media?parent=15562"}],"curies":[{"name":"wp","href":"https:\/\/api.w.org\/{rel}","templated":true}]}}