{"id":15650,"date":"2020-06-17T12:33:33","date_gmt":"2020-06-17T15:33:33","guid":{"rendered":"https:\/\/www.ufmg.br\/centrocultural\/?page_id=15650"},"modified":"2022-04-29T11:30:32","modified_gmt":"2022-04-29T14:30:32","slug":"projeto-aulas-abertas","status":"publish","type":"page","link":"https:\/\/www.ufmg.br\/centrocultural\/projeto-aulas-abertas\/","title":{"rendered":"Projeto Aulas Abertas"},"content":{"rendered":"<div id=\"cmsmasters_row_oa2xm83v6\" class=\"cmsmasters_row cmsmasters_color_scheme_default cmsmasters_row_top_default cmsmasters_row_bot_default cmsmasters_row_boxed\">\n<div class=\"cmsmasters_row_outer_parent\">\n<div class=\"cmsmasters_row_outer\">\n<div class=\"cmsmasters_row_inner\">\n<div class=\"cmsmasters_row_margin\">\n<div id=\"cmsmasters_column_5kqw31q3le\" class=\"cmsmasters_column one_first\">\n<div class=\"cmsmasters_column_inner\"><\/div><\/div>\n<\/div>\n<\/div>\n<\/div>\n<\/div>\n<\/div>\n<div id=\"cmsmasters_row_k9gpey1t2m\" class=\"cmsmasters_row cmsmasters_color_scheme_default cmsmasters_row_top_default cmsmasters_row_bot_default cmsmasters_row_boxed\">\n<div class=\"cmsmasters_row_outer_parent\">\n<div class=\"cmsmasters_row_outer\">\n<div class=\"cmsmasters_row_inner\">\n<div class=\"cmsmasters_row_margin\">\n<div id=\"cmsmasters_column_vkg7k6ugwr\" class=\"cmsmasters_column one_first\">\n<div class=\"cmsmasters_column_inner\"><div class=\"cmsmasters_text\">\n<p><a href=\"https:\/\/youtu.be\/ZoEjcQ4DPqc\">O projeto<\/a> aborda temas pertinentes ao contexto do per\u00edodo da pandemia do coronav\u00edrus por meio de v\u00eddeos relacionados ao bem-estar, arte e cultura.Ele oferece espa\u00e7o de compartilhamento de ideias, conceitos e experi\u00eancias, buscando a constru\u00e7\u00e3o do conhecimento reflexivo e cr\u00edtico pelo p\u00fablico, com exposi\u00e7\u00f5es de professores, pesquisadores e artistas convidados. &#8216;Aulas abertas&#8217; n\u00e3o se caracteriza como aulas propriamente ditas, mas discuss\u00f5es contextualizadas pelo olhar cient\u00edfico e humano, essenciais em momentos de crise. Os v\u00eddeos apresentados s\u00e3o acess\u00edveis em L\u00edngua Brasileira de Sinais (Libras), com tradutores\u00a0 do N\u00facleo de Acessibilidade e Inclus\u00e3o da UFMG \u2013 NAI.<\/p>\n<\/div>\n<div class=\"cmsmasters_text\">\n<h4><\/h4>\n<h4>V\u00eddeos do projeto:<\/h4>\n<\/div>\n<\/div><\/div>\n<\/div>\n<\/div>\n<\/div>\n<\/div>\n<\/div>\n<div id=\"cmsmasters_row_y729nfkx4w\" class=\"cmsmasters_row cmsmasters_color_scheme_default cmsmasters_row_top_default cmsmasters_row_bot_default cmsmasters_row_boxed\">\n<div class=\"cmsmasters_row_outer_parent\">\n<div class=\"cmsmasters_row_outer\">\n<div class=\"cmsmasters_row_inner\">\n<div class=\"cmsmasters_row_margin\">\n<div id=\"cmsmasters_column_z471twzead\" class=\"cmsmasters_column one_first\">\n<div class=\"cmsmasters_column_inner\">\n<div id=\"blog_1ilxu8jmlp\" class=\"cmsmasters_wrap_blog entry-summary\" data-layout=\"columns\" data-layout-mode=\"grid\" data-url=\"https:\/\/www.ufmg.br\/centrocultural\/wp-content\/plugins\/cmsmasters-content-composer\/\" data-orderby=\"date\" data-order=\"DESC\" data-count=\"6\" data-categories=\"aulas-abertas\" data-metadata=\"date,more\" data-pagination=\"more\"><div class=\"blog columns grid cmsmasters_3\"><!-- Start Post Masonry Article -->\n<article id=\"post-19138\" class=\"cmsmasters_post_masonry post-19138 post type-post status-publish format-standard has-post-thumbnail hentry category-aulas-abertas category-noticias tag-aulasabertas tag-byabraga tag-teatrodemascaras\" data-category=\"aulas-abertas noticias\">\n\t<div class=\"cmsmasters_post_cont\">\n\t\t<div class=\"cmsmasters_post_cont_img_wrap\"><figure class=\"cmsmasters_img_wrap\"><a href=\"https:\/\/www.ufmg.br\/centrocultural\/aula-aberta-sobre-teatro-de-mascaras-sera-nesta-terca-saiba-como-participar\/\" title=\"Aula aberta sobre teatro de m\u00e1scaras ser\u00e1 nesta ter\u00e7a; saiba como participar\" class=\"cmsmasters_img_link preloader\"><img loading=\"lazy\" decoding=\"async\" width=\"580\" height=\"580\" src=\"https:\/\/www.ufmg.br\/centrocultural\/wp-content\/uploads\/2022\/07\/20220712_171253-580x580.jpg\" class=\"full-width wp-post-image\" alt=\"Aula aberta sobre teatro de m\u00e1scaras ser\u00e1 nesta ter\u00e7a; saiba como participar\" title=\"Aula aberta sobre teatro de m\u00e1scaras ser\u00e1 nesta ter\u00e7a; saiba como participar\" srcset=\"https:\/\/www.ufmg.br\/centrocultural\/wp-content\/uploads\/2022\/07\/20220712_171253-580x580.jpg 580w, https:\/\/www.ufmg.br\/centrocultural\/wp-content\/uploads\/2022\/07\/20220712_171253-300x300.jpg 300w, https:\/\/www.ufmg.br\/centrocultural\/wp-content\/uploads\/2022\/07\/20220712_171253-180x180.jpg 180w\" sizes=\"auto, (max-width: 580px) 100vw, 580px\" \/><\/a><\/figure><\/div><header class=\"cmsmasters_post_header entry-header\"><h4 class=\"cmsmasters_post_title entry-title\"><a href=\"https:\/\/www.ufmg.br\/centrocultural\/aula-aberta-sobre-teatro-de-mascaras-sera-nesta-terca-saiba-como-participar\/\">Aula aberta sobre teatro de m\u00e1scaras ser\u00e1 nesta ter\u00e7a; saiba como participar<\/a><\/h4><\/header><div class=\"cmsmasters_post_cont_info second entry-meta\"><span class=\"cmsmasters_post_date\"><abbr class=\"published\" title=\"18 de julho de 2022\">18 de julho de 2022<\/abbr><abbr class=\"dn date updated\" title=\"20 de junho de 2023\">20 de junho de 2023<\/abbr><\/span><\/div><footer class=\"cmsmasters_post_footer entry-meta\"><a class=\"cmsmasters_post_read_more\" href=\"https:\/\/www.ufmg.br\/centrocultural\/aula-aberta-sobre-teatro-de-mascaras-sera-nesta-terca-saiba-como-participar\/\">Leia Mais<\/a><\/footer>\t<\/div>\n<\/article>\n<!-- Finish Post Masonry Article -->\n\n<!-- Start Post Masonry Article -->\n<article id=\"post-18296\" class=\"cmsmasters_post_masonry post-18296 post type-post status-publish format-standard has-post-thumbnail hentry category-aulas-abertas category-exposicoes category-noticias tag-aulasabertas tag-debates tag-exposicao tag-joaodiniz tag-performances\" data-category=\"aulas-abertas exposicoes noticias\">\n\t<div class=\"cmsmasters_post_cont\">\n\t\t<div class=\"cmsmasters_post_cont_img_wrap\"><figure class=\"cmsmasters_img_wrap\"><a href=\"https:\/\/www.ufmg.br\/centrocultural\/performance-aula-aberta-bate-papo-e-sarau-estao-na-agenda-de-junho-da-exposicao-de-joao-diniz\/\" title=\"Performance, aula aberta, bate-papo e sarau est\u00e3o na agenda de junho da exposi\u00e7\u00e3o de Jo\u00e3o Diniz\" class=\"cmsmasters_img_link preloader\"><img loading=\"lazy\" decoding=\"async\" width=\"580\" height=\"580\" src=\"https:\/\/www.ufmg.br\/centrocultural\/wp-content\/uploads\/2022\/05\/IMG-2174-580x580.jpg\" class=\"full-width wp-post-image\" alt=\"Performance, aula aberta, bate-papo e sarau est\u00e3o na agenda de junho da exposi\u00e7\u00e3o de Jo\u00e3o Diniz\" title=\"Performance, aula aberta, bate-papo e sarau est\u00e3o na agenda de junho da exposi\u00e7\u00e3o de Jo\u00e3o Diniz\" srcset=\"https:\/\/www.ufmg.br\/centrocultural\/wp-content\/uploads\/2022\/05\/IMG-2174-580x580.jpg 580w, https:\/\/www.ufmg.br\/centrocultural\/wp-content\/uploads\/2022\/05\/IMG-2174-300x300.jpg 300w, https:\/\/www.ufmg.br\/centrocultural\/wp-content\/uploads\/2022\/05\/IMG-2174-180x180.jpg 180w\" sizes=\"auto, (max-width: 580px) 100vw, 580px\" \/><\/a><\/figure><\/div><header class=\"cmsmasters_post_header entry-header\"><h4 class=\"cmsmasters_post_title entry-title\"><a href=\"https:\/\/www.ufmg.br\/centrocultural\/performance-aula-aberta-bate-papo-e-sarau-estao-na-agenda-de-junho-da-exposicao-de-joao-diniz\/\">Performance, aula aberta, bate-papo e sarau est\u00e3o na agenda de junho da exposi\u00e7\u00e3o de Jo\u00e3o Diniz<\/a><\/h4><\/header><div class=\"cmsmasters_post_cont_info second entry-meta\"><span class=\"cmsmasters_post_date\"><abbr class=\"published\" title=\"26 de maio de 2022\">26 de maio de 2022<\/abbr><abbr class=\"dn date updated\" title=\"22 de junho de 2022\">22 de junho de 2022<\/abbr><\/span><\/div><footer class=\"cmsmasters_post_footer entry-meta\"><a class=\"cmsmasters_post_read_more\" href=\"https:\/\/www.ufmg.br\/centrocultural\/performance-aula-aberta-bate-papo-e-sarau-estao-na-agenda-de-junho-da-exposicao-de-joao-diniz\/\">Leia Mais<\/a><\/footer>\t<\/div>\n<\/article>\n<!-- Finish Post Masonry Article -->\n\n<!-- Start Post Masonry Article -->\n<article id=\"post-16733\" class=\"cmsmasters_post_masonry post-16733 post type-post status-publish format-standard has-post-thumbnail hentry category-aulas-abertas category-noticias tag-aulasabertas\" data-category=\"aulas-abertas noticias\">\n\t<div class=\"cmsmasters_post_cont\">\n\t\t<div class=\"cmsmasters_post_cont_img_wrap\"><figure class=\"cmsmasters_img_wrap\"><a href=\"https:\/\/www.ufmg.br\/centrocultural\/eugenio-pacelli-horta-apresenta-aula-aberta-sobre-caderno-e-desenho\/\" title=\"Eug\u00eanio Pacelli Horta apresenta aula aberta sobre caderno e desenho\" class=\"cmsmasters_img_link preloader\"><img loading=\"lazy\" decoding=\"async\" width=\"580\" height=\"580\" src=\"https:\/\/www.ufmg.br\/centrocultural\/wp-content\/uploads\/2022\/03\/IMG-20220309-WA0007-580x580.jpg\" class=\"full-width wp-post-image\" alt=\"Eug\u00eanio Pacelli Horta apresenta aula aberta sobre caderno e desenho\" title=\"Eug\u00eanio Pacelli Horta apresenta aula aberta sobre caderno e desenho\" srcset=\"https:\/\/www.ufmg.br\/centrocultural\/wp-content\/uploads\/2022\/03\/IMG-20220309-WA0007-580x580.jpg 580w, https:\/\/www.ufmg.br\/centrocultural\/wp-content\/uploads\/2022\/03\/IMG-20220309-WA0007-300x300.jpg 300w, https:\/\/www.ufmg.br\/centrocultural\/wp-content\/uploads\/2022\/03\/IMG-20220309-WA0007-180x180.jpg 180w\" sizes=\"auto, (max-width: 580px) 100vw, 580px\" \/><\/a><\/figure><\/div><header class=\"cmsmasters_post_header entry-header\"><h4 class=\"cmsmasters_post_title entry-title\"><a href=\"https:\/\/www.ufmg.br\/centrocultural\/eugenio-pacelli-horta-apresenta-aula-aberta-sobre-caderno-e-desenho\/\">Eug\u00eanio Pacelli Horta apresenta aula aberta sobre caderno e desenho<\/a><\/h4><\/header><div class=\"cmsmasters_post_cont_info second entry-meta\"><span class=\"cmsmasters_post_date\"><abbr class=\"published\" title=\"17 de mar\u00e7o de 2022\">17 de mar\u00e7o de 2022<\/abbr><abbr class=\"dn date updated\" title=\"20 de junho de 2023\">20 de junho de 2023<\/abbr><\/span><\/div><footer class=\"cmsmasters_post_footer entry-meta\"><a class=\"cmsmasters_post_read_more\" href=\"https:\/\/www.ufmg.br\/centrocultural\/eugenio-pacelli-horta-apresenta-aula-aberta-sobre-caderno-e-desenho\/\">Leia Mais<\/a><\/footer>\t<\/div>\n<\/article>\n<!-- Finish Post Masonry Article -->\n\n<!-- Start Post Masonry Article -->\n<article id=\"post-16676\" class=\"cmsmasters_post_masonry post-16676 post type-post status-publish format-standard has-post-thumbnail hentry category-aulas-abertas category-noticias tag-aulasabertas tag-bibliografia tag-obrasraras\" data-category=\"aulas-abertas noticias\">\n\t<div class=\"cmsmasters_post_cont\">\n\t\t<div class=\"cmsmasters_post_cont_img_wrap\"><figure class=\"cmsmasters_img_wrap\"><a href=\"https:\/\/www.ufmg.br\/centrocultural\/aula-aberta-mostra-universo-da-bibliografia-e-livros-raros-da-ufmg\/\" title=\"Aula aberta mostra universo da bibliografia e livros raros da UFMG\" class=\"cmsmasters_img_link preloader\"><img loading=\"lazy\" decoding=\"async\" width=\"580\" height=\"580\" src=\"https:\/\/www.ufmg.br\/centrocultural\/wp-content\/uploads\/2022\/02\/25552343237_d5ee17f80e_o-580x580.jpg\" class=\"full-width wp-post-image\" alt=\"Aula aberta mostra universo da bibliografia e livros raros da UFMG\" title=\"Aula aberta mostra universo da bibliografia e livros raros da UFMG\" srcset=\"https:\/\/www.ufmg.br\/centrocultural\/wp-content\/uploads\/2022\/02\/25552343237_d5ee17f80e_o-580x580.jpg 580w, https:\/\/www.ufmg.br\/centrocultural\/wp-content\/uploads\/2022\/02\/25552343237_d5ee17f80e_o-300x300.jpg 300w, https:\/\/www.ufmg.br\/centrocultural\/wp-content\/uploads\/2022\/02\/25552343237_d5ee17f80e_o-180x180.jpg 180w\" sizes=\"auto, (max-width: 580px) 100vw, 580px\" \/><\/a><\/figure><\/div><header class=\"cmsmasters_post_header entry-header\"><h4 class=\"cmsmasters_post_title entry-title\"><a href=\"https:\/\/www.ufmg.br\/centrocultural\/aula-aberta-mostra-universo-da-bibliografia-e-livros-raros-da-ufmg\/\">Aula aberta mostra universo da bibliografia e livros raros da UFMG<\/a><\/h4><\/header><div class=\"cmsmasters_post_cont_info second entry-meta\"><span class=\"cmsmasters_post_date\"><abbr class=\"published\" title=\"23 de fevereiro de 2022\">23 de fevereiro de 2022<\/abbr><abbr class=\"dn date updated\" title=\"20 de junho de 2023\">20 de junho de 2023<\/abbr><\/span><\/div><footer class=\"cmsmasters_post_footer entry-meta\"><a class=\"cmsmasters_post_read_more\" href=\"https:\/\/www.ufmg.br\/centrocultural\/aula-aberta-mostra-universo-da-bibliografia-e-livros-raros-da-ufmg\/\">Leia Mais<\/a><\/footer>\t<\/div>\n<\/article>\n<!-- Finish Post Masonry Article -->\n\n<!-- Start Post Masonry Article -->\n<article id=\"post-16623\" class=\"cmsmasters_post_masonry post-16623 post type-post status-publish format-standard has-post-thumbnail hentry category-aulas-abertas category-noticias tag-aulasabertas tag-clebiomaduro tag-cultura tag-ufmg\" data-category=\"aulas-abertas noticias\">\n\t<div class=\"cmsmasters_post_cont\">\n\t\t<div class=\"cmsmasters_post_cont_img_wrap\"><figure class=\"cmsmasters_img_wrap\"><a href=\"https:\/\/www.ufmg.br\/centrocultural\/clebio-maduro-propoe-nova-leitura-sobre-o-hospital-colonia-de-barbacena-em-video-do-projeto-aulas-abertas\/\" title=\"Cl\u00e9bio Maduro prop\u00f5e nova leitura sobre o Hospital Col\u00f4nia de Barbacena em v\u00eddeo do projeto Aulas Abertas\" class=\"cmsmasters_img_link preloader\"><img loading=\"lazy\" decoding=\"async\" width=\"580\" height=\"580\" src=\"https:\/\/www.ufmg.br\/centrocultural\/wp-content\/uploads\/2022\/02\/clebio-maduro-580x580.png\" class=\"full-width wp-post-image\" alt=\"Cl\u00e9bio Maduro prop\u00f5e nova leitura sobre o Hospital Col\u00f4nia de Barbacena em v\u00eddeo do projeto Aulas Abertas\" title=\"Cl\u00e9bio Maduro prop\u00f5e nova leitura sobre o Hospital Col\u00f4nia de Barbacena em v\u00eddeo do projeto Aulas Abertas\" srcset=\"https:\/\/www.ufmg.br\/centrocultural\/wp-content\/uploads\/2022\/02\/clebio-maduro-580x580.png 580w, https:\/\/www.ufmg.br\/centrocultural\/wp-content\/uploads\/2022\/02\/clebio-maduro-300x300.png 300w, https:\/\/www.ufmg.br\/centrocultural\/wp-content\/uploads\/2022\/02\/clebio-maduro-180x180.png 180w\" sizes=\"auto, (max-width: 580px) 100vw, 580px\" \/><\/a><\/figure><\/div><header class=\"cmsmasters_post_header entry-header\"><h4 class=\"cmsmasters_post_title entry-title\"><a href=\"https:\/\/www.ufmg.br\/centrocultural\/clebio-maduro-propoe-nova-leitura-sobre-o-hospital-colonia-de-barbacena-em-video-do-projeto-aulas-abertas\/\">Cl\u00e9bio Maduro prop\u00f5e nova leitura sobre o Hospital Col\u00f4nia de Barbacena em v\u00eddeo do projeto Aulas Abertas<\/a><\/h4><\/header><div class=\"cmsmasters_post_cont_info second entry-meta\"><span class=\"cmsmasters_post_date\"><abbr class=\"published\" title=\"10 de dezembro de 2021\">10 de dezembro de 2021<\/abbr><abbr class=\"dn date updated\" title=\"20 de junho de 2023\">20 de junho de 2023<\/abbr><\/span><\/div><footer class=\"cmsmasters_post_footer entry-meta\"><a class=\"cmsmasters_post_read_more\" href=\"https:\/\/www.ufmg.br\/centrocultural\/clebio-maduro-propoe-nova-leitura-sobre-o-hospital-colonia-de-barbacena-em-video-do-projeto-aulas-abertas\/\">Leia Mais<\/a><\/footer>\t<\/div>\n<\/article>\n<!-- Finish Post Masonry Article -->\n\n<!-- Start Post Masonry Article -->\n<article id=\"post-17632\" class=\"cmsmasters_post_masonry post-17632 post type-post status-publish format-standard has-post-thumbnail hentry category-aulas-abertas category-noticias tag-aulasabertas tag-mauriciotizumba tag-musica tag-tambor\" data-category=\"aulas-abertas noticias\">\n\t<div class=\"cmsmasters_post_cont\">\n\t\t<div class=\"cmsmasters_post_cont_img_wrap\"><figure class=\"cmsmasters_img_wrap\"><a href=\"https:\/\/www.ufmg.br\/centrocultural\/mauricio-tizumba-apresenta-ritmos-africanos-em-video-do-projeto-aulas-abertas\/\" title=\"Maur\u00edcio Tizumba apresenta ritmos africanos em  v\u00eddeo do projeto &#8216;Aulas abertas&#8217;\" class=\"cmsmasters_img_link preloader\"><img loading=\"lazy\" decoding=\"async\" width=\"580\" height=\"474\" src=\"https:\/\/www.ufmg.br\/centrocultural\/wp-content\/uploads\/2021\/11\/mauricio-tizumba-arquivo-pessoal-580x474.jpg\" class=\"full-width wp-post-image\" alt=\"Maur\u00edcio Tizumba apresenta ritmos africanos em  v\u00eddeo do projeto &#8216;Aulas abertas&#8217;\" title=\"Maur\u00edcio Tizumba apresenta ritmos africanos em  v\u00eddeo do projeto &#8216;Aulas abertas&#8217;\" \/><\/a><\/figure><\/div><header class=\"cmsmasters_post_header entry-header\"><h4 class=\"cmsmasters_post_title entry-title\"><a href=\"https:\/\/www.ufmg.br\/centrocultural\/mauricio-tizumba-apresenta-ritmos-africanos-em-video-do-projeto-aulas-abertas\/\">Maur\u00edcio Tizumba apresenta ritmos africanos em  v\u00eddeo do projeto &#8216;Aulas abertas&#8217;<\/a><\/h4><\/header><div class=\"cmsmasters_post_cont_info second entry-meta\"><span class=\"cmsmasters_post_date\"><abbr class=\"published\" title=\"17 de novembro de 2021\">17 de novembro de 2021<\/abbr><abbr class=\"dn date updated\" title=\"20 de junho de 2023\">20 de junho de 2023<\/abbr><\/span><\/div><footer class=\"cmsmasters_post_footer entry-meta\"><a class=\"cmsmasters_post_read_more\" href=\"https:\/\/www.ufmg.br\/centrocultural\/mauricio-tizumba-apresenta-ritmos-africanos-em-video-do-projeto-aulas-abertas\/\">Leia Mais<\/a><\/footer>\t<\/div>\n<\/article>\n<!-- Finish Post Masonry Article -->\n\n<\/div><div class=\"cmsmasters_wrap_more_posts cmsmasters_wrap_more_items\"><div class=\"cmsmasters_wrap_post_loader cmsmasters_wrap_items_loader\">\r\n\t\t\t\t\t<a href=\"javascript:void(0)\" class=\"cmsmasters_button cmsmasters_post_loader cmsmasters_items_loader\">\r\n\t\t\t\t\t\t<span>Carregar mais posts<\/span>\r\n\t\t\t\t\t<\/a>\r\n\t\t\t\t<\/div><\/div><\/div>\n<\/div><\/div>\n<\/div>\n<\/div>\n<\/div>\n<\/div>\n<\/div>\n\n","protected":false},"excerpt":{"rendered":"","protected":false},"author":7,"featured_media":0,"parent":0,"menu_order":0,"comment_status":"closed","ping_status":"closed","template":"","meta":{"footnotes":""},"class_list":["post-15650","page","type-page","status-publish","hentry"],"_links":{"self":[{"href":"https:\/\/www.ufmg.br\/centrocultural\/wp-json\/wp\/v2\/pages\/15650","targetHints":{"allow":["GET"]}}],"collection":[{"href":"https:\/\/www.ufmg.br\/centrocultural\/wp-json\/wp\/v2\/pages"}],"about":[{"href":"https:\/\/www.ufmg.br\/centrocultural\/wp-json\/wp\/v2\/types\/page"}],"author":[{"embeddable":true,"href":"https:\/\/www.ufmg.br\/centrocultural\/wp-json\/wp\/v2\/users\/7"}],"replies":[{"embeddable":true,"href":"https:\/\/www.ufmg.br\/centrocultural\/wp-json\/wp\/v2\/comments?post=15650"}],"version-history":[{"count":24,"href":"https:\/\/www.ufmg.br\/centrocultural\/wp-json\/wp\/v2\/pages\/15650\/revisions"}],"predecessor-version":[{"id":17569,"href":"https:\/\/www.ufmg.br\/centrocultural\/wp-json\/wp\/v2\/pages\/15650\/revisions\/17569"}],"wp:attachment":[{"href":"https:\/\/www.ufmg.br\/centrocultural\/wp-json\/wp\/v2\/media?parent=15650"}],"curies":[{"name":"wp","href":"https:\/\/api.w.org\/{rel}","templated":true}]}}