{"id":15770,"date":"2020-08-10T15:36:59","date_gmt":"2020-08-10T18:36:59","guid":{"rendered":"https:\/\/www.ufmg.br\/centrocultural\/?page_id=15770"},"modified":"2020-11-24T14:53:10","modified_gmt":"2020-11-24T17:53:10","slug":"arte-revistinha","status":"publish","type":"page","link":"https:\/\/www.ufmg.br\/centrocultural\/arte-revistinha\/","title":{"rendered":"Arte Revistinha"},"content":{"rendered":"<div id=\"cmsmasters_row_u23w266tn\" class=\"cmsmasters_row cmsmasters_color_scheme_default cmsmasters_row_top_default cmsmasters_row_bot_default cmsmasters_row_boxed\">\n<div class=\"cmsmasters_row_outer_parent\">\n<div class=\"cmsmasters_row_outer\">\n<div class=\"cmsmasters_row_inner\">\n<div class=\"cmsmasters_row_margin\">\n<div id=\"cmsmasters_column_khykezcfa8\" class=\"cmsmasters_column one_first\">\n<div class=\"cmsmasters_column_inner\"><\/div><\/div>\n<\/div>\n<\/div>\n<\/div>\n<\/div>\n<\/div>\n<div id=\"cmsmasters_row_p9ybyb366d\" class=\"cmsmasters_row cmsmasters_color_scheme_default cmsmasters_row_top_default cmsmasters_row_bot_default cmsmasters_row_boxed\">\n<div class=\"cmsmasters_row_outer_parent\">\n<div class=\"cmsmasters_row_outer\">\n<div class=\"cmsmasters_row_inner\">\n<div class=\"cmsmasters_row_margin\">\n<div id=\"cmsmasters_column_jo5gbu1dx7\" class=\"cmsmasters_column one_first\">\n<div class=\"cmsmasters_column_inner\"><div class=\"cmsmasters_text\">\n<p align=\"center\"><strong>Arte Revistinha<br \/>\n<\/strong><\/p>\n<p>O projeto Arte Revistinha revisita as propostas de experi\u00eancias feitas pelo grupo do Educativo do Centro Cultural UFMG a partir das exposi\u00e7\u00f5es dos anos de 2018 e 2019.<\/p>\n<p>O desafio de reelabora\u00e7\u00e3o \u00e9 constante, logo n\u00e3o contentes com o formato de apresenta\u00e7\u00e3o do projeto, retomamos nossas ideias em novo visual.<\/p>\n<p>Quinzenalmente, \u00e0s segundas-feiras, o Arte Revistinha postar\u00e1 uma exposi\u00e7\u00e3o revisitada pelo Educativo.<\/p>\n<p>Venha conferir! Participe! Compartilhe com a gente enviando para o nosso e-mail (<a href=\"mailto:pingodetinta2020@gmail.com\">pingodetinta2020@gmail.com<\/a>) que vamos publicar em nossa galeria virtual.<\/p>\n<p>&nbsp;<\/p>\n<\/div>\n<\/div><\/div>\n<div id=\"cmsmasters_column_\" class=\"cmsmasters_column one_first\">\n<div class=\"cmsmasters_column_inner\"><\/div><\/div>\n<\/div>\n<\/div>\n<\/div>\n<\/div>\n<\/div>\n<div id=\"cmsmasters_row_h73p3ovzv\" class=\"cmsmasters_row cmsmasters_color_scheme_default cmsmasters_row_top_default cmsmasters_row_bot_default cmsmasters_row_boxed\">\n<div class=\"cmsmasters_row_outer_parent\">\n<div class=\"cmsmasters_row_outer\">\n<div class=\"cmsmasters_row_inner\">\n<div class=\"cmsmasters_row_margin\">\n<div id=\"cmsmasters_column_lrgx53aq1r\" class=\"cmsmasters_column one_first\">\n<div class=\"cmsmasters_column_inner\">\n<div id=\"blog_bgw65qn6mw\" class=\"cmsmasters_wrap_blog entry-summary\" data-layout=\"columns\" data-layout-mode=\"grid\" data-url=\"https:\/\/www.ufmg.br\/centrocultural\/wp-content\/plugins\/cmsmasters-content-composer\/\" data-orderby=\"date\" data-order=\"DESC\" data-count=\"6\" data-categories=\"arte\" data-metadata=\"date,categories,more\" data-pagination=\"more\"><div class=\"blog columns grid cmsmasters_2\"><!-- Start Post Masonry Article -->\n<article id=\"post-25446\" class=\"cmsmasters_post_masonry post-25446 post type-post status-publish format-standard has-post-thumbnail hentry category-arte category-pingo-de-tinta category-quem-sera-o-artista\" data-category=\"arte pingo-de-tinta quem-sera-o-artista\">\n\t<div class=\"cmsmasters_post_cont\">\n\t\t<div class=\"cmsmasters_post_cont_img_wrap\"><figure class=\"cmsmasters_img_wrap\"><a href=\"https:\/\/www.ufmg.br\/centrocultural\/quem-sera-a-artista-chris-tigra\/\" title=\"Quem ser\u00e1 a artista? \u2013 Chris Tigra\" class=\"cmsmasters_img_link preloader\"><img loading=\"lazy\" decoding=\"async\" width=\"580\" height=\"580\" src=\"https:\/\/www.ufmg.br\/centrocultural\/wp-content\/uploads\/2023\/09\/Chris-Tigra-580x580.jpg\" class=\"full-width wp-post-image\" alt=\"Quem ser\u00e1 a artista? \u2013 Chris Tigra\" title=\"Quem ser\u00e1 a artista? \u2013 Chris Tigra\" srcset=\"https:\/\/www.ufmg.br\/centrocultural\/wp-content\/uploads\/2023\/09\/Chris-Tigra-580x580.jpg 580w, https:\/\/www.ufmg.br\/centrocultural\/wp-content\/uploads\/2023\/09\/Chris-Tigra-300x300.jpg 300w, https:\/\/www.ufmg.br\/centrocultural\/wp-content\/uploads\/2023\/09\/Chris-Tigra-180x180.jpg 180w\" sizes=\"auto, (max-width: 580px) 100vw, 580px\" \/><\/a><\/figure><\/div><div class=\"cmsmasters_post_cont_info first entry-meta\"><span class=\"cmsmasters_post_category\"><a href=\"https:\/\/www.ufmg.br\/centrocultural\/category\/pingo-de-tinta\/arte\/\" class=\"cmsmasters_cat_color cmsmasters_cat_69\" rel=\"category tag\">Arte Revistinha<\/a>, <a href=\"https:\/\/www.ufmg.br\/centrocultural\/category\/pingo-de-tinta\/\" class=\"cmsmasters_cat_color cmsmasters_cat_73\" rel=\"category tag\">Pingo de Tinta<\/a>, <a href=\"https:\/\/www.ufmg.br\/centrocultural\/category\/pingo-de-tinta\/quem-sera-o-artista\/\" class=\"cmsmasters_cat_color cmsmasters_cat_84\" rel=\"category tag\">Quem ser\u00e1 o artista?<\/a><\/span><\/div><header class=\"cmsmasters_post_header entry-header\"><h4 class=\"cmsmasters_post_title entry-title\"><a href=\"https:\/\/www.ufmg.br\/centrocultural\/quem-sera-a-artista-chris-tigra\/\">Quem ser\u00e1 a artista? \u2013 Chris Tigra<\/a><\/h4><\/header><div class=\"cmsmasters_post_cont_info second entry-meta\"><span class=\"cmsmasters_post_date\"><abbr class=\"published\" title=\"25 de setembro de 2023\">25 de setembro de 2023<\/abbr><abbr class=\"dn date updated\" title=\"25 de setembro de 2023\">25 de setembro de 2023<\/abbr><\/span><\/div><div class=\"cmsmasters_post_content entry-content\">\n<p>Nascida em S\u00e3o Paulo, ela \u00e9 artista visual, m\u00fasica e comunicadora. Rompe com os formatos tradicionais das artes visuais desenvolvendo...<\/p>\n<\/div>\n<footer class=\"cmsmasters_post_footer entry-meta\"><a class=\"cmsmasters_post_read_more\" href=\"https:\/\/www.ufmg.br\/centrocultural\/quem-sera-a-artista-chris-tigra\/\">Read More<\/a><\/footer>\t<\/div>\n<\/article>\n<!-- Finish Post Masonry Article -->\n\n<!-- Start Post Masonry Article -->\n<article id=\"post-16260\" class=\"cmsmasters_post_masonry post-16260 post type-post status-publish format-standard has-post-thumbnail hentry category-arte category-noticias category-pingo-de-tinta\" data-category=\"arte noticias pingo-de-tinta\">\n\t<div class=\"cmsmasters_post_cont\">\n\t\t<div class=\"cmsmasters_post_cont_img_wrap\"><figure class=\"cmsmasters_img_wrap\"><a href=\"https:\/\/www.ufmg.br\/centrocultural\/o-tempo-da-imagem\/\" title=\"O tempo da imagem\" class=\"cmsmasters_img_link preloader\"><img loading=\"lazy\" decoding=\"async\" width=\"580\" height=\"580\" src=\"https:\/\/www.ufmg.br\/centrocultural\/wp-content\/uploads\/2021\/04\/O-tempo-da-imagem-2-01-580x580.jpg\" class=\"full-width wp-post-image\" alt=\"O tempo da imagem\" title=\"O tempo da imagem\" srcset=\"https:\/\/www.ufmg.br\/centrocultural\/wp-content\/uploads\/2021\/04\/O-tempo-da-imagem-2-01-580x580.jpg 580w, https:\/\/www.ufmg.br\/centrocultural\/wp-content\/uploads\/2021\/04\/O-tempo-da-imagem-2-01-600x600.jpg 600w, https:\/\/www.ufmg.br\/centrocultural\/wp-content\/uploads\/2021\/04\/O-tempo-da-imagem-2-01-1024x1024.jpg 1024w, https:\/\/www.ufmg.br\/centrocultural\/wp-content\/uploads\/2021\/04\/O-tempo-da-imagem-2-01-300x300.jpg 300w, https:\/\/www.ufmg.br\/centrocultural\/wp-content\/uploads\/2021\/04\/O-tempo-da-imagem-2-01-768x768.jpg 768w, https:\/\/www.ufmg.br\/centrocultural\/wp-content\/uploads\/2021\/04\/O-tempo-da-imagem-2-01-1536x1536.jpg 1536w, https:\/\/www.ufmg.br\/centrocultural\/wp-content\/uploads\/2021\/04\/O-tempo-da-imagem-2-01-2048x2048.jpg 2048w, https:\/\/www.ufmg.br\/centrocultural\/wp-content\/uploads\/2021\/04\/O-tempo-da-imagem-2-01-180x180.jpg 180w, https:\/\/www.ufmg.br\/centrocultural\/wp-content\/uploads\/2021\/04\/O-tempo-da-imagem-2-01-860x860.jpg 860w, https:\/\/www.ufmg.br\/centrocultural\/wp-content\/uploads\/2021\/04\/O-tempo-da-imagem-2-01-1160x1160.jpg 1160w\" sizes=\"auto, (max-width: 580px) 100vw, 580px\" \/><\/a><\/figure><\/div><div class=\"cmsmasters_post_cont_info first entry-meta\"><span class=\"cmsmasters_post_category\"><a href=\"https:\/\/www.ufmg.br\/centrocultural\/category\/pingo-de-tinta\/arte\/\" class=\"cmsmasters_cat_color cmsmasters_cat_69\" rel=\"category tag\">Arte Revistinha<\/a>, <a href=\"https:\/\/www.ufmg.br\/centrocultural\/category\/noticias\/\" class=\"cmsmasters_cat_color cmsmasters_cat_91\" rel=\"category tag\">Not\u00edcias<\/a>, <a href=\"https:\/\/www.ufmg.br\/centrocultural\/category\/pingo-de-tinta\/\" class=\"cmsmasters_cat_color cmsmasters_cat_73\" rel=\"category tag\">Pingo de Tinta<\/a><\/span><\/div><header class=\"cmsmasters_post_header entry-header\"><h4 class=\"cmsmasters_post_title entry-title\"><a href=\"https:\/\/www.ufmg.br\/centrocultural\/o-tempo-da-imagem\/\">O tempo da imagem<\/a><\/h4><\/header><div class=\"cmsmasters_post_cont_info second entry-meta\"><span class=\"cmsmasters_post_date\"><abbr class=\"published\" title=\"19 de abril de 2021\">19 de abril de 2021<\/abbr><abbr class=\"dn date updated\" title=\"24 de junho de 2022\">24 de junho de 2022<\/abbr><\/span><\/div><footer class=\"cmsmasters_post_footer entry-meta\"><a class=\"cmsmasters_post_read_more\" href=\"https:\/\/www.ufmg.br\/centrocultural\/o-tempo-da-imagem\/\">Leia Mais<\/a><\/footer>\t<\/div>\n<\/article>\n<!-- Finish Post Masonry Article -->\n\n<!-- Start Post Masonry Article -->\n<article id=\"post-16206\" class=\"cmsmasters_post_masonry post-16206 post type-post status-publish format-standard has-post-thumbnail hentry category-arte category-noticias category-pingo-de-tinta\" data-category=\"arte noticias pingo-de-tinta\">\n\t<div class=\"cmsmasters_post_cont\">\n\t\t<div class=\"cmsmasters_post_cont_img_wrap\"><figure class=\"cmsmasters_img_wrap\"><a href=\"https:\/\/www.ufmg.br\/centrocultural\/pausa-para-uma-observacao-atenta-na-des_construcao-de-uma-casa\/\" title=\"Pausa para uma observa\u00e7\u00e3o atenta na des_constru\u00e7\u00e3o de uma casa\" class=\"cmsmasters_img_link preloader\"><img loading=\"lazy\" decoding=\"async\" width=\"580\" height=\"580\" src=\"https:\/\/www.ufmg.br\/centrocultural\/wp-content\/uploads\/2021\/04\/Pausa-para-uma-observacao-atenta-na-des_construcao-de-uma-casa-4-01-580x580.jpg\" class=\"full-width wp-post-image\" alt=\"Pausa para uma observa\u00e7\u00e3o atenta na des_constru\u00e7\u00e3o de uma casa\" title=\"Pausa para uma observa\u00e7\u00e3o atenta na des_constru\u00e7\u00e3o de uma casa\" srcset=\"https:\/\/www.ufmg.br\/centrocultural\/wp-content\/uploads\/2021\/04\/Pausa-para-uma-observacao-atenta-na-des_construcao-de-uma-casa-4-01-580x580.jpg 580w, https:\/\/www.ufmg.br\/centrocultural\/wp-content\/uploads\/2021\/04\/Pausa-para-uma-observacao-atenta-na-des_construcao-de-uma-casa-4-01-600x600.jpg 600w, https:\/\/www.ufmg.br\/centrocultural\/wp-content\/uploads\/2021\/04\/Pausa-para-uma-observacao-atenta-na-des_construcao-de-uma-casa-4-01-1024x1024.jpg 1024w, https:\/\/www.ufmg.br\/centrocultural\/wp-content\/uploads\/2021\/04\/Pausa-para-uma-observacao-atenta-na-des_construcao-de-uma-casa-4-01-300x300.jpg 300w, https:\/\/www.ufmg.br\/centrocultural\/wp-content\/uploads\/2021\/04\/Pausa-para-uma-observacao-atenta-na-des_construcao-de-uma-casa-4-01-768x768.jpg 768w, https:\/\/www.ufmg.br\/centrocultural\/wp-content\/uploads\/2021\/04\/Pausa-para-uma-observacao-atenta-na-des_construcao-de-uma-casa-4-01-1536x1536.jpg 1536w, https:\/\/www.ufmg.br\/centrocultural\/wp-content\/uploads\/2021\/04\/Pausa-para-uma-observacao-atenta-na-des_construcao-de-uma-casa-4-01-2048x2048.jpg 2048w, https:\/\/www.ufmg.br\/centrocultural\/wp-content\/uploads\/2021\/04\/Pausa-para-uma-observacao-atenta-na-des_construcao-de-uma-casa-4-01-180x180.jpg 180w, https:\/\/www.ufmg.br\/centrocultural\/wp-content\/uploads\/2021\/04\/Pausa-para-uma-observacao-atenta-na-des_construcao-de-uma-casa-4-01-860x860.jpg 860w, https:\/\/www.ufmg.br\/centrocultural\/wp-content\/uploads\/2021\/04\/Pausa-para-uma-observacao-atenta-na-des_construcao-de-uma-casa-4-01-1160x1160.jpg 1160w\" sizes=\"auto, (max-width: 580px) 100vw, 580px\" \/><\/a><\/figure><\/div><div class=\"cmsmasters_post_cont_info first entry-meta\"><span class=\"cmsmasters_post_category\"><a href=\"https:\/\/www.ufmg.br\/centrocultural\/category\/pingo-de-tinta\/arte\/\" class=\"cmsmasters_cat_color cmsmasters_cat_69\" rel=\"category tag\">Arte Revistinha<\/a>, <a href=\"https:\/\/www.ufmg.br\/centrocultural\/category\/noticias\/\" class=\"cmsmasters_cat_color cmsmasters_cat_91\" rel=\"category tag\">Not\u00edcias<\/a>, <a href=\"https:\/\/www.ufmg.br\/centrocultural\/category\/pingo-de-tinta\/\" class=\"cmsmasters_cat_color cmsmasters_cat_73\" rel=\"category tag\">Pingo de Tinta<\/a><\/span><\/div><header class=\"cmsmasters_post_header entry-header\"><h4 class=\"cmsmasters_post_title entry-title\"><a href=\"https:\/\/www.ufmg.br\/centrocultural\/pausa-para-uma-observacao-atenta-na-des_construcao-de-uma-casa\/\">Pausa para uma observa\u00e7\u00e3o atenta na des_constru\u00e7\u00e3o de uma casa<\/a><\/h4><\/header><div class=\"cmsmasters_post_cont_info second entry-meta\"><span class=\"cmsmasters_post_date\"><abbr class=\"published\" title=\"5 de abril de 2021\">5 de abril de 2021<\/abbr><abbr class=\"dn date updated\" title=\"24 de junho de 2022\">24 de junho de 2022<\/abbr><\/span><\/div><footer class=\"cmsmasters_post_footer entry-meta\"><a class=\"cmsmasters_post_read_more\" href=\"https:\/\/www.ufmg.br\/centrocultural\/pausa-para-uma-observacao-atenta-na-des_construcao-de-uma-casa\/\">Leia Mais<\/a><\/footer>\t<\/div>\n<\/article>\n<!-- Finish Post Masonry Article -->\n\n<!-- Start Post Masonry Article -->\n<article id=\"post-16181\" class=\"cmsmasters_post_masonry post-16181 post type-post status-publish format-standard has-post-thumbnail hentry category-arte category-noticias category-pingo-de-tinta\" data-category=\"arte noticias pingo-de-tinta\">\n\t<div class=\"cmsmasters_post_cont\">\n\t\t<div class=\"cmsmasters_post_cont_img_wrap\"><figure class=\"cmsmasters_img_wrap\"><a href=\"https:\/\/www.ufmg.br\/centrocultural\/essencia-poetica\/\" title=\"Ess\u00eancia po\u00e9tica\" class=\"cmsmasters_img_link preloader\"><img loading=\"lazy\" decoding=\"async\" width=\"580\" height=\"580\" src=\"https:\/\/www.ufmg.br\/centrocultural\/wp-content\/uploads\/2021\/03\/essencia-poetica-1-01-580x580.jpg\" class=\"full-width wp-post-image\" alt=\"Ess\u00eancia po\u00e9tica\" title=\"Ess\u00eancia po\u00e9tica\" srcset=\"https:\/\/www.ufmg.br\/centrocultural\/wp-content\/uploads\/2021\/03\/essencia-poetica-1-01-580x580.jpg 580w, https:\/\/www.ufmg.br\/centrocultural\/wp-content\/uploads\/2021\/03\/essencia-poetica-1-01-600x600.jpg 600w, https:\/\/www.ufmg.br\/centrocultural\/wp-content\/uploads\/2021\/03\/essencia-poetica-1-01-1024x1024.jpg 1024w, https:\/\/www.ufmg.br\/centrocultural\/wp-content\/uploads\/2021\/03\/essencia-poetica-1-01-300x300.jpg 300w, https:\/\/www.ufmg.br\/centrocultural\/wp-content\/uploads\/2021\/03\/essencia-poetica-1-01-768x768.jpg 768w, https:\/\/www.ufmg.br\/centrocultural\/wp-content\/uploads\/2021\/03\/essencia-poetica-1-01-1536x1536.jpg 1536w, https:\/\/www.ufmg.br\/centrocultural\/wp-content\/uploads\/2021\/03\/essencia-poetica-1-01-2048x2048.jpg 2048w, https:\/\/www.ufmg.br\/centrocultural\/wp-content\/uploads\/2021\/03\/essencia-poetica-1-01-180x180.jpg 180w, https:\/\/www.ufmg.br\/centrocultural\/wp-content\/uploads\/2021\/03\/essencia-poetica-1-01-860x860.jpg 860w, https:\/\/www.ufmg.br\/centrocultural\/wp-content\/uploads\/2021\/03\/essencia-poetica-1-01-1160x1160.jpg 1160w\" sizes=\"auto, (max-width: 580px) 100vw, 580px\" \/><\/a><\/figure><\/div><div class=\"cmsmasters_post_cont_info first entry-meta\"><span class=\"cmsmasters_post_category\"><a href=\"https:\/\/www.ufmg.br\/centrocultural\/category\/pingo-de-tinta\/arte\/\" class=\"cmsmasters_cat_color cmsmasters_cat_69\" rel=\"category tag\">Arte Revistinha<\/a>, <a href=\"https:\/\/www.ufmg.br\/centrocultural\/category\/noticias\/\" class=\"cmsmasters_cat_color cmsmasters_cat_91\" rel=\"category tag\">Not\u00edcias<\/a>, <a href=\"https:\/\/www.ufmg.br\/centrocultural\/category\/pingo-de-tinta\/\" class=\"cmsmasters_cat_color cmsmasters_cat_73\" rel=\"category tag\">Pingo de Tinta<\/a><\/span><\/div><header class=\"cmsmasters_post_header entry-header\"><h4 class=\"cmsmasters_post_title entry-title\"><a href=\"https:\/\/www.ufmg.br\/centrocultural\/essencia-poetica\/\">Ess\u00eancia po\u00e9tica<\/a><\/h4><\/header><div class=\"cmsmasters_post_cont_info second entry-meta\"><span class=\"cmsmasters_post_date\"><abbr class=\"published\" title=\"22 de mar\u00e7o de 2021\">22 de mar\u00e7o de 2021<\/abbr><abbr class=\"dn date updated\" title=\"24 de junho de 2022\">24 de junho de 2022<\/abbr><\/span><\/div><footer class=\"cmsmasters_post_footer entry-meta\"><a class=\"cmsmasters_post_read_more\" href=\"https:\/\/www.ufmg.br\/centrocultural\/essencia-poetica\/\">Leia Mais<\/a><\/footer>\t<\/div>\n<\/article>\n<!-- Finish Post Masonry Article -->\n\n<!-- Start Post Masonry Article -->\n<article id=\"post-16137\" class=\"cmsmasters_post_masonry post-16137 post type-post status-publish format-standard has-post-thumbnail hentry category-arte category-noticias category-pingo-de-tinta\" data-category=\"arte noticias pingo-de-tinta\">\n\t<div class=\"cmsmasters_post_cont\">\n\t\t<div class=\"cmsmasters_post_cont_img_wrap\"><figure class=\"cmsmasters_img_wrap\"><a href=\"https:\/\/www.ufmg.br\/centrocultural\/movencias-corpocidade\/\" title=\"Mov\u00eancias: CorpoCidade\" class=\"cmsmasters_img_link preloader\"><img loading=\"lazy\" decoding=\"async\" width=\"580\" height=\"580\" src=\"https:\/\/www.ufmg.br\/centrocultural\/wp-content\/uploads\/2021\/02\/Movencias-CorpoCidade-01-580x580.jpg\" class=\"full-width wp-post-image\" alt=\"Mov\u00eancias: CorpoCidade\" title=\"Mov\u00eancias: CorpoCidade\" srcset=\"https:\/\/www.ufmg.br\/centrocultural\/wp-content\/uploads\/2021\/02\/Movencias-CorpoCidade-01-580x580.jpg 580w, https:\/\/www.ufmg.br\/centrocultural\/wp-content\/uploads\/2021\/02\/Movencias-CorpoCidade-01-600x600.jpg 600w, https:\/\/www.ufmg.br\/centrocultural\/wp-content\/uploads\/2021\/02\/Movencias-CorpoCidade-01-1024x1024.jpg 1024w, https:\/\/www.ufmg.br\/centrocultural\/wp-content\/uploads\/2021\/02\/Movencias-CorpoCidade-01-300x300.jpg 300w, https:\/\/www.ufmg.br\/centrocultural\/wp-content\/uploads\/2021\/02\/Movencias-CorpoCidade-01-768x768.jpg 768w, https:\/\/www.ufmg.br\/centrocultural\/wp-content\/uploads\/2021\/02\/Movencias-CorpoCidade-01-1536x1536.jpg 1536w, https:\/\/www.ufmg.br\/centrocultural\/wp-content\/uploads\/2021\/02\/Movencias-CorpoCidade-01-180x180.jpg 180w, https:\/\/www.ufmg.br\/centrocultural\/wp-content\/uploads\/2021\/02\/Movencias-CorpoCidade-01-860x860.jpg 860w, https:\/\/www.ufmg.br\/centrocultural\/wp-content\/uploads\/2021\/02\/Movencias-CorpoCidade-01-1160x1160.jpg 1160w, https:\/\/www.ufmg.br\/centrocultural\/wp-content\/uploads\/2021\/02\/Movencias-CorpoCidade-01.jpg 1575w\" sizes=\"auto, (max-width: 580px) 100vw, 580px\" \/><\/a><\/figure><\/div><div class=\"cmsmasters_post_cont_info first entry-meta\"><span class=\"cmsmasters_post_category\"><a href=\"https:\/\/www.ufmg.br\/centrocultural\/category\/pingo-de-tinta\/arte\/\" class=\"cmsmasters_cat_color cmsmasters_cat_69\" rel=\"category tag\">Arte Revistinha<\/a>, <a href=\"https:\/\/www.ufmg.br\/centrocultural\/category\/noticias\/\" class=\"cmsmasters_cat_color cmsmasters_cat_91\" rel=\"category tag\">Not\u00edcias<\/a>, <a href=\"https:\/\/www.ufmg.br\/centrocultural\/category\/pingo-de-tinta\/\" class=\"cmsmasters_cat_color cmsmasters_cat_73\" rel=\"category tag\">Pingo de Tinta<\/a><\/span><\/div><header class=\"cmsmasters_post_header entry-header\"><h4 class=\"cmsmasters_post_title entry-title\"><a href=\"https:\/\/www.ufmg.br\/centrocultural\/movencias-corpocidade\/\">Mov\u00eancias: CorpoCidade<\/a><\/h4><\/header><div class=\"cmsmasters_post_cont_info second entry-meta\"><span class=\"cmsmasters_post_date\"><abbr class=\"published\" title=\"22 de fevereiro de 2021\">22 de fevereiro de 2021<\/abbr><abbr class=\"dn date updated\" title=\"24 de junho de 2022\">24 de junho de 2022<\/abbr><\/span><\/div><footer class=\"cmsmasters_post_footer entry-meta\"><a class=\"cmsmasters_post_read_more\" href=\"https:\/\/www.ufmg.br\/centrocultural\/movencias-corpocidade\/\">Leia Mais<\/a><\/footer>\t<\/div>\n<\/article>\n<!-- Finish Post Masonry Article -->\n\n<!-- Start Post Masonry Article -->\n<article id=\"post-16098\" class=\"cmsmasters_post_masonry post-16098 post type-post status-publish format-standard has-post-thumbnail hentry category-arte category-noticias category-pingo-de-tinta\" data-category=\"arte noticias pingo-de-tinta\">\n\t<div class=\"cmsmasters_post_cont\">\n\t\t<div class=\"cmsmasters_post_cont_img_wrap\"><figure class=\"cmsmasters_img_wrap\"><a href=\"https:\/\/www.ufmg.br\/centrocultural\/territorios-populares\/\" title=\"Territ\u00f3rios populares\" class=\"cmsmasters_img_link preloader\"><img loading=\"lazy\" decoding=\"async\" width=\"580\" height=\"580\" src=\"https:\/\/www.ufmg.br\/centrocultural\/wp-content\/uploads\/2021\/02\/Territorios-populares-01-580x580.jpg\" class=\"full-width wp-post-image\" alt=\"Territ\u00f3rios populares\" title=\"Territ\u00f3rios populares\" srcset=\"https:\/\/www.ufmg.br\/centrocultural\/wp-content\/uploads\/2021\/02\/Territorios-populares-01-580x580.jpg 580w, https:\/\/www.ufmg.br\/centrocultural\/wp-content\/uploads\/2021\/02\/Territorios-populares-01-600x600.jpg 600w, https:\/\/www.ufmg.br\/centrocultural\/wp-content\/uploads\/2021\/02\/Territorios-populares-01-1024x1024.jpg 1024w, https:\/\/www.ufmg.br\/centrocultural\/wp-content\/uploads\/2021\/02\/Territorios-populares-01-300x300.jpg 300w, https:\/\/www.ufmg.br\/centrocultural\/wp-content\/uploads\/2021\/02\/Territorios-populares-01-768x768.jpg 768w, https:\/\/www.ufmg.br\/centrocultural\/wp-content\/uploads\/2021\/02\/Territorios-populares-01-1536x1536.jpg 1536w, https:\/\/www.ufmg.br\/centrocultural\/wp-content\/uploads\/2021\/02\/Territorios-populares-01-180x180.jpg 180w, https:\/\/www.ufmg.br\/centrocultural\/wp-content\/uploads\/2021\/02\/Territorios-populares-01-860x860.jpg 860w, https:\/\/www.ufmg.br\/centrocultural\/wp-content\/uploads\/2021\/02\/Territorios-populares-01-1160x1160.jpg 1160w, https:\/\/www.ufmg.br\/centrocultural\/wp-content\/uploads\/2021\/02\/Territorios-populares-01.jpg 1575w\" sizes=\"auto, (max-width: 580px) 100vw, 580px\" \/><\/a><\/figure><\/div><div class=\"cmsmasters_post_cont_info first entry-meta\"><span class=\"cmsmasters_post_category\"><a href=\"https:\/\/www.ufmg.br\/centrocultural\/category\/pingo-de-tinta\/arte\/\" class=\"cmsmasters_cat_color cmsmasters_cat_69\" rel=\"category tag\">Arte Revistinha<\/a>, <a href=\"https:\/\/www.ufmg.br\/centrocultural\/category\/noticias\/\" class=\"cmsmasters_cat_color cmsmasters_cat_91\" rel=\"category tag\">Not\u00edcias<\/a>, <a href=\"https:\/\/www.ufmg.br\/centrocultural\/category\/pingo-de-tinta\/\" class=\"cmsmasters_cat_color cmsmasters_cat_73\" rel=\"category tag\">Pingo de Tinta<\/a><\/span><\/div><header class=\"cmsmasters_post_header entry-header\"><h4 class=\"cmsmasters_post_title entry-title\"><a href=\"https:\/\/www.ufmg.br\/centrocultural\/territorios-populares\/\">Territ\u00f3rios populares<\/a><\/h4><\/header><div class=\"cmsmasters_post_cont_info second entry-meta\"><span class=\"cmsmasters_post_date\"><abbr class=\"published\" title=\"1 de fevereiro de 2021\">1 de fevereiro de 2021<\/abbr><abbr class=\"dn date updated\" title=\"24 de junho de 2022\">24 de junho de 2022<\/abbr><\/span><\/div><footer class=\"cmsmasters_post_footer entry-meta\"><a class=\"cmsmasters_post_read_more\" href=\"https:\/\/www.ufmg.br\/centrocultural\/territorios-populares\/\">Leia Mais<\/a><\/footer>\t<\/div>\n<\/article>\n<!-- Finish Post Masonry Article -->\n\n<\/div><div class=\"cmsmasters_wrap_more_posts cmsmasters_wrap_more_items\"><div class=\"cmsmasters_wrap_post_loader cmsmasters_wrap_items_loader\">\r\n\t\t\t\t\t<a href=\"javascript:void(0)\" class=\"cmsmasters_button cmsmasters_post_loader cmsmasters_items_loader\">\r\n\t\t\t\t\t\t<span>Carregar mais posts<\/span>\r\n\t\t\t\t\t<\/a>\r\n\t\t\t\t<\/div><\/div><\/div>\n<\/div><\/div>\n<\/div>\n<\/div>\n<\/div>\n<\/div>\n<\/div>\n\n","protected":false},"excerpt":{"rendered":"","protected":false},"author":7,"featured_media":0,"parent":0,"menu_order":0,"comment_status":"closed","ping_status":"closed","template":"","meta":{"footnotes":""},"class_list":["post-15770","page","type-page","status-publish","hentry"],"_links":{"self":[{"href":"https:\/\/www.ufmg.br\/centrocultural\/wp-json\/wp\/v2\/pages\/15770","targetHints":{"allow":["GET"]}}],"collection":[{"href":"https:\/\/www.ufmg.br\/centrocultural\/wp-json\/wp\/v2\/pages"}],"about":[{"href":"https:\/\/www.ufmg.br\/centrocultural\/wp-json\/wp\/v2\/types\/page"}],"author":[{"embeddable":true,"href":"https:\/\/www.ufmg.br\/centrocultural\/wp-json\/wp\/v2\/users\/7"}],"replies":[{"embeddable":true,"href":"https:\/\/www.ufmg.br\/centrocultural\/wp-json\/wp\/v2\/comments?post=15770"}],"version-history":[{"count":9,"href":"https:\/\/www.ufmg.br\/centrocultural\/wp-json\/wp\/v2\/pages\/15770\/revisions"}],"predecessor-version":[{"id":15967,"href":"https:\/\/www.ufmg.br\/centrocultural\/wp-json\/wp\/v2\/pages\/15770\/revisions\/15967"}],"wp:attachment":[{"href":"https:\/\/www.ufmg.br\/centrocultural\/wp-json\/wp\/v2\/media?parent=15770"}],"curies":[{"name":"wp","href":"https:\/\/api.w.org\/{rel}","templated":true}]}}