{"id":15990,"date":"2020-12-14T11:34:29","date_gmt":"2020-12-14T14:34:29","guid":{"rendered":"https:\/\/www.ufmg.br\/centrocultural\/?page_id=15990"},"modified":"2022-07-22T12:39:50","modified_gmt":"2022-07-22T15:39:50","slug":"revista-guaicurus-4","status":"publish","type":"page","link":"https:\/\/www.ufmg.br\/centrocultural\/comunicacao\/revista-guaicurus\/revista-guaicurus-4\/","title":{"rendered":"Revista Guaicurus #4"},"content":{"rendered":"<div id=\"cmsmasters_row_5brshh1uq7\" class=\"cmsmasters_row cmsmasters_color_scheme_default cmsmasters_row_top_default cmsmasters_row_bot_default cmsmasters_row_boxed\">\n<div class=\"cmsmasters_row_outer_parent\">\n<div class=\"cmsmasters_row_outer\">\n<div class=\"cmsmasters_row_inner\">\n<div class=\"cmsmasters_row_margin\">\n<div id=\"cmsmasters_column_1av2oq7v29\" class=\"cmsmasters_column three_fourth\">\n<div class=\"cmsmasters_column_inner\"><div id=\"cmsmasters_heading_5pyazzofrh\" class=\"cmsmasters_heading_wrap cmsmasters_heading_align_left\">\n\t<h5 class=\"cmsmasters_heading\">PUBLICA\u00c7\u00d5ES<\/h5>\n<\/div>\n<\/div><\/div>\n<div id=\"cmsmasters_column_fto363ytrr\" class=\"cmsmasters_column one_fourth\">\n<div class=\"cmsmasters_column_inner\"><\/div><\/div>\n<\/div>\n<\/div>\n<\/div>\n<\/div>\n<\/div>\n<div id=\"cmsmasters_row_hugrhlbrki\" class=\"cmsmasters_row cmsmasters_color_scheme_default cmsmasters_row_top_default cmsmasters_row_bot_default cmsmasters_row_boxed\">\n<div class=\"cmsmasters_row_outer_parent\">\n<div class=\"cmsmasters_row_outer\">\n<div class=\"cmsmasters_row_inner\">\n<div class=\"cmsmasters_row_margin\">\n<div id=\"cmsmasters_column_g68elu8k7\" class=\"cmsmasters_column three_fourth\">\n<div class=\"cmsmasters_column_inner\"><div id=\"cmsmasters_heading_re441j7wp9\" class=\"cmsmasters_heading_wrap cmsmasters_heading_align_left\">\n\t<h2 class=\"cmsmasters_heading\">Revista Guaicurus #4<\/h2>\n<\/div>\n<\/div><\/div>\n<div id=\"cmsmasters_column_e9ou85raab\" class=\"cmsmasters_column one_fourth\">\n<div class=\"cmsmasters_column_inner\"><\/div><\/div>\n<\/div>\n<\/div>\n<\/div>\n<\/div>\n<\/div>\n<div id=\"cmsmasters_row_xkyjy8k2t5\" class=\"cmsmasters_row cmsmasters_color_scheme_default cmsmasters_row_top_default cmsmasters_row_bot_default cmsmasters_row_boxed\">\n<div class=\"cmsmasters_row_outer_parent\">\n<div class=\"cmsmasters_row_outer\">\n<div class=\"cmsmasters_row_inner\">\n<div class=\"cmsmasters_row_margin\">\n<div id=\"cmsmasters_column_r3sxyu2jwl\" class=\"cmsmasters_column three_fourth\">\n<div class=\"cmsmasters_column_inner\">\n<div class=\"cmsmasters_sharing\">\n<div class=\"share_wrap\">\n<a href=\"https:\/\/twitter.com\/intent\/tweet?text=Check+out+%27Revista+Guaicurus+%234%27+on+Centro+Cultural++UFMG+website&url=https%3A%2F%2Fwww.ufmg.br%2Fcentrocultural%2Fcomunicacao%2Frevista-guaicurus%2Frevista-guaicurus-4%2F\" class=\"button cmsmasters-icon-twitter\">Twitter<\/a>\n<\/div>\n<div class=\"share_wrap\">\n<a href=\"https:\/\/www.facebook.com\/sharer\/sharer.php?display=popup&u=https%3A%2F%2Fwww.ufmg.br%2Fcentrocultural%2Fcomunicacao%2Frevista-guaicurus%2Frevista-guaicurus-4%2F\" class=\"button cmsmasters-icon-facebook\">Facebook<\/a>\n<\/div>\n<\/div>\n<\/div><\/div>\n<div id=\"cmsmasters_column_jcuv6sahac\" class=\"cmsmasters_column one_fourth\">\n<div class=\"cmsmasters_column_inner\"><\/div><\/div>\n<\/div>\n<\/div>\n<\/div>\n<\/div>\n<\/div>\n<div id=\"cmsmasters_row_jl52hrne\" class=\"cmsmasters_row cmsmasters_color_scheme_default cmsmasters_row_top_default cmsmasters_row_bot_default cmsmasters_row_boxed\">\n<div class=\"cmsmasters_row_outer_parent\">\n<div class=\"cmsmasters_row_outer\">\n<div class=\"cmsmasters_row_inner\">\n<div class=\"cmsmasters_row_margin\">\n<div id=\"cmsmasters_column_hxkbssrjr\" class=\"cmsmasters_column three_fourth\">\n<div class=\"cmsmasters_column_inner\"><div class=\"cmsmasters_text\">\n<p>Edi\u00e7\u00e3o especial lan\u00e7ada em 2019, em comemora\u00e7\u00e3o aos 30 anos do Centro Cultural UFMG, resgata momentos e hist\u00f3ria do \u00f3rg\u00e3o. Conhe\u00e7a!:<\/p>\n<ul>\n<li><span style=\"color: #99ccff;\"><a style=\"color: #99ccff;\" href=\"https:\/\/www.ufmg.br\/centrocultural\/wp-content\/uploads\/2022\/06\/Guaicurus-4.pdf\">Arquivo em PDF<\/a><\/span><\/li>\n<li><span style=\"color: #99ccff;\"><a style=\"color: #99ccff;\" href=\"https:\/\/issuu.com\/ccultufmg\/docs\/revista_guaicurus_4\">Na plataforma Issuu<\/a><\/span><\/li>\n<li>Clicando no rodap\u00e9 da imagem a seguir para navegar pela edi\u00e7\u00e3o<\/li>\n<\/ul>\n<\/div>\n<\/div><\/div>\n<div id=\"cmsmasters_column_1q89q7y8cg\" class=\"cmsmasters_column one_fourth\">\n<div class=\"cmsmasters_column_inner\"><div id=\"cmsmasters_button_cwbgw49hww\" class=\"button_wrap\"><a href=\"https:\/\/www.ufmg.br\/centrocultural\/comunicacao\/revista-guaicurus\/revista-guaicurus-1\/\" class=\"cmsmasters_button cmsmasters_but_clear_styles cmsmasters_but_bd_underline\"><span>Guaicurus #1<\/span><\/a><\/div>\n<div id=\"cmsmasters_button_jjlyr2neze\" class=\"button_wrap\"><a href=\"https:\/\/www.ufmg.br\/centrocultural\/comunicacao\/revista-guaicurus\/guaicurus-2\/\" class=\"cmsmasters_button cmsmasters_but_clear_styles cmsmasters_but_bd_underline\"><span>Guaicurus #2<\/span><\/a><\/div>\n<div id=\"cmsmasters_button_26hbt8x1o9\" class=\"button_wrap\"><a href=\"https:\/\/www.ufmg.br\/centrocultural\/comunicacao\/revista-guaicurus\/revista-guaicurus-3\/\" class=\"cmsmasters_button cmsmasters_but_clear_styles cmsmasters_but_bd_underline\"><span>Guaicurus #3<\/span><\/a><\/div>\n<div id=\"cmsmasters_button_ydfzx0j4r\" class=\"button_wrap\"><a href=\"https:\/\/www.ufmg.br\/centrocultural\/comunicacao\/revista-guaicurus\/revista-guaicurus-5\/\" class=\"cmsmasters_button cmsmasters_but_clear_styles cmsmasters_but_bd_underline\"><span>Guaicurus #5<\/span><\/a><\/div>\n<\/div><\/div>\n<\/div>\n<\/div>\n<\/div>\n<\/div>\n<\/div>\n<div id=\"cmsmasters_row_5hwlty2qf\" class=\"cmsmasters_row cmsmasters_color_scheme_default cmsmasters_row_top_default cmsmasters_row_bot_default cmsmasters_row_boxed\">\n<div class=\"cmsmasters_row_outer_parent\">\n<div class=\"cmsmasters_row_outer\">\n<div class=\"cmsmasters_row_inner\">\n<div class=\"cmsmasters_row_margin\">\n<div id=\"cmsmasters_column_y86hct5z5d\" class=\"cmsmasters_column three_fourth\">\n<div class=\"cmsmasters_column_inner\">\n<div id=\"cmsmasters_divider_le15a3z5th\" class=\"cl\"><\/div>\n<\/div><\/div>\n<div id=\"cmsmasters_column_sqk3oqjwdt\" class=\"cmsmasters_column one_fourth\">\n<div class=\"cmsmasters_column_inner\"><\/div><\/div>\n<\/div>\n<\/div>\n<\/div>\n<\/div>\n<\/div>\n<div id=\"cmsmasters_row_9yzz2d123e\" class=\"cmsmasters_row cmsmasters_color_scheme_default cmsmasters_row_top_default cmsmasters_row_bot_default cmsmasters_row_boxed\">\n<div class=\"cmsmasters_row_outer_parent\">\n<div class=\"cmsmasters_row_outer\">\n<div class=\"cmsmasters_row_inner\">\n<div class=\"cmsmasters_row_margin\">\n<div id=\"cmsmasters_column_njn5a2j69a\" class=\"cmsmasters_column three_fourth\">\n<div class=\"cmsmasters_column_inner\"><div class=\"cmsmasters_text\">\n<p><a href=\"https:\/\/www.ufmg.br\/centrocultural\/wp-content\/uploads\/2022\/06\/Guaicurus-4.pdf\" class=\"pdfemb-viewer\" style=\"\" data-width=\"max\" data-height=\"max\" data-toolbar=\"bottom\" data-toolbar-fixed=\"off\">Guaicurus 4<\/a><\/p>\n<p>&nbsp;<\/p>\n<\/div>\n<\/div><\/div>\n<div id=\"cmsmasters_column_l6ly3t3f1r\" class=\"cmsmasters_column one_fourth\">\n<div class=\"cmsmasters_column_inner\"><\/div><\/div>\n<\/div>\n<\/div>\n<\/div>\n<\/div>\n<\/div>\n<div id=\"cmsmasters_row_blgjpefkrr\" class=\"cmsmasters_row cmsmasters_color_scheme_default cmsmasters_row_top_default cmsmasters_row_bot_default cmsmasters_row_boxed\">\n<div class=\"cmsmasters_row_outer_parent\">\n<div class=\"cmsmasters_row_outer\">\n<div class=\"cmsmasters_row_inner\">\n<div class=\"cmsmasters_row_margin\">\n<div id=\"cmsmasters_column_143yyim2ji\" class=\"cmsmasters_column three_fourth\">\n<div class=\"cmsmasters_column_inner\"><div id=\"cmsmasters_button_nvymcroqyh\" class=\"button_wrap\"><a href=\"https:\/\/www.ufmg.br\/centrocultural\/?page_id=18547\" class=\"cmsmasters_button cmsmasters_but_clear_styles cmsmasters_but_bg_hover\"><span>Todas as edi\u00e7\u00f5es<\/span><\/a><\/div>\n<\/div><\/div>\n<div id=\"cmsmasters_column_l3cfz0e1h\" class=\"cmsmasters_column one_fourth\">\n<div class=\"cmsmasters_column_inner\"><\/div><\/div>\n<\/div>\n<\/div>\n<\/div>\n<\/div>\n<\/div>\n\n","protected":false},"excerpt":{"rendered":"","protected":false},"author":7,"featured_media":15991,"parent":18547,"menu_order":0,"comment_status":"closed","ping_status":"closed","template":"","meta":{"footnotes":""},"class_list":["post-15990","page","type-page","status-publish","has-post-thumbnail","hentry"],"_links":{"self":[{"href":"https:\/\/www.ufmg.br\/centrocultural\/wp-json\/wp\/v2\/pages\/15990","targetHints":{"allow":["GET"]}}],"collection":[{"href":"https:\/\/www.ufmg.br\/centrocultural\/wp-json\/wp\/v2\/pages"}],"about":[{"href":"https:\/\/www.ufmg.br\/centrocultural\/wp-json\/wp\/v2\/types\/page"}],"author":[{"embeddable":true,"href":"https:\/\/www.ufmg.br\/centrocultural\/wp-json\/wp\/v2\/users\/7"}],"replies":[{"embeddable":true,"href":"https:\/\/www.ufmg.br\/centrocultural\/wp-json\/wp\/v2\/comments?post=15990"}],"version-history":[{"count":21,"href":"https:\/\/www.ufmg.br\/centrocultural\/wp-json\/wp\/v2\/pages\/15990\/revisions"}],"predecessor-version":[{"id":19291,"href":"https:\/\/www.ufmg.br\/centrocultural\/wp-json\/wp\/v2\/pages\/15990\/revisions\/19291"}],"up":[{"embeddable":true,"href":"https:\/\/www.ufmg.br\/centrocultural\/wp-json\/wp\/v2\/pages\/18547"}],"wp:featuredmedia":[{"embeddable":true,"href":"https:\/\/www.ufmg.br\/centrocultural\/wp-json\/wp\/v2\/media\/15991"}],"wp:attachment":[{"href":"https:\/\/www.ufmg.br\/centrocultural\/wp-json\/wp\/v2\/media?parent=15990"}],"curies":[{"name":"wp","href":"https:\/\/api.w.org\/{rel}","templated":true}]}}