{"id":17838,"date":"2022-05-11T10:29:30","date_gmt":"2022-05-11T13:29:30","guid":{"rendered":"https:\/\/www.ufmg.br\/centrocultural\/?page_id=17838"},"modified":"2026-03-20T14:22:13","modified_gmt":"2026-03-20T17:22:13","slug":"podcasts","status":"publish","type":"page","link":"https:\/\/www.ufmg.br\/centrocultural\/comunicacao\/podcasts\/","title":{"rendered":"Podcasts"},"content":{"rendered":"<div id=\"cmsmasters_row_9w3u74vfdq\" class=\"cmsmasters_row cmsmasters_color_scheme_default cmsmasters_row_top_default cmsmasters_row_bot_default cmsmasters_row_boxed\">\n<div class=\"cmsmasters_row_outer_parent\">\n<div class=\"cmsmasters_row_outer\">\n<div class=\"cmsmasters_row_inner\">\n<div class=\"cmsmasters_row_margin\">\n<div id=\"cmsmasters_column_4m3pvikglq\" class=\"cmsmasters_column one_first\">\n<div class=\"cmsmasters_column_inner\"><div id=\"cmsmasters_heading_d2m7do9tel\" class=\"cmsmasters_heading_wrap cmsmasters_heading_align_left\">\n\t<h5 class=\"cmsmasters_heading\">OU\u00c7A E COMPARTILHE<\/h5>\n<\/div><div id=\"cmsmasters_heading_31wmmfkyyo\" class=\"cmsmasters_heading_wrap cmsmasters_heading_align_left\">\n\t<h2 class=\"cmsmasters_heading\">Podcasts do CCult<\/h2>\n<\/div>\n<\/div><\/div>\n<\/div>\n<\/div>\n<\/div>\n<\/div>\n<\/div>\n<div id=\"cmsmasters_row_onu2tk0kgr\" class=\"cmsmasters_row cmsmasters_color_scheme_default cmsmasters_row_top_default cmsmasters_row_bot_default cmsmasters_row_boxed\">\n<div class=\"cmsmasters_row_outer_parent\">\n<div class=\"cmsmasters_row_outer\">\n<div class=\"cmsmasters_row_inner\">\n<div class=\"cmsmasters_row_margin\">\n<div id=\"cmsmasters_column_x3hyj0n2hp\" class=\"cmsmasters_column one_first\">\n<div class=\"cmsmasters_column_inner\"><div class=\"cmsmasters_text\">\n<p><\/p>\n<\/div>\n<\/div><\/div>\n<\/div>\n<\/div>\n<\/div>\n<\/div>\n<\/div>\n<div id=\"cmsmasters_row_39wndxwks\" class=\"cmsmasters_row cmsmasters_color_scheme_default cmsmasters_row_top_default cmsmasters_row_bot_default cmsmasters_row_boxed\">\n<div class=\"cmsmasters_row_outer_parent\">\n<div class=\"cmsmasters_row_outer\">\n<div class=\"cmsmasters_row_inner\">\n<div class=\"cmsmasters_row_margin\">\n<div id=\"cmsmasters_column_grgtt6rd6g\" class=\"cmsmasters_column one_first\">\n<div class=\"cmsmasters_column_inner\"><div id=\"cmsmasters_heading_dh4faofzfl\" class=\"cmsmasters_heading_wrap cmsmasters_heading_align_left\">\n\t<h3 class=\"cmsmasters_heading\">Corredor Cultural 174 Podcast<\/h3>\n<\/div>\n<\/div><\/div>\n<\/div>\n<\/div>\n<\/div>\n<\/div>\n<\/div>\n<div id=\"cmsmasters_row_vpk8n8gab\" class=\"cmsmasters_row cmsmasters_color_scheme_default cmsmasters_row_top_default cmsmasters_row_bot_default cmsmasters_row_boxed\">\n<div class=\"cmsmasters_row_outer_parent\">\n<div class=\"cmsmasters_row_outer\">\n<div class=\"cmsmasters_row_inner\">\n<div class=\"cmsmasters_row_margin\">\n<div id=\"cmsmasters_column_vd22cdam7e\" class=\"cmsmasters_column one_third\">\n<div class=\"cmsmasters_column_inner\"><div class=\"cmsmasters_img  cmsmasters_image_n\"><a href=\"https:\/\/www.ufmg.br\/centrocultural\/?cat=80\"><img decoding=\"async\" src=\"https:\/\/www.ufmg.br\/centrocultural\/wp-content\/uploads\/2022\/05\/Identidade-visual-600x600.png\" \/><\/a><\/div>\n<\/div><\/div>\n<div id=\"cmsmasters_column_ojuh5eryp9\" class=\"cmsmasters_column two_third\">\n<div class=\"cmsmasters_column_inner\"><div class=\"cmsmasters_text\">\n<p>Corredor Cultural 174 Podcast \u00e9 um projeto que disponibiliza mensalmente no site do Centro Cultural UFMG e em seu canal no Spotify conversas com artistas, m\u00fasicos, escritores, cineastas, agentes culturais e demais pessoas que pensam, respiram e produzem cultura.<\/p>\n<p>\u201cCorredor\u201d, pelo fato do Centro Cultural UFMG estar situado no corredor cultural Pra\u00e7a da Esta\u00e7\u00e3o e tamb\u00e9m no sentido de espa\u00e7o de passagem, onde transitam ideias, movimentos e express\u00f5es art\u00edsticas em Belo Horizonte. \u201cCultural\u201d, pois a tem\u00e1tica ser\u00e1 sempre cultura e \u201c174\u201d \u00e9 o n\u00famero de localiza\u00e7\u00e3o da Institui\u00e7\u00e3o na Avenida Santos Dumont.<\/p>\n<p>Acompanhe os epis\u00f3dios aqui pela playlist, <span style=\"color: #333399;\"><a style=\"color: #333399;\" href=\"https:\/\/www.ufmg.br\/centrocultural\/category\/podcast\/corredor-cultural-174\/\"><span style=\"color: #333399;\">em not\u00edcias do<\/span>\u00a0site<\/a><\/span>\u00a0 ou no canal do Centro Cultural UFMG <span style=\"color: #333399;\"><a style=\"color: #333399;\" href=\"https:\/\/open.spotify.com\/user\/925aubqrhn8hp7vwgwkeor68z?si=T543gNEMS7GHdUP22WIahg&amp;nd=1\">do Spotify<\/a>.<\/span><\/p>\n<\/div>\n<\/div><\/div>\n<\/div>\n<\/div>\n<\/div>\n<\/div>\n<\/div>\n\n<div id=\"cmsmasters_row_wyei44w7j6\" class=\"cmsmasters_row cmsmasters_color_scheme_default cmsmasters_row_top_default cmsmasters_row_bot_default cmsmasters_row_boxed\">\n<div class=\"cmsmasters_row_outer_parent\">\n<div class=\"cmsmasters_row_outer\">\n<div class=\"cmsmasters_row_inner\">\n<div class=\"cmsmasters_row_margin\">\n<div id=\"cmsmasters_column_dgy678zn78\" class=\"cmsmasters_column one_first\">\n<div class=\"cmsmasters_column_inner\"><div class=\"cmsmasters_text\">\n<iframe loading=\"lazy\" style=\"border-radius: 12px;\" src=\"https:\/\/open.spotify.com\/embed\/playlist\/12g16Vq8VqF7O0JfjPHndl?utm_source=generator\" width=\"100%\" height=\"152\" frameborder=\"0\" allowfullscreen=\"allowfullscreen\"><\/iframe>\n<\/div>\n<div class=\"cmsmasters_text\">\n<p>&nbsp;<\/p>\n<\/div>\n<\/div><\/div>\n<\/div>\n<\/div>\n<\/div>\n<\/div>\n<\/div>\n<div id=\"cmsmasters_row_uizorkf14\" class=\"cmsmasters_row cmsmasters_color_scheme_default cmsmasters_row_top_default cmsmasters_row_bot_default cmsmasters_row_boxed\">\n<div class=\"cmsmasters_row_outer_parent\">\n<div class=\"cmsmasters_row_outer\">\n<div class=\"cmsmasters_row_inner\">\n<div class=\"cmsmasters_row_margin\">\n<div id=\"cmsmasters_column_k3mwe7skj3\" class=\"cmsmasters_column one_first\">\n<div class=\"cmsmasters_column_inner\"><div id=\"cmsmasters_heading_r12ecizdk\" class=\"cmsmasters_heading_wrap cmsmasters_heading_align_left\">\n\t<h2 class=\"cmsmasters_heading\">Arquivos<\/h2>\n<\/div>\n<\/div><\/div>\n<\/div>\n<\/div>\n<\/div>\n<\/div>\n<\/div>\n<div id=\"cmsmasters_row_9ogc6b96fd\" class=\"cmsmasters_row cmsmasters_color_scheme_default cmsmasters_row_top_default cmsmasters_row_bot_default cmsmasters_row_boxed\">\n<div class=\"cmsmasters_row_outer_parent\">\n<div class=\"cmsmasters_row_outer\">\n<div class=\"cmsmasters_row_inner\">\n<div class=\"cmsmasters_row_margin\">\n<div id=\"cmsmasters_column_v8obrodd0p\" class=\"cmsmasters_column one_first\">\n<div class=\"cmsmasters_column_inner\"><div id=\"cmsmasters_heading_z4ux1g8lpr\" class=\"cmsmasters_heading_wrap cmsmasters_heading_align_left\">\n\t<h3 class=\"cmsmasters_heading\">Podcast Recitais<\/h3>\n<\/div>\n<\/div><\/div>\n<\/div>\n<\/div>\n<\/div>\n<\/div>\n<\/div>\n<div id=\"cmsmasters_row_cawqsdn3p\" class=\"cmsmasters_row cmsmasters_color_scheme_default cmsmasters_row_top_default cmsmasters_row_bot_default cmsmasters_row_boxed\">\n<div class=\"cmsmasters_row_outer_parent\">\n<div class=\"cmsmasters_row_outer\">\n<div class=\"cmsmasters_row_inner\">\n<div class=\"cmsmasters_row_margin\">\n<div id=\"cmsmasters_column_bu26kjmte\" class=\"cmsmasters_column one_third\">\n<div class=\"cmsmasters_column_inner\"><div class=\"cmsmasters_img  cmsmasters_image_n\"><img decoding=\"async\" src=\"https:\/\/www.ufmg.br\/centrocultural\/wp-content\/uploads\/2022\/05\/Recitais-600x600.jpg\" \/><\/div>\n<\/div><\/div>\n<div id=\"cmsmasters_column_c7kf4ukqrc\" class=\"cmsmasters_column two_third\">\n<div class=\"cmsmasters_column_inner\"><div class=\"cmsmasters_text\">\n<p>O Podcast Recitais \u00e9 um projeto do Centro Cultural UFMG que disponibilizou mensalmente no Spotify conte\u00fados em \u00e1udio relacionados \u00e0 m\u00fasica.<\/p>\n<p>A proposta surgiu para ampliar a programa\u00e7\u00e3o online do espa\u00e7o, oferecer ao p\u00fablico da internet uma discuss\u00e3o sobre o universo musical, al\u00e9m de dar visibilidade aos artistas, que est\u00e3o tendo que encontrar formas de se reinventar em um momento de distanciamento social, decorrente da epidemia do Covid, em 2021 e 2022.<\/p>\n<p>Nos podcasts, convidados apresentam seus trabalhos autorais, sejam os que est\u00e3o come\u00e7ando sua trajet\u00f3ria nos palcos e at\u00e9 mesmo os j\u00e1 consagrados.<\/p>\n<p>Os epis\u00f3dios est\u00e3o dispon\u00edveis na playlist a seguir, <span style=\"color: #333399;\"><a style=\"color: #333399;\" href=\"https:\/\/www.ufmg.br\/centrocultural\/?cat=247\">em not\u00edcias no site<\/a><\/span> e no canal do Centro Cultural UFMG <span style=\"color: #333399;\"><a style=\"color: #333399;\" href=\"https:\/\/open.spotify.com\/user\/925aubqrhn8hp7vwgwkeor68z?si=T543gNEMS7GHdUP22WIahg&amp;nd=1\">do Spotify<\/a>.<\/span><\/p>\n<\/div>\n<\/div><\/div>\n<\/div>\n<\/div>\n<\/div>\n<\/div>\n<\/div>\n\n<div id=\"cmsmasters_row_wyei44w7j6\" class=\"cmsmasters_row cmsmasters_color_scheme_default cmsmasters_row_top_default cmsmasters_row_bot_default cmsmasters_row_boxed\">\n<div class=\"cmsmasters_row_outer_parent\">\n<div class=\"cmsmasters_row_outer\">\n<div class=\"cmsmasters_row_inner\">\n<div class=\"cmsmasters_row_margin\">\n<div id=\"cmsmasters_column_dgy678zn78\" class=\"cmsmasters_column one_first\">\n<div class=\"cmsmasters_column_inner\"><div class=\"cmsmasters_text\">\n<iframe loading=\"lazy\" style=\"border-radius: 12px;\" src=\"https:\/\/open.spotify.com\/embed\/playlist\/3KXQb7DzOhkER9KxzIoMj1?utm_source=generator\" width=\"100%\" height=\"152\" frameborder=\"0\" allowfullscreen=\"allowfullscreen\"><\/iframe>\n<\/div>\n<div class=\"cmsmasters_text\">\n<p>&nbsp;<\/p>\n<\/div>\n<\/div><\/div>\n<\/div>\n<\/div>\n<\/div>\n<\/div>\n<\/div>\n<div id=\"cmsmasters_row_h01wbk7o1\" class=\"cmsmasters_row cmsmasters_color_scheme_default cmsmasters_row_top_default cmsmasters_row_bot_default cmsmasters_row_boxed\">\n<div class=\"cmsmasters_row_outer_parent\">\n<div class=\"cmsmasters_row_outer\">\n<div class=\"cmsmasters_row_inner\">\n<div class=\"cmsmasters_row_margin\">\n<div id=\"cmsmasters_column_zu34o1b3js\" class=\"cmsmasters_column one_first\">\n<div class=\"cmsmasters_column_inner\"><div id=\"cmsmasters_heading_9sl6xt3sh9\" class=\"cmsmasters_heading_wrap cmsmasters_heading_align_left\">\n\t<h3 class=\"cmsmasters_heading\">Podcast Resid\u00eancia Art\u00edstica<\/h3>\n<\/div>\n<\/div><\/div>\n<\/div>\n<\/div>\n<\/div>\n<\/div>\n<\/div>\n<div id=\"cmsmasters_row_hpluzs7tsr\" class=\"cmsmasters_row cmsmasters_color_scheme_default cmsmasters_row_top_default cmsmasters_row_bot_default cmsmasters_row_boxed\">\n<div class=\"cmsmasters_row_outer_parent\">\n<div class=\"cmsmasters_row_outer\">\n<div class=\"cmsmasters_row_inner\">\n<div class=\"cmsmasters_row_margin\">\n<div id=\"cmsmasters_column_67cw3zk82z\" class=\"cmsmasters_column one_third\">\n<div class=\"cmsmasters_column_inner\"><div class=\"cmsmasters_img  cmsmasters_image_n\"><img decoding=\"async\" src=\"https:\/\/www.ufmg.br\/centrocultural\/wp-content\/uploads\/2022\/05\/Residencia-Artistica-600x600.jpg\" \/><\/div>\n<\/div><\/div>\n<div id=\"cmsmasters_column_zydywmwjd\" class=\"cmsmasters_column two_third\">\n<div class=\"cmsmasters_column_inner\"><div class=\"cmsmasters_text\">\n<p>O Podcast Resid\u00eancia Art\u00edstica \u00e9 um projeto que publicou mensalmente no Spotify conte\u00fados em \u00e1udio relacionados ao desenvolvimento da pesquisa e experimenta\u00e7\u00e3o das artes visuais, dan\u00e7a, performance, teatro, m\u00fasica e literatura.<\/p>\n<p>A proposta surgiu para ampliar a programa\u00e7\u00e3o online do espa\u00e7o, oferecer ao p\u00fablico da internet uma discuss\u00e3o sobre o estudo das artes, al\u00e9m de dar visibilidade aos residentes da casa, que foram lan\u00e7ados em novas rotinas de pesquisa. Os convidados dialogam sobre essa imers\u00e3o, seus processos criativos, suas experi\u00eancias, trajet\u00f3rias, produ\u00e7\u00f5es art\u00edsticas e resultados.<\/p>\n<p>Acesse os epis\u00f3dios na playlist a seguir, <span style=\"color: #333399;\"><a style=\"color: #333399;\" href=\"https:\/\/www.ufmg.br\/centrocultural\/?cat=245\">em not\u00edcias do site<\/a><\/span>\u00a0 ou no canal do Centro Cultural UFMG <span style=\"color: #333399;\"><a style=\"color: #333399;\" href=\"https:\/\/open.spotify.com\/user\/925aubqrhn8hp7vwgwkeor68z?si=T543gNEMS7GHdUP22WIahg&amp;nd=1\">do Spotify<\/a>.<\/span><\/p>\n<\/div>\n<\/div><\/div>\n<\/div>\n<\/div>\n<\/div>\n<\/div>\n<\/div>\n\n<div id=\"cmsmasters_row_wyei44w7j6\" class=\"cmsmasters_row cmsmasters_color_scheme_default cmsmasters_row_top_default cmsmasters_row_bot_default cmsmasters_row_boxed\">\n<div class=\"cmsmasters_row_outer_parent\">\n<div class=\"cmsmasters_row_outer\">\n<div class=\"cmsmasters_row_inner\">\n<div class=\"cmsmasters_row_margin\">\n<div id=\"cmsmasters_column_dgy678zn78\" class=\"cmsmasters_column one_first\">\n<div class=\"cmsmasters_column_inner\"><div class=\"cmsmasters_text\">\n<iframe loading=\"lazy\" style=\"border-radius: 12px;\" src=\"https:\/\/open.spotify.com\/embed\/playlist\/1jR2wmlJrkH5jmIm2hFOBM?utm_source=generator\" width=\"100%\" height=\"152\" frameborder=\"0\" allowfullscreen=\"allowfullscreen\"><\/iframe>\n<\/div>\n<div class=\"cmsmasters_text\">\n<p>&nbsp;<\/p>\n<\/div>\n<\/div><\/div>\n<\/div>\n<\/div>\n<\/div>\n<\/div>\n<\/div>\n<div id=\"cmsmasters_row_629t556jxc\" class=\"cmsmasters_row cmsmasters_color_scheme_default cmsmasters_row_top_default cmsmasters_row_bot_default cmsmasters_row_boxed\">\n<div class=\"cmsmasters_row_outer_parent\">\n<div class=\"cmsmasters_row_outer\">\n<div class=\"cmsmasters_row_inner\">\n<div class=\"cmsmasters_row_margin\">\n<div id=\"cmsmasters_column_av521qkry\" class=\"cmsmasters_column one_first\">\n<div class=\"cmsmasters_column_inner\"><div id=\"cmsmasters_heading_orwqq52cnd\" class=\"cmsmasters_heading_wrap cmsmasters_heading_align_left\">\n\t<h3 class=\"cmsmasters_heading\">Podcast Leituras<\/h3>\n<\/div>\n<\/div><\/div>\n<\/div>\n<\/div>\n<\/div>\n<\/div>\n<\/div>\n<div id=\"cmsmasters_row_hwfq2brl7\" class=\"cmsmasters_row cmsmasters_color_scheme_default cmsmasters_row_top_default cmsmasters_row_bot_default cmsmasters_row_boxed\">\n<div class=\"cmsmasters_row_outer_parent\">\n<div class=\"cmsmasters_row_outer\">\n<div class=\"cmsmasters_row_inner\">\n<div class=\"cmsmasters_row_margin\">\n<div id=\"cmsmasters_column_3cqaoip73u\" class=\"cmsmasters_column one_third\">\n<div class=\"cmsmasters_column_inner\"><div class=\"cmsmasters_img  cmsmasters_image_n\"><img decoding=\"async\" src=\"https:\/\/www.ufmg.br\/centrocultural\/wp-content\/uploads\/2022\/05\/Leituras-600x600.jpg\" \/><\/div>\n<\/div><\/div>\n<div id=\"cmsmasters_column_sg2r9dvk2\" class=\"cmsmasters_column two_third\">\n<div class=\"cmsmasters_column_inner\"><div class=\"cmsmasters_text\">\n<p>O Podcast \u201cLeituras\u201d integrou a programa\u00e7\u00e3o on line do Centro Cultural UFMG para o ano de 2021 e contou com a publica\u00e7\u00e3o de podcasts de leitura, conta\u00e7\u00e3o de hist\u00f3rias, conversas com escritores e pesquisadores na \u00e1rea. O objetivo foi disseminar o prazer da leitura e escuta de textos liter\u00e1rios ou reflex\u00f5es sobre o tema trazendo alegria e emo\u00e7\u00e3o em um momento de restri\u00e7\u00f5es sociais, em decorr\u00eancia da pandemia do Covid.<\/p>\n<p>O projeto consistiu na publica\u00e7\u00e3o de um texto, do convidado ou autor por ele pesquisado, e tamb\u00e9m grava\u00e7\u00e3o de \u00e1udio (podcasts) com a dura\u00e7\u00e3o aproximada de 40 minutos, com publica\u00e7\u00e3o mensal, na segunda sexta-feira de cada m\u00eas, iniciando dia 12 de mar\u00e7o 2021.<\/p>\n<p>Ou\u00e7a os epis\u00f3dios na playlist a seguir,<span style=\"color: #00ccff;\"> <a style=\"color: #00ccff;\" href=\"https:\/\/www.ufmg.br\/centrocultural\/?cat=246\"><span style=\"color: #333399;\">em not\u00edcias do site<\/span><\/a><\/span>\u00a0ou no canal do Centro Cultural UFMG <span style=\"color: #333399;\"><a style=\"color: #333399;\" href=\"https:\/\/open.spotify.com\/user\/925aubqrhn8hp7vwgwkeor68z?si=T543gNEMS7GHdUP22WIahg&amp;nd=1\">do Spotify<\/a>.<\/span><\/p>\n<\/div>\n<\/div><\/div>\n<\/div>\n<\/div>\n<\/div>\n<\/div>\n<\/div>\n\n<div id=\"cmsmasters_row_wyei44w7j6\" class=\"cmsmasters_row cmsmasters_color_scheme_default cmsmasters_row_top_default cmsmasters_row_bot_default cmsmasters_row_boxed\">\n<div class=\"cmsmasters_row_outer_parent\">\n<div class=\"cmsmasters_row_outer\">\n<div class=\"cmsmasters_row_inner\">\n<div class=\"cmsmasters_row_margin\">\n<div id=\"cmsmasters_column_dgy678zn78\" class=\"cmsmasters_column one_first\">\n<div class=\"cmsmasters_column_inner\"><div class=\"cmsmasters_text\">\n<iframe loading=\"lazy\" style=\"border-radius: 12px;\" src=\"https:\/\/open.spotify.com\/embed\/playlist\/2eLJWwTqLttSZjrYCGh62N?utm_source=generator\" width=\"100%\" height=\"152\" frameborder=\"0\" allowfullscreen=\"allowfullscreen\"><\/iframe>\n<\/div>\n<div class=\"cmsmasters_text\">\n<p>&nbsp;<\/p>\n<\/div>\n<\/div><\/div>\n<\/div>\n<\/div>\n<\/div>\n<\/div>\n<\/div>\n\n","protected":false},"excerpt":{"rendered":"","protected":false},"author":8,"featured_media":0,"parent":16484,"menu_order":0,"comment_status":"closed","ping_status":"closed","template":"","meta":{"footnotes":""},"class_list":["post-17838","page","type-page","status-publish","hentry"],"_links":{"self":[{"href":"https:\/\/www.ufmg.br\/centrocultural\/wp-json\/wp\/v2\/pages\/17838","targetHints":{"allow":["GET"]}}],"collection":[{"href":"https:\/\/www.ufmg.br\/centrocultural\/wp-json\/wp\/v2\/pages"}],"about":[{"href":"https:\/\/www.ufmg.br\/centrocultural\/wp-json\/wp\/v2\/types\/page"}],"author":[{"embeddable":true,"href":"https:\/\/www.ufmg.br\/centrocultural\/wp-json\/wp\/v2\/users\/8"}],"replies":[{"embeddable":true,"href":"https:\/\/www.ufmg.br\/centrocultural\/wp-json\/wp\/v2\/comments?post=17838"}],"version-history":[{"count":33,"href":"https:\/\/www.ufmg.br\/centrocultural\/wp-json\/wp\/v2\/pages\/17838\/revisions"}],"predecessor-version":[{"id":26929,"href":"https:\/\/www.ufmg.br\/centrocultural\/wp-json\/wp\/v2\/pages\/17838\/revisions\/26929"}],"up":[{"embeddable":true,"href":"https:\/\/www.ufmg.br\/centrocultural\/wp-json\/wp\/v2\/pages\/16484"}],"wp:attachment":[{"href":"https:\/\/www.ufmg.br\/centrocultural\/wp-json\/wp\/v2\/media?parent=17838"}],"curies":[{"name":"wp","href":"https:\/\/api.w.org\/{rel}","templated":true}]}}