{"id":18547,"date":"2022-06-28T13:17:06","date_gmt":"2022-06-28T16:17:06","guid":{"rendered":"https:\/\/www.ufmg.br\/centrocultural\/?page_id=18547"},"modified":"2026-03-20T14:23:45","modified_gmt":"2026-03-20T17:23:45","slug":"revista-guaicurus","status":"publish","type":"page","link":"https:\/\/www.ufmg.br\/centrocultural\/comunicacao\/revista-guaicurus\/","title":{"rendered":"Revista Guaicurus"},"content":{"rendered":"<div id=\"cmsmasters_row_kjz9m9txgl\" class=\"cmsmasters_row cmsmasters_color_scheme_default cmsmasters_row_top_default cmsmasters_row_bot_default cmsmasters_row_boxed\">\n<div class=\"cmsmasters_row_outer_parent\">\n<div class=\"cmsmasters_row_outer\">\n<div class=\"cmsmasters_row_inner\">\n<div class=\"cmsmasters_row_margin\">\n<div id=\"cmsmasters_column_p49x35wt1t\" class=\"cmsmasters_column three_fourth\">\n<div class=\"cmsmasters_column_inner\"><div id=\"cmsmasters_heading_4c463gjcch\" class=\"cmsmasters_heading_wrap cmsmasters_heading_align_left\">\n\t<h5 class=\"cmsmasters_heading\">PUBLICA\u00c7\u00d5ES<\/h5>\n<\/div>\n<\/div><\/div>\n<div id=\"cmsmasters_column_l3llo9tw5\" class=\"cmsmasters_column one_fourth\">\n<div class=\"cmsmasters_column_inner\"><\/div><\/div>\n<\/div>\n<\/div>\n<\/div>\n<\/div>\n<\/div>\n<div id=\"cmsmasters_row_11eqadfxch\" class=\"cmsmasters_row cmsmasters_color_scheme_default cmsmasters_row_top_default cmsmasters_row_bot_default cmsmasters_row_boxed\">\n<div class=\"cmsmasters_row_outer_parent\">\n<div class=\"cmsmasters_row_outer\">\n<div class=\"cmsmasters_row_inner\">\n<div class=\"cmsmasters_row_margin\">\n<div id=\"cmsmasters_column_ukm399wigr\" class=\"cmsmasters_column three_fourth\">\n<div class=\"cmsmasters_column_inner\"><div id=\"cmsmasters_heading_401amvmflb\" class=\"cmsmasters_heading_wrap cmsmasters_heading_align_left\">\n\t<h2 class=\"cmsmasters_heading\">Revista Guaicurus<\/h2>\n<\/div>\n<\/div><\/div>\n<div id=\"cmsmasters_column_qzp3nrv6c\" class=\"cmsmasters_column one_fourth\">\n<div class=\"cmsmasters_column_inner\"><\/div><\/div>\n<\/div>\n<\/div>\n<\/div>\n<\/div>\n<\/div>\n<div id=\"cmsmasters_row_\" class=\"cmsmasters_row cmsmasters_color_scheme_default cmsmasters_row_top_default cmsmasters_row_bot_default cmsmasters_row_boxed\">\n<div class=\"cmsmasters_row_outer_parent\">\n<div class=\"cmsmasters_row_outer\">\n<div class=\"cmsmasters_row_inner\">\n<div class=\"cmsmasters_row_margin\">\n<div id=\"cmsmasters_column_\" class=\"cmsmasters_column three_fourth\">\n<div class=\"cmsmasters_column_inner\"><div class=\"cmsmasters_text\">\n<p>&#8216;Guaicurus&#8217; \u00e9 uma publica\u00e7\u00e3o do Centro Cultural UFMG. Comprometida em oferecer vis\u00f5es marcadas pela diversidade e liberdade sobre a arte e a cultura, sua primeira edi\u00e7\u00e3o foi lan\u00e7ada em 1990, a partir do programa de extens\u00e3o Muitas Culturas.no Centro &#8211; projeto educativo dedicado \u00e0 democratiza\u00e7\u00e3o das artes.<\/p>\n<p>O nome Guaicurus remete ao nome da rua no entorno do Centro Cultural UFMG, local bo\u00eamio de Belo Horizonte e que abrigou o primeiro ciclo comercial e industrial da capital mineira. Todas as edi\u00e7\u00f5es da revista est\u00e3o dispon\u00edveis online.<\/p>\n<\/div>\n<\/div><\/div>\n<div id=\"cmsmasters_column_firsa98zmq\" class=\"cmsmasters_column one_fourth\">\n<div class=\"cmsmasters_column_inner\"><div id=\"cmsmasters_button_5evtpr54qs\" class=\"button_wrap\"><a href=\"https:\/\/www.ufmg.br\/centrocultural\/comunicacao\/\" class=\"cmsmasters_button cmsmasters_but_clear_styles cmsmasters_but_bd_underline\" target=\"_blank\"><span>Comunica\u00e7\u00e3o<\/span><\/a><\/div>\n<div id=\"cmsmasters_button_niwonfovc8\" class=\"button_wrap\"><a href=\"https:\/\/www.ufmg.br\/centrocultural\/noticias\/\" class=\"cmsmasters_button cmsmasters_but_clear_styles cmsmasters_but_bd_underline\" target=\"_blank\"><span>Not\u00edcias<\/span><\/a><\/div>\n<div id=\"cmsmasters_button_pd8rwboufb\" class=\"button_wrap\"><a href=\"https:\/\/www.ufmg.br\/centrocultural\/comunicacao\/podcasts\/\" class=\"cmsmasters_button cmsmasters_but_clear_styles cmsmasters_but_bd_underline\" target=\"_blank\"><span>Podcasts<\/span><\/a><\/div>\n<div id=\"cmsmasters_button_zo7duyt6xi\" class=\"button_wrap\"><a href=\"https:\/\/www.ufmg.br\/centrocultural\/?post_type=tribe_events\" class=\"cmsmasters_button cmsmasters_but_clear_styles cmsmasters_but_bd_underline\" target=\"_blank\"><span>Eventos<\/span><\/a><\/div>\n<\/div><\/div>\n<\/div>\n<\/div>\n<\/div>\n<\/div>\n<\/div>\n<div id=\"cmsmasters_row_kxos5i0lo\" class=\"cmsmasters_row cmsmasters_color_scheme_default cmsmasters_row_top_default cmsmasters_row_bot_default cmsmasters_row_boxed\">\n<div class=\"cmsmasters_row_outer_parent\">\n<div class=\"cmsmasters_row_outer\">\n<div class=\"cmsmasters_row_inner\">\n<div class=\"cmsmasters_row_margin\">\n<div id=\"cmsmasters_column_7iyb5ll7ca\" class=\"cmsmasters_column three_fourth\">\n<div class=\"cmsmasters_column_inner\"><div class=\"cmsmasters_text\">\n<h2>Edi\u00e7\u00f5es<\/h2>\n<\/div>\n<\/div><\/div>\n<div id=\"cmsmasters_column_f91qj29cvx\" class=\"cmsmasters_column one_fourth\">\n<div class=\"cmsmasters_column_inner\"><\/div><\/div>\n<\/div>\n<\/div>\n<\/div>\n<\/div>\n<\/div>\n<div id=\"cmsmasters_row_d5w06emh1\" class=\"cmsmasters_row cmsmasters_color_scheme_default cmsmasters_row_top_default cmsmasters_row_bot_default cmsmasters_row_boxed\">\n<div class=\"cmsmasters_row_outer_parent\">\n<div class=\"cmsmasters_row_outer\">\n<div class=\"cmsmasters_row_inner\">\n<div class=\"cmsmasters_row_margin\">\n<div id=\"cmsmasters_column_chnn3yb7u8\" class=\"cmsmasters_column three_fourth\">\n<div class=\"cmsmasters_column_inner\"><ul id=\"cmsmasters_icon_list_items_zw14703j8a\" class=\"cmsmasters_icon_list_items cmsmasters_icon_list_type_block cmsmasters_icon_list_pos_left cmsmasters_color_type_border\"><li id=\"cmsmasters_icon_list_item_mb6wt54ql9\" class=\"cmsmasters_icon_list_item cmsmasters_icon_type_image\">\n<div class=\"cmsmasters_icon_list_item_inner\">\n<div class=\"cmsmasters_icon_list_icon_wrap\">\n<span class=\"cmsmasters_icon_list_icon \"><\/span>\n<\/div>\n<div class=\"cmsmasters_icon_list_item_content\">\n<h4 class=\"cmsmasters_icon_list_item_title\"><a href=\"https:\/\/www.ufmg.br\/centrocultural\/comunicacao\/revista-guaicurus\/revista-guaicurus-5\/\">Revista Guaicurus #5<\/a><\/h4>\n<div class=\"cmsmasters_icon_list_item_text\">\n<p>2022<\/p>\n<p><a href=\"https:\/\/www.ufmg.br\/centrocultural\/comunicacao\/revista-guaicurus\/revista-guaicurus-5\"><span style=\"color: #000000;\">Acesse<\/span><\/a> &gt;<\/p>\n<\/div>\n<\/div>\n<\/div>\n<\/li><\/ul>\n<\/div><\/div>\n<div id=\"cmsmasters_column_93e85pzmj\" class=\"cmsmasters_column one_fourth\">\n<div class=\"cmsmasters_column_inner\"><\/div><\/div>\n<\/div>\n<\/div>\n<\/div>\n<\/div>\n<\/div>\n<div id=\"cmsmasters_row_1k44cbn47q\" class=\"cmsmasters_row cmsmasters_color_scheme_default cmsmasters_row_top_default cmsmasters_row_bot_default cmsmasters_row_boxed\">\n<div class=\"cmsmasters_row_outer_parent\">\n<div class=\"cmsmasters_row_outer\">\n<div class=\"cmsmasters_row_inner\">\n<div class=\"cmsmasters_row_margin\">\n<div id=\"cmsmasters_column_xfq4c9av9n\" class=\"cmsmasters_column one_half\">\n<div class=\"cmsmasters_column_inner\"><ul id=\"cmsmasters_icon_list_items_seisvdzrlc\" class=\"cmsmasters_icon_list_items cmsmasters_icon_list_type_block cmsmasters_icon_list_pos_left cmsmasters_color_type_border\"><li id=\"cmsmasters_icon_list_item_seisvdzrlc\" class=\"cmsmasters_icon_list_item cmsmasters_icon_type_image\">\n<div class=\"cmsmasters_icon_list_item_inner\">\n<div class=\"cmsmasters_icon_list_icon_wrap\">\n<span class=\"cmsmasters_icon_list_icon \"><\/span>\n<\/div>\n<div class=\"cmsmasters_icon_list_item_content\">\n<h4 class=\"cmsmasters_icon_list_item_title\"><a href=\"https:\/\/www.ufmg.br\/centrocultural\/?page_id=15990\">Revista Guaicurus #4<\/a><\/h4>\n<div class=\"cmsmasters_icon_list_item_text\">\n<p>2019<\/p>\n<p><span style=\"color: #999999;\"><a style=\"color: #999999;\" href=\"https:\/\/www.ufmg.br\/centrocultural\/?page_id=15990\">Acesse &gt;<\/a><\/span><\/p>\n<\/div>\n<\/div>\n<\/div>\n<\/li><\/ul>\n<\/div><\/div>\n<div id=\"cmsmasters_column_f6jdetcmjc\" class=\"cmsmasters_column one_fourth\">\n<div class=\"cmsmasters_column_inner\"><\/div><\/div>\n<\/div>\n<\/div>\n<\/div>\n<\/div>\n<\/div>\n<div id=\"cmsmasters_row_0tci133f2d\" class=\"cmsmasters_row cmsmasters_color_scheme_default cmsmasters_row_top_default cmsmasters_row_bot_default cmsmasters_row_boxed\">\n<div class=\"cmsmasters_row_outer_parent\">\n<div class=\"cmsmasters_row_outer\">\n<div class=\"cmsmasters_row_inner\">\n<div class=\"cmsmasters_row_margin\">\n<div id=\"cmsmasters_column_ot1dyx6bj\" class=\"cmsmasters_column three_fourth\">\n<div class=\"cmsmasters_column_inner\"><ul id=\"cmsmasters_icon_list_items_ipbbmyp5bu\" class=\"cmsmasters_icon_list_items cmsmasters_icon_list_type_block cmsmasters_icon_list_pos_left cmsmasters_color_type_border\"><li id=\"cmsmasters_icon_list_item_ip0m2vofan\" class=\"cmsmasters_icon_list_item cmsmasters_icon_type_image\">\n<div class=\"cmsmasters_icon_list_item_inner\">\n<div class=\"cmsmasters_icon_list_icon_wrap\">\n<span class=\"cmsmasters_icon_list_icon \"><\/span>\n<\/div>\n<div class=\"cmsmasters_icon_list_item_content\">\n<h4 class=\"cmsmasters_icon_list_item_title\"><a href=\"https:\/\/www.ufmg.br\/centrocultural\/?page_id=18578\">Revista Guaicurus #3<\/a><\/h4>\n<div class=\"cmsmasters_icon_list_item_text\">\n<p>2014<\/p>\n<p><span style=\"color: #999999;\"><a style=\"color: #999999;\" href=\"https:\/\/www.ufmg.br\/centrocultural\/?page_id=18578\">Acesse &gt;<\/a><\/span><\/p>\n<p>&nbsp;<\/p>\n<\/div>\n<\/div>\n<\/div>\n<\/li><\/ul>\n<\/div><\/div>\n<div id=\"cmsmasters_column_u9rk7vt76\" class=\"cmsmasters_column one_fourth\">\n<div class=\"cmsmasters_column_inner\"><\/div><\/div>\n<\/div>\n<\/div>\n<\/div>\n<\/div>\n<\/div>\n<div id=\"cmsmasters_row_e0e3esn64\" class=\"cmsmasters_row cmsmasters_color_scheme_default cmsmasters_row_top_default cmsmasters_row_bot_default cmsmasters_row_boxed\">\n<div class=\"cmsmasters_row_outer_parent\">\n<div class=\"cmsmasters_row_outer\">\n<div class=\"cmsmasters_row_inner\">\n<div class=\"cmsmasters_row_margin\">\n<div id=\"cmsmasters_column_feudzwg9el\" class=\"cmsmasters_column three_fourth\">\n<div class=\"cmsmasters_column_inner\"><ul id=\"cmsmasters_icon_list_items_tsitv8klu\" class=\"cmsmasters_icon_list_items cmsmasters_icon_list_type_block cmsmasters_icon_list_pos_left cmsmasters_color_type_border\"><li id=\"cmsmasters_icon_list_item_tsitv8klu\" class=\"cmsmasters_icon_list_item cmsmasters_icon_type_image\">\n<div class=\"cmsmasters_icon_list_item_inner\">\n<div class=\"cmsmasters_icon_list_icon_wrap\">\n<span class=\"cmsmasters_icon_list_icon \"><\/span>\n<\/div>\n<div class=\"cmsmasters_icon_list_item_content\">\n<h4 class=\"cmsmasters_icon_list_item_title\"><a href=\"https:\/\/www.ufmg.br\/centrocultural\/?page_id=18759\">Revista Guaicurus #2<\/a><\/h4>\n<div class=\"cmsmasters_icon_list_item_text\">\n<p>2013<\/p>\n<p><span style=\"color: #999999;\"><a style=\"color: #999999;\" href=\"https:\/\/www.ufmg.br\/centrocultural\/?page_id=18759\">Acesse &gt;<\/a><\/span><\/p>\n<\/div>\n<\/div>\n<\/div>\n<\/li><\/ul>\n<\/div><\/div>\n<div id=\"cmsmasters_column_hqwkzefrc4\" class=\"cmsmasters_column one_fourth\">\n<div class=\"cmsmasters_column_inner\"><\/div><\/div>\n<\/div>\n<\/div>\n<\/div>\n<\/div>\n<\/div>\n<div id=\"cmsmasters_row_g3plmmyl3\" class=\"cmsmasters_row cmsmasters_color_scheme_default cmsmasters_row_top_default cmsmasters_row_bot_default cmsmasters_row_boxed\">\n<div class=\"cmsmasters_row_outer_parent\">\n<div class=\"cmsmasters_row_outer\">\n<div class=\"cmsmasters_row_inner\">\n<div class=\"cmsmasters_row_margin\">\n<div id=\"cmsmasters_column_nkywctp0ni\" class=\"cmsmasters_column three_fourth\">\n<div class=\"cmsmasters_column_inner\"><ul id=\"cmsmasters_icon_list_items_rzpstreu3\" class=\"cmsmasters_icon_list_items cmsmasters_icon_list_type_block cmsmasters_icon_list_pos_left cmsmasters_color_type_border\"><li id=\"cmsmasters_icon_list_item_j1r3s6thpa\" class=\"cmsmasters_icon_list_item cmsmasters_icon_type_image\">\n<div class=\"cmsmasters_icon_list_item_inner\">\n<div class=\"cmsmasters_icon_list_icon_wrap\">\n<span class=\"cmsmasters_icon_list_icon \"><\/span>\n<\/div>\n<div class=\"cmsmasters_icon_list_item_content\">\n<h4 class=\"cmsmasters_icon_list_item_title\"><a href=\"https:\/\/www.ufmg.br\/centrocultural\/?page_id=18773\">Revista Guaicurus #1<\/a><\/h4>\n<div class=\"cmsmasters_icon_list_item_text\">\n<p>2012<\/p>\n<p><span style=\"color: #999999;\"><a style=\"color: #999999;\" href=\"https:\/\/www.ufmg.br\/centrocultural\/?page_id=18773\">Acesse &gt;<\/a><\/span><\/p>\n<\/div>\n<\/div>\n<\/div>\n<\/li><\/ul>\n<\/div><\/div>\n<div id=\"cmsmasters_column_x0s8cl91ov\" class=\"cmsmasters_column one_fourth\">\n<div class=\"cmsmasters_column_inner\"><\/div><\/div>\n<\/div>\n<\/div>\n<\/div>\n<\/div>\n<\/div>\n\n","protected":false},"excerpt":{"rendered":"","protected":false},"author":8,"featured_media":18827,"parent":16484,"menu_order":0,"comment_status":"closed","ping_status":"closed","template":"","meta":{"footnotes":""},"class_list":["post-18547","page","type-page","status-publish","has-post-thumbnail","hentry"],"_links":{"self":[{"href":"https:\/\/www.ufmg.br\/centrocultural\/wp-json\/wp\/v2\/pages\/18547","targetHints":{"allow":["GET"]}}],"collection":[{"href":"https:\/\/www.ufmg.br\/centrocultural\/wp-json\/wp\/v2\/pages"}],"about":[{"href":"https:\/\/www.ufmg.br\/centrocultural\/wp-json\/wp\/v2\/types\/page"}],"author":[{"embeddable":true,"href":"https:\/\/www.ufmg.br\/centrocultural\/wp-json\/wp\/v2\/users\/8"}],"replies":[{"embeddable":true,"href":"https:\/\/www.ufmg.br\/centrocultural\/wp-json\/wp\/v2\/comments?post=18547"}],"version-history":[{"count":34,"href":"https:\/\/www.ufmg.br\/centrocultural\/wp-json\/wp\/v2\/pages\/18547\/revisions"}],"predecessor-version":[{"id":26932,"href":"https:\/\/www.ufmg.br\/centrocultural\/wp-json\/wp\/v2\/pages\/18547\/revisions\/26932"}],"up":[{"embeddable":true,"href":"https:\/\/www.ufmg.br\/centrocultural\/wp-json\/wp\/v2\/pages\/16484"}],"wp:featuredmedia":[{"embeddable":true,"href":"https:\/\/www.ufmg.br\/centrocultural\/wp-json\/wp\/v2\/media\/18827"}],"wp:attachment":[{"href":"https:\/\/www.ufmg.br\/centrocultural\/wp-json\/wp\/v2\/media?parent=18547"}],"curies":[{"name":"wp","href":"https:\/\/api.w.org\/{rel}","templated":true}]}}