{"id":18578,"date":"2022-06-21T11:26:26","date_gmt":"2022-06-21T14:26:26","guid":{"rendered":"https:\/\/www.ufmg.br\/centrocultural\/?page_id=18578"},"modified":"2022-07-22T12:56:53","modified_gmt":"2022-07-22T15:56:53","slug":"revista-guaicurus-3","status":"publish","type":"page","link":"https:\/\/www.ufmg.br\/centrocultural\/comunicacao\/revista-guaicurus\/revista-guaicurus-3\/","title":{"rendered":"Revista Guaicurus #3"},"content":{"rendered":"<div id=\"cmsmasters_row_43jfrdp7a\" class=\"cmsmasters_row cmsmasters_color_scheme_default cmsmasters_row_top_default cmsmasters_row_bot_default cmsmasters_row_boxed\">\n<div class=\"cmsmasters_row_outer_parent\">\n<div class=\"cmsmasters_row_outer\">\n<div class=\"cmsmasters_row_inner\">\n<div class=\"cmsmasters_row_margin\">\n<div id=\"cmsmasters_column_urh1dr3r\" class=\"cmsmasters_column three_fourth\">\n<div class=\"cmsmasters_column_inner\"><div id=\"cmsmasters_heading_kyuljff18i\" class=\"cmsmasters_heading_wrap cmsmasters_heading_align_left\">\n\t<h5 class=\"cmsmasters_heading\">PUBLICA\u00c7\u00d5ES<\/h5>\n<\/div>\n<\/div><\/div>\n<div id=\"cmsmasters_column_5vq2gkkqe\" class=\"cmsmasters_column one_fourth\">\n<div class=\"cmsmasters_column_inner\"><\/div><\/div>\n<\/div>\n<\/div>\n<\/div>\n<\/div>\n<\/div>\n<div id=\"cmsmasters_row_ziuymvmh4t\" class=\"cmsmasters_row cmsmasters_color_scheme_default cmsmasters_row_top_default cmsmasters_row_bot_default cmsmasters_row_boxed\">\n<div class=\"cmsmasters_row_outer_parent\">\n<div class=\"cmsmasters_row_outer\">\n<div class=\"cmsmasters_row_inner\">\n<div class=\"cmsmasters_row_margin\">\n<div id=\"cmsmasters_column_dkex3dtatv\" class=\"cmsmasters_column three_fourth\">\n<div class=\"cmsmasters_column_inner\"><div id=\"cmsmasters_heading_q5bs67d238\" class=\"cmsmasters_heading_wrap cmsmasters_heading_align_left\">\n\t<h2 class=\"cmsmasters_heading\">Revista Guaicurus #3<\/h2>\n<\/div>\n<\/div><\/div>\n<div id=\"cmsmasters_column_iv34175oe\" class=\"cmsmasters_column one_fourth\">\n<div class=\"cmsmasters_column_inner\"><\/div><\/div>\n<\/div>\n<\/div>\n<\/div>\n<\/div>\n<\/div>\n<div id=\"cmsmasters_row_srhzlk9pia\" class=\"cmsmasters_row cmsmasters_color_scheme_default cmsmasters_row_top_default cmsmasters_row_bot_default cmsmasters_row_boxed\">\n<div class=\"cmsmasters_row_outer_parent\">\n<div class=\"cmsmasters_row_outer\">\n<div class=\"cmsmasters_row_inner\">\n<div class=\"cmsmasters_row_margin\">\n<div id=\"cmsmasters_column_2lo4hoa477\" class=\"cmsmasters_column three_fourth\">\n<div class=\"cmsmasters_column_inner\">\n<div class=\"cmsmasters_sharing\">\n<div class=\"share_wrap\">\n<a href=\"https:\/\/twitter.com\/intent\/tweet?text=Check+out+%27Revista+Guaicurus+%233%27+on+Centro+Cultural++UFMG+website&url=https%3A%2F%2Fwww.ufmg.br%2Fcentrocultural%2Fcomunicacao%2Frevista-guaicurus%2Frevista-guaicurus-3%2F\" class=\"button cmsmasters-icon-twitter\">Twitter<\/a>\n<\/div>\n<div class=\"share_wrap\">\n<a href=\"https:\/\/www.facebook.com\/sharer\/sharer.php?display=popup&u=https%3A%2F%2Fwww.ufmg.br%2Fcentrocultural%2Fcomunicacao%2Frevista-guaicurus%2Frevista-guaicurus-3%2F\" class=\"button cmsmasters-icon-facebook\">Facebook<\/a>\n<\/div>\n<\/div>\n<\/div><\/div>\n<div id=\"cmsmasters_column_glknpmreeh\" class=\"cmsmasters_column one_fourth\">\n<div class=\"cmsmasters_column_inner\"><\/div><\/div>\n<\/div>\n<\/div>\n<\/div>\n<\/div>\n<\/div>\n<div id=\"cmsmasters_row_wjvs06cdji\" class=\"cmsmasters_row cmsmasters_color_scheme_default cmsmasters_row_top_default cmsmasters_row_bot_default cmsmasters_row_boxed\">\n<div class=\"cmsmasters_row_outer_parent\">\n<div class=\"cmsmasters_row_outer\">\n<div class=\"cmsmasters_row_inner\">\n<div class=\"cmsmasters_row_margin\">\n<div id=\"cmsmasters_column_4tog8owuo\" class=\"cmsmasters_column three_fourth\">\n<div class=\"cmsmasters_column_inner\"><div class=\"cmsmasters_text\">\n<p>Lan\u00e7ada em 2014, a terceira edi\u00e7\u00e3o da Revista Guaicurus veicula conte\u00fado sobre os 25 anos do Centro Cultural UFMG. Acesse!:<\/p>\n<ul>\n<li><span style=\"color: #00ccff;\"><a style=\"color: #00ccff;\" href=\"https:\/\/www.ufmg.br\/centrocultural\/wp-content\/uploads\/2022\/06\/Guaicurus-3.pdf\">Arquivo em PDF<\/a><\/span><\/li>\n<li><span style=\"color: #00ccff;\"><a style=\"color: #00ccff;\" href=\"https:\/\/issuu.com\/ccultufmg\/docs\/g3_-web\">Na plataforma Issuu<\/a><br \/>\n<\/span><\/li>\n<li>Clicando no rodap\u00e9 da imagem a seguir para navegar pela edi\u00e7\u00e3o<\/li>\n<\/ul>\n<\/div>\n<\/div><\/div>\n<div id=\"cmsmasters_column_z17q5fq5ke\" class=\"cmsmasters_column one_fourth\">\n<div class=\"cmsmasters_column_inner\"><div id=\"cmsmasters_button_ra0qv4syce\" class=\"button_wrap\"><a href=\"https:\/\/www.ufmg.br\/centrocultural\/comunicacao\/revista-guaicurus\/revista-guaicurus-1\/\" class=\"cmsmasters_button cmsmasters_but_clear_styles cmsmasters_but_bd_underline\"><span>Guaicurus #1<\/span><\/a><\/div>\n<div id=\"cmsmasters_button_854rekv7f\" class=\"button_wrap\"><a href=\"https:\/\/www.ufmg.br\/centrocultural\/comunicacao\/revista-guaicurus\/guaicurus-2\/\" class=\"cmsmasters_button cmsmasters_but_clear_styles cmsmasters_but_bd_underline\"><span>Guaicurus #2<\/span><\/a><\/div>\n<div id=\"cmsmasters_button_w3avf4vgk7\" class=\"button_wrap\"><a href=\"https:\/\/www.ufmg.br\/centrocultural\/comunicacao\/revista-guaicurus\/revista-guaicurus-4\/\" class=\"cmsmasters_button cmsmasters_but_clear_styles cmsmasters_but_bd_underline\"><span>Guaicurus #4<\/span><\/a><\/div>\n<div id=\"cmsmasters_button_dc6rwwbqh\" class=\"button_wrap\"><a href=\"https:\/\/www.ufmg.br\/centrocultural\/comunicacao\/revista-guaicurus\/revista-guaicurus-5\/\" class=\"cmsmasters_button cmsmasters_but_clear_styles cmsmasters_but_bd_underline\"><span>Guaicurus #5<\/span><\/a><\/div>\n<\/div><\/div>\n<\/div>\n<\/div>\n<\/div>\n<\/div>\n<\/div>\n<div id=\"cmsmasters_row_9helseur9t\" class=\"cmsmasters_row cmsmasters_color_scheme_default cmsmasters_row_top_default cmsmasters_row_bot_default cmsmasters_row_boxed\">\n<div class=\"cmsmasters_row_outer_parent\">\n<div class=\"cmsmasters_row_outer\">\n<div class=\"cmsmasters_row_inner\">\n<div class=\"cmsmasters_row_margin\">\n<div id=\"cmsmasters_column_t99pa55z7d\" class=\"cmsmasters_column three_fourth\">\n<div class=\"cmsmasters_column_inner\">\n<div id=\"cmsmasters_divider_slktc88k5\" class=\"cl\"><\/div>\n<\/div><\/div>\n<div id=\"cmsmasters_column_chbueup2g\" class=\"cmsmasters_column one_fourth\">\n<div class=\"cmsmasters_column_inner\"><\/div><\/div>\n<\/div>\n<\/div>\n<\/div>\n<\/div>\n<\/div>\n<div id=\"cmsmasters_row_zxjp6ct7s\" class=\"cmsmasters_row cmsmasters_color_scheme_default cmsmasters_row_top_default cmsmasters_row_bot_default cmsmasters_row_boxed\">\n<div class=\"cmsmasters_row_outer_parent\">\n<div class=\"cmsmasters_row_outer\">\n<div class=\"cmsmasters_row_inner\">\n<div class=\"cmsmasters_row_margin\">\n<div id=\"cmsmasters_column_ewrfvefh4\" class=\"cmsmasters_column three_fourth\">\n<div class=\"cmsmasters_column_inner\"><div class=\"cmsmasters_text\">\n<p><a href=\"https:\/\/www.ufmg.br\/centrocultural\/wp-content\/uploads\/2022\/06\/Guaicurus-3.pdf\" class=\"pdfemb-viewer\" style=\"\" data-width=\"max\" data-height=\"max\" data-toolbar=\"bottom\" data-toolbar-fixed=\"off\">Guaicurus 3<\/a><\/p>\n<p>&nbsp;<\/p>\n<\/div>\n<\/div><\/div>\n<div id=\"cmsmasters_column_z6uyobhcsh\" class=\"cmsmasters_column one_fourth\">\n<div class=\"cmsmasters_column_inner\"><\/div><\/div>\n<\/div>\n<\/div>\n<\/div>\n<\/div>\n<\/div>\n<div id=\"cmsmasters_row_5aiggrqpr\" class=\"cmsmasters_row cmsmasters_color_scheme_default cmsmasters_row_top_default cmsmasters_row_bot_default cmsmasters_row_boxed\">\n<div class=\"cmsmasters_row_outer_parent\">\n<div class=\"cmsmasters_row_outer\">\n<div class=\"cmsmasters_row_inner\">\n<div class=\"cmsmasters_row_margin\">\n<div id=\"cmsmasters_column_x54e2t9v8g\" class=\"cmsmasters_column three_fourth\">\n<div class=\"cmsmasters_column_inner\"><div id=\"cmsmasters_button_uekdcgbfjl\" class=\"button_wrap\"><a href=\"https:\/\/www.ufmg.br\/centrocultural\/?page_id=18547\" class=\"cmsmasters_button cmsmasters_but_clear_styles cmsmasters_but_bg_hover\"><span>Todas as edi\u00e7\u00f5es<\/span><\/a><\/div>\n<\/div><\/div>\n<div id=\"cmsmasters_column_r14stsivh\" class=\"cmsmasters_column one_fourth\">\n<div class=\"cmsmasters_column_inner\"><\/div><\/div>\n<\/div>\n<\/div>\n<\/div>\n<\/div>\n<\/div>\n\n","protected":false},"excerpt":{"rendered":"","protected":false},"author":8,"featured_media":18581,"parent":18547,"menu_order":0,"comment_status":"closed","ping_status":"closed","template":"","meta":{"footnotes":""},"class_list":["post-18578","page","type-page","status-publish","has-post-thumbnail","hentry"],"_links":{"self":[{"href":"https:\/\/www.ufmg.br\/centrocultural\/wp-json\/wp\/v2\/pages\/18578","targetHints":{"allow":["GET"]}}],"collection":[{"href":"https:\/\/www.ufmg.br\/centrocultural\/wp-json\/wp\/v2\/pages"}],"about":[{"href":"https:\/\/www.ufmg.br\/centrocultural\/wp-json\/wp\/v2\/types\/page"}],"author":[{"embeddable":true,"href":"https:\/\/www.ufmg.br\/centrocultural\/wp-json\/wp\/v2\/users\/8"}],"replies":[{"embeddable":true,"href":"https:\/\/www.ufmg.br\/centrocultural\/wp-json\/wp\/v2\/comments?post=18578"}],"version-history":[{"count":17,"href":"https:\/\/www.ufmg.br\/centrocultural\/wp-json\/wp\/v2\/pages\/18578\/revisions"}],"predecessor-version":[{"id":18819,"href":"https:\/\/www.ufmg.br\/centrocultural\/wp-json\/wp\/v2\/pages\/18578\/revisions\/18819"}],"up":[{"embeddable":true,"href":"https:\/\/www.ufmg.br\/centrocultural\/wp-json\/wp\/v2\/pages\/18547"}],"wp:featuredmedia":[{"embeddable":true,"href":"https:\/\/www.ufmg.br\/centrocultural\/wp-json\/wp\/v2\/media\/18581"}],"wp:attachment":[{"href":"https:\/\/www.ufmg.br\/centrocultural\/wp-json\/wp\/v2\/media?parent=18578"}],"curies":[{"name":"wp","href":"https:\/\/api.w.org\/{rel}","templated":true}]}}