{"id":18759,"date":"2022-06-28T10:55:39","date_gmt":"2022-06-28T13:55:39","guid":{"rendered":"https:\/\/www.ufmg.br\/centrocultural\/?page_id=18759"},"modified":"2022-07-22T13:09:36","modified_gmt":"2022-07-22T16:09:36","slug":"guaicurus-2","status":"publish","type":"page","link":"https:\/\/www.ufmg.br\/centrocultural\/comunicacao\/revista-guaicurus\/guaicurus-2\/","title":{"rendered":"Revista Guaicurus #2"},"content":{"rendered":"<div id=\"cmsmasters_row_w0hgqb93sb\" class=\"cmsmasters_row cmsmasters_color_scheme_default cmsmasters_row_top_default cmsmasters_row_bot_default cmsmasters_row_boxed\">\n<div class=\"cmsmasters_row_outer_parent\">\n<div class=\"cmsmasters_row_outer\">\n<div class=\"cmsmasters_row_inner\">\n<div class=\"cmsmasters_row_margin\">\n<div id=\"cmsmasters_column_ie4sp57y7\" class=\"cmsmasters_column three_fourth\">\n<div class=\"cmsmasters_column_inner\"><div id=\"cmsmasters_heading_iprthsdos9\" class=\"cmsmasters_heading_wrap cmsmasters_heading_align_left\">\n\t<h5 class=\"cmsmasters_heading\">PUBLICA\u00c7\u00d5ES<\/h5>\n<\/div>\n<\/div><\/div>\n<div id=\"cmsmasters_column_vm6lz4dpbh\" class=\"cmsmasters_column one_fourth\">\n<div class=\"cmsmasters_column_inner\"><\/div><\/div>\n<\/div>\n<\/div>\n<\/div>\n<\/div>\n<\/div>\n<div id=\"cmsmasters_row_nzgrvqujdi\" class=\"cmsmasters_row cmsmasters_color_scheme_default cmsmasters_row_top_default cmsmasters_row_bot_default cmsmasters_row_boxed\">\n<div class=\"cmsmasters_row_outer_parent\">\n<div class=\"cmsmasters_row_outer\">\n<div class=\"cmsmasters_row_inner\">\n<div class=\"cmsmasters_row_margin\">\n<div id=\"cmsmasters_column_e708y7dlvp\" class=\"cmsmasters_column three_fourth\">\n<div class=\"cmsmasters_column_inner\"><div id=\"cmsmasters_heading_xrvdiu44mg\" class=\"cmsmasters_heading_wrap cmsmasters_heading_align_left\">\n\t<h2 class=\"cmsmasters_heading\">Revista Guaicurus #2<\/h2>\n<\/div>\n<\/div><\/div>\n<div id=\"cmsmasters_column_fjalbkrsha\" class=\"cmsmasters_column one_fourth\">\n<div class=\"cmsmasters_column_inner\"><\/div><\/div>\n<\/div>\n<\/div>\n<\/div>\n<\/div>\n<\/div>\n<div id=\"cmsmasters_row_piw5pu65lr\" class=\"cmsmasters_row cmsmasters_color_scheme_default cmsmasters_row_top_default cmsmasters_row_bot_default cmsmasters_row_boxed\">\n<div class=\"cmsmasters_row_outer_parent\">\n<div class=\"cmsmasters_row_outer\">\n<div class=\"cmsmasters_row_inner\">\n<div class=\"cmsmasters_row_margin\">\n<div id=\"cmsmasters_column_1rz92024ud\" class=\"cmsmasters_column three_fourth\">\n<div class=\"cmsmasters_column_inner\">\n<div class=\"cmsmasters_sharing\">\n<div class=\"share_wrap\">\n<a href=\"https:\/\/twitter.com\/intent\/tweet?text=Check+out+%27Revista+Guaicurus+%232%27+on+Centro+Cultural++UFMG+website&url=https%3A%2F%2Fwww.ufmg.br%2Fcentrocultural%2Fcomunicacao%2Frevista-guaicurus%2Fguaicurus-2%2F\" class=\"button cmsmasters-icon-twitter\">Twitter<\/a>\n<\/div>\n<div class=\"share_wrap\">\n<a href=\"https:\/\/www.facebook.com\/sharer\/sharer.php?display=popup&u=https%3A%2F%2Fwww.ufmg.br%2Fcentrocultural%2Fcomunicacao%2Frevista-guaicurus%2Fguaicurus-2%2F\" class=\"button cmsmasters-icon-facebook\">Facebook<\/a>\n<\/div>\n<\/div>\n<\/div><\/div>\n<div id=\"cmsmasters_column_0vw6yc4l1t\" class=\"cmsmasters_column one_fourth\">\n<div class=\"cmsmasters_column_inner\"><\/div><\/div>\n<\/div>\n<\/div>\n<\/div>\n<\/div>\n<\/div>\n<div id=\"cmsmasters_row_\" class=\"cmsmasters_row cmsmasters_color_scheme_default cmsmasters_row_top_default cmsmasters_row_bot_default cmsmasters_row_boxed\">\n<div class=\"cmsmasters_row_outer_parent\">\n<div class=\"cmsmasters_row_outer\">\n<div class=\"cmsmasters_row_inner\">\n<div class=\"cmsmasters_row_margin\">\n<div id=\"cmsmasters_column_\" class=\"cmsmasters_column three_fourth\">\n<div class=\"cmsmasters_column_inner\"><div class=\"cmsmasters_text\">\n<p>Lan\u00e7ada em 2013, a segunda edi\u00e7\u00e3o da revista Guaicurus apresenta diversidade de temas como Festival de Ver\u00e3o, grafite e restaura\u00e7\u00e3o do Centro Cultural UFMG, m\u00fasica improvisada e a arte contempor\u00e2nea ind\u00edgena da Am\u00e9rica do Sul, entre outros temas. Acesse!:<\/p>\n<ul>\n<li><a href=\"https:\/\/www.ufmg.br\/centrocultural\/wp-content\/uploads\/2022\/06\/Guaicurus-2.pdf\"><span style=\"color: #99ccff;\">Arquivo em PDF<\/span><\/a><\/li>\n<li><a href=\"https:\/\/issuu.com\/ccultufmg\/docs\/guaicurus_web\"><span style=\"color: #99ccff;\">Na plataforma Issuu<\/span><\/a><\/li>\n<li>Clicando no rodap\u00e9 da imagem a seguir para navegar pela edi\u00e7\u00e3o<\/li>\n<\/ul>\n<\/div>\n<\/div><\/div>\n<div id=\"cmsmasters_column_1bpn7n6jkl\" class=\"cmsmasters_column one_fourth\">\n<div class=\"cmsmasters_column_inner\"><div id=\"cmsmasters_button_ymq57rh9w\" class=\"button_wrap\"><a href=\"https:\/\/www.ufmg.br\/centrocultural\/comunicacao\/revista-guaicurus\/revista-guaicurus-1\/\" class=\"cmsmasters_button cmsmasters_but_clear_styles cmsmasters_but_bd_underline\"><span>Guaicurus #1<\/span><\/a><\/div>\n<div id=\"cmsmasters_button_qsok6bh2o\" class=\"button_wrap\"><a href=\"https:\/\/www.ufmg.br\/centrocultural\/comunicacao\/revista-guaicurus\/revista-guaicurus-3\/\" class=\"cmsmasters_button cmsmasters_but_clear_styles cmsmasters_but_bd_underline\"><span>Guaicurus #3<\/span><\/a><\/div>\n<div id=\"cmsmasters_button_xn93hpenyl\" class=\"button_wrap\"><a href=\"https:\/\/www.ufmg.br\/centrocultural\/comunicacao\/revista-guaicurus\/revista-guaicurus-4\/\" class=\"cmsmasters_button cmsmasters_but_clear_styles cmsmasters_but_bd_underline\"><span>Guaicurus #4<\/span><\/a><\/div>\n<div id=\"cmsmasters_button_o5rv2da2ih\" class=\"button_wrap\"><a href=\"https:\/\/www.ufmg.br\/centrocultural\/comunicacao\/revista-guaicurus\/revista-guaicurus-5\/\" class=\"cmsmasters_button cmsmasters_but_clear_styles cmsmasters_but_bd_underline\"><span>Guaicurus #5<\/span><\/a><\/div>\n<\/div><\/div>\n<\/div>\n<\/div>\n<\/div>\n<\/div>\n<\/div>\n<div id=\"cmsmasters_row_acnt7ed79\" class=\"cmsmasters_row cmsmasters_color_scheme_default cmsmasters_row_top_default cmsmasters_row_bot_default cmsmasters_row_boxed\">\n<div class=\"cmsmasters_row_outer_parent\">\n<div class=\"cmsmasters_row_outer\">\n<div class=\"cmsmasters_row_inner\">\n<div class=\"cmsmasters_row_margin\">\n<div id=\"cmsmasters_column_tw4xi5je09\" class=\"cmsmasters_column three_fourth\">\n<div class=\"cmsmasters_column_inner\">\n<div id=\"cmsmasters_divider_958r6yfqa\" class=\"cl\"><\/div>\n<\/div><\/div>\n<div id=\"cmsmasters_column_tslf4ewwwy\" class=\"cmsmasters_column one_fourth\">\n<div class=\"cmsmasters_column_inner\"><\/div><\/div>\n<\/div>\n<\/div>\n<\/div>\n<\/div>\n<\/div>\n<div id=\"cmsmasters_row_0dhsyuw4da\" class=\"cmsmasters_row cmsmasters_color_scheme_default cmsmasters_row_top_default cmsmasters_row_bot_default cmsmasters_row_boxed\">\n<div class=\"cmsmasters_row_outer_parent\">\n<div class=\"cmsmasters_row_outer\">\n<div class=\"cmsmasters_row_inner\">\n<div class=\"cmsmasters_row_margin\">\n<div id=\"cmsmasters_column_7hx3k0ce8\" class=\"cmsmasters_column three_fourth\">\n<div class=\"cmsmasters_column_inner\"><div class=\"cmsmasters_text\">\n<p><a href=\"https:\/\/www.ufmg.br\/centrocultural\/wp-content\/uploads\/2022\/06\/Guaicurus-2.pdf\" class=\"pdfemb-viewer\" style=\"\" data-width=\"max\" data-height=\"max\" data-toolbar=\"bottom\" data-toolbar-fixed=\"off\">Guaicurus 2<\/a><\/p>\n<\/div>\n<\/div><\/div>\n<div id=\"cmsmasters_column_bkamj3txvd\" class=\"cmsmasters_column one_fourth\">\n<div class=\"cmsmasters_column_inner\"><\/div><\/div>\n<\/div>\n<\/div>\n<\/div>\n<\/div>\n<\/div>\n<div id=\"cmsmasters_row_6e6l31spx4\" class=\"cmsmasters_row cmsmasters_color_scheme_default cmsmasters_row_top_default cmsmasters_row_bot_default cmsmasters_row_boxed\">\n<div class=\"cmsmasters_row_outer_parent\">\n<div class=\"cmsmasters_row_outer\">\n<div class=\"cmsmasters_row_inner\">\n<div class=\"cmsmasters_row_margin\">\n<div id=\"cmsmasters_column_nk8f5682ga\" class=\"cmsmasters_column three_fourth\">\n<div class=\"cmsmasters_column_inner\"><div id=\"cmsmasters_button_vvmjh8eyne\" class=\"button_wrap\"><a href=\"https:\/\/www.ufmg.br\/centrocultural\/?page_id=18547\" class=\"cmsmasters_button cmsmasters_but_clear_styles cmsmasters_but_bg_hover\"><span>Todas as edi\u00e7\u00f5es<\/span><\/a><\/div>\n<\/div><\/div>\n<div id=\"cmsmasters_column_j9dtfjrmun\" class=\"cmsmasters_column one_fourth\">\n<div class=\"cmsmasters_column_inner\"><\/div><\/div>\n<\/div>\n<\/div>\n<\/div>\n<\/div>\n<\/div>\n<div id=\"cmsmasters_row_9bmfss178l\" class=\"cmsmasters_row cmsmasters_color_scheme_default cmsmasters_row_top_default cmsmasters_row_bot_default cmsmasters_row_boxed\">\n<div class=\"cmsmasters_row_outer_parent\">\n<div class=\"cmsmasters_row_outer\">\n<div class=\"cmsmasters_row_inner\">\n<div class=\"cmsmasters_row_margin\">\n<div id=\"cmsmasters_column_s782zhzcii\" class=\"cmsmasters_column one_fourth\">\n<div class=\"cmsmasters_column_inner\"><\/div><\/div>\n<div id=\"cmsmasters_column_bvgkdv15zp\" class=\"cmsmasters_column three_fourth\">\n<div class=\"cmsmasters_column_inner\"><\/div><\/div>\n<\/div>\n<\/div>\n<\/div>\n<\/div>\n<\/div>\n\n","protected":false},"excerpt":{"rendered":"","protected":false},"author":8,"featured_media":18806,"parent":18547,"menu_order":0,"comment_status":"closed","ping_status":"closed","template":"","meta":{"footnotes":""},"class_list":["post-18759","page","type-page","status-publish","has-post-thumbnail","hentry"],"_links":{"self":[{"href":"https:\/\/www.ufmg.br\/centrocultural\/wp-json\/wp\/v2\/pages\/18759","targetHints":{"allow":["GET"]}}],"collection":[{"href":"https:\/\/www.ufmg.br\/centrocultural\/wp-json\/wp\/v2\/pages"}],"about":[{"href":"https:\/\/www.ufmg.br\/centrocultural\/wp-json\/wp\/v2\/types\/page"}],"author":[{"embeddable":true,"href":"https:\/\/www.ufmg.br\/centrocultural\/wp-json\/wp\/v2\/users\/8"}],"replies":[{"embeddable":true,"href":"https:\/\/www.ufmg.br\/centrocultural\/wp-json\/wp\/v2\/comments?post=18759"}],"version-history":[{"count":15,"href":"https:\/\/www.ufmg.br\/centrocultural\/wp-json\/wp\/v2\/pages\/18759\/revisions"}],"predecessor-version":[{"id":19298,"href":"https:\/\/www.ufmg.br\/centrocultural\/wp-json\/wp\/v2\/pages\/18759\/revisions\/19298"}],"up":[{"embeddable":true,"href":"https:\/\/www.ufmg.br\/centrocultural\/wp-json\/wp\/v2\/pages\/18547"}],"wp:featuredmedia":[{"embeddable":true,"href":"https:\/\/www.ufmg.br\/centrocultural\/wp-json\/wp\/v2\/media\/18806"}],"wp:attachment":[{"href":"https:\/\/www.ufmg.br\/centrocultural\/wp-json\/wp\/v2\/media?parent=18759"}],"curies":[{"name":"wp","href":"https:\/\/api.w.org\/{rel}","templated":true}]}}