{"id":18773,"date":"2022-06-28T12:03:05","date_gmt":"2022-06-28T15:03:05","guid":{"rendered":"https:\/\/www.ufmg.br\/centrocultural\/?page_id=18773"},"modified":"2022-07-22T13:19:06","modified_gmt":"2022-07-22T16:19:06","slug":"revista-guaicurus-1","status":"publish","type":"page","link":"https:\/\/www.ufmg.br\/centrocultural\/comunicacao\/revista-guaicurus\/revista-guaicurus-1\/","title":{"rendered":"Revista Guaicurus #1"},"content":{"rendered":"<div id=\"cmsmasters_row_v7x8ign1w\" class=\"cmsmasters_row cmsmasters_color_scheme_default cmsmasters_row_top_default cmsmasters_row_bot_default cmsmasters_row_boxed\">\n<div class=\"cmsmasters_row_outer_parent\">\n<div class=\"cmsmasters_row_outer\">\n<div class=\"cmsmasters_row_inner\">\n<div class=\"cmsmasters_row_margin\">\n<div id=\"cmsmasters_column_xmibbiyfn1\" class=\"cmsmasters_column three_fourth\">\n<div class=\"cmsmasters_column_inner\"><div id=\"cmsmasters_heading_j141hbfzur\" class=\"cmsmasters_heading_wrap cmsmasters_heading_align_left\">\n\t<h5 class=\"cmsmasters_heading\">PUBLICA\u00c7\u00d5ES<\/h5>\n<\/div>\n<\/div><\/div>\n<div id=\"cmsmasters_column_qx2go0ra6p\" class=\"cmsmasters_column one_fourth\">\n<div class=\"cmsmasters_column_inner\"><\/div><\/div>\n<\/div>\n<\/div>\n<\/div>\n<\/div>\n<\/div>\n<div id=\"cmsmasters_row_6rqvz21bt\" class=\"cmsmasters_row cmsmasters_color_scheme_default cmsmasters_row_top_default cmsmasters_row_bot_default cmsmasters_row_boxed\">\n<div class=\"cmsmasters_row_outer_parent\">\n<div class=\"cmsmasters_row_outer\">\n<div class=\"cmsmasters_row_inner\">\n<div class=\"cmsmasters_row_margin\">\n<div id=\"cmsmasters_column_u15dclo73p\" class=\"cmsmasters_column three_fourth\">\n<div class=\"cmsmasters_column_inner\"><div id=\"cmsmasters_heading_prw0dx9zd2\" class=\"cmsmasters_heading_wrap cmsmasters_heading_align_left\">\n\t<h2 class=\"cmsmasters_heading\">Revista Guaicurus #1<\/h2>\n<\/div>\n<\/div><\/div>\n<div id=\"cmsmasters_column_6q3gd44bfr\" class=\"cmsmasters_column one_fourth\">\n<div class=\"cmsmasters_column_inner\"><\/div><\/div>\n<\/div>\n<\/div>\n<\/div>\n<\/div>\n<\/div>\n<div id=\"cmsmasters_row_0qxx2a6ge\" class=\"cmsmasters_row cmsmasters_color_scheme_default cmsmasters_row_top_default cmsmasters_row_bot_default cmsmasters_row_boxed\">\n<div class=\"cmsmasters_row_outer_parent\">\n<div class=\"cmsmasters_row_outer\">\n<div class=\"cmsmasters_row_inner\">\n<div class=\"cmsmasters_row_margin\">\n<div id=\"cmsmasters_column_a1h2driko\" class=\"cmsmasters_column three_fourth\">\n<div class=\"cmsmasters_column_inner\">\n<div class=\"cmsmasters_sharing\">\n<div class=\"share_wrap\">\n<a href=\"https:\/\/twitter.com\/intent\/tweet?text=Check+out+%27Revista+Guaicurus+%231%27+on+Centro+Cultural++UFMG+website&url=https%3A%2F%2Fwww.ufmg.br%2Fcentrocultural%2Fcomunicacao%2Frevista-guaicurus%2Frevista-guaicurus-1%2F\" class=\"button cmsmasters-icon-twitter\">Twitter<\/a>\n<\/div>\n<div class=\"share_wrap\">\n<a href=\"https:\/\/www.facebook.com\/sharer\/sharer.php?display=popup&u=https%3A%2F%2Fwww.ufmg.br%2Fcentrocultural%2Fcomunicacao%2Frevista-guaicurus%2Frevista-guaicurus-1%2F\" class=\"button cmsmasters-icon-facebook\">Facebook<\/a>\n<\/div>\n<\/div>\n<\/div><\/div>\n<div id=\"cmsmasters_column_qbqndnu2in\" class=\"cmsmasters_column one_fourth\">\n<div class=\"cmsmasters_column_inner\"><\/div><\/div>\n<\/div>\n<\/div>\n<\/div>\n<\/div>\n<\/div>\n<div id=\"cmsmasters_row_\" class=\"cmsmasters_row cmsmasters_color_scheme_default cmsmasters_row_top_default cmsmasters_row_bot_default cmsmasters_row_boxed\">\n<div class=\"cmsmasters_row_outer_parent\">\n<div class=\"cmsmasters_row_outer\">\n<div class=\"cmsmasters_row_inner\">\n<div class=\"cmsmasters_row_margin\">\n<div id=\"cmsmasters_column_\" class=\"cmsmasters_column three_fourth\">\n<div class=\"cmsmasters_column_inner\"><div class=\"cmsmasters_text\">\n<p>Primeira edi\u00e7\u00e3o da Revista Guaicurus do Centro Cultural UFMG , lan\u00e7ada em 2012, apresenta temas e propostas visuais ancoradas na diversidade cultural e liberdade de ideias. Conhe\u00e7a!:<\/p>\n<ul>\n<li><span style=\"color: #99ccff;\"><a style=\"color: #99ccff;\" href=\"https:\/\/www.ufmg.br\/centrocultural\/wp-content\/uploads\/2022\/06\/Guaicurus-1.pdf\">Arquivo em PDF<\/a><\/span><\/li>\n<li><a href=\"https:\/\/issuu.com\/ccultufmg\/docs\/revista_guaicurus_1\"><span style=\"color: #99ccff;\">Na plataforma Issuu<\/span><\/a><\/li>\n<li>Clicando no rodap\u00e9 da imagem a seguir para navegar pela edi\u00e7\u00e3o<\/li>\n<\/ul>\n<\/div>\n<\/div><\/div>\n<div id=\"cmsmasters_column_wtv9z0zqq9\" class=\"cmsmasters_column one_fourth\">\n<div class=\"cmsmasters_column_inner\"><div id=\"cmsmasters_button_shu0o7owd\" class=\"button_wrap\"><a href=\"https:\/\/www.ufmg.br\/centrocultural\/comunicacao\/revista-guaicurus\/guaicurus-2\/\" class=\"cmsmasters_button cmsmasters_but_clear_styles cmsmasters_but_bd_underline\"><span>Guaicurus #2<\/span><\/a><\/div>\n<div id=\"cmsmasters_button_5kvqqf4yfm\" class=\"button_wrap\"><a href=\"https:\/\/www.ufmg.br\/centrocultural\/comunicacao\/revista-guaicurus\/revista-guaicurus-3\/\" class=\"cmsmasters_button cmsmasters_but_clear_styles cmsmasters_but_bd_underline\"><span>Guaicurus #3<\/span><\/a><\/div>\n<div id=\"cmsmasters_button_q34rdler\" class=\"button_wrap\"><a href=\"https:\/\/www.ufmg.br\/centrocultural\/comunicacao\/revista-guaicurus\/revista-guaicurus-4\/\" class=\"cmsmasters_button cmsmasters_but_clear_styles cmsmasters_but_bd_underline\"><span>Guaicurus #4<\/span><\/a><\/div>\n<div id=\"cmsmasters_button_vctnbcvp5a\" class=\"button_wrap\"><a href=\"https:\/\/www.ufmg.br\/centrocultural\/comunicacao\/revista-guaicurus\/revista-guaicurus-5\/\" class=\"cmsmasters_button cmsmasters_but_clear_styles cmsmasters_but_bd_underline\"><span>Guaicurus #5<\/span><\/a><\/div>\n<\/div><\/div>\n<\/div>\n<\/div>\n<\/div>\n<\/div>\n<\/div>\n<div id=\"cmsmasters_row_gmc5lq6pd6\" class=\"cmsmasters_row cmsmasters_color_scheme_default cmsmasters_row_top_default cmsmasters_row_bot_default cmsmasters_row_boxed\">\n<div class=\"cmsmasters_row_outer_parent\">\n<div class=\"cmsmasters_row_outer\">\n<div class=\"cmsmasters_row_inner\">\n<div class=\"cmsmasters_row_margin\">\n<div id=\"cmsmasters_column_lzuaqzl4f\" class=\"cmsmasters_column three_fourth\">\n<div class=\"cmsmasters_column_inner\">\n<div id=\"cmsmasters_divider_hkhs2q0po\" class=\"cl\"><\/div>\n<\/div><\/div>\n<div id=\"cmsmasters_column_ehafvxm2b2\" class=\"cmsmasters_column one_fourth\">\n<div class=\"cmsmasters_column_inner\"><\/div><\/div>\n<\/div>\n<\/div>\n<\/div>\n<\/div>\n<\/div>\n<div id=\"cmsmasters_row_ldw2v6vxp\" class=\"cmsmasters_row cmsmasters_color_scheme_default cmsmasters_row_top_default cmsmasters_row_bot_default cmsmasters_row_boxed\">\n<div class=\"cmsmasters_row_outer_parent\">\n<div class=\"cmsmasters_row_outer\">\n<div class=\"cmsmasters_row_inner\">\n<div class=\"cmsmasters_row_margin\">\n<div id=\"cmsmasters_column_eesa22eqk3\" class=\"cmsmasters_column three_fourth\">\n<div class=\"cmsmasters_column_inner\"><div class=\"cmsmasters_text\">\n<p><a href=\"https:\/\/www.ufmg.br\/centrocultural\/wp-content\/uploads\/2022\/06\/Guaicurus-1.pdf\" class=\"pdfemb-viewer\" style=\"\" data-width=\"max\" data-height=\"max\" data-toolbar=\"bottom\" data-toolbar-fixed=\"off\">Guaicurus 1<\/a><\/p>\n<p>&nbsp;<\/p>\n<\/div>\n<\/div><\/div>\n<div id=\"cmsmasters_column_1odihplj4\" class=\"cmsmasters_column one_fourth\">\n<div class=\"cmsmasters_column_inner\"><\/div><\/div>\n<\/div>\n<\/div>\n<\/div>\n<\/div>\n<\/div>\n<div id=\"cmsmasters_row_2hme7new6\" class=\"cmsmasters_row cmsmasters_color_scheme_default cmsmasters_row_top_default cmsmasters_row_bot_default cmsmasters_row_boxed\">\n<div class=\"cmsmasters_row_outer_parent\">\n<div class=\"cmsmasters_row_outer\">\n<div class=\"cmsmasters_row_inner\">\n<div class=\"cmsmasters_row_margin\">\n<div id=\"cmsmasters_column_zusjcpg7hq\" class=\"cmsmasters_column one_first\">\n<div class=\"cmsmasters_column_inner\"><div id=\"cmsmasters_button_gaw9dxvt4\" class=\"button_wrap\"><a href=\"https:\/\/www.ufmg.br\/centrocultural\/?page_id=18547\" class=\"cmsmasters_button cmsmasters_but_clear_styles cmsmasters_but_bg_hover\"><span>Todas as edi\u00e7\u00f5es<\/span><\/a><\/div>\n<\/div><\/div>\n<\/div>\n<\/div>\n<\/div>\n<\/div>\n<\/div>\n\n","protected":false},"excerpt":{"rendered":"","protected":false},"author":8,"featured_media":18807,"parent":18547,"menu_order":0,"comment_status":"closed","ping_status":"closed","template":"","meta":{"footnotes":""},"class_list":["post-18773","page","type-page","status-publish","has-post-thumbnail","hentry"],"_links":{"self":[{"href":"https:\/\/www.ufmg.br\/centrocultural\/wp-json\/wp\/v2\/pages\/18773","targetHints":{"allow":["GET"]}}],"collection":[{"href":"https:\/\/www.ufmg.br\/centrocultural\/wp-json\/wp\/v2\/pages"}],"about":[{"href":"https:\/\/www.ufmg.br\/centrocultural\/wp-json\/wp\/v2\/types\/page"}],"author":[{"embeddable":true,"href":"https:\/\/www.ufmg.br\/centrocultural\/wp-json\/wp\/v2\/users\/8"}],"replies":[{"embeddable":true,"href":"https:\/\/www.ufmg.br\/centrocultural\/wp-json\/wp\/v2\/comments?post=18773"}],"version-history":[{"count":12,"href":"https:\/\/www.ufmg.br\/centrocultural\/wp-json\/wp\/v2\/pages\/18773\/revisions"}],"predecessor-version":[{"id":19301,"href":"https:\/\/www.ufmg.br\/centrocultural\/wp-json\/wp\/v2\/pages\/18773\/revisions\/19301"}],"up":[{"embeddable":true,"href":"https:\/\/www.ufmg.br\/centrocultural\/wp-json\/wp\/v2\/pages\/18547"}],"wp:featuredmedia":[{"embeddable":true,"href":"https:\/\/www.ufmg.br\/centrocultural\/wp-json\/wp\/v2\/media\/18807"}],"wp:attachment":[{"href":"https:\/\/www.ufmg.br\/centrocultural\/wp-json\/wp\/v2\/media?parent=18773"}],"curies":[{"name":"wp","href":"https:\/\/api.w.org\/{rel}","templated":true}]}}