{"id":22432,"date":"2023-04-14T13:06:36","date_gmt":"2023-04-14T16:06:36","guid":{"rendered":"https:\/\/www.ufmg.br\/centrocultural\/?page_id=22432"},"modified":"2026-03-20T14:21:39","modified_gmt":"2026-03-20T17:21:39","slug":"noticias","status":"publish","type":"page","link":"https:\/\/www.ufmg.br\/centrocultural\/comunicacao\/noticias\/","title":{"rendered":"Not\u00edcias"},"content":{"rendered":"<div id=\"cmsmasters_row_6cd7d5ee54\" class=\"cmsmasters_row cmsmasters_color_scheme_default cmsmasters_row_top_default cmsmasters_row_bot_default cmsmasters_row_boxed\">\n<div class=\"cmsmasters_row_outer_parent\">\n<div class=\"cmsmasters_row_outer\">\n<div class=\"cmsmasters_row_inner\">\n<div class=\"cmsmasters_row_margin\">\n<div id=\"cmsmasters_column_\" class=\"cmsmasters_column one_first\">\n<div class=\"cmsmasters_column_inner\"><div id=\"blog_268c0c06d2\" class=\"cmsmasters_wrap_blog entry-summary\" data-layout=\"standard\" data-layout-mode=\"\" data-url=\"https:\/\/www.ufmg.br\/centrocultural\/wp-content\/plugins\/cmsmasters-content-composer\/\" data-orderby=\"date\" data-order=\"DESC\" data-count=\"6\" data-categories=\"arte-revista,arte,aulas-abertas,baixocentroencena,cinecentro,corredor-cultural-174,dialogos-artista-e-curador,editais-e-chamadas,espetaculos,exposicoes,festivais,historia,noticias,oficinas,pingo-de-tinta,podcast-leituras,podcast-recitais,podcast-residencia-artistica,podcast,quem-sera-o-artista,recitais,residencia-artistica,retrospectiva,revista-guaicurus,visitas-mediadas\" data-metadata=\"date,categories,more\" data-pagination=\"more\"><div class=\"blog standard\"><!-- Start Post Default Article -->\n<article id=\"post-26910\" class=\"cmsmasters_post_default post-26910 post type-post status-publish format-standard has-post-thumbnail hentry category-noticias category-recitais\">\n\t<div class=\"cmsmasters_post_cont\">\n\t\t<figure class=\"cmsmasters_img_wrap\"><a href=\"https:\/\/www.ufmg.br\/centrocultural\/espetaculo-revisita-memorias-de-hospital-psiquiatrico-e-debate-saude-mental-e-violencia-institucional\/\" title=\"Espet\u00e1culo revisita mem\u00f3rias de hospital psiqui\u00e1trico e debate sa\u00fade mental e viol\u00eancia institucional\" class=\"cmsmasters_img_link\"><img loading=\"lazy\" decoding=\"async\" width=\"860\" height=\"575\" src=\"https:\/\/www.ufmg.br\/centrocultural\/wp-content\/uploads\/2026\/03\/cancao-da-barbarie-foto-clara-rocha-860x575.jpg\" class=\" wp-post-image\" alt=\"Espet\u00e1culo revisita mem\u00f3rias de hospital psiqui\u00e1trico e debate sa\u00fade mental e viol\u00eancia institucional\" title=\"Espet\u00e1culo revisita mem\u00f3rias de hospital psiqui\u00e1trico e debate sa\u00fade mental e viol\u00eancia institucional\" srcset=\"https:\/\/www.ufmg.br\/centrocultural\/wp-content\/uploads\/2026\/03\/cancao-da-barbarie-foto-clara-rocha-860x575.jpg 860w, https:\/\/www.ufmg.br\/centrocultural\/wp-content\/uploads\/2026\/03\/cancao-da-barbarie-foto-clara-rocha-300x200.jpg 300w, https:\/\/www.ufmg.br\/centrocultural\/wp-content\/uploads\/2026\/03\/cancao-da-barbarie-foto-clara-rocha-1024x683.jpg 1024w, https:\/\/www.ufmg.br\/centrocultural\/wp-content\/uploads\/2026\/03\/cancao-da-barbarie-foto-clara-rocha-768x512.jpg 768w, https:\/\/www.ufmg.br\/centrocultural\/wp-content\/uploads\/2026\/03\/cancao-da-barbarie-foto-clara-rocha-580x387.jpg 580w, https:\/\/www.ufmg.br\/centrocultural\/wp-content\/uploads\/2026\/03\/cancao-da-barbarie-foto-clara-rocha-1160x775.jpg 1160w\" sizes=\"auto, (max-width: 860px) 100vw, 860px\" \/><\/a><\/figure><div class=\"cmsmasters_post_date_wrap entry-meta \"><span class=\"cmsmasters_post_date custom\"><abbr class=\"published\" title=\"12 de mar\u00e7o de 2026\"><span class=\"cmsmasters_day\">12<\/span><span class=\"cmsmasters_mon\">mar\u00e7o<\/span><span class=\"cmsmasters_year\">2026<\/span><\/abbr><abbr class=\"dn date updated\" title=\"12 de mar\u00e7o de 2026\">12 de mar\u00e7o de 2026<\/abbr><\/span><\/div><div class=\"cmsmasters_post_content_wrap\"><div class=\"cmsmasters_post_cont_info entry-meta\"><span class=\"cmsmasters_post_category\"><a href=\"https:\/\/www.ufmg.br\/centrocultural\/category\/noticias\/\" class=\"cmsmasters_cat_color cmsmasters_cat_91\" rel=\"category tag\">Not\u00edcias<\/a>, <a href=\"https:\/\/www.ufmg.br\/centrocultural\/category\/recitais\/\" class=\"cmsmasters_cat_color cmsmasters_cat_81\" rel=\"category tag\">Recitais<\/a><\/span><\/div><header class=\"cmsmasters_post_header entry-header\"><h2 class=\"cmsmasters_post_title entry-title\"><a href=\"https:\/\/www.ufmg.br\/centrocultural\/espetaculo-revisita-memorias-de-hospital-psiquiatrico-e-debate-saude-mental-e-violencia-institucional\/\">Espet\u00e1culo revisita mem\u00f3rias de hospital psiqui\u00e1trico e debate sa\u00fade mental e viol\u00eancia institucional<\/a><\/h2><\/header><div class=\"cmsmasters_post_content entry-content\">\n<p>Nos dias 26 e 27 de mar\u00e7o de 2026, \u00e0s 19 horas, o Centro Cultural UFMG apresenta o espet\u00e1culo teatral \u2018Can\u00e7\u00e3o da Barb\u00e1rie\u2019, protagonizado pela atriz Clarice Rodrigues. A pe\u00e7a acompanha a hist\u00f3ria de uma enfermeira que presenciou os horrores do \u201cHolocausto Brasileiro\u201d no Hospital Col\u00f4nia, em Barbacena (MG), trazendo \u00e0 cena mem\u00f3rias de um dos cap\u00edtulos mais dolorosos da nossa hist\u00f3ria. A montagem tem dire\u00e7\u00e3o de Luan Silva e produ\u00e7\u00e3o da Culturando Produ\u00e7\u00f5es e Quintal Boi da Manta. A entrada \u00e9 gratuita, com retirada antecipada de ingressos pelo Sympla. A classifica\u00e7\u00e3o indicativa \u00e9 de 14 anos. Compartilhe no WhatsApp...<\/p>\n<\/div>\n<footer class=\"cmsmasters_post_footer entry-meta\"><a class=\"cmsmasters_post_read_more\" href=\"https:\/\/www.ufmg.br\/centrocultural\/espetaculo-revisita-memorias-de-hospital-psiquiatrico-e-debate-saude-mental-e-violencia-institucional\/\">Read More<\/a><\/footer><\/div>\t<\/div>\n<\/article>\n<!-- Finish Post Default Article -->\n\n<!-- Start Post Default Article -->\n<article id=\"post-26899\" class=\"cmsmasters_post_default post-26899 post type-post status-publish format-standard has-post-thumbnail hentry category-noticias\">\n\t<div class=\"cmsmasters_post_cont\">\n\t\t<figure class=\"cmsmasters_img_wrap\"><a href=\"https:\/\/www.ufmg.br\/centrocultural\/exposicao-de-gustavo-torrezan-propoe-reflexao-critica-sobre-acumulo-natureza-e-antropoceno\/\" title=\"Exposi\u00e7\u00e3o de Gustavo Torrezan prop\u00f5e reflex\u00e3o cr\u00edtica sobre ac\u00famulo, natureza e Antropoceno\" class=\"cmsmasters_img_link\"><img loading=\"lazy\" decoding=\"async\" width=\"860\" height=\"575\" src=\"https:\/\/www.ufmg.br\/centrocultural\/wp-content\/uploads\/2026\/02\/antropoceno-bbbp-01-860x575.jpg\" class=\" wp-post-image\" alt=\"Exposi\u00e7\u00e3o de Gustavo Torrezan prop\u00f5e reflex\u00e3o cr\u00edtica sobre ac\u00famulo, natureza e Antropoceno\" title=\"Exposi\u00e7\u00e3o de Gustavo Torrezan prop\u00f5e reflex\u00e3o cr\u00edtica sobre ac\u00famulo, natureza e Antropoceno\" srcset=\"https:\/\/www.ufmg.br\/centrocultural\/wp-content\/uploads\/2026\/02\/antropoceno-bbbp-01-860x575.jpg 860w, https:\/\/www.ufmg.br\/centrocultural\/wp-content\/uploads\/2026\/02\/antropoceno-bbbp-01-1160x775.jpg 1160w\" sizes=\"auto, (max-width: 860px) 100vw, 860px\" \/><\/a><\/figure><div class=\"cmsmasters_post_date_wrap entry-meta \"><span class=\"cmsmasters_post_date custom\"><abbr class=\"published\" title=\"27 de fevereiro de 2026\"><span class=\"cmsmasters_day\">27<\/span><span class=\"cmsmasters_mon\">fevereiro<\/span><span class=\"cmsmasters_year\">2026<\/span><\/abbr><abbr class=\"dn date updated\" title=\"27 de fevereiro de 2026\">27 de fevereiro de 2026<\/abbr><\/span><\/div><div class=\"cmsmasters_post_content_wrap\"><div class=\"cmsmasters_post_cont_info entry-meta\"><span class=\"cmsmasters_post_category\"><a href=\"https:\/\/www.ufmg.br\/centrocultural\/category\/noticias\/\" class=\"cmsmasters_cat_color cmsmasters_cat_91\" rel=\"category tag\">Not\u00edcias<\/a><\/span><\/div><header class=\"cmsmasters_post_header entry-header\"><h2 class=\"cmsmasters_post_title entry-title\"><a href=\"https:\/\/www.ufmg.br\/centrocultural\/exposicao-de-gustavo-torrezan-propoe-reflexao-critica-sobre-acumulo-natureza-e-antropoceno\/\">Exposi\u00e7\u00e3o de Gustavo Torrezan prop\u00f5e reflex\u00e3o cr\u00edtica sobre ac\u00famulo, natureza e Antropoceno<\/a><\/h2><\/header><footer class=\"cmsmasters_post_footer entry-meta\"><a class=\"cmsmasters_post_read_more\" href=\"https:\/\/www.ufmg.br\/centrocultural\/exposicao-de-gustavo-torrezan-propoe-reflexao-critica-sobre-acumulo-natureza-e-antropoceno\/\">Read More<\/a><\/footer><\/div>\t<\/div>\n<\/article>\n<!-- Finish Post Default Article -->\n\n<!-- Start Post Default Article -->\n<article id=\"post-26887\" class=\"cmsmasters_post_default post-26887 post type-post status-publish format-standard has-post-thumbnail hentry category-noticias\">\n\t<div class=\"cmsmasters_post_cont\">\n\t\t<figure class=\"cmsmasters_img_wrap\"><a href=\"https:\/\/www.ufmg.br\/centrocultural\/entre-derivas-e-memorias-gui-orzil-expoe-narrativas-fotograficas-de-santa-luzia\/\" title=\"Entre derivas e mem\u00f3rias: Gui Orzil exp\u00f5e narrativas fotogr\u00e1ficas de Santa Luzia\" class=\"cmsmasters_img_link\"><img loading=\"lazy\" decoding=\"async\" width=\"860\" height=\"575\" src=\"https:\/\/www.ufmg.br\/centrocultural\/wp-content\/uploads\/2026\/02\/Entre-vitrais-e-varais-860x575.jpg\" class=\" wp-post-image\" alt=\"Entre derivas e mem\u00f3rias: Gui Orzil exp\u00f5e narrativas fotogr\u00e1ficas de Santa Luzia\" title=\"Entre derivas e mem\u00f3rias: Gui Orzil exp\u00f5e narrativas fotogr\u00e1ficas de Santa Luzia\" srcset=\"https:\/\/www.ufmg.br\/centrocultural\/wp-content\/uploads\/2026\/02\/Entre-vitrais-e-varais-860x575.jpg 860w, https:\/\/www.ufmg.br\/centrocultural\/wp-content\/uploads\/2026\/02\/Entre-vitrais-e-varais-300x200.jpg 300w, https:\/\/www.ufmg.br\/centrocultural\/wp-content\/uploads\/2026\/02\/Entre-vitrais-e-varais-1024x683.jpg 1024w, https:\/\/www.ufmg.br\/centrocultural\/wp-content\/uploads\/2026\/02\/Entre-vitrais-e-varais-768x512.jpg 768w, https:\/\/www.ufmg.br\/centrocultural\/wp-content\/uploads\/2026\/02\/Entre-vitrais-e-varais-580x387.jpg 580w, https:\/\/www.ufmg.br\/centrocultural\/wp-content\/uploads\/2026\/02\/Entre-vitrais-e-varais-1160x775.jpg 1160w\" sizes=\"auto, (max-width: 860px) 100vw, 860px\" \/><\/a><\/figure><div class=\"cmsmasters_post_date_wrap entry-meta \"><span class=\"cmsmasters_post_date custom\"><abbr class=\"published\" title=\"26 de fevereiro de 2026\"><span class=\"cmsmasters_day\">26<\/span><span class=\"cmsmasters_mon\">fevereiro<\/span><span class=\"cmsmasters_year\">2026<\/span><\/abbr><abbr class=\"dn date updated\" title=\"27 de fevereiro de 2026\">27 de fevereiro de 2026<\/abbr><\/span><\/div><div class=\"cmsmasters_post_content_wrap\"><div class=\"cmsmasters_post_cont_info entry-meta\"><span class=\"cmsmasters_post_category\"><a href=\"https:\/\/www.ufmg.br\/centrocultural\/category\/noticias\/\" class=\"cmsmasters_cat_color cmsmasters_cat_91\" rel=\"category tag\">Not\u00edcias<\/a><\/span><\/div><header class=\"cmsmasters_post_header entry-header\"><h2 class=\"cmsmasters_post_title entry-title\"><a href=\"https:\/\/www.ufmg.br\/centrocultural\/entre-derivas-e-memorias-gui-orzil-expoe-narrativas-fotograficas-de-santa-luzia\/\">Entre derivas e mem\u00f3rias: Gui Orzil exp\u00f5e narrativas fotogr\u00e1ficas de Santa Luzia<\/a><\/h2><\/header><footer class=\"cmsmasters_post_footer entry-meta\"><a class=\"cmsmasters_post_read_more\" href=\"https:\/\/www.ufmg.br\/centrocultural\/entre-derivas-e-memorias-gui-orzil-expoe-narrativas-fotograficas-de-santa-luzia\/\">Read More<\/a><\/footer><\/div>\t<\/div>\n<\/article>\n<!-- Finish Post Default Article -->\n\n<!-- Start Post Default Article -->\n<article id=\"post-26881\" class=\"cmsmasters_post_default post-26881 post type-post status-publish format-standard has-post-thumbnail hentry category-noticias\">\n\t<div class=\"cmsmasters_post_cont\">\n\t\t<figure class=\"cmsmasters_img_wrap\"><a href=\"https:\/\/www.ufmg.br\/centrocultural\/centro-cultural-ufmg-seleciona-bolsistas-de-extensao-para-2026\/\" title=\"Centro Cultural UFMG seleciona bolsistas de extens\u00e3o para 2026\" class=\"cmsmasters_img_link\"><img loading=\"lazy\" decoding=\"async\" width=\"860\" height=\"575\" src=\"https:\/\/www.ufmg.br\/centrocultural\/wp-content\/uploads\/2026\/02\/oficina-860x575.jpg\" class=\" wp-post-image\" alt=\"Centro Cultural UFMG seleciona bolsistas de extens\u00e3o para 2026\" title=\"Centro Cultural UFMG seleciona bolsistas de extens\u00e3o para 2026\" srcset=\"https:\/\/www.ufmg.br\/centrocultural\/wp-content\/uploads\/2026\/02\/oficina-860x575.jpg 860w, https:\/\/www.ufmg.br\/centrocultural\/wp-content\/uploads\/2026\/02\/oficina-1160x775.jpg 1160w\" sizes=\"auto, (max-width: 860px) 100vw, 860px\" \/><\/a><\/figure><div class=\"cmsmasters_post_date_wrap entry-meta \"><span class=\"cmsmasters_post_date custom\"><abbr class=\"published\" title=\"12 de fevereiro de 2026\"><span class=\"cmsmasters_day\">12<\/span><span class=\"cmsmasters_mon\">fevereiro<\/span><span class=\"cmsmasters_year\">2026<\/span><\/abbr><abbr class=\"dn date updated\" title=\"12 de fevereiro de 2026\">12 de fevereiro de 2026<\/abbr><\/span><\/div><div class=\"cmsmasters_post_content_wrap\"><div class=\"cmsmasters_post_cont_info entry-meta\"><span class=\"cmsmasters_post_category\"><a href=\"https:\/\/www.ufmg.br\/centrocultural\/category\/noticias\/\" class=\"cmsmasters_cat_color cmsmasters_cat_91\" rel=\"category tag\">Not\u00edcias<\/a><\/span><\/div><header class=\"cmsmasters_post_header entry-header\"><h2 class=\"cmsmasters_post_title entry-title\"><a href=\"https:\/\/www.ufmg.br\/centrocultural\/centro-cultural-ufmg-seleciona-bolsistas-de-extensao-para-2026\/\">Centro Cultural UFMG seleciona bolsistas de extens\u00e3o para 2026<\/a><\/h2><\/header><footer class=\"cmsmasters_post_footer entry-meta\"><a class=\"cmsmasters_post_read_more\" href=\"https:\/\/www.ufmg.br\/centrocultural\/centro-cultural-ufmg-seleciona-bolsistas-de-extensao-para-2026\/\">Read More<\/a><\/footer><\/div>\t<\/div>\n<\/article>\n<!-- Finish Post Default Article -->\n\n<!-- Start Post Default Article -->\n<article id=\"post-26873\" class=\"cmsmasters_post_default post-26873 post type-post status-publish format-standard has-post-thumbnail hentry category-noticias\">\n\t<div class=\"cmsmasters_post_cont\">\n\t\t<figure class=\"cmsmasters_img_wrap\"><a href=\"https:\/\/www.ufmg.br\/centrocultural\/funcionamento-do-centro-cultural-ufmg-no-carnaval-2026\/\" title=\"Funcionamento do Centro Cultural UFMG no carnaval 2026\" class=\"cmsmasters_img_link\"><img loading=\"lazy\" decoding=\"async\" width=\"860\" height=\"575\" src=\"https:\/\/www.ufmg.br\/centrocultural\/wp-content\/uploads\/2026\/02\/carnaval-bh-acervo-belotur-860x869-1-860x575.jpg\" class=\" wp-post-image\" alt=\"Funcionamento do Centro Cultural UFMG no carnaval 2026\" title=\"Funcionamento do Centro Cultural UFMG no carnaval 2026\" \/><\/a><\/figure><div class=\"cmsmasters_post_date_wrap entry-meta \"><span class=\"cmsmasters_post_date custom\"><abbr class=\"published\" title=\"12 de fevereiro de 2026\"><span class=\"cmsmasters_day\">12<\/span><span class=\"cmsmasters_mon\">fevereiro<\/span><span class=\"cmsmasters_year\">2026<\/span><\/abbr><abbr class=\"dn date updated\" title=\"12 de fevereiro de 2026\">12 de fevereiro de 2026<\/abbr><\/span><\/div><div class=\"cmsmasters_post_content_wrap\"><div class=\"cmsmasters_post_cont_info entry-meta\"><span class=\"cmsmasters_post_category\"><a href=\"https:\/\/www.ufmg.br\/centrocultural\/category\/noticias\/\" class=\"cmsmasters_cat_color cmsmasters_cat_91\" rel=\"category tag\">Not\u00edcias<\/a><\/span><\/div><header class=\"cmsmasters_post_header entry-header\"><h2 class=\"cmsmasters_post_title entry-title\"><a href=\"https:\/\/www.ufmg.br\/centrocultural\/funcionamento-do-centro-cultural-ufmg-no-carnaval-2026\/\">Funcionamento do Centro Cultural UFMG no carnaval 2026<\/a><\/h2><\/header><div class=\"cmsmasters_post_content entry-content\">\n<p>O Centro Cultural UFMG informa que ficar\u00e1 fechado no per\u00edodo do carnaval e na quarta-feira de cinzas \u2013 14 a 18 de fevereiro de 2026. Compartilhe no WhatsApp Compartilhe no Telegram O fechamento decorre da grande concentra\u00e7\u00e3o de blocos no entorno da institui\u00e7\u00e3o, o que inviabiliza o acesso e o funcionamento regular do espa\u00e7o. As atividades ser\u00e3o retomadas na quinta-feira, dia 19 de fevereiro, \u00e0s 9 horas.<\/p>\n<\/div>\n<footer class=\"cmsmasters_post_footer entry-meta\"><a class=\"cmsmasters_post_read_more\" href=\"https:\/\/www.ufmg.br\/centrocultural\/funcionamento-do-centro-cultural-ufmg-no-carnaval-2026\/\">Read More<\/a><\/footer><\/div>\t<\/div>\n<\/article>\n<!-- Finish Post Default Article -->\n\n<!-- Start Post Default Article -->\n<article id=\"post-26863\" class=\"cmsmasters_post_default post-26863 post type-post status-publish format-standard has-post-thumbnail hentry category-exposicoes category-noticias\">\n\t<div class=\"cmsmasters_post_cont\">\n\t\t<figure class=\"cmsmasters_img_wrap\"><a href=\"https:\/\/www.ufmg.br\/centrocultural\/exposicao-de-isabel-moreira-investiga-questoes-de-intimidade-e-pertencimento\/\" title=\"Exposi\u00e7\u00e3o de Isabel Moreira investiga quest\u00f5es de intimidade e pertencimento\" class=\"cmsmasters_img_link\"><img loading=\"lazy\" decoding=\"async\" width=\"860\" height=\"575\" src=\"https:\/\/www.ufmg.br\/centrocultural\/wp-content\/uploads\/2026\/02\/img-7958-860x575.jpg\" class=\" wp-post-image\" alt=\"Exposi\u00e7\u00e3o de Isabel Moreira investiga quest\u00f5es de intimidade e pertencimento\" title=\"Exposi\u00e7\u00e3o de Isabel Moreira investiga quest\u00f5es de intimidade e pertencimento\" srcset=\"https:\/\/www.ufmg.br\/centrocultural\/wp-content\/uploads\/2026\/02\/img-7958-860x575.jpg 860w, https:\/\/www.ufmg.br\/centrocultural\/wp-content\/uploads\/2026\/02\/img-7958-300x200.jpg 300w, https:\/\/www.ufmg.br\/centrocultural\/wp-content\/uploads\/2026\/02\/img-7958-1024x683.jpg 1024w, https:\/\/www.ufmg.br\/centrocultural\/wp-content\/uploads\/2026\/02\/img-7958-768x512.jpg 768w, https:\/\/www.ufmg.br\/centrocultural\/wp-content\/uploads\/2026\/02\/img-7958-580x387.jpg 580w, https:\/\/www.ufmg.br\/centrocultural\/wp-content\/uploads\/2026\/02\/img-7958-1160x775.jpg 1160w\" sizes=\"auto, (max-width: 860px) 100vw, 860px\" \/><\/a><\/figure><div class=\"cmsmasters_post_date_wrap entry-meta \"><span class=\"cmsmasters_post_date custom\"><abbr class=\"published\" title=\"9 de fevereiro de 2026\"><span class=\"cmsmasters_day\">09<\/span><span class=\"cmsmasters_mon\">fevereiro<\/span><span class=\"cmsmasters_year\">2026<\/span><\/abbr><abbr class=\"dn date updated\" title=\"11 de fevereiro de 2026\">11 de fevereiro de 2026<\/abbr><\/span><\/div><div class=\"cmsmasters_post_content_wrap\"><div class=\"cmsmasters_post_cont_info entry-meta\"><span class=\"cmsmasters_post_category\"><a href=\"https:\/\/www.ufmg.br\/centrocultural\/category\/exposicoes\/\" class=\"cmsmasters_cat_color cmsmasters_cat_121\" rel=\"category tag\">Exposi\u00e7\u00f5es<\/a>, <a href=\"https:\/\/www.ufmg.br\/centrocultural\/category\/noticias\/\" class=\"cmsmasters_cat_color cmsmasters_cat_91\" rel=\"category tag\">Not\u00edcias<\/a><\/span><\/div><header class=\"cmsmasters_post_header entry-header\"><h2 class=\"cmsmasters_post_title entry-title\"><a href=\"https:\/\/www.ufmg.br\/centrocultural\/exposicao-de-isabel-moreira-investiga-questoes-de-intimidade-e-pertencimento\/\">Exposi\u00e7\u00e3o de Isabel Moreira investiga quest\u00f5es de intimidade e pertencimento<\/a><\/h2><\/header><footer class=\"cmsmasters_post_footer entry-meta\"><a class=\"cmsmasters_post_read_more\" href=\"https:\/\/www.ufmg.br\/centrocultural\/exposicao-de-isabel-moreira-investiga-questoes-de-intimidade-e-pertencimento\/\">Read More<\/a><\/footer><\/div>\t<\/div>\n<\/article>\n<!-- Finish Post Default Article -->\n\n<\/div><div class=\"cmsmasters_wrap_more_posts cmsmasters_wrap_more_items\"><div class=\"cmsmasters_wrap_post_loader cmsmasters_wrap_items_loader\">\r\n\t\t\t\t\t<a href=\"javascript:void(0)\" class=\"cmsmasters_button cmsmasters_post_loader cmsmasters_items_loader\">\r\n\t\t\t\t\t\t<span>Load More Posts<\/span>\r\n\t\t\t\t\t<\/a>\r\n\t\t\t\t<\/div><\/div><\/div>\n<\/div><\/div>\n<\/div>\n<\/div>\n<\/div>\n<\/div>\n<\/div>\n\n","protected":false},"excerpt":{"rendered":"","protected":false},"author":8,"featured_media":0,"parent":16484,"menu_order":0,"comment_status":"closed","ping_status":"open","template":"","meta":{"footnotes":""},"class_list":["post-22432","page","type-page","status-publish","hentry"],"_links":{"self":[{"href":"https:\/\/www.ufmg.br\/centrocultural\/wp-json\/wp\/v2\/pages\/22432","targetHints":{"allow":["GET"]}}],"collection":[{"href":"https:\/\/www.ufmg.br\/centrocultural\/wp-json\/wp\/v2\/pages"}],"about":[{"href":"https:\/\/www.ufmg.br\/centrocultural\/wp-json\/wp\/v2\/types\/page"}],"author":[{"embeddable":true,"href":"https:\/\/www.ufmg.br\/centrocultural\/wp-json\/wp\/v2\/users\/8"}],"replies":[{"embeddable":true,"href":"https:\/\/www.ufmg.br\/centrocultural\/wp-json\/wp\/v2\/comments?post=22432"}],"version-history":[{"count":7,"href":"https:\/\/www.ufmg.br\/centrocultural\/wp-json\/wp\/v2\/pages\/22432\/revisions"}],"predecessor-version":[{"id":26928,"href":"https:\/\/www.ufmg.br\/centrocultural\/wp-json\/wp\/v2\/pages\/22432\/revisions\/26928"}],"up":[{"embeddable":true,"href":"https:\/\/www.ufmg.br\/centrocultural\/wp-json\/wp\/v2\/pages\/16484"}],"wp:attachment":[{"href":"https:\/\/www.ufmg.br\/centrocultural\/wp-json\/wp\/v2\/media?parent=22432"}],"curies":[{"name":"wp","href":"https:\/\/api.w.org\/{rel}","templated":true}]}}