{"id":23429,"date":"2023-05-18T14:19:49","date_gmt":"2023-05-18T17:19:49","guid":{"rendered":"https:\/\/www.ufmg.br\/centrocultural\/?page_id=23429"},"modified":"2026-03-20T14:20:27","modified_gmt":"2026-03-20T17:20:27","slug":"saiba-antes-de-chegar","status":"publish","type":"page","link":"https:\/\/www.ufmg.br\/centrocultural\/visite\/saiba-antes-de-chegar\/","title":{"rendered":"Saiba antes de chegar"},"content":{"rendered":"<div id=\"cmsmasters_row_wyei44w7j6\" class=\"cmsmasters_row cmsmasters_color_scheme_default cmsmasters_row_top_default cmsmasters_row_bot_default cmsmasters_row_boxed\">\n<div class=\"cmsmasters_row_outer_parent\">\n<div class=\"cmsmasters_row_outer\">\n<div class=\"cmsmasters_row_inner\">\n<div class=\"cmsmasters_row_margin\">\n<div id=\"cmsmasters_column_dgy678zn78\" class=\"cmsmasters_column one_first\">\n<div class=\"cmsmasters_column_inner\"><div id=\"cmsmasters_heading_adn69w7or8\" class=\"cmsmasters_heading_wrap cmsmasters_heading_align_left\">\n\t<h5 class=\"cmsmasters_heading\">DICAS<\/h5>\n<\/div>\n<\/div><\/div>\n<\/div>\n<\/div>\n<\/div>\n<\/div>\n<\/div>\n<div id=\"cmsmasters_row_p5imvzg7gr\" class=\"cmsmasters_row cmsmasters_color_scheme_default cmsmasters_row_top_default cmsmasters_row_bot_default cmsmasters_row_boxed\">\n<div class=\"cmsmasters_row_outer_parent\">\n<div class=\"cmsmasters_row_outer\">\n<div class=\"cmsmasters_row_inner\">\n<div class=\"cmsmasters_row_margin\">\n<div id=\"cmsmasters_column_hi5wcqg0h6\" class=\"cmsmasters_column one_first\">\n<div class=\"cmsmasters_column_inner\"><div id=\"cmsmasters_heading_qw2z5r521\" class=\"cmsmasters_heading_wrap cmsmasters_heading_align_left\">\n\t<h2 class=\"cmsmasters_heading\">Saiba antes de chegar<\/h2>\n<\/div>\n<div id=\"cmsmasters_row_hxi0avudi7\" class=\"cmsmasters_row cmsmasters_color_scheme_default cmsmasters_row_top_default cmsmasters_row_bot_default cmsmasters_row_boxed\">\n<div class=\"cmsmasters_row_outer_parent\">\n<div class=\"cmsmasters_row_outer\">\n<div class=\"cmsmasters_row_inner\">\n<div class=\"cmsmasters_row_margin\">\n<\/div>\n<\/div>\n<\/div>\n<\/div>\n<\/div>\n<div id=\"cmsmasters_column_w0i8ian4qi\" class=\"cmsmasters_column one_first\">\n<div class=\"cmsmasters_column_inner\"><\/div><\/div>\n<\/div><\/div>\n<\/div>\n<\/div>\n<\/div>\n<\/div>\n<\/div>\n<div id=\"cmsmasters_row_n9m4o7v9el\" class=\"cmsmasters_row cmsmasters_color_scheme_default cmsmasters_row_top_default cmsmasters_row_bot_default cmsmasters_row_boxed\">\n<div class=\"cmsmasters_row_outer_parent\">\n<div class=\"cmsmasters_row_outer\">\n<div class=\"cmsmasters_row_inner\">\n<div class=\"cmsmasters_row_margin\">\n<div id=\"cmsmasters_column_bbrna1nrql\" class=\"cmsmasters_column one_third\">\n<div class=\"cmsmasters_column_inner\"><div class=\"cmsmasters_text\">\n<h3>Cultura para todos<\/h3>\n<p>No Centro Cultural UFMG voc\u00ea encontra atra\u00e7\u00f5es multiculturais, como exposi\u00e7\u00f5es, cinema, teatro, shows, oficinas, debates e resid\u00eancias art\u00edsticas que realizam pesquisas sobre arte. Confira aqui algumas dicas e aproveite melhor sua visita. Aguardamos voc\u00ea!<\/p>\n<p><strong>Hor\u00e1rios<\/strong>:<\/p>\n<p>9h \u2013 20h | 3\u00aa a 6\u00aa<br \/>\n9h \u2013 17h | Feriados &#8211; S\u00e1b &#8211; Dom.<\/p>\n<\/div>\n<\/div><\/div>\n<div id=\"cmsmasters_column_jybd8mog2\" class=\"cmsmasters_column two_third\">\n<div class=\"cmsmasters_column_inner\"><div class=\"cmsmasters_text\">\n<p><img loading=\"lazy\" decoding=\"async\" class=\"alignnone size-medium wp-image-23179\" src=\"https:\/\/www.ufmg.br\/centrocultural\/wp-content\/uploads\/2023\/05\/fachada-stosdumont-lucasbraga-ufmg-600x407.jpg\" alt=\"\" width=\"600\" height=\"407\" srcset=\"https:\/\/www.ufmg.br\/centrocultural\/wp-content\/uploads\/2023\/05\/fachada-stosdumont-lucasbraga-ufmg-600x407.jpg 600w, https:\/\/www.ufmg.br\/centrocultural\/wp-content\/uploads\/2023\/05\/fachada-stosdumont-lucasbraga-ufmg-1024x695.jpg 1024w, https:\/\/www.ufmg.br\/centrocultural\/wp-content\/uploads\/2023\/05\/fachada-stosdumont-lucasbraga-ufmg-768x521.jpg 768w, https:\/\/www.ufmg.br\/centrocultural\/wp-content\/uploads\/2023\/05\/fachada-stosdumont-lucasbraga-ufmg-1536x1042.jpg 1536w, https:\/\/www.ufmg.br\/centrocultural\/wp-content\/uploads\/2023\/05\/fachada-stosdumont-lucasbraga-ufmg-2048x1390.jpg 2048w, https:\/\/www.ufmg.br\/centrocultural\/wp-content\/uploads\/2023\/05\/fachada-stosdumont-lucasbraga-ufmg-580x394.jpg 580w, https:\/\/www.ufmg.br\/centrocultural\/wp-content\/uploads\/2023\/05\/fachada-stosdumont-lucasbraga-ufmg-860x583.jpg 860w\" sizes=\"auto, (max-width: 600px) 100vw, 600px\" \/><\/p>\n<\/div>\n<\/div><\/div>\n<\/div>\n<\/div>\n<\/div>\n<\/div>\n<\/div>\n\n<div id=\"cmsmasters_row_0b15982d4a\" class=\"cmsmasters_row cmsmasters_color_scheme_default cmsmasters_row_top_default cmsmasters_row_bot_default cmsmasters_row_boxed\">\n<div class=\"cmsmasters_row_outer_parent\">\n<div class=\"cmsmasters_row_outer\">\n<div class=\"cmsmasters_row_inner\">\n<div class=\"cmsmasters_row_margin\">\n<div id=\"cmsmasters_column_\" class=\"cmsmasters_column one_first\">\n<div class=\"cmsmasters_column_inner\">\n<div id=\"cmsmasters_divider_c4c9a8f5a1\" class=\"cmsmasters_divider cmsmasters_divider_width_long cmsmasters_divider_pos_center\"><\/div>\n<\/div><\/div>\n<\/div>\n<\/div>\n<\/div>\n<\/div>\n<\/div>\n<div id=\"cmsmasters_row_a7b5b97877\" class=\"cmsmasters_row cmsmasters_color_scheme_default cmsmasters_row_top_default cmsmasters_row_bot_default cmsmasters_row_boxed\">\n<div class=\"cmsmasters_row_outer_parent\">\n<div class=\"cmsmasters_row_outer\">\n<div class=\"cmsmasters_row_inner\">\n<div class=\"cmsmasters_row_margin\">\n<div id=\"cmsmasters_column_\" class=\"cmsmasters_column one_third\">\n<div class=\"cmsmasters_column_inner\"><div id=\"cmsmasters_fb_11f5ca422b\" class=\"cmsmasters_featured_block\">\n<div class=\"featured_block_inner\">\n<div class=\"featured_block_text\">\n<h3 class=\"icon_box_heading\"><span style=\"color: #414c55;\">O que ver<\/span><\/h3>\n<p>Aqui voc\u00ea tem acesso a exposi\u00e7\u00f5es, filmes, teatro, shows, cursos, oficinas, debates e muito mais! Fique por dentro da agenda de eventos no site e em nossos blog de not\u00edcias e m\u00eddias sociais<\/p>\n<div id=\"cmsmasters_button_8e70d2fe81\" class=\"button_wrap\"><a href=\"https:\/\/www.ufmg.br\/centrocultural\/evento\/\" class=\"cmsmasters_button\"><span>Acesse aqui<\/span><\/a><\/div>\n\n<\/div>\n<\/div>\n<\/div>\n<\/div><\/div>\n<div id=\"cmsmasters_column_\" class=\"cmsmasters_column one_third\">\n<div class=\"cmsmasters_column_inner\"><div id=\"cmsmasters_fb_218a106595\" class=\"cmsmasters_featured_block\">\n<div class=\"featured_block_inner\">\n<div class=\"featured_block_text\">\n<h3 class=\"icon_box_heading\"><span style=\"color: #414c55;\">Como visitar<\/span><\/h3>\n<p>Somos um espa\u00e7o p\u00fablico que realiza atividades culturais abertas \u00e0 comunidade. Recebemos tanto o visitante espont\u00e2neo como grupos para visitas mediadas com agendamento.<\/p>\n<div id=\"cmsmasters_button_87ee1e2330\" class=\"button_wrap\"><a href=\"https:\/\/www.ufmg.br\/centrocultural\/educativo\/\" class=\"cmsmasters_button\"><span>Agende sua visita<\/span><\/a><\/div>\n\n<\/div>\n<\/div>\n<\/div>\n<\/div><\/div>\n<div id=\"cmsmasters_column_\" class=\"cmsmasters_column one_third\">\n<div class=\"cmsmasters_column_inner\"><div id=\"cmsmasters_fb_eef95a6031\" class=\"cmsmasters_featured_block\">\n<div class=\"featured_block_inner\">\n<div class=\"featured_block_text\">\n<h3 class=\"icon_box_heading\"><span style=\"color: #414c55;\">Ingresso<\/span><\/h3>\n<p>A entrada para as atra\u00e7\u00f5es culturais \u00e9 gratuita, exceto quando n\u00e3o oferecidas diretamente pelo \u00f3rg\u00e3o. Informe-se sobre gratuidade e classifica\u00e7\u00e3o et\u00e1ria em nossas redes, not\u00edcias e agenda.<\/p>\n<div id=\"cmsmasters_button_929d0fb5ef\" class=\"button_wrap\"><a href=\"https:\/\/www.ufmg.br\/centrocultural\/noticias\" class=\"cmsmasters_button\"><span>Acompanhe<\/span><\/a><\/div>\n\n<\/div>\n<\/div>\n<\/div>\n<\/div><\/div>\n<\/div>\n<\/div>\n<\/div>\n<\/div>\n<\/div>\n<div id=\"cmsmasters_row_a7b5b97877\" class=\"cmsmasters_row cmsmasters_color_scheme_default cmsmasters_row_top_default cmsmasters_row_bot_default cmsmasters_row_boxed\">\n<div class=\"cmsmasters_row_outer_parent\">\n<div class=\"cmsmasters_row_outer\">\n<div class=\"cmsmasters_row_inner\">\n<div class=\"cmsmasters_row_margin\">\n<div id=\"cmsmasters_column_\" class=\"cmsmasters_column one_third\">\n<div class=\"cmsmasters_column_inner\"><div id=\"cmsmasters_fb_11f5ca422b\" class=\"cmsmasters_featured_block\">\n<div class=\"featured_block_inner\">\n<div class=\"featured_block_text\">\n<h3 class=\"icon_box_heading\"><span style=\"color: #414c55;\">Hist\u00f3ria<\/span><\/h3>\n<p>De estilo ecl\u00e9tico com predomin\u00e2ncia do neocl\u00e1ssico, a nossa sede, projetada em 1899, foi o 1\u00ba edif\u00edcio constru\u00eddo no hipercentro de BH. Ao longo de sua hist\u00f3ria, se abriu para diferentes fins.<\/p>\n<div id=\"cmsmasters_button_8e70d2fe81\" class=\"button_wrap\"><a href=\"https:\/\/www.ufmg.br\/centrocultural\/o-centro\/historia\/\" class=\"cmsmasters_button\"><span>Conhe\u00e7a<\/span><\/a><\/div>\n\n<\/div>\n<\/div>\n<\/div>\n<\/div><\/div>\n<div id=\"cmsmasters_column_\" class=\"cmsmasters_column one_third\">\n<div class=\"cmsmasters_column_inner\"><div id=\"cmsmasters_fb_218a106595\" class=\"cmsmasters_featured_block\">\n<div class=\"featured_block_inner\">\n<div class=\"featured_block_text\">\n<h3 class=\"icon_box_heading\"><span style=\"color: #414c55;\">Como chegar<\/span><\/h3>\n<p>O Centro Cultural UFMG est\u00e1 localizado em regi\u00e3o de f\u00e1cil acesso: Avenida Santos Dumont, 174, no Centro de Belo Horizonte.Saiba como chegar e quais linhas de \u00f4nibus atendem a regi\u00e3o.<\/p>\n<div id=\"cmsmasters_button_87ee1e2330\" class=\"button_wrap\"><a href=\"https:\/\/www.google.com.br\/maps\/dir\/\/Av.+Santos+Dumont,+174+-+Centro,+Belo+Horizonte+-+MG,+30111-040\/@-19.9170546,-43.9360151,17z\/data=!4m6!4m5!1m0!1m2!1m1!1s0xa699fbd5aaae01:0xab4780c129fa0883!3e0\" class=\"cmsmasters_button\"><span>Veja o mapa<\/span><\/a><\/div>\n\n<\/div>\n<\/div>\n<\/div>\n<\/div><\/div>\n<div id=\"cmsmasters_column_\" class=\"cmsmasters_column one_third\">\n<div class=\"cmsmasters_column_inner\"><div id=\"cmsmasters_fb_eef95a6031\" class=\"cmsmasters_featured_block\">\n<div class=\"featured_block_inner\">\n<div class=\"featured_block_text\">\n<h3 class=\"icon_box_heading\"><span style=\"color: #414c55;\">Estacionamento<\/span><\/h3>\n<p>\u00c9 permitido desembarcar e circular de carro em frente ao Centro Cultural, mas n\u00e3o possu\u00edmos estacionamento pr\u00f3prio. Visitantes podem consultar as op\u00e7\u00f5es junto \u00e0 BHTrans ou na Web.<\/p>\n<div id=\"cmsmasters_button_929d0fb5ef\" class=\"button_wrap\"><a href=\"https:\/\/www.google.com.br\/maps\/search\/estacionamento+Av.+Santos+Dumont,+174+-+Centro,+Belo+Horizonte+-+MG\/@-19.9162508,-43.9396118,17z\/data=!3m1!4b1\" class=\"cmsmasters_button\"><span>Fique a par<\/span><\/a><\/div>\n\n<\/div>\n<\/div>\n<\/div>\n<\/div><\/div>\n<\/div>\n<\/div>\n<\/div>\n<\/div>\n<\/div>\n<div id=\"cmsmasters_row_a7b5b97877\" class=\"cmsmasters_row cmsmasters_color_scheme_default cmsmasters_row_top_default cmsmasters_row_bot_default cmsmasters_row_boxed\">\n<div class=\"cmsmasters_row_outer_parent\">\n<div class=\"cmsmasters_row_outer\">\n<div class=\"cmsmasters_row_inner\">\n<div class=\"cmsmasters_row_margin\">\n<div id=\"cmsmasters_column_\" class=\"cmsmasters_column one_third\">\n<div class=\"cmsmasters_column_inner\"><div id=\"cmsmasters_fb_11f5ca422b\" class=\"cmsmasters_featured_block\">\n<div class=\"featured_block_inner\">\n<div class=\"featured_block_text\">\n<h3 class=\"icon_box_heading\"><span style=\"color: #414c55;\">Acessibilidade<\/span><\/h3>\n<p>Sediado em edif\u00edcio hist\u00f3rico de dois andares, o CCult est\u00e1 em fase de elabora\u00e7\u00e3o de projeto para torn\u00e1-lo acess\u00edvel. Hoje, seus espa\u00e7os ainda n\u00e3o atendem a norma t\u00e9cnica NBR 9050 2020.<\/p>\n<div id=\"cmsmasters_button_8e70d2fe81\" class=\"button_wrap\"><a href=\"https:\/\/www.ufmg.br\/centrocultural\/wp-content\/uploads\/2023\/04\/norma-abnt-NBR-9050.pdf\" class=\"cmsmasters_button\"><span>Saiba mais<\/span><\/a><\/div>\n\n<\/div>\n<\/div>\n<\/div>\n<\/div><\/div>\n<div id=\"cmsmasters_column_\" class=\"cmsmasters_column one_third\">\n<div class=\"cmsmasters_column_inner\"><div id=\"cmsmasters_fb_218a106595\" class=\"cmsmasters_featured_block\">\n<div class=\"featured_block_inner\">\n<div class=\"featured_block_text\">\n<h3 class=\"icon_box_heading\"><span style=\"color: #414c55;\">Alimenta\u00e7\u00e3o<\/span><\/h3>\n<p>O Centro Cultural UFMG n\u00e3o disp\u00f5e de cantina ou lanchonete. Assim, sugerimos que, antes de realizar sua visita, consulte op\u00e7\u00f5es de lanchonetes e restaurantes existentes na regi\u00e3o<\/p>\n<div id=\"cmsmasters_button_87ee1e2330\" class=\"button_wrap\"><a href=\"https:\/\/www.google.com.br\/maps\/search\/Restaurantes+e+lanchonetes\/@-19.9151782,-43.9376199,17z\/data=!3m1!4b1!4m22!1m13!4m12!1m3!2m2!1d-43.935822!2d-19.916293!1m6!1m2!1s0xa699fbd5aaae01:0xab4780c129fa0883!2sAv.+Santos+Dumont,+174+-+Centro,+Belo+Horizonte+-+MG,+30111-040!2m2!1d-43.9353846!2d-19.916266!3e0!2m7!3m6!1sRestaurantes+e+lanchonetes!2sAv.+Santos+Dumont,+174+-+Centro!3s0xa699fbd5aaae01:0xab4780c129fa0883!4m2!1d-43.9351112!2d-19.9163927\" class=\"cmsmasters_button\"><span>Veja no mapa<\/span><\/a><\/div>\n\n<\/div>\n<\/div>\n<\/div>\n<\/div><\/div>\n<div id=\"cmsmasters_column_\" class=\"cmsmasters_column one_third\">\n<div class=\"cmsmasters_column_inner\"><div id=\"cmsmasters_fb_eef95a6031\" class=\"cmsmasters_featured_block\">\n<div class=\"featured_block_inner\">\n<div class=\"featured_block_text\">\n<h3 class=\"icon_box_heading\"><span style=\"color: #414c55;\">Tira-d\u00favidas<\/span><\/h3>\n<p>Acesse a lista de respostas para as d\u00favidas mais frequentes sobre o Centro Cultural UFMG. Caso prefira, envie sua pergunta pelo formul\u00e1rio dispon\u00edvel no final nesta p\u00e1gina<\/p>\n<div id=\"cmsmasters_button_929d0fb5ef\" class=\"button_wrap\"><a href=\"https:\/\/www.ufmg.br\/centrocultural\/o-centro\/tira-duvidas\/\" class=\"cmsmasters_button\"><span>Consulte aqui<\/span><\/a><\/div>\n\n<\/div>\n<\/div>\n<\/div>\n<\/div><\/div>\n<\/div>\n<\/div>\n<\/div>\n<\/div>\n<\/div>\n\n<div id=\"cmsmasters_row_0b15982d4a\" class=\"cmsmasters_row cmsmasters_color_scheme_default cmsmasters_row_top_default cmsmasters_row_bot_default cmsmasters_row_boxed\">\n<div class=\"cmsmasters_row_outer_parent\">\n<div class=\"cmsmasters_row_outer\">\n<div class=\"cmsmasters_row_inner\">\n<div class=\"cmsmasters_row_margin\">\n<div id=\"cmsmasters_column_\" class=\"cmsmasters_column one_first\">\n<div class=\"cmsmasters_column_inner\">\n<div id=\"cmsmasters_divider_c4c9a8f5a1\" class=\"cmsmasters_divider cmsmasters_divider_width_long cmsmasters_divider_pos_center\"><\/div>\n<div id=\"cmsmasters_row_0b15982d4a\" class=\"cmsmasters_row cmsmasters_color_scheme_default cmsmasters_row_top_default cmsmasters_row_bot_default cmsmasters_row_boxed\">\n<div class=\"cmsmasters_row_outer_parent\">\n<div class=\"cmsmasters_row_outer\">\n<div class=\"cmsmasters_row_inner\">\n<div class=\"cmsmasters_row_margin\">\n<\/div>\n<\/div>\n<\/div>\n<\/div>\n<\/div>\n<div id=\"cmsmasters_column_\" class=\"cmsmasters_column one_first\">\n<div class=\"cmsmasters_column_inner\"><\/div><\/div>\n<div id=\"cmsmasters_heading_onh9j80go7\" class=\"cmsmasters_heading_wrap cmsmasters_heading_align_left\">\n\t<h2 class=\"cmsmasters_heading\">Fique atento<\/h2>\n<\/div><div id=\"cmsmasters_row_5czfertq3t\" class=\"cmsmasters_row cmsmasters_color_scheme_default cmsmasters_row_top_default cmsmasters_row_bot_default cmsmasters_row_boxed\">\n<div class=\"cmsmasters_row_outer_parent\">\n<div class=\"cmsmasters_row_outer\">\n<div class=\"cmsmasters_row_inner\">\n<div class=\"cmsmasters_row_margin\">\n<\/div>\n<\/div>\n<\/div>\n<\/div>\n<\/div>\n<\/div><\/div>\n<\/div>\n<\/div>\n<\/div>\n<\/div>\n<\/div>\n<div id=\"cmsmasters_row_75e9f85fe3\" class=\"cmsmasters_row cmsmasters_color_scheme_default cmsmasters_row_top_default cmsmasters_row_bot_default cmsmasters_row_boxed\">\n<div class=\"cmsmasters_row_outer_parent\">\n<div class=\"cmsmasters_row_outer\">\n<div class=\"cmsmasters_row_inner\">\n<div class=\"cmsmasters_row_margin\">\n<\/p>\n<p><div id=\"cmsmasters_column_\" class=\"cmsmasters_column one_third\">\n<div class=\"cmsmasters_column_inner\"><div id=\"cmsmasters_icon_box_9dad29c6f3\" class=\"cmsmasters_icon_box cmsmasters_icon_box_left_top box_icon_type_icon cmsmasters-icon-camera\">\n<div class=\"icon_box_inner\">\n<h3 class=\"icon_box_heading\">V\u00eddeos e fotos<\/h3>\n<div class=\"icon_box_text\">\n<p style=\"text-align: left;\">\u00c9 permitido ao visitante fotografar e filmar as depend\u00eancias do CCult e suas exposi\u00e7\u00f5es, sem flash e desde que as imagens n\u00e3o tenham fins comerciais<\/p>\n<\/div>\n<\/div>\n<\/div>\n<\/div><\/div>\n<div id=\"cmsmasters_column_\" class=\"cmsmasters_column one_third\">\n<div class=\"cmsmasters_column_inner\"><div id=\"cmsmasters_icon_box_988465085b\" class=\"cmsmasters_icon_box cmsmasters_icon_box_left_top box_icon_type_icon cmsmasters-icon-wifi\">\n<div class=\"icon_box_inner\">\n<h3 class=\"icon_box_heading\">Wi-Fi<\/h3>\n<div class=\"icon_box_text\">\n<p style=\"text-align: left;\">Atualmente, o Centro Cultural UFMG n\u00e3o disp\u00f5e de infraestrutura necess\u00e1ria em rede de internet sem fio com capacidade para\u00a0 atender o p\u00fablico<\/p>\n<\/div>\n<\/div>\n<\/div>\n<\/div><\/div>\n<div id=\"cmsmasters_column_\" class=\"cmsmasters_column one_third\">\n<div class=\"cmsmasters_column_inner\"><div id=\"cmsmasters_icon_box_988465085b\" class=\"cmsmasters_icon_box cmsmasters_icon_box_left_top box_icon_type_icon cmsmasters-icon-bag\">\n<div class=\"icon_box_inner\">\n<h3 class=\"icon_box_heading\">Guarda-volumes<\/h3>\n<div class=\"icon_box_text\">\n<p style=\"text-align: left;\">O CCult UFMG n\u00e3o disp\u00f5e de guarda-volumes e n\u00e3o se responsabiliza pela perda ou furto de pertences pessoais. Assim, evite o uso de objetos volumosos em visitas.<\/p>\n<\/div>\n<\/div>\n<\/div>\n<\/div><\/div>\n<\/div>\n<\/div>\n<\/div>\n<\/div>\n<\/div>\n\n<div id=\"cmsmasters_row_fjguczcii\" class=\"cmsmasters_row cmsmasters_color_scheme_default cmsmasters_row_top_10 cmsmasters_row_bot_default cmsmasters_row_boxed\">\n<div class=\"cmsmasters_row_outer_parent\">\n<div class=\"cmsmasters_row_outer\">\n<div class=\"cmsmasters_row_inner\">\n<div class=\"cmsmasters_row_margin\">\n<div id=\"cmsmasters_column_fo7xg63c68\" class=\"cmsmasters_column one_first\">\n<div class=\"cmsmasters_column_inner\">\n<\/div><\/div>\n<\/div>\n<\/div>\n<\/div>\n<\/div>\n<\/div>\n<div id=\"cmsmasters_row_4yn8ivc3ci\" class=\"cmsmasters_row cmsmasters_color_scheme_default cmsmasters_row_top_default cmsmasters_row_bot_default cmsmasters_row_boxed\">\n<div class=\"cmsmasters_row_outer_parent\">\n<div class=\"cmsmasters_row_outer\">\n<div class=\"cmsmasters_row_inner\">\n<div class=\"cmsmasters_row_margin\">\n<div id=\"cmsmasters_column_m664x4wa7m\" class=\"cmsmasters_column one_first\">\n<div class=\"cmsmasters_column_inner\"><div class=\"cmsmasters_text\">\n<h2>Envie sua mensagem<\/h2>\n<\/div>\n<\/div><\/div>\n<\/div>\n<\/div>\n<\/div>\n<\/div>\n<\/div>\n<div id=\"cmsmasters_row_o10j3l86r8\" class=\"cmsmasters_row cmsmasters_color_scheme_default cmsmasters_row_top_default cmsmasters_row_bot_default cmsmasters_row_boxed\">\n<div class=\"cmsmasters_row_outer_parent\">\n<div class=\"cmsmasters_row_outer\">\n<div class=\"cmsmasters_row_inner\">\n<div class=\"cmsmasters_row_margin\">\n<div id=\"cmsmasters_column_tpefpbkbgu\" class=\"cmsmasters_column one_first\">\n<div class=\"cmsmasters_column_inner\"><div class=\"cmsmasters_contact_form\">\n<div class=\"wpcf7 no-js\" id=\"wpcf7-f14622-o1\" lang=\"en-US\" dir=\"ltr\" data-wpcf7-id=\"14622\">\n<div class=\"screen-reader-response\"><p role=\"status\" aria-live=\"polite\" aria-atomic=\"true\"><\/p> <ul><\/ul><\/div>\n<form action=\"\/centrocultural\/wp-json\/wp\/v2\/pages\/23429#wpcf7-f14622-o1\" method=\"post\" class=\"wpcf7-form init\" aria-label=\"Contact form\" novalidate=\"novalidate\" data-status=\"init\">\n<fieldset class=\"hidden-fields-container\"><input type=\"hidden\" name=\"_wpcf7\" value=\"14622\" \/><input type=\"hidden\" name=\"_wpcf7_version\" value=\"6.1.5\" \/><input type=\"hidden\" name=\"_wpcf7_locale\" value=\"en_US\" \/><input type=\"hidden\" name=\"_wpcf7_unit_tag\" value=\"wpcf7-f14622-o1\" \/><input type=\"hidden\" name=\"_wpcf7_container_post\" value=\"0\" \/><input type=\"hidden\" name=\"_wpcf7_posted_data_hash\" value=\"\" \/><input type=\"hidden\" name=\"_wpcf7_recaptcha_response\" value=\"\" \/>\n<\/fieldset>\n<div class=\"cmsmasters-form-builder\">\n\t<div class=\"form_info one_half\">\n\t\t<p><label> Seu nome* <\/label><span class=\"wpcf7-form-control-wrap\" data-name=\"nome\"><input size=\"40\" maxlength=\"400\" class=\"wpcf7-form-control wpcf7-text wpcf7-validates-as-required\" aria-required=\"true\" aria-invalid=\"false\" placeholder=\"Nome\" value=\"\" type=\"text\" name=\"nome\" \/><\/span>\n\t\t<\/p>\n\t<\/div>\n\t<div class=\"form_info one_half\">\n\t\t<p><label> Seu email* <\/label><span class=\"wpcf7-form-control-wrap\" data-name=\"email\"><input size=\"40\" maxlength=\"400\" class=\"wpcf7-form-control wpcf7-email wpcf7-validates-as-required wpcf7-text wpcf7-validates-as-email\" aria-required=\"true\" aria-invalid=\"false\" placeholder=\"Email\" value=\"\" type=\"email\" name=\"email\" \/><\/span>\n\t\t<\/p>\n\t<\/div>\n\t<div class=\"form_info one_first\">\n\t\t<p><label> Sua mensagem* <\/label><span class=\"wpcf7-form-control-wrap\" data-name=\"mensagem\"><textarea cols=\"40\" rows=\"6\" maxlength=\"2000\" class=\"wpcf7-form-control wpcf7-textarea wpcf7-validates-as-required\" aria-required=\"true\" aria-invalid=\"false\" placeholder=\"Mensagem\" name=\"mensagem\"><\/textarea><\/span>\n\t\t<\/p>\n\t<\/div>\n\t<div class=\"form_info one_first\">\n\t<span class=\"wpcf7-form-control-wrap recaptcha\" data-name=\"recaptcha\"><span data-sitekey=\"6LfejLMoAAAAAMFL8OJA1v1wOo7PoQrKJtV3-pXe\" class=\"wpcf7-form-control wpcf7-recaptcha g-recaptcha\"><\/span>\r\n<noscript>\r\n\t<div class=\"grecaptcha-noscript\">\r\n\t\t<iframe loading=\"lazy\" src=\"https:\/\/www.google.com\/recaptcha\/api\/fallback?k=6LfejLMoAAAAAMFL8OJA1v1wOo7PoQrKJtV3-pXe\" frameborder=\"0\" scrolling=\"no\" width=\"310\" height=\"430\">\r\n\t\t<\/iframe>\r\n\t\t<textarea name=\"g-recaptcha-response\" rows=\"3\" cols=\"40\" placeholder=\"reCaptcha Response Here\">\r\n\t\t<\/textarea>\r\n\t<\/div>\r\n<\/noscript>\r\n<\/span>\n\t\t<p><label> <\/label>\n\t\t<\/p>\n\t\t<p><input class=\"wpcf7-form-control wpcf7-submit has-spinner\" type=\"submit\" value=\"ENVIAR MENSAGEM\" \/>\n\t\t<\/p>\n\t<\/div>\n<\/div><div class=\"wpcf7-response-output\" aria-hidden=\"true\"><\/div>\n<\/form>\n<\/div>\n<\/div>\n<\/div><\/div>\n<\/div>\n<\/div>\n<\/div>\n<\/div>\n<\/div>\n\n<p>&nbsp;<\/p>\n","protected":false},"excerpt":{"rendered":"<p>&nbsp;<\/p>\n","protected":false},"author":8,"featured_media":0,"parent":23569,"menu_order":0,"comment_status":"closed","ping_status":"closed","template":"","meta":{"footnotes":""},"class_list":["post-23429","page","type-page","status-publish","hentry"],"_links":{"self":[{"href":"https:\/\/www.ufmg.br\/centrocultural\/wp-json\/wp\/v2\/pages\/23429","targetHints":{"allow":["GET"]}}],"collection":[{"href":"https:\/\/www.ufmg.br\/centrocultural\/wp-json\/wp\/v2\/pages"}],"about":[{"href":"https:\/\/www.ufmg.br\/centrocultural\/wp-json\/wp\/v2\/types\/page"}],"author":[{"embeddable":true,"href":"https:\/\/www.ufmg.br\/centrocultural\/wp-json\/wp\/v2\/users\/8"}],"replies":[{"embeddable":true,"href":"https:\/\/www.ufmg.br\/centrocultural\/wp-json\/wp\/v2\/comments?post=23429"}],"version-history":[{"count":6,"href":"https:\/\/www.ufmg.br\/centrocultural\/wp-json\/wp\/v2\/pages\/23429\/revisions"}],"predecessor-version":[{"id":26926,"href":"https:\/\/www.ufmg.br\/centrocultural\/wp-json\/wp\/v2\/pages\/23429\/revisions\/26926"}],"up":[{"embeddable":true,"href":"https:\/\/www.ufmg.br\/centrocultural\/wp-json\/wp\/v2\/pages\/23569"}],"wp:attachment":[{"href":"https:\/\/www.ufmg.br\/centrocultural\/wp-json\/wp\/v2\/media?parent=23429"}],"curies":[{"name":"wp","href":"https:\/\/api.w.org\/{rel}","templated":true}]}}