{"id":529,"date":"2015-04-20T11:50:56","date_gmt":"2015-04-20T11:50:56","guid":{"rendered":"http:\/\/welfare.cmsmasters.net\/?page_id=529"},"modified":"2023-06-28T11:35:10","modified_gmt":"2023-06-28T14:35:10","slug":"o-centro","status":"publish","type":"page","link":"https:\/\/www.ufmg.br\/centrocultural\/o-centro\/","title":{"rendered":"O Centro"},"content":{"rendered":"<div id=\"cmsmasters_row_iil1z7a1ka\" class=\"cmsmasters_row cmsmasters_color_scheme_default cmsmasters_row_top_default cmsmasters_row_bot_default cmsmasters_row_boxed\">\n<div class=\"cmsmasters_row_outer_parent\">\n<div class=\"cmsmasters_row_outer\">\n<div class=\"cmsmasters_row_inner\">\n<div class=\"cmsmasters_row_margin\">\n<\/p>\n<p>&nbsp;<\/p>\n<p><div id=\"cmsmasters_column_235yxw20tv\" class=\"cmsmasters_column one_first\">\n<div class=\"cmsmasters_column_inner\"><div id=\"cmsmasters_heading_3av90vgoaw\" class=\"cmsmasters_heading_wrap cmsmasters_heading_align_center\">\n\t<h2 class=\"cmsmasters_heading\">O Centro Cultural<\/h2>\n<\/div>\n<\/div><\/div>\n<\/div>\n<\/div>\n<\/div>\n<\/div>\n<\/div>\n\n<div id=\"cmsmasters_row_wyei44w7j6\" class=\"cmsmasters_row cmsmasters_color_scheme_default cmsmasters_row_top_default cmsmasters_row_bot_default cmsmasters_row_boxed\">\n<div class=\"cmsmasters_row_outer_parent\">\n<div class=\"cmsmasters_row_outer\">\n<div class=\"cmsmasters_row_inner\">\n<div class=\"cmsmasters_row_margin\">\n<div id=\"cmsmasters_column_dgy678zn78\" class=\"cmsmasters_column one_first\">\n<div class=\"cmsmasters_column_inner\"><div id=\"cmsmasters_heading_adn69w7or8\" class=\"cmsmasters_heading_wrap cmsmasters_heading_align_left\">\n\t<h5 class=\"cmsmasters_heading\">Para saber mais<\/h5>\n<\/div>\n<\/div><\/div>\n<\/div>\n<\/div>\n<\/div>\n<\/div>\n<\/div>\n<div id=\"cmsmasters_row_p5imvzg7gr\" class=\"cmsmasters_row cmsmasters_color_scheme_default cmsmasters_row_top_default cmsmasters_row_bot_default cmsmasters_row_boxed\">\n<div class=\"cmsmasters_row_outer_parent\">\n<div class=\"cmsmasters_row_outer\">\n<div class=\"cmsmasters_row_inner\">\n<div class=\"cmsmasters_row_margin\">\n<div id=\"cmsmasters_column_hi5wcqg0h6\" class=\"cmsmasters_column one_first\">\n<div class=\"cmsmasters_column_inner\"><div id=\"cmsmasters_heading_qw2z5r521\" class=\"cmsmasters_heading_wrap cmsmasters_heading_align_left\">\n\t<h2 class=\"cmsmasters_heading\">O Centro Cultural<\/h2>\n<\/div>\n<\/div><\/div>\n<\/div>\n<\/div>\n<\/div>\n<\/div>\n<\/div>\n<div id=\"cmsmasters_row_\" class=\"cmsmasters_row cmsmasters_color_scheme_default cmsmasters_row_top_default cmsmasters_row_bot_default cmsmasters_row_boxed\">\n<div class=\"cmsmasters_row_outer_parent\">\n<div class=\"cmsmasters_row_outer\">\n<div class=\"cmsmasters_row_inner\">\n<div class=\"cmsmasters_row_margin\">\n<div id=\"cmsmasters_column_\" class=\"cmsmasters_column one_first\">\n<div class=\"cmsmasters_column_inner\"><div class=\"cmsmasters_text\">\n<\/div>\n<div id=\"cmsmasters_row_0b15982d4a\" class=\"cmsmasters_row cmsmasters_color_scheme_default cmsmasters_row_top_default cmsmasters_row_bot_default cmsmasters_row_boxed\">\n<div class=\"cmsmasters_row_outer_parent\">\n<div class=\"cmsmasters_row_outer\">\n<div class=\"cmsmasters_row_inner\">\n<div class=\"cmsmasters_row_margin\">\n<\/div>\n<\/div>\n<\/div>\n<\/div>\n<\/div>\n<div id=\"cmsmasters_column_\" class=\"cmsmasters_column one_first\">\n<div class=\"cmsmasters_column_inner\"><\/div><\/div>\n<\/div><\/div>\n<\/div>\n<\/div>\n<\/div>\n<\/div>\n<\/div>\n<div id=\"cmsmasters_row_a7b5b97877\" class=\"cmsmasters_row cmsmasters_color_scheme_default cmsmasters_row_top_default cmsmasters_row_bot_default cmsmasters_row_boxed\">\n<div class=\"cmsmasters_row_outer_parent\">\n<div class=\"cmsmasters_row_outer\">\n<div class=\"cmsmasters_row_inner\">\n<div class=\"cmsmasters_row_margin\">\n<div id=\"cmsmasters_column_\" class=\"cmsmasters_column one_third\">\n<div class=\"cmsmasters_column_inner\"><div id=\"cmsmasters_fb_11f5ca422b\" class=\"cmsmasters_featured_block\">\n<div class=\"featured_block_inner\">\n<div class=\"featured_block_text\">\n<p><img loading=\"lazy\" decoding=\"async\" class=\"alignnone wp-image-24705\" src=\"https:\/\/www.ufmg.br\/centrocultural\/wp-content\/uploads\/2023\/06\/centroculturalufmg-lucasbraga-ufmg-600x400.jpg\" alt=\"\" width=\"300\" height=\"200\" srcset=\"https:\/\/www.ufmg.br\/centrocultural\/wp-content\/uploads\/2023\/06\/centroculturalufmg-lucasbraga-ufmg-600x400.jpg 600w, https:\/\/www.ufmg.br\/centrocultural\/wp-content\/uploads\/2023\/06\/centroculturalufmg-lucasbraga-ufmg-768x512.jpg 768w, https:\/\/www.ufmg.br\/centrocultural\/wp-content\/uploads\/2023\/06\/centroculturalufmg-lucasbraga-ufmg-580x387.jpg 580w, https:\/\/www.ufmg.br\/centrocultural\/wp-content\/uploads\/2023\/06\/centroculturalufmg-lucasbraga-ufmg.jpg 799w\" sizes=\"auto, (max-width: 300px) 100vw, 300px\" \/><\/p>\n<h2>Sobre o CCult<\/h2>\n<p>Fique a par sobre a miss\u00e3o e linhas de gest\u00e3o do Centro Cultural UFMG, sua equipe, todos os diretores e curta algumas imagens do \u00f3rg\u00e3o<\/p>\n<div id=\"cmsmasters_button_8e70d2fe81\" class=\"button_wrap\"><a href=\"https:\/\/www.ufmg.br\/centrocultural\/o-centro\/sobre-o-ccult\/\" class=\"cmsmasters_button\"><span>Acesse<\/span><\/a><\/div>\n\n<\/div>\n<\/div>\n<\/div>\n<\/div><\/div>\n<div id=\"cmsmasters_column_\" class=\"cmsmasters_column one_third\">\n<div class=\"cmsmasters_column_inner\"><div id=\"cmsmasters_fb_218a106595\" class=\"cmsmasters_featured_block\">\n<div class=\"featured_block_inner\">\n<div class=\"featured_block_text\">\n<p><img loading=\"lazy\" decoding=\"async\" class=\"alignnone wp-image-24710\" src=\"https:\/\/www.ufmg.br\/centrocultural\/wp-content\/uploads\/2023\/06\/escada-redimensionada-600x403.jpg\" alt=\"\" width=\"301\" height=\"202\" srcset=\"https:\/\/www.ufmg.br\/centrocultural\/wp-content\/uploads\/2023\/06\/escada-redimensionada-600x403.jpg 600w, https:\/\/www.ufmg.br\/centrocultural\/wp-content\/uploads\/2023\/06\/escada-redimensionada-1024x688.jpg 1024w, https:\/\/www.ufmg.br\/centrocultural\/wp-content\/uploads\/2023\/06\/escada-redimensionada-768x516.jpg 768w, https:\/\/www.ufmg.br\/centrocultural\/wp-content\/uploads\/2023\/06\/escada-redimensionada-1536x1032.jpg 1536w, https:\/\/www.ufmg.br\/centrocultural\/wp-content\/uploads\/2023\/06\/escada-redimensionada-2048x1376.jpg 2048w, https:\/\/www.ufmg.br\/centrocultural\/wp-content\/uploads\/2023\/06\/escada-redimensionada-860x578.jpg 860w, https:\/\/www.ufmg.br\/centrocultural\/wp-content\/uploads\/2023\/06\/escada-redimensionada-580x390.jpg 580w\" sizes=\"auto, (max-width: 301px) 100vw, 301px\" \/><\/p>\n<h2>Hist\u00f3ria<\/h2>\n<p>Conhe\u00e7a a hist\u00f3ria da constitui\u00e7\u00e3o do CCult UFMG e de sua sede projetada em 1899, considerada o 1\u00ba edif\u00edcio constru\u00eddo no centro de BH<\/p>\n<div id=\"cmsmasters_button_87ee1e2330\" class=\"button_wrap\"><a href=\"https:\/\/www.ufmg.br\/centrocultural\/o-centro\/historia\" class=\"cmsmasters_button\"><span>Acesse<\/span><\/a><\/div>\n\n<\/div>\n<\/div>\n<\/div>\n<\/div><\/div>\n<div id=\"cmsmasters_column_\" class=\"cmsmasters_column one_third\">\n<div class=\"cmsmasters_column_inner\"><div id=\"cmsmasters_fb_218a106595\" class=\"cmsmasters_featured_block\">\n<div class=\"featured_block_inner\">\n<div class=\"featured_block_text\">\n<p><img loading=\"lazy\" decoding=\"async\" class=\"alignnone wp-image-24706\" src=\"https:\/\/www.ufmg.br\/centrocultural\/wp-content\/uploads\/2023\/06\/26114406225_c323b34ef6_c-600x400.jpg\" alt=\"\" width=\"300\" height=\"200\" srcset=\"https:\/\/www.ufmg.br\/centrocultural\/wp-content\/uploads\/2023\/06\/26114406225_c323b34ef6_c-600x400.jpg 600w, https:\/\/www.ufmg.br\/centrocultural\/wp-content\/uploads\/2023\/06\/26114406225_c323b34ef6_c-768x512.jpg 768w, https:\/\/www.ufmg.br\/centrocultural\/wp-content\/uploads\/2023\/06\/26114406225_c323b34ef6_c-580x387.jpg 580w, https:\/\/www.ufmg.br\/centrocultural\/wp-content\/uploads\/2023\/06\/26114406225_c323b34ef6_c.jpg 799w\" sizes=\"auto, (max-width: 300px) 100vw, 300px\" \/><\/p>\n<h2>Projetos<\/h2>\n<p>Conhe\u00e7a os projetos formativos e multiculturais levados ao p\u00fablico pelo Centro Cultural UFMG e produzidos nos formatos presencial e on-line<\/p>\n<div id=\"cmsmasters_button_87ee1e2330\" class=\"button_wrap\"><a href=\"https:\/\/www.ufmg.br\/centrocultural\/o-centro\/projetos\" class=\"cmsmasters_button\"><span>Acesse<\/span><\/a><\/div>\n\n<\/div>\n<\/div>\n<\/div>\n<\/div><\/div>\n<\/div>\n<\/div>\n<\/div>\n<\/div>\n<\/div>\n<div id=\"cmsmasters_row_4ecf7b3e9f\" class=\"cmsmasters_row cmsmasters_color_scheme_default cmsmasters_row_top_default cmsmasters_row_bot_default cmsmasters_row_boxed\">\n<div class=\"cmsmasters_row_outer_parent\">\n<div class=\"cmsmasters_row_outer\">\n<div class=\"cmsmasters_row_inner\">\n<div class=\"cmsmasters_row_margin\">\n<div id=\"cmsmasters_column_\" class=\"cmsmasters_column one_first\">\n<div class=\"cmsmasters_column_inner\">\n<div id=\"cmsmasters_row_0b15982d4a\" class=\"cmsmasters_row cmsmasters_color_scheme_default cmsmasters_row_top_default cmsmasters_row_bot_default cmsmasters_row_boxed\">\n<div class=\"cmsmasters_row_outer_parent\">\n<div class=\"cmsmasters_row_outer\">\n<div class=\"cmsmasters_row_inner\">\n<div class=\"cmsmasters_row_margin\">\n<\/div>\n<\/div>\n<\/div>\n<\/div>\n<\/div>\n<div id=\"cmsmasters_column_\" class=\"cmsmasters_column one_first\">\n<div class=\"cmsmasters_column_inner\"><\/div><\/div>\n<\/div><\/div>\n<\/div>\n<\/div>\n<\/div>\n<\/div>\n<\/div>\n<div id=\"cmsmasters_row_a7b5b97877\" class=\"cmsmasters_row cmsmasters_color_scheme_default cmsmasters_row_top_default cmsmasters_row_bot_default cmsmasters_row_boxed\">\n<div class=\"cmsmasters_row_outer_parent\">\n<div class=\"cmsmasters_row_outer\">\n<div class=\"cmsmasters_row_inner\">\n<div class=\"cmsmasters_row_margin\">\n<div id=\"cmsmasters_column_\" class=\"cmsmasters_column one_third\">\n<div class=\"cmsmasters_column_inner\"><div id=\"cmsmasters_fb_11f5ca422b\" class=\"cmsmasters_featured_block\">\n<div class=\"featured_block_inner\">\n<div class=\"featured_block_text\">\n<p><img loading=\"lazy\" decoding=\"async\" class=\"alignnone wp-image-24723\" src=\"https:\/\/www.ufmg.br\/centrocultural\/wp-content\/uploads\/2023\/06\/linotipo-revisao.jpg\" alt=\"\" width=\"300\" height=\"200\" srcset=\"https:\/\/www.ufmg.br\/centrocultural\/wp-content\/uploads\/2023\/06\/linotipo-revisao.jpg 600w, https:\/\/www.ufmg.br\/centrocultural\/wp-content\/uploads\/2023\/06\/linotipo-revisao-580x387.jpg 580w\" sizes=\"auto, (max-width: 300px) 100vw, 300px\" \/><\/p>\n<h2>Chamadas<\/h2>\n<p>Acompanhe a abertura de chamadas p\u00fablicas para bolsistas e para interessados em desenvolver e apresentar projetos art\u00edsticos<\/p>\n<div id=\"cmsmasters_button_8e70d2fe81\" class=\"button_wrap\"><a href=\"https:\/\/www.ufmg.br\/centrocultural\/editais\" class=\"cmsmasters_button\"><span>Acesse<\/span><\/a><\/div>\n\n<\/div>\n<\/div>\n<\/div>\n<\/div><\/div>\n<div id=\"cmsmasters_column_\" class=\"cmsmasters_column one_third\">\n<div class=\"cmsmasters_column_inner\"><div id=\"cmsmasters_fb_218a106595\" class=\"cmsmasters_featured_block\">\n<div class=\"featured_block_inner\">\n<div class=\"featured_block_text\">\n<p><img loading=\"lazy\" decoding=\"async\" class=\"alignnone wp-image-24726\" src=\"https:\/\/www.ufmg.br\/centrocultural\/wp-content\/uploads\/2023\/06\/24651418513_fa77e349fa_c-600x400.jpg\" alt=\"\" width=\"300\" height=\"200\" srcset=\"https:\/\/www.ufmg.br\/centrocultural\/wp-content\/uploads\/2023\/06\/24651418513_fa77e349fa_c-600x400.jpg 600w, https:\/\/www.ufmg.br\/centrocultural\/wp-content\/uploads\/2023\/06\/24651418513_fa77e349fa_c-768x512.jpg 768w, https:\/\/www.ufmg.br\/centrocultural\/wp-content\/uploads\/2023\/06\/24651418513_fa77e349fa_c-580x387.jpg 580w, https:\/\/www.ufmg.br\/centrocultural\/wp-content\/uploads\/2023\/06\/24651418513_fa77e349fa_c.jpg 799w\" sizes=\"auto, (max-width: 300px) 100vw, 300px\" \/><\/p>\n<h2>Tira-d\u00favidas<\/h2>\n<p>De A a Z, encontre respostas para d\u00favidas sobre o CCult, ida a suas exposi\u00e7\u00f5es, espet\u00e1culos de m\u00fasica, teatro, dan\u00e7a e outros eventos<\/p>\n<div id=\"cmsmasters_button_87ee1e2330\" class=\"button_wrap\"><a href=\"https:\/\/www.ufmg.br\/centrocultural\/o-centro\/tira-duvidas\" class=\"cmsmasters_button\"><span>Acesse<\/span><\/a><\/div>\n\n<\/div>\n<\/div>\n<\/div>\n<\/div><\/div>\n<div id=\"cmsmasters_column_\" class=\"cmsmasters_column one_third\">\n<div class=\"cmsmasters_column_inner\"><div id=\"cmsmasters_fb_218a106595\" class=\"cmsmasters_featured_block\">\n<div class=\"featured_block_inner\">\n<div class=\"featured_block_text\">\n<p><img loading=\"lazy\" decoding=\"async\" class=\"alignnone wp-image-24728\" src=\"https:\/\/www.ufmg.br\/centrocultural\/wp-content\/uploads\/2023\/06\/9314631405_1270f3c6b5_c-600x402.jpg\" alt=\"\" width=\"300\" height=\"201\" srcset=\"https:\/\/www.ufmg.br\/centrocultural\/wp-content\/uploads\/2023\/06\/9314631405_1270f3c6b5_c-600x402.jpg 600w, https:\/\/www.ufmg.br\/centrocultural\/wp-content\/uploads\/2023\/06\/9314631405_1270f3c6b5_c-768x515.jpg 768w, https:\/\/www.ufmg.br\/centrocultural\/wp-content\/uploads\/2023\/06\/9314631405_1270f3c6b5_c-580x389.jpg 580w, https:\/\/www.ufmg.br\/centrocultural\/wp-content\/uploads\/2023\/06\/9314631405_1270f3c6b5_c.jpg 800w\" sizes=\"auto, (max-width: 300px) 100vw, 300px\" \/><\/p>\n<h2>Contato<\/h2>\n<p>Nesta p\u00e1gina voc\u00ea acessa as informa\u00e7\u00f5es necess\u00e1rias para falar com nossa equipe e enviar sua mensagem tamb\u00e9m por formul\u00e1rio on-line<\/p>\n<div id=\"cmsmasters_button_87ee1e2330\" class=\"button_wrap\"><a href=\"https:\/\/www.ufmg.br\/centrocultural\/contato\" class=\"cmsmasters_button\"><span>Acesse<\/span><\/a><\/div>\n\n<\/div>\n<\/div>\n<\/div>\n<\/div><\/div>\n<\/div>\n<\/div>\n<\/div>\n<\/div>\n<\/div>\n<div id=\"cmsmasters_row_4ecf7b3e9f\" class=\"cmsmasters_row cmsmasters_color_scheme_default cmsmasters_row_top_default cmsmasters_row_bot_default cmsmasters_row_boxed\">\n<div class=\"cmsmasters_row_outer_parent\">\n<div class=\"cmsmasters_row_outer\">\n<div class=\"cmsmasters_row_inner\">\n<div class=\"cmsmasters_row_margin\">\n<\/div>\n<\/div>\n<\/div>\n<\/div>\n<\/div>\n<div id=\"cmsmasters_column_\" class=\"cmsmasters_column one_first\">\n<div class=\"cmsmasters_column_inner\"><\/div><\/div>\n<\/p>\n<div id=\"cmsmasters_row_0b15982d4a\" class=\"cmsmasters_row cmsmasters_color_scheme_default cmsmasters_row_top_default cmsmasters_row_bot_default cmsmasters_row_boxed\">\n<div class=\"cmsmasters_row_outer_parent\">\n<div class=\"cmsmasters_row_outer\">\n<div class=\"cmsmasters_row_inner\">\n<div class=\"cmsmasters_row_margin\">\n<\/div>\n<\/div>\n<\/div>\n<\/div>\n<\/div>\n<div id=\"cmsmasters_column_\" class=\"cmsmasters_column one_first\">\n<div class=\"cmsmasters_column_inner\"><\/div><\/div>\n<\/p>\n<p>&nbsp;<\/p>\n","protected":false},"excerpt":{"rendered":"<p>&nbsp;<\/p>\n","protected":false},"author":1,"featured_media":0,"parent":0,"menu_order":0,"comment_status":"closed","ping_status":"closed","template":"","meta":{"footnotes":""},"class_list":["post-529","page","type-page","status-publish","hentry"],"_links":{"self":[{"href":"https:\/\/www.ufmg.br\/centrocultural\/wp-json\/wp\/v2\/pages\/529","targetHints":{"allow":["GET"]}}],"collection":[{"href":"https:\/\/www.ufmg.br\/centrocultural\/wp-json\/wp\/v2\/pages"}],"about":[{"href":"https:\/\/www.ufmg.br\/centrocultural\/wp-json\/wp\/v2\/types\/page"}],"author":[{"embeddable":true,"href":"https:\/\/www.ufmg.br\/centrocultural\/wp-json\/wp\/v2\/users\/1"}],"replies":[{"embeddable":true,"href":"https:\/\/www.ufmg.br\/centrocultural\/wp-json\/wp\/v2\/comments?post=529"}],"version-history":[{"count":26,"href":"https:\/\/www.ufmg.br\/centrocultural\/wp-json\/wp\/v2\/pages\/529\/revisions"}],"predecessor-version":[{"id":19522,"href":"https:\/\/www.ufmg.br\/centrocultural\/wp-json\/wp\/v2\/pages\/529\/revisions\/19522"}],"wp:attachment":[{"href":"https:\/\/www.ufmg.br\/centrocultural\/wp-json\/wp\/v2\/media?parent=529"}],"curies":[{"name":"wp","href":"https:\/\/api.w.org\/{rel}","templated":true}]}}