{"id":102,"date":"2024-08-02T11:56:54","date_gmt":"2024-08-02T14:56:54","guid":{"rendered":"https:\/\/www.ufmg.br\/cogecom2025\/?page_id=102"},"modified":"2025-09-29T09:22:03","modified_gmt":"2025-09-29T12:22:03","slug":"oficinas","status":"publish","type":"page","link":"https:\/\/www.ufmg.br\/cogecom2025\/oficinas\/","title":{"rendered":"Sobre o evento"},"content":{"rendered":"\n<p>Nos dias 24 e 25 de novembro de 2025, a Universidade Federal de Minas Gerais (UFMG), no Campus Pampulha, em Belo Horizonte, \u00e9 anfitri\u00e3 do 10\u00ba Encontro Nacional do Col\u00e9gio de Gestores de Comunica\u00e7\u00e3o das Universidades Federais (COGECOM).<\/p>\n\n\n\n<p>Com o mote \u201cComunica\u00e7\u00e3o e Universidades\u201d, a programa\u00e7\u00e3o re\u00fane mesas-redondas, confer\u00eancias e pain\u00e9is, al\u00e9m de integrar iniciativas de comunica\u00e7\u00e3o universit\u00e1ria de alcance internacional, favorecendo o interc\u00e2mbio de experi\u00eancias e estrat\u00e9gias entre institui\u00e7\u00f5es do Brasil e de outros pa\u00edses.<\/p>\n\n\n\n<p>Criado em 2016, o COGECOM tem como principal objetivo assessorar a Associa\u00e7\u00e3o Nacional dos Dirigentes das Institui\u00e7\u00f5es Federais de Ensino Superior (Andifes) no campo da comunica\u00e7\u00e3o. Desde ent\u00e3o, o COGECOM promove encontros anuais em que s\u00e3o debatidas pol\u00edticas nacionais de comunica\u00e7\u00e3o social para constru\u00e7\u00e3o conjunta de a\u00e7\u00f5es entre institui\u00e7\u00f5es federais de ensino superior; pol\u00edticas de coopera\u00e7\u00e3o entre as institui\u00e7\u00f5es envolvidas, com vistas ao fortalecimento do modelo de comunica\u00e7\u00e3o universit\u00e1ria; valoriza\u00e7\u00e3o da comunica\u00e7\u00e3o p\u00fablica no ambiente das universidades com \u00eanfase em princ\u00edpios como transpar\u00eancia, di\u00e1logo com a sociedade, o interesse p\u00fablico entre outros.<\/p>\n\n\n\n<p id=\"block-ffee4c37-d99e-4f09-84ba-e44f05c20829\">Contamos com sua presen\u00e7a!<\/p>\n\n\n<p><iframe src=\"https:\/\/www.google.com\/maps\/embed?pb=!1m18!1m12!1m3!1d60036.37142300228!2d-44.03983367832029!3d-19.870682!2m3!1f0!2f0!3f0!3m2!1i1024!2i768!4f13.1!3m3!1m2!1s0xa690ee806be67d%3A0xbb1391cea62811dd!2sUniversidade%20Federal%20de%20Minas%20Gerais!5e0!3m2!1spt-BR!2sbr!4v1758468104869!5m2!1spt-BR!2sbr\" width=\"600\" height=\"450\" style=\"border:0;\" allowfullscreen=\"\" loading=\"lazy\" referrerpolicy=\"no-referrer-when-downgrade\"><\/iframe><\/p>\n\n\n<p><\/p>\n","protected":false},"excerpt":{"rendered":"<p>Nos dias 24 e 25 de novembro de 2025, a Universidade Federal de Minas Gerais (UFMG), no Campus Pampulha, em Belo Horizonte, \u00e9 anfitri\u00e3 do 10\u00ba Encontro Nacional do Col\u00e9gio de Gestores de Comunica\u00e7\u00e3o das Universidades Federais (COGECOM). Com o mote \u201cComunica\u00e7\u00e3o e Universidades\u201d, a programa\u00e7\u00e3o re\u00fane mesas-redondas, confer\u00eancias e pain\u00e9is, al\u00e9m de integrar iniciativas [&hellip;]<\/p>\n","protected":false},"author":1,"featured_media":0,"parent":0,"menu_order":0,"comment_status":"closed","ping_status":"closed","template":"page-templates\/page-workshop.php","meta":{"_acf_changed":false,"footnotes":""},"class_list":["post-102","page","type-page","status-publish","hentry"],"acf":[],"_links":{"self":[{"href":"https:\/\/www.ufmg.br\/cogecom2025\/wp-json\/wp\/v2\/pages\/102"}],"collection":[{"href":"https:\/\/www.ufmg.br\/cogecom2025\/wp-json\/wp\/v2\/pages"}],"about":[{"href":"https:\/\/www.ufmg.br\/cogecom2025\/wp-json\/wp\/v2\/types\/page"}],"author":[{"embeddable":true,"href":"https:\/\/www.ufmg.br\/cogecom2025\/wp-json\/wp\/v2\/users\/1"}],"replies":[{"embeddable":true,"href":"https:\/\/www.ufmg.br\/cogecom2025\/wp-json\/wp\/v2\/comments?post=102"}],"version-history":[{"count":11,"href":"https:\/\/www.ufmg.br\/cogecom2025\/wp-json\/wp\/v2\/pages\/102\/revisions"}],"predecessor-version":[{"id":311,"href":"https:\/\/www.ufmg.br\/cogecom2025\/wp-json\/wp\/v2\/pages\/102\/revisions\/311"}],"wp:attachment":[{"href":"https:\/\/www.ufmg.br\/cogecom2025\/wp-json\/wp\/v2\/media?parent=102"}],"curies":[{"name":"wp","href":"https:\/\/api.w.org\/{rel}","templated":true}]}}