{"id":157,"date":"2024-08-02T15:38:58","date_gmt":"2024-08-02T18:38:58","guid":{"rendered":"https:\/\/www.ufmg.br\/cogecom2025\/?page_id=157"},"modified":"2025-10-20T08:34:53","modified_gmt":"2025-10-20T11:34:53","slug":"faq","status":"publish","type":"page","link":"https:\/\/www.ufmg.br\/cogecom2025\/faq\/","title":{"rendered":"Hospedagem"},"content":{"rendered":"\n<p>Separamos algumas indica\u00e7\u00f5es de hot\u00e9is pr\u00f3ximos ao campus Pampulha da Universidade Federal de Minas Gerais.<\/p>\n\n\n\n<details class=\"wp-block-details has-white-color has-text-color has-background has-link-color wp-elements-46a9286cf08210390dc79975ff30213b is-layout-flow wp-block-details-is-layout-flow\" style=\"background-color:#31505c\"><summary>Quality Hotel Pampulha<\/summary>\n<p><\/p>\n<\/details>\n\n\n\n<figure class=\"wp-block-image size-full\"><img loading=\"lazy\" decoding=\"async\" width=\"1024\" height=\"768\" src=\"https:\/\/www.ufmg.br\/cogecom2025\/wp-content\/uploads\/2025\/09\/96-fachada.jpg\" alt=\"\" class=\"wp-image-251\" srcset=\"https:\/\/www.ufmg.br\/cogecom2025\/wp-content\/uploads\/2025\/09\/96-fachada.jpg 1024w, https:\/\/www.ufmg.br\/cogecom2025\/wp-content\/uploads\/2025\/09\/96-fachada-300x225.jpg 300w, https:\/\/www.ufmg.br\/cogecom2025\/wp-content\/uploads\/2025\/09\/96-fachada-768x576.jpg 768w\" sizes=\"(max-width: 1024px) 100vw, 1024px\" \/><\/figure>\n\n\n\n<p>Este hotel descontra\u00eddo fica a 850 metros do Aeroporto de Belo Horizonte\/Pampulha e a 4 km do Museu de Arte da Pampulha e do est\u00e1dio Mineir\u00e3o. Os quartos com decora\u00e7\u00e3o simples disp\u00f5em de Wi-Fi gratuito, TV com tela plana, cofre e frigobar. Os quartos de categoria mais alta contam com vista para a cidade. Estacionamento e buffet de caf\u00e9 da manh\u00e3 inclusos. As outras comodidades incluem restaurante\/bar casual com janelas do ch\u00e3o ao teto, sala de gin\u00e1stica e parquinho.<\/p>\n\n\n<p><iframe src=\"https:\/\/www.google.com\/maps\/embed?pb=!1m18!1m12!1m3!1d3752.6012003151527!2d-43.96245662466469!3d-19.856820136034088!2m3!1f0!2f0!3f0!3m2!1i1024!2i768!4f13.1!3m3!1m2!1s0xa690684afd680d%3A0x16168e4bbc567128!2sQuality%20Hotel%20Pampulha!5e0!3m2!1spt-BR!2sbr!4v1759751824212!5m2!1spt-BR!2sbr\" width=\"600\" height=\"450\" style=\"border:0;\" allowfullscreen=\"\" loading=\"lazy\" referrerpolicy=\"no-referrer-when-downgrade\"><\/iframe><\/p>\n\n\n<p>Estimativa da di\u00e1ria: R$600,00<\/p>\n\n\n\n<p><a href=\"https:\/\/atlantica.letsbook.com.br\/reserva\/selecao-de-quartos?codigoHotel=96&amp;numeroAdultos=1&amp;promocode=25&amp;checkin=2025-09-28&amp;checkout=2025-09-29&amp;criancas=&amp;r=ae8f45901bad4e72b58cc811be3f4369&amp;p=25\">Cupom de desconto<\/a>: desconto de 25% na tarifa do dia (valores flutuantes).<\/p>\n\n\n\n<details class=\"wp-block-details has-white-color has-text-color has-background has-link-color wp-elements-64b54240d9991a350fdbb26814fdcd07 is-layout-flow wp-block-details-is-layout-flow\" style=\"background-color:#31505c\"><summary>Hotel Stop Inn<\/summary>\n<p><\/p>\n<\/details>\n\n\n\n<p class=\"has-black-color has-white-background-color has-text-color has-background has-link-color wp-elements-c1ac6d52f5254b49cf2910482eaff28b\"><\/p>\n\n\n\n<figure class=\"wp-block-image size-full\"><img loading=\"lazy\" decoding=\"async\" width=\"1024\" height=\"575\" src=\"https:\/\/www.ufmg.br\/cogecom2025\/wp-content\/uploads\/2025\/09\/736203511.jpg\" alt=\"\" class=\"wp-image-252\" srcset=\"https:\/\/www.ufmg.br\/cogecom2025\/wp-content\/uploads\/2025\/09\/736203511.jpg 1024w, https:\/\/www.ufmg.br\/cogecom2025\/wp-content\/uploads\/2025\/09\/736203511-300x168.jpg 300w, https:\/\/www.ufmg.br\/cogecom2025\/wp-content\/uploads\/2025\/09\/736203511-768x431.jpg 768w\" sizes=\"(max-width: 1024px) 100vw, 1024px\" \/><\/figure>\n\n\n\n<p>O Hotel Stop Inn Plus Pampulha, mais um sucesso da MHB Hotelaria, est\u00e1 situado \u00e0 apenas 50 metros do Mineir\u00e3o e Mineirinho, pertinho da Lagoa da Pampulha, UFMG e Aeroporto da Pampulha. Projetado para oferecer o m\u00e1ximo em conforto, o hotel disp\u00f5e de 86 su\u00edtes equipadas com ar-condicionado, TV a cabo, telefone, cofre individual, frigobar, mesa de leitura, internet wireless e banheiro equipado com secador de cabelo e kit de amenities. Para os momentos de lazer, possu\u00edmos em nossa cobertura uma incr\u00edvel piscina com vista panor\u00e2mica da regi\u00e3o. Para eventos, o Stop Inn Plus Pampulha oferece uma sala para at\u00e9 50 pessoas, com equipamentos de alta qualidade e um staff especializado e preparado para o seu atendimento.&nbsp;<\/p>\n\n\n\n<p>O Hotel Stop Inn Plus Pampulha, mais um sucesso da MHB Hotelaria, est\u00e1 situado \u00e0 apenas 50 metros do Mineir\u00e3o e Mineirinho, pertinho da Lagoa da Pampulha, UFMG e Aeroporto da Pampulha. Projetado para oferecer o m\u00e1ximo em conforto, o hotel disp\u00f5e de 86 su\u00edtes equipadas com ar-condicionado, TV a cabo, telefone, cofre individual, frigobar, mesa de leitura, internet wireless e banheiro equipado com secador de cabelo e kit de amenities. Para os momentos de lazer, possu\u00edmos em nossa cobertura uma incr\u00edvel piscina com vista panor\u00e2mica da regi\u00e3o. Para eventos, o Stop Inn Plus Pampulha oferece uma sala para at\u00e9 50 pessoas, com equipamentos de alta qualidade e um staff especializado e preparado para o seu atendimento.&nbsp;<\/p>\n\n\n<p><iframe src=\"https:\/\/www.google.com\/maps\/embed?pb=!1m18!1m12!1m3!1d15010.153218799034!2d-43.97498579446682!3d-19.85947904664108!2m3!1f0!2f0!3f0!3m2!1i1024!2i768!4f13.1!3m3!1m2!1s0xa6905839602d15%3A0xadf306fc99d189d1!2sHotel%20Stop%20Inn%20Plus%20Pampulha%20-%20By%20MHB!5e0!3m2!1spt-BR!2sbr!4v1759751707106!5m2!1spt-BR!2sbr\" width=\"600\" height=\"450\" style=\"border:0;\" allowfullscreen=\"\" loading=\"lazy\" referrerpolicy=\"no-referrer-when-downgrade\"><\/iframe><\/p>\n\n\n<p>Estimativa da di\u00e1ria: R$250,00<\/p>\n\n\n\n<p><a href=\"https:\/\/www.mhbhotelaria.com.br\/\" data-type=\"link\" data-id=\"https:\/\/www.mhbhotelaria.com.br\/\">Cupom de desconto:<\/a> c\u00f3digo COGECOM para desconto de 20% na tarifa do dia (valores flutuantes).<\/p>\n\n\n\n<details class=\"wp-block-details has-white-color has-text-color has-background has-link-color wp-elements-53ffb1b07a0fb4a71188f792aa28afd8 is-layout-flow wp-block-details-is-layout-flow\" style=\"background-color:#31505c\"><summary>Transamerica Executive Belo Horizonte<\/summary>\n<p><\/p>\n<\/details>\n\n\n\n<figure class=\"wp-block-image size-full is-resized\"><img loading=\"lazy\" decoding=\"async\" width=\"680\" height=\"453\" src=\"https:\/\/www.ufmg.br\/cogecom2025\/wp-content\/uploads\/2025\/09\/transamerica.webp\" alt=\"\" class=\"wp-image-307\" style=\"width:839px;height:auto\" srcset=\"https:\/\/www.ufmg.br\/cogecom2025\/wp-content\/uploads\/2025\/09\/transamerica.webp 680w, https:\/\/www.ufmg.br\/cogecom2025\/wp-content\/uploads\/2025\/09\/transamerica-300x200.webp 300w\" sizes=\"(max-width: 680px) 100vw, 680px\" \/><\/figure>\n\n\n\n<p>O Transamerica Executive Belo Horizonte combina praticidade e conforto em uma localiza\u00e7\u00e3o estrat\u00e9gica. Com 200 apartamentos modernos, o hotel oferece uma estrutura completa para atender a diferentes perfis de h\u00f3spedes.&nbsp;<\/p>\n\n\n\n<p>A estrutura do hotel inclui um Fitness Center para seus treinos, uma loja de conveni\u00eancia 24 horas com pratos r\u00e1pidos no conceito de autosservi\u00e7o e estacionamento gratuito, proporcionando comodidade em sua estadia.<\/p>\n\n\n\n<p>O hotel est\u00e1 localizado ao lado do Shopping Del Rey, um dos mais tradicionais centros de compras de Belo Horizonte, com mais de 180 lojas, cinema com 7 salas, boliche e uma variada pra\u00e7a de alimenta\u00e7\u00e3o. Al\u00e9m disso, est\u00e1 pr\u00f3ximo a pontos estrat\u00e9gicos como o Complexo da Pampulha, UFMG e Mineir\u00e3o, oferecendo f\u00e1cil acesso tanto para quem viaja a neg\u00f3cios quanto a lazer.<\/p>\n\n\n<p><iframe src=\"https:\/\/www.google.com\/maps\/embed?pb=!1m18!1m12!1m3!1d3751.76128267825!2d-43.9677143!3d-19.8922995!2m3!1f0!2f0!3f0!3m2!1i1024!2i768!4f13.1!3m3!1m2!1s0xa690cf576c46c7%3A0x56ab73f7494232e0!2sTransamerica%20Executive%20Belo%20Horizonte!5e0!3m2!1spt-BR!2sbr!4v1759751577325!5m2!1spt-BR!2sbr\" width=\"600\" height=\"450\" style=\"border:0;\" allowfullscreen=\"\" loading=\"lazy\" referrerpolicy=\"no-referrer-when-downgrade\"><\/iframe><\/p>\n\n\n<p>Estimativa da di\u00e1ria: R$370,00<\/p>\n\n\n\n<p><a href=\"https:\/\/atlantica.letsbook.com.br\/reserva\/link-publico?r=e882c2a17f264e219d82be92c14646d5&amp;p=COGECOM\" data-type=\"link\" data-id=\"https:\/\/atlantica.letsbook.com.br\/reserva\/link-publico?r=e882c2a17f264e219d82be92c14646d5&amp;p=COGECOM\">Cupom de desconto<\/a>: 25% de desconto na tarifa do dia (valores flutuantes). Janela de hospedagem de 23 \u00e0 29\/11.<\/p>\n\n\n\n<details class=\"wp-block-details has-white-color has-text-color has-background has-link-color wp-elements-4b6d1ef9d6638d7e213605de611a8147 is-layout-flow wp-block-details-is-layout-flow\" style=\"background-color:#31505c\"><summary>Nobile Inn Pampulha<\/summary>\n<p><\/p>\n<\/details>\n\n\n\n<figure class=\"wp-block-image size-full is-resized\"><img loading=\"lazy\" decoding=\"async\" width=\"1024\" height=\"683\" src=\"https:\/\/www.ufmg.br\/cogecom2025\/wp-content\/uploads\/2025\/10\/Nobile-Inn-Pampulha-01-1024x683-1.webp\" alt=\"\" class=\"wp-image-338\" style=\"width:841px;height:auto\" srcset=\"https:\/\/www.ufmg.br\/cogecom2025\/wp-content\/uploads\/2025\/10\/Nobile-Inn-Pampulha-01-1024x683-1.webp 1024w, https:\/\/www.ufmg.br\/cogecom2025\/wp-content\/uploads\/2025\/10\/Nobile-Inn-Pampulha-01-1024x683-1-300x200.webp 300w, https:\/\/www.ufmg.br\/cogecom2025\/wp-content\/uploads\/2025\/10\/Nobile-Inn-Pampulha-01-1024x683-1-768x512.webp 768w\" sizes=\"(max-width: 1024px) 100vw, 1024px\" \/><\/figure>\n\n\n\n<p>O Hotel est\u00e1 pr\u00f3ximo aos principais monumentos do Conjunto Arquitet\u00f4nico da Pampulha, tornando-se uma \u00f3tima op\u00e7\u00e3o para quem deseja ir a qualquer ponto da cidade. S\u00e3o 208 apartamentos com TV a Cabo, Internet, Ar Condicionado e Frigobar. Os quartos s\u00e3o sofisticados e o Hotel oferece tamb\u00e9m acomoda\u00e7\u00f5es com acessibilidade para pessoas com mobilidade reduzida.<\/p>\n\n\n\n<p>O Nobile Inn Pampulha fica a 2km do Est\u00e1dio Governador Magalh\u00e3es Pinto (Mineir\u00e3o) e Complexo Esportivo Mineirinho, a 800m do Aeroporto da Pampulha e a 31km do principal aeroporto de Confins.<\/p>\n\n\n\n<p>Aproveite para saborear da melhor culin\u00e1ria no restaurante do hotel, que inclui buffet de caf\u00e9 da manh\u00e3 servido de segunda-feira a s\u00e1bado de 6h \u00e0s 10h e nos domingos e feriados de 6:30h \u00e0s 10:30h. Existe uma academia a 300m do Hotel.<\/p>\n\n\n\n<p>Vaga de estacionamento dispon\u00edvel mediante disponibilidade.<\/p>\n\n\n\n<p>Crian\u00e7a at\u00e9 7 anos, s\u00e3o acomodadas na mesma cama dos pais. N\u00e3o dispomos de cama extra.<\/p>\n\n\n\n<p>Para hospedagem de menores de idade, \u00e9 obrigat\u00f3ria a apresenta\u00e7\u00e3o do RG ou Certid\u00e3o de Nascimento do menor. Caso n\u00e3o haja parentesco de 1\u00ba grau ou o menor esteja desacompanhado \u00e9 obrigat\u00f3ria a apresenta\u00e7\u00e3o da autoriza\u00e7\u00e3o expedida pelo juizado de menores e do documento de identifica\u00e7\u00e3o do mesmo.<\/p>\n\n\n<p><iframe src=\"https:\/\/www.google.com\/maps\/embed?pb=!1m18!1m12!1m3!1d3752.6336900368565!2d-43.958756699999995!3d-19.8554465!2m3!1f0!2f0!3f0!3m2!1i1024!2i768!4f13.1!3m3!1m2!1s0xa690692c446935%3A0xec6237aa0981654d!2sNobile%20Inn%20Pampulha!5e0!3m2!1spt-BR!2sbr!4v1759751459075!5m2!1spt-BR!2sbr\" width=\"600\" height=\"450\" style=\"border:0;\" allowfullscreen=\"\" loading=\"lazy\" referrerpolicy=\"no-referrer-when-downgrade\"><\/iframe><\/p>\n\n\n<p>Estimativa da di\u00e1ria: R$316,00<\/p>\n\n\n\n<p><a href=\"https:\/\/be.synxis.com\/?adult=1&amp;arrive=2025-11-24&amp;chain=24005&amp;child=0&amp;config=nobile&amp;currency=BRL&amp;depart=2025-11-25&amp;hotel=4496&amp;level=hotel&amp;locale=pt-PT&amp;productcurrency=BRL&amp;rooms=1&amp;theme=nobile\" data-type=\"link\" data-id=\"https:\/\/be.synxis.com\/?adult=1&amp;arrive=2025-11-24&amp;chain=24005&amp;child=0&amp;config=nobile&amp;currency=BRL&amp;depart=2025-11-25&amp;hotel=4496&amp;level=hotel&amp;locale=pt-PT&amp;productcurrency=BRL&amp;rooms=1&amp;theme=nobile\">Clique aqui<\/a> para acessar o site!<\/p>\n\n\n\n<p><\/p>\n","protected":false},"excerpt":{"rendered":"<p>Separamos algumas indica\u00e7\u00f5es de hot\u00e9is pr\u00f3ximos ao campus Pampulha da Universidade Federal de Minas Gerais. Este hotel descontra\u00eddo fica a 850 metros do Aeroporto de Belo Horizonte\/Pampulha e a 4 km do Museu de Arte da Pampulha e do est\u00e1dio Mineir\u00e3o. Os quartos com decora\u00e7\u00e3o simples disp\u00f5em de Wi-Fi gratuito, TV com tela plana, cofre [&hellip;]<\/p>\n","protected":false},"author":1,"featured_media":0,"parent":0,"menu_order":0,"comment_status":"closed","ping_status":"closed","template":"","meta":{"_acf_changed":false,"footnotes":""},"class_list":["post-157","page","type-page","status-publish","hentry"],"acf":[],"_links":{"self":[{"href":"https:\/\/www.ufmg.br\/cogecom2025\/wp-json\/wp\/v2\/pages\/157"}],"collection":[{"href":"https:\/\/www.ufmg.br\/cogecom2025\/wp-json\/wp\/v2\/pages"}],"about":[{"href":"https:\/\/www.ufmg.br\/cogecom2025\/wp-json\/wp\/v2\/types\/page"}],"author":[{"embeddable":true,"href":"https:\/\/www.ufmg.br\/cogecom2025\/wp-json\/wp\/v2\/users\/1"}],"replies":[{"embeddable":true,"href":"https:\/\/www.ufmg.br\/cogecom2025\/wp-json\/wp\/v2\/comments?post=157"}],"version-history":[{"count":36,"href":"https:\/\/www.ufmg.br\/cogecom2025\/wp-json\/wp\/v2\/pages\/157\/revisions"}],"predecessor-version":[{"id":350,"href":"https:\/\/www.ufmg.br\/cogecom2025\/wp-json\/wp\/v2\/pages\/157\/revisions\/350"}],"wp:attachment":[{"href":"https:\/\/www.ufmg.br\/cogecom2025\/wp-json\/wp\/v2\/media?parent=157"}],"curies":[{"name":"wp","href":"https:\/\/api.w.org\/{rel}","templated":true}]}}