{"id":178,"date":"2025-09-08T08:43:19","date_gmt":"2025-09-08T11:43:19","guid":{"rendered":"https:\/\/www.ufmg.br\/cogecom2025\/?page_id=178"},"modified":"2025-09-15T09:45:52","modified_gmt":"2025-09-15T12:45:52","slug":"o-que-fazer-em-belo-horizonte","status":"publish","type":"page","link":"https:\/\/www.ufmg.br\/cogecom2025\/o-que-fazer-em-belo-horizonte\/","title":{"rendered":"O que fazer em Belo horizonte"},"content":{"rendered":"\n<p>Carinhosamente apelidada de \u201cBeag\u00e1\u201d, os moradores da capital mineira s\u00e3o reconhecidos nacionalmente por sua hospitalidade \u2500 reputa\u00e7\u00e3o que pretendemos manter. Por isso, criamos uma lista de recomenda\u00e7\u00f5es com os principais pontos tur\u00edsticos da cidade:<\/p>\n\n\n\n<p><a href=\"http:\/\/portal.iphan.gov.br\/pagina\/detalhes\/820\/\">Circuito Arquitet\u00f4nico da Pampulha<\/a><\/p>\n\n\n\n<p><a href=\"https:\/\/circuitoliberdade.com.br\/\">Circuito Cultural da Liberdade<\/a><\/p>\n\n\n\n<p><a href=\"https:\/\/mercadocentral.com.br\/\">Mercado Central<\/a><\/p>\n\n\n\n<p><a href=\"https:\/\/portalbelohorizonte.com.br\/o-que-fazer\/comer-e-beber\/tag\/mercado-novo\">Mercado Novo<\/a><\/p>\n\n\n\n<p><a href=\"https:\/\/mineirao.com.br\/\">Mineir\u00e3o<\/a><\/p>\n\n\n\n<p><a href=\"https:\/\/fcs.mg.gov.br\/\">Pal\u00e1cio das Artes<\/a><\/p>\n\n\n\n<p><a href=\"https:\/\/portalbelohorizonte.com.br\/o-que-fazer\/ao-ar-livre-e-esportes\/parque\/parque-da-serra-do-curral\">Serra do Curral<\/a><\/p>\n\n\n\n<p><\/p>\n\n\n\n<p><br><br><\/p>\n","protected":false},"excerpt":{"rendered":"<p>Carinhosamente apelidada de \u201cBeag\u00e1\u201d, os moradores da capital mineira s\u00e3o reconhecidos nacionalmente por sua hospitalidade \u2500 reputa\u00e7\u00e3o que pretendemos manter. Por isso, criamos uma lista de recomenda\u00e7\u00f5es com os principais pontos tur\u00edsticos da cidade: Circuito Arquitet\u00f4nico da Pampulha Circuito Cultural da Liberdade Mercado Central Mercado Novo Mineir\u00e3o Pal\u00e1cio das Artes Serra do Curral<\/p>\n","protected":false},"author":2,"featured_media":202,"parent":0,"menu_order":0,"comment_status":"closed","ping_status":"closed","template":"","meta":{"_acf_changed":false,"footnotes":""},"class_list":["post-178","page","type-page","status-publish","has-post-thumbnail","hentry"],"acf":[],"_links":{"self":[{"href":"https:\/\/www.ufmg.br\/cogecom2025\/wp-json\/wp\/v2\/pages\/178"}],"collection":[{"href":"https:\/\/www.ufmg.br\/cogecom2025\/wp-json\/wp\/v2\/pages"}],"about":[{"href":"https:\/\/www.ufmg.br\/cogecom2025\/wp-json\/wp\/v2\/types\/page"}],"author":[{"embeddable":true,"href":"https:\/\/www.ufmg.br\/cogecom2025\/wp-json\/wp\/v2\/users\/2"}],"replies":[{"embeddable":true,"href":"https:\/\/www.ufmg.br\/cogecom2025\/wp-json\/wp\/v2\/comments?post=178"}],"version-history":[{"count":17,"href":"https:\/\/www.ufmg.br\/cogecom2025\/wp-json\/wp\/v2\/pages\/178\/revisions"}],"predecessor-version":[{"id":266,"href":"https:\/\/www.ufmg.br\/cogecom2025\/wp-json\/wp\/v2\/pages\/178\/revisions\/266"}],"wp:featuredmedia":[{"embeddable":true,"href":"https:\/\/www.ufmg.br\/cogecom2025\/wp-json\/wp\/v2\/media\/202"}],"wp:attachment":[{"href":"https:\/\/www.ufmg.br\/cogecom2025\/wp-json\/wp\/v2\/media?parent=178"}],"curies":[{"name":"wp","href":"https:\/\/api.w.org\/{rel}","templated":true}]}}