{"id":230,"date":"2025-09-08T10:41:29","date_gmt":"2025-09-08T13:41:29","guid":{"rendered":"https:\/\/www.ufmg.br\/cogecom2025\/?page_id=230"},"modified":"2025-09-15T10:25:56","modified_gmt":"2025-09-15T13:25:56","slug":"premiacao-audiovisual","status":"publish","type":"page","link":"https:\/\/www.ufmg.br\/cogecom2025\/premiacao-audiovisual\/","title":{"rendered":"Premia\u00e7\u00e3o Audiovisual"},"content":{"rendered":"\n<p>A I Mostra Nacional de Design e Audiovisual visa destacar a produ\u00e7\u00e3o criativa das equipes de comunica\u00e7\u00e3o, feitas entre janeiro de 2023 e agosto de 2025, e as inscri\u00e7\u00f5es devem ser realizadas pelo gestor de comunica\u00e7\u00e3o das universidades.<\/p>\n\n\n\n<p>A Mostra contar\u00e1 com modalidades de participa\u00e7\u00e3o virtual e presencial.<\/p>\n\n\n\n<p>A sele\u00e7\u00e3o de trabalhos da Mostra Presencial ser\u00e1 realizada por comiss\u00f5es organizadoras distintas a depender da categoria de inscri\u00e7\u00e3o, dentre as quais h\u00e1 pe\u00e7as gr\u00e1ficas, fotografias e produtos audiovisuais.<\/p>\n\n\n\n<p>Para mais informa\u00e7\u00f5es, acesse o edital!<\/p>\n\n\n\n<div data-wp-interactive=\"core\/file\" class=\"wp-block-file\"><object data-wp-bind--hidden=\"!state.hasPdfPreview\"  class=\"wp-block-file__embed\" data=\"https:\/\/www.ufmg.br\/cogecom2025\/wp-content\/uploads\/2025\/09\/edital_mostra_assinado.pdf\" type=\"application\/pdf\" style=\"width:100%;height:600px\" aria-label=\"Incorporado de Edital I Mostra Nacional de Design e Audiovisual das Universidades Federais.\"><\/object><a id=\"wp-block-file--media-8d029010-982e-43be-a34d-92e4d2ad2300\" href=\"https:\/\/www.ufmg.br\/cogecom2025\/wp-content\/uploads\/2025\/09\/edital_mostra_assinado.pdf\">Edital I Mostra Nacional de Design e Audiovisual das Universidades Federais<\/a><a href=\"https:\/\/www.ufmg.br\/cogecom2025\/wp-content\/uploads\/2025\/09\/edital_mostra_assinado.pdf\" class=\"wp-block-file__button wp-element-button\" download aria-describedby=\"wp-block-file--media-8d029010-982e-43be-a34d-92e4d2ad2300\">Baixar<\/a><\/div>\n","protected":false},"excerpt":{"rendered":"<p>A I Mostra Nacional de Design e Audiovisual visa destacar a produ\u00e7\u00e3o criativa das equipes de comunica\u00e7\u00e3o, feitas entre janeiro de 2023 e agosto de 2025, e as inscri\u00e7\u00f5es devem ser realizadas pelo gestor de comunica\u00e7\u00e3o das universidades. A Mostra contar\u00e1 com modalidades de participa\u00e7\u00e3o virtual e presencial. A sele\u00e7\u00e3o de trabalhos da Mostra Presencial [&hellip;]<\/p>\n","protected":false},"author":2,"featured_media":0,"parent":0,"menu_order":0,"comment_status":"closed","ping_status":"closed","template":"","meta":{"_acf_changed":false,"footnotes":""},"class_list":["post-230","page","type-page","status-publish","hentry"],"acf":[],"_links":{"self":[{"href":"https:\/\/www.ufmg.br\/cogecom2025\/wp-json\/wp\/v2\/pages\/230"}],"collection":[{"href":"https:\/\/www.ufmg.br\/cogecom2025\/wp-json\/wp\/v2\/pages"}],"about":[{"href":"https:\/\/www.ufmg.br\/cogecom2025\/wp-json\/wp\/v2\/types\/page"}],"author":[{"embeddable":true,"href":"https:\/\/www.ufmg.br\/cogecom2025\/wp-json\/wp\/v2\/users\/2"}],"replies":[{"embeddable":true,"href":"https:\/\/www.ufmg.br\/cogecom2025\/wp-json\/wp\/v2\/comments?post=230"}],"version-history":[{"count":6,"href":"https:\/\/www.ufmg.br\/cogecom2025\/wp-json\/wp\/v2\/pages\/230\/revisions"}],"predecessor-version":[{"id":280,"href":"https:\/\/www.ufmg.br\/cogecom2025\/wp-json\/wp\/v2\/pages\/230\/revisions\/280"}],"wp:attachment":[{"href":"https:\/\/www.ufmg.br\/cogecom2025\/wp-json\/wp\/v2\/media?parent=230"}],"curies":[{"name":"wp","href":"https:\/\/api.w.org\/{rel}","templated":true}]}}