{"id":102,"date":"2024-08-02T11:56:54","date_gmt":"2024-08-02T14:56:54","guid":{"rendered":"https:\/\/www.ufmg.br\/coloquio2025\/?page_id=102"},"modified":"2025-09-21T16:50:14","modified_gmt":"2025-09-21T19:50:14","slug":"oficinas","status":"publish","type":"page","link":"https:\/\/www.ufmg.br\/coloquio2025\/oficinas\/","title":{"rendered":"Oficinas"},"content":{"rendered":"\n<h4 class=\"wp-block-heading\"><strong>Oficina: Divulga\u00e7\u00e3o Cient\u00edfica<\/strong> <strong>nas Redes Sociais<\/strong><\/h4>\n\n\n\n<p>Aprenda a criar e gerenciar perfis de redes sociais voltados \u00e0 divulga\u00e7\u00e3o cient\u00edfica, ampliando o alcance e a visibilidade do seu trabalho.<\/p>\n\n\n\n<h4 class=\"wp-block-heading\"><strong>Oficina TV UFMG: Jornalismo Audiovisual Contempor\u00e2neo<\/strong><\/h4>\n\n\n\n<p>Vivencie na pr\u00e1tica o jornalismo audiovisual contempor\u00e2neo, produzindo videorreportagens em est\u00fadio.<\/p>\n","protected":false},"excerpt":{"rendered":"<p>Oficina: Divulga\u00e7\u00e3o Cient\u00edfica nas Redes Sociais Aprenda a criar e gerenciar perfis de redes sociais voltados \u00e0 divulga\u00e7\u00e3o cient\u00edfica, ampliando o alcance e a visibilidade do seu trabalho. Oficina TV UFMG: Jornalismo Audiovisual Contempor\u00e2neo Vivencie na pr\u00e1tica o jornalismo audiovisual contempor\u00e2neo, produzindo videorreportagens em est\u00fadio.<\/p>\n","protected":false},"author":1,"featured_media":0,"parent":0,"menu_order":0,"comment_status":"closed","ping_status":"closed","template":"page-templates\/page-workshop.php","meta":{"_acf_changed":false,"footnotes":""},"class_list":["post-102","page","type-page","status-publish","hentry"],"acf":[],"_links":{"self":[{"href":"https:\/\/www.ufmg.br\/coloquio2025\/wp-json\/wp\/v2\/pages\/102"}],"collection":[{"href":"https:\/\/www.ufmg.br\/coloquio2025\/wp-json\/wp\/v2\/pages"}],"about":[{"href":"https:\/\/www.ufmg.br\/coloquio2025\/wp-json\/wp\/v2\/types\/page"}],"author":[{"embeddable":true,"href":"https:\/\/www.ufmg.br\/coloquio2025\/wp-json\/wp\/v2\/users\/1"}],"replies":[{"embeddable":true,"href":"https:\/\/www.ufmg.br\/coloquio2025\/wp-json\/wp\/v2\/comments?post=102"}],"version-history":[{"count":5,"href":"https:\/\/www.ufmg.br\/coloquio2025\/wp-json\/wp\/v2\/pages\/102\/revisions"}],"predecessor-version":[{"id":218,"href":"https:\/\/www.ufmg.br\/coloquio2025\/wp-json\/wp\/v2\/pages\/102\/revisions\/218"}],"wp:attachment":[{"href":"https:\/\/www.ufmg.br\/coloquio2025\/wp-json\/wp\/v2\/media?parent=102"}],"curies":[{"name":"wp","href":"https:\/\/api.w.org\/{rel}","templated":true}]}}