{"id":269,"date":"2025-11-03T08:17:24","date_gmt":"2025-11-03T11:17:24","guid":{"rendered":"https:\/\/www.ufmg.br\/coloquio2025\/?page_id=269"},"modified":"2025-11-17T09:41:15","modified_gmt":"2025-11-17T12:41:15","slug":"inscricoes","status":"publish","type":"page","link":"https:\/\/www.ufmg.br\/coloquio2025\/inscricoes\/","title":{"rendered":"Inscri\u00e7\u00f5es"},"content":{"rendered":"\n<p>Venha participar do 7\u00ba Col\u00f3quio Universidade e Comunica\u00e7\u00e3o P\u00fablica!<br>As inscri\u00e7\u00f5es de cada atividade dever\u00e3o ser feitas separadamente nos links abaixo.<\/p>\n\n\n\n<p><\/p>\n\n\n\n<h4 class=\"wp-block-heading\">Oficina TV UFMG: Jornalismo Audiovisual Contempor\u00e2neo<\/h4>\n\n\n\n<p>25 de novembro &#8211; 09:00<\/p>\n\n\n\n<p><em>Inscreva-se:<\/em> <a href=\"https:\/\/forms.gle\/B4fA5fbUobwGU6px6\">https:\/\/forms.gle\/B4fA5fbUobwGU6px6<\/a><\/p>\n\n\n\n<h4 class=\"wp-block-heading\">Oficina: Divulga\u00e7\u00e3o Cient\u00edfica nas Redes Sociais<\/h4>\n\n\n\n<p>25 de novembro &#8211; 11:00<\/p>\n\n\n\n<p><em>Inscreva-se:<\/em> <a href=\"https:\/\/forms.gle\/aMKaZSMsMMYgTWo46\">https:\/\/forms.gle\/aMKaZSMsMMYgTWo46<\/a><\/p>\n\n\n\n<h4 class=\"wp-block-heading\">Mesa-Redonda R\u00e1dio UFMG Educativa: Din\u00e2micas de produ\u00e7\u00e3o de reportagens especiais nas r\u00e1dios universit\u00e1rias<\/h4>\n\n\n\n<p>27 de novembro &#8211; 09:00<\/p>\n\n\n\n<p><em>Inscreva-se: <\/em><a href=\"https:\/\/forms.gle\/Li4KsXnKNak7unxf6\">https:\/\/forms.gle\/Li4KsXnKNak7unxf6<\/a><\/p>\n\n\n\n<h4 class=\"wp-block-heading\"><\/h4>\n","protected":false},"excerpt":{"rendered":"<p>Venha participar do 7\u00ba Col\u00f3quio Universidade e Comunica\u00e7\u00e3o P\u00fablica!As inscri\u00e7\u00f5es de cada atividade dever\u00e3o ser feitas separadamente nos links abaixo. Oficina TV UFMG: Jornalismo Audiovisual Contempor\u00e2neo 25 de novembro &#8211; 09:00 Inscreva-se: https:\/\/forms.gle\/B4fA5fbUobwGU6px6 Oficina: Divulga\u00e7\u00e3o Cient\u00edfica nas Redes Sociais 25 de novembro &#8211; 11:00 Inscreva-se: https:\/\/forms.gle\/aMKaZSMsMMYgTWo46 Mesa-Redonda R\u00e1dio UFMG Educativa: Din\u00e2micas de produ\u00e7\u00e3o de reportagens [&hellip;]<\/p>\n","protected":false},"author":2,"featured_media":0,"parent":0,"menu_order":0,"comment_status":"closed","ping_status":"closed","template":"","meta":{"_acf_changed":false,"footnotes":""},"class_list":["post-269","page","type-page","status-publish","hentry"],"acf":[],"_links":{"self":[{"href":"https:\/\/www.ufmg.br\/coloquio2025\/wp-json\/wp\/v2\/pages\/269"}],"collection":[{"href":"https:\/\/www.ufmg.br\/coloquio2025\/wp-json\/wp\/v2\/pages"}],"about":[{"href":"https:\/\/www.ufmg.br\/coloquio2025\/wp-json\/wp\/v2\/types\/page"}],"author":[{"embeddable":true,"href":"https:\/\/www.ufmg.br\/coloquio2025\/wp-json\/wp\/v2\/users\/2"}],"replies":[{"embeddable":true,"href":"https:\/\/www.ufmg.br\/coloquio2025\/wp-json\/wp\/v2\/comments?post=269"}],"version-history":[{"count":5,"href":"https:\/\/www.ufmg.br\/coloquio2025\/wp-json\/wp\/v2\/pages\/269\/revisions"}],"predecessor-version":[{"id":313,"href":"https:\/\/www.ufmg.br\/coloquio2025\/wp-json\/wp\/v2\/pages\/269\/revisions\/313"}],"wp:attachment":[{"href":"https:\/\/www.ufmg.br\/coloquio2025\/wp-json\/wp\/v2\/media?parent=269"}],"curies":[{"name":"wp","href":"https:\/\/api.w.org\/{rel}","templated":true}]}}