{"id":83,"date":"2024-08-02T09:37:52","date_gmt":"2024-08-02T12:37:52","guid":{"rendered":"https:\/\/www.ufmg.br\/coloquio2025\/?page_id=83"},"modified":"2025-11-17T09:15:41","modified_gmt":"2025-11-17T12:15:41","slug":"programacao","status":"publish","type":"page","link":"https:\/\/www.ufmg.br\/coloquio2025\/programacao\/","title":{"rendered":"Programa\u00e7\u00e3o"},"content":{"rendered":"\n<h2 class=\"wp-block-heading\"><strong>7\u00ba Col\u00f3quio Universidade e Comunica\u00e7\u00e3o P\u00fablica<\/strong>&#8211; <strong><em>Forma\u00e7\u00e3o de redes em comunica\u00e7\u00e3o universit\u00e1ria<\/em><\/strong><\/h2>\n\n\n\n<p><\/p>\n\n\n\n<p>Confira os eventos da s\u00e9tima edi\u00e7\u00e3o do <strong>Col\u00f3quio Universidade e Comunica\u00e7\u00e3o P\u00fablica &#8211; <em>Forma\u00e7\u00e3o de redes em comunica\u00e7\u00e3o universit\u00e1ria<\/em><\/strong> e programa\u00e7\u00f5es complementares que v\u00e3o ocorrer entre os dias 24 e 28 de novembro, na Universidade Federal de Minas Gerais (UFMG).<\/p>\n\n\n\n<p><\/p>\n","protected":false},"excerpt":{"rendered":"<p>7\u00ba Col\u00f3quio Universidade e Comunica\u00e7\u00e3o P\u00fablica&#8211; Forma\u00e7\u00e3o de redes em comunica\u00e7\u00e3o universit\u00e1ria Confira os eventos da s\u00e9tima edi\u00e7\u00e3o do Col\u00f3quio Universidade e Comunica\u00e7\u00e3o P\u00fablica &#8211; Forma\u00e7\u00e3o de redes em comunica\u00e7\u00e3o universit\u00e1ria e programa\u00e7\u00f5es complementares que v\u00e3o ocorrer entre os dias 24 e 28 de novembro, na Universidade Federal de Minas Gerais (UFMG).<\/p>\n","protected":false},"author":1,"featured_media":0,"parent":0,"menu_order":0,"comment_status":"closed","ping_status":"closed","template":"page-templates\/page-programming.php","meta":{"_acf_changed":false,"footnotes":""},"class_list":["post-83","page","type-page","status-publish","hentry"],"acf":[],"_links":{"self":[{"href":"https:\/\/www.ufmg.br\/coloquio2025\/wp-json\/wp\/v2\/pages\/83"}],"collection":[{"href":"https:\/\/www.ufmg.br\/coloquio2025\/wp-json\/wp\/v2\/pages"}],"about":[{"href":"https:\/\/www.ufmg.br\/coloquio2025\/wp-json\/wp\/v2\/types\/page"}],"author":[{"embeddable":true,"href":"https:\/\/www.ufmg.br\/coloquio2025\/wp-json\/wp\/v2\/users\/1"}],"replies":[{"embeddable":true,"href":"https:\/\/www.ufmg.br\/coloquio2025\/wp-json\/wp\/v2\/comments?post=83"}],"version-history":[{"count":10,"href":"https:\/\/www.ufmg.br\/coloquio2025\/wp-json\/wp\/v2\/pages\/83\/revisions"}],"predecessor-version":[{"id":311,"href":"https:\/\/www.ufmg.br\/coloquio2025\/wp-json\/wp\/v2\/pages\/83\/revisions\/311"}],"wp:attachment":[{"href":"https:\/\/www.ufmg.br\/coloquio2025\/wp-json\/wp\/v2\/media?parent=83"}],"curies":[{"name":"wp","href":"https:\/\/api.w.org\/{rel}","templated":true}]}}