{"id":153,"date":"2024-08-02T15:16:52","date_gmt":"2024-08-02T18:16:52","guid":{"rendered":"https:\/\/www.ufmg.br\/comunicadores2025\/?page_id=153"},"modified":"2025-10-06T08:58:29","modified_gmt":"2025-10-06T11:58:29","slug":"apresentacao","status":"publish","type":"page","link":"https:\/\/www.ufmg.br\/comunicadores2025\/apresentacao\/","title":{"rendered":"Apresenta\u00e7\u00e3o"},"content":{"rendered":"\n<p>De <strong>24 a 28 de novembro de 2025<\/strong>, a UFMG sediar\u00e1, em Belo Horizonte, o<strong> Encontro Brasileiro de Gestores de Comunica\u00e7\u00e3o Universit\u00e1ria<\/strong>. O evento reunir\u00e1 gestores, docentes, discentes e profissionais de comunica\u00e7\u00e3o de todo o Brasil para discutir e aprofundar o debate sobre os desafios da comunica\u00e7\u00e3o universit\u00e1ria.<\/p>\n\n\n\n<p>A programa\u00e7\u00e3o intensa inclui visitas t\u00e9cnicas, palestras, mostras de boas pr\u00e1ticas e premia\u00e7\u00f5es, com o objetivo de estimular o di\u00e1logo, a troca de experi\u00eancias e a constru\u00e7\u00e3o de solu\u00e7\u00f5es coletivas. O evento tamb\u00e9m ser\u00e1 um espa\u00e7o de celebra\u00e7\u00e3o, de promo\u00e7\u00e3o de atividades voltadas \u00e0 extens\u00e3o, cultura, divulga\u00e7\u00e3o cient\u00edfica e inova\u00e7\u00e3o em comunica\u00e7\u00e3o. O prop\u00f3sito \u00e9 fortalecer a integra\u00e7\u00e3o entre diferentes institui\u00e7\u00f5es de ensino superior do Brasil.<\/p>\n","protected":false},"excerpt":{"rendered":"<p>De 24 a 28 de novembro de 2025, a UFMG sediar\u00e1, em Belo Horizonte, o Encontro Brasileiro de Gestores de Comunica\u00e7\u00e3o Universit\u00e1ria. O evento reunir\u00e1 gestores, docentes, discentes e profissionais de comunica\u00e7\u00e3o de todo o Brasil para discutir e aprofundar o debate sobre os desafios da comunica\u00e7\u00e3o universit\u00e1ria. A programa\u00e7\u00e3o intensa inclui visitas t\u00e9cnicas, palestras, [&hellip;]<\/p>\n","protected":false},"author":1,"featured_media":0,"parent":0,"menu_order":0,"comment_status":"closed","ping_status":"closed","template":"","meta":{"_acf_changed":false,"footnotes":""},"class_list":["post-153","page","type-page","status-publish","hentry"],"acf":[],"_links":{"self":[{"href":"https:\/\/www.ufmg.br\/comunicadores2025\/wp-json\/wp\/v2\/pages\/153"}],"collection":[{"href":"https:\/\/www.ufmg.br\/comunicadores2025\/wp-json\/wp\/v2\/pages"}],"about":[{"href":"https:\/\/www.ufmg.br\/comunicadores2025\/wp-json\/wp\/v2\/types\/page"}],"author":[{"embeddable":true,"href":"https:\/\/www.ufmg.br\/comunicadores2025\/wp-json\/wp\/v2\/users\/1"}],"replies":[{"embeddable":true,"href":"https:\/\/www.ufmg.br\/comunicadores2025\/wp-json\/wp\/v2\/comments?post=153"}],"version-history":[{"count":13,"href":"https:\/\/www.ufmg.br\/comunicadores2025\/wp-json\/wp\/v2\/pages\/153\/revisions"}],"predecessor-version":[{"id":428,"href":"https:\/\/www.ufmg.br\/comunicadores2025\/wp-json\/wp\/v2\/pages\/153\/revisions\/428"}],"wp:attachment":[{"href":"https:\/\/www.ufmg.br\/comunicadores2025\/wp-json\/wp\/v2\/media?parent=153"}],"curies":[{"name":"wp","href":"https:\/\/api.w.org\/{rel}","templated":true}]}}