{"id":193,"date":"2025-09-08T09:36:55","date_gmt":"2025-09-08T12:36:55","guid":{"rendered":"https:\/\/www.ufmg.br\/comunicadores2025\/?page_id=193"},"modified":"2025-09-08T10:03:00","modified_gmt":"2025-09-08T13:03:00","slug":"a-ufmg","status":"publish","type":"page","link":"https:\/\/www.ufmg.br\/comunicadores2025\/a-ufmg\/","title":{"rendered":"A UFMG"},"content":{"rendered":"\n<p><mark style=\"background-color:rgba(0, 0, 0, 0)\" class=\"has-inline-color has-black-color\"><strong>Conhe\u00e7a a UFMG, a universidade anfitri\u00e3<br><\/strong><\/mark><\/p>\n\n\n\n<p>A UFMG \u00e9 uma das\u00a0principais universidades do Brasil, reconhecida pela excel\u00eancia no ensino, na pesquisa e na inova\u00e7\u00e3o. Com um forte impacto nacional e internacional, sua produ\u00e7\u00e3o cient\u00edfica se destaca em diversas \u00e1reas do conhecimento. Em 2020, a base Scopus registrou mais de 34 mil publica\u00e7\u00f5es da Universidade, e seu n\u00famero de patentes j\u00e1 ultrapassou 1.500 registros, consolidando sua lideran\u00e7a entre as institui\u00e7\u00f5es de ensino superior do pa\u00eds.<\/p>\n\n\n\n<p>Na gradua\u00e7\u00e3o, a UFMG mant\u00e9m elevados \u00edndices de qualidade, refletidos em avalia\u00e7\u00f5es como o Conceito Preliminar do Curso (CPC) e o \u00cdndice Geral de Cursos (IGC). Na p\u00f3s-gradua\u00e7\u00e3o, 69% dos programas <em>stricto sensu<\/em> obtiveram, at\u00e9 2014, as melhores notas na avalia\u00e7\u00e3o da Capes. A Universidade tamb\u00e9m se destaca na educa\u00e7\u00e3o a dist\u00e2ncia, com cursos de gradua\u00e7\u00e3o, especializa\u00e7\u00e3o e aperfei\u00e7oamento distribu\u00eddos em 24 cidades-polo de Minas Gerais.<\/p>\n\n\n\n<p>Seus quatro campus re\u00fanem uma infraestrutura robusta e diversificada: o campus Pampulha, sede da Reitoria e da maioria das unidades acad\u00eamicas; o campus Sa\u00fade, que abriga a Faculdade de Medicina, a Escola de Enfermagem e o Hospital das Cl\u00ednicas; o Instituto de Ci\u00eancias Agr\u00e1rias, em Montes Claros; e o campus cultural de Tiradentes. A Faculdade de Direito e a Escola de Arquitetura localizadas no centro de Belo Horizonte, ampliam a presen\u00e7a da UFMG na cidade.<\/p>\n\n\n\n<p>A UFMG \u00e9 uma institui\u00e7\u00e3o que respira inova\u00e7\u00e3o e tradi\u00e7\u00e3o, um local onde a busca incessante pelo conhecimento se une ao compromisso com a sociedade.<\/p>\n\n\n\n<p>Saiba mais em <a href=\"https:\/\/ufmg.br\/\">https:\/\/ufmg.br\/<\/a>&nbsp;<\/p>\n","protected":false},"excerpt":{"rendered":"<p>Conhe\u00e7a a UFMG, a universidade anfitri\u00e3 A UFMG \u00e9 uma das\u00a0principais universidades do Brasil, reconhecida pela excel\u00eancia no ensino, na pesquisa e na inova\u00e7\u00e3o. Com um forte impacto nacional e internacional, sua produ\u00e7\u00e3o cient\u00edfica se destaca em diversas \u00e1reas do conhecimento. Em 2020, a base Scopus registrou mais de 34 mil publica\u00e7\u00f5es da Universidade, e [&hellip;]<\/p>\n","protected":false},"author":2,"featured_media":0,"parent":0,"menu_order":0,"comment_status":"closed","ping_status":"closed","template":"","meta":{"_acf_changed":false,"footnotes":""},"class_list":["post-193","page","type-page","status-publish","hentry"],"acf":[],"_links":{"self":[{"href":"https:\/\/www.ufmg.br\/comunicadores2025\/wp-json\/wp\/v2\/pages\/193"}],"collection":[{"href":"https:\/\/www.ufmg.br\/comunicadores2025\/wp-json\/wp\/v2\/pages"}],"about":[{"href":"https:\/\/www.ufmg.br\/comunicadores2025\/wp-json\/wp\/v2\/types\/page"}],"author":[{"embeddable":true,"href":"https:\/\/www.ufmg.br\/comunicadores2025\/wp-json\/wp\/v2\/users\/2"}],"replies":[{"embeddable":true,"href":"https:\/\/www.ufmg.br\/comunicadores2025\/wp-json\/wp\/v2\/comments?post=193"}],"version-history":[{"count":2,"href":"https:\/\/www.ufmg.br\/comunicadores2025\/wp-json\/wp\/v2\/pages\/193\/revisions"}],"predecessor-version":[{"id":255,"href":"https:\/\/www.ufmg.br\/comunicadores2025\/wp-json\/wp\/v2\/pages\/193\/revisions\/255"}],"wp:attachment":[{"href":"https:\/\/www.ufmg.br\/comunicadores2025\/wp-json\/wp\/v2\/media?parent=193"}],"curies":[{"name":"wp","href":"https:\/\/api.w.org\/{rel}","templated":true}]}}